{"id":11,"date":"2025-10-06T10:35:06","date_gmt":"2025-10-06T10:35:06","guid":{"rendered":"https:\/\/iptvcompanion.com\/?page_id=11"},"modified":"2025-10-23T09:54:45","modified_gmt":"2025-10-23T08:54:45","slug":"o","status":"publish","type":"page","link":"https:\/\/iptvcompanion.com\/cs\/o\/","title":{"rendered":"O"},"content":{"rendered":"<div data-elementor-type=\"wp-page\" data-elementor-id=\"11\" class=\"elementor elementor-11\" data-elementor-post-type=\"page\">\n\t\t\t\t<div class=\"elementor-element elementor-element-1b0de9ee e-flex e-con-boxed e-con e-parent\" data-id=\"1b0de9ee\" data-element_type=\"container\" data-e-type=\"container\" data-settings=\"{&quot;background_background&quot;:&quot;classic&quot;}\">\n\t\t\t\t\t<div class=\"e-con-inner\">\n\t\t\t\t<div class=\"elementor-element elementor-element-1d9c774a elementor-widget elementor-widget-elementskit-heading\" data-id=\"1d9c774a\" data-element_type=\"widget\" data-e-type=\"widget\" data-widget_type=\"elementskit-heading.default\">\n\t\t\t\t\t<div class=\"ekit-wid-con\" ><div class=\"ekit-heading elementskit-section-title-wraper center   ekit_heading_tablet-   ekit_heading_mobile-\"><h1 class=\"ekit-heading--title elementskit-section-title\">O <span><span>IPTV Doprovod<\/span><\/span><\/h1><div class=\"ekit_heading_separetor_wraper ekit_heading_elementskit-border-divider elementskit-style-long\"><div class=\"elementskit-border-divider elementskit-style-long\"><\/div><\/div><\/div><\/div>\t\t\t\t<\/div>\n\t\t\t\t<div class=\"elementor-element elementor-element-4a3ce32 elementor-widget__width-initial elementor-widget elementor-widget-text-editor\" data-id=\"4a3ce32\" data-element_type=\"widget\" data-e-type=\"widget\" data-widget_type=\"text-editor.default\">\n\t\t\t\t\t\t\t\t\t<h3 data-start=\"332\" data-end=\"362\">Pom\u00e1h\u00e1me v\u00e1m streamovat chyt\u0159eji<\/h3><p data-start=\"364\" data-end=\"506\">V\u00edtejte v <strong data-start=\"375\" data-end=\"393\">IPTV Doprovod<\/strong>, m\u00edsto vytvo\u0159en\u00e9 streamovac\u00edmi nad\u0161enci, kte\u0159\u00ed cht\u011bli, aby byla IPTV jednoduch\u00e1, p\u0159ehledn\u00e1 a bez frustrace.<\/p><p data-start=\"508\" data-end=\"781\">V\u00edme, jak matouc\u00ed m\u016f\u017ee b\u00fdt vybrat si tu spr\u00e1vnou slu\u017ebu nebo aplikaci. Na internetu je nekone\u010dn\u00fd hluk, sliby, reklamy a sm\u00ed\u0161en\u00e9 recenze, kter\u00e9 v\u00e1s nut\u00ed p\u0159em\u00fd\u0161let, co je skute\u010dn\u00e9. Proto jsme se rozhodli vytvo\u0159it n\u011bco jin\u00e9ho, prostor, kter\u00fd je up\u0159\u00edmn\u00fd, snadno sledovateln\u00fd a skute\u010dn\u011b u\u017eite\u010dn\u00fd.<\/p><h3 data-start=\"788\" data-end=\"802\">Co d\u011bl\u00e1me<\/h3><p data-start=\"804\" data-end=\"902\">V IPTV Companion testujeme a zkoum\u00e1me n\u00e1stroje, kter\u00e9 umo\u017e\u0148uj\u00ed streamov\u00e1n\u00ed.<br data-start=\"882\" data-end=\"885\" \/>P\u00ed\u0161eme o:<\/p><ul data-start=\"903\" data-end=\"1083\"><li data-start=\"903\" data-end=\"957\"><p data-start=\"905\" data-end=\"957\">Platformy a aplikace, kter\u00e9 lid\u00e9 skute\u010dn\u011b pou\u017e\u00edvaj\u00ed.<\/p><\/li><li data-start=\"958\" data-end=\"1007\"><p data-start=\"960\" data-end=\"1007\">Za\u0159\u00edzen\u00ed, kter\u00e1 zaji\u0161\u0165uj\u00ed bezprobl\u00e9mov\u00fd chod IPTV doma.<\/p><\/li><li data-start=\"1008\" data-end=\"1083\"><p data-start=\"1010\" data-end=\"1083\">Podrobn\u00e9 n\u00e1vody, kter\u00e9 v\u00e1m pomohou nastavit v\u0161e bez starost\u00ed.<\/p><\/li><\/ul><p data-start=\"1085\" data-end=\"1273\">Neprod\u00e1v\u00e1me p\u0159edplatn\u00e9, nepropagujeme konkr\u00e9tn\u00ed poskytovatele ani nenab\u00edz\u00edme partnersk\u00e9 nab\u00eddky maskovan\u00e9 jako recenze. Na\u0161\u00edm jedin\u00fdm c\u00edlem je sd\u00edlet, co funguje a co ne, na z\u00e1klad\u011b skute\u010dn\u00fdch zku\u0161enost\u00ed.<\/p><h3 data-start=\"1280\" data-end=\"1298\">Pro\u010d jsme za\u010dali<\/h3><p data-start=\"1300\" data-end=\"1548\">Za\u010dalo to jednoduch\u00fdm probl\u00e9mem: nikdo ned\u00e1val jasn\u00e9 odpov\u011bdi.<br data-start=\"1367\" data-end=\"1370\" \/>N\u011bkter\u00e9 slu\u017eby vypadaly skv\u011ble, ale nefungovaly. Jin\u00e9 fungovaly dob\u0159e, ale bylo t\u011b\u017ek\u00e9 je nastavit.<br data-start=\"1460\" data-end=\"1463\" \/>Tak jsme se rozhodli, \u017ee si v\u011bci sami otestujeme a pod\u011bl\u00edme se o to, co jsme se dozv\u011bd\u011bli, srozumiteln\u00fdm jazykem.<\/p><p data-start=\"1550\" data-end=\"1683\">Z t\u00e9to my\u0161lenky se stal IPTV Companion, projekt postaven\u00fd na zv\u011bdavosti, up\u0159\u00edmnosti a pomoci ostatn\u00edm streamovat bez metody pokus-omyl.<\/p><h3 data-start=\"1690\" data-end=\"1713\">Co m\u016f\u017eete o\u010dek\u00e1vat<\/h3><p data-start=\"1715\" data-end=\"1754\">Kdy\u017e nav\u0161t\u00edv\u00edte na\u0161e str\u00e1nky, najdete:<\/p><ul data-start=\"1755\" data-end=\"1927\"><li data-start=\"1755\" data-end=\"1798\"><p data-start=\"1757\" data-end=\"1798\">Up\u0159\u00edmn\u00e9 recenze napsan\u00e9 skute\u010dn\u00fdmi testery.<\/p><\/li><li data-start=\"1799\" data-end=\"1865\"><p data-start=\"1801\" data-end=\"1865\">Praktick\u00e9 n\u00e1vody k nastaven\u00ed, kter\u00e9 nep\u0159edpokl\u00e1daj\u00ed, \u017ee jste technick\u00fd expert.<\/p><\/li><li data-start=\"1866\" data-end=\"1927\"><p data-start=\"1868\" data-end=\"1927\">Tipy pro plynulej\u0161\u00ed a snaz\u0161\u00ed sledov\u00e1n\u00ed.<\/p><\/li><\/ul><p data-start=\"1929\" data-end=\"2056\">\u017d\u00e1dn\u00e9 zbyte\u010dn\u00e9 texty, \u017e\u00e1dn\u00fd clickbait, \u017e\u00e1dn\u00fd matouc\u00ed \u017eargon, jen jasn\u00e9 informace od lid\u00ed, kte\u0159\u00ed skute\u010dn\u011b pou\u017e\u00edvaj\u00ed v\u011bci, o kter\u00fdch p\u00ed\u0161\u00ed.<\/p><h3 data-start=\"2063\" data-end=\"2079\">Kontaktujte n\u00e1s<\/h3><p data-start=\"2081\" data-end=\"2212\">R\u00e1di sly\u0161\u00edme od \u010dten\u00e1\u0159\u016f.<br data-start=\"2110\" data-end=\"2113\" \/>Pokud m\u00e1te dotaz, n\u00e1vrh nebo se chcete pod\u011blit o sv\u00e9 zku\u0161enosti, kdykoli se na n\u00e1s obra\u0165te.<\/p><p data-start=\"2214\" data-end=\"2358\"><img decoding=\"async\" class=\"emoji\" role=\"img\" draggable=\"false\" src=\"https:\/\/s.w.org\/images\/core\/emoji\/16.0.1\/svg\/1f4e9.svg\" alt=\"\ud83d\udce9\" \/> <strong data-start=\"2217\" data-end=\"2227\">E-mail:<\/strong> <a class=\"decorated-link cursor-pointer\" rel=\"noopener\" data-start=\"2228\" data-end=\"2250\">info@iptvcompanion.com<\/a><br data-start=\"2250\" data-end=\"2253\" \/><img decoding=\"async\" class=\"emoji\" role=\"img\" draggable=\"false\" src=\"https:\/\/s.w.org\/images\/core\/emoji\/16.0.1\/svg\/1f4cd.svg\" alt=\"\ud83d\udccd\" \/> <strong data-start=\"2256\" data-end=\"2273\">Kontaktn\u00ed str\u00e1nka:<\/strong> <a class=\"decorated-link cursor-pointer\" target=\"_new\" rel=\"noopener\" data-start=\"2274\" data-end=\"2356\">https:\/\/iptvcompanion.com\/pages\/contact<\/a><\/p><h3 data-start=\"2365\" data-end=\"2377\">Stru\u010dn\u011b \u0159e\u010deno<\/h3><p data-start=\"2379\" data-end=\"2625\"><strong data-start=\"2379\" data-end=\"2397\">IPTV Doprovod<\/strong> nen\u00ed spole\u010dnost; je to komunita lid\u00ed, kte\u0159\u00ed si u\u017e\u00edvaj\u00ed streamov\u00e1n\u00ed a cht\u011bj\u00ed to usnadnit v\u0161em ostatn\u00edm.<br data-start=\"2508\" data-end=\"2511\" \/>Pokud v\u00e1m n\u011bco u\u0161et\u0159\u00ed \u010das, pom\u016f\u017ee v\u00e1m rychleji nastavit nebo v\u00e1s nau\u010d\u00ed n\u011bco nov\u00e9ho, pak jsme tu pro v\u00e1s.<\/p>\t\t\t\t\t\t\t\t<\/div>\n\t\t\t\t\t<\/div>\n\t\t\t\t<\/div>\n\t\t\t\t<\/div>","protected":false},"excerpt":{"rendered":"<p>About IPTV Companion Helping You Stream Smarter Welcome to IPTV Companion, a place built by everyday streaming enthusiasts who wanted to make IPTV simple, clear, and frustration-free. We know how confusing it can be to pick the right service or app. There\u2019s endless noise online, promises, ads, and mixed reviews that leave you wondering what\u2019s&#8230;<\/p>","protected":false},"author":1,"featured_media":0,"parent":0,"menu_order":0,"comment_status":"closed","ping_status":"closed","template":"","meta":{"_kad_post_transparent":"","_kad_post_title":"hide","_kad_post_layout":"fullwidth","_kad_post_sidebar_id":"","_kad_post_content_style":"unboxed","_kad_post_vertical_padding":"hide","_kad_post_feature":"hide","_kad_post_feature_position":"","_kad_post_header":false,"_kad_post_footer":false,"_kad_post_classname":"","footnotes":""},"class_list":["post-11","page","type-page","status-publish","hentry"],"_links":{"self":[{"href":"https:\/\/iptvcompanion.com\/cs\/wp-json\/wp\/v2\/pages\/11","targetHints":{"allow":["GET"]}}],"collection":[{"href":"https:\/\/iptvcompanion.com\/cs\/wp-json\/wp\/v2\/pages"}],"about":[{"href":"https:\/\/iptvcompanion.com\/cs\/wp-json\/wp\/v2\/types\/page"}],"author":[{"embeddable":true,"href":"https:\/\/iptvcompanion.com\/cs\/wp-json\/wp\/v2\/users\/1"}],"replies":[{"embeddable":true,"href":"https:\/\/iptvcompanion.com\/cs\/wp-json\/wp\/v2\/comments?post=11"}],"version-history":[{"count":13,"href":"https:\/\/iptvcompanion.com\/cs\/wp-json\/wp\/v2\/pages\/11\/revisions"}],"predecessor-version":[{"id":185,"href":"https:\/\/iptvcompanion.com\/cs\/wp-json\/wp\/v2\/pages\/11\/revisions\/185"}],"wp:attachment":[{"href":"https:\/\/iptvcompanion.com\/cs\/wp-json\/wp\/v2\/media?parent=11"}],"curies":[{"name":"wp","href":"https:\/\/api.w.org\/{rel}","templated":true}]}}