{"id":12,"date":"2025-10-06T10:35:13","date_gmt":"2025-10-06T10:35:13","guid":{"rendered":"https:\/\/iptvcompanion.com\/?page_id=12"},"modified":"2025-10-08T06:28:58","modified_gmt":"2025-10-08T06:28:58","slug":"kontakt","status":"publish","type":"page","link":"https:\/\/iptvcompanion.com\/cs\/kontakt\/","title":{"rendered":"Kontakt"},"content":{"rendered":"<div data-elementor-type=\"wp-page\" data-elementor-id=\"12\" class=\"elementor elementor-12\" data-elementor-post-type=\"page\">\n\t\t\t\t<div class=\"elementor-element elementor-element-d828d3b e-flex e-con-boxed e-con e-parent\" data-id=\"d828d3b\" data-element_type=\"container\" data-e-type=\"container\" data-settings=\"{&quot;background_background&quot;:&quot;classic&quot;}\">\n\t\t\t\t\t<div class=\"e-con-inner\">\n\t\t\t\t<div class=\"elementor-element elementor-element-88cf30c elementor-widget elementor-widget-elementskit-heading\" data-id=\"88cf30c\" data-element_type=\"widget\" data-e-type=\"widget\" data-widget_type=\"elementskit-heading.default\">\n\t\t\t\t\t<div class=\"ekit-wid-con\" ><div class=\"ekit-heading elementskit-section-title-wraper center   ekit_heading_tablet-   ekit_heading_mobile-\"><h1 class=\"ekit-heading--title elementskit-section-title\">Kontakt <span><span>N\u00c1S<\/span><\/span><\/h1><div class=\"ekit_heading_separetor_wraper ekit_heading_elementskit-border-divider elementskit-style-long\"><div class=\"elementskit-border-divider elementskit-style-long\"><\/div><\/div><\/div><\/div>\t\t\t\t<\/div>\n\t\t\t\t<div class=\"elementor-element elementor-element-499eae3 elementor-widget__width-initial elementor-widget elementor-widget-text-editor\" data-id=\"499eae3\" data-element_type=\"widget\" data-e-type=\"widget\" data-widget_type=\"text-editor.default\">\n\t\t\t\t\t\t\t\t\t<h3 data-start=\"236\" data-end=\"268\">R\u00e1di bychom od v\u00e1s sly\u0161eli<\/h3><p data-start=\"270\" data-end=\"393\">A\u0165 u\u017e m\u00e1te dotaz, zp\u011btnou vazbu nebo se jen chcete pod\u011blit o sv\u00e9 my\u0161lenky ohledn\u011b IPTV, r\u00e1di si je vyslechneme.<\/p><p data-start=\"395\" data-end=\"541\"><strong data-start=\"395\" data-end=\"413\">IPTV Doprovod<\/strong> je postaven na na\u0161ich \u010dten\u00e1\u0159\u00edch, tak\u017ee pokud byste cht\u011bli, abychom n\u011bco zrecenzovali, otestovali nebo vysv\u011btlili, nev\u00e1hejte se na n\u00e1s obr\u00e1tit.<\/p><h3 data-start=\"548\" data-end=\"577\"><strong data-start=\"554\" data-end=\"577\">Jak se s n\u00e1mi spojit<\/strong><\/h3><p data-start=\"579\" data-end=\"724\"><strong data-start=\"579\" data-end=\"589\">E-mail:<\/strong> <a class=\"decorated-link cursor-pointer\" rel=\"noopener\" data-start=\"590\" data-end=\"645\">info@iptvcompanion.com<\/a><br data-start=\"645\" data-end=\"648\" \/>Obvykle odpov\u00edd\u00e1me do <strong data-start=\"672\" data-end=\"687\">24\u201348 hodin<\/strong> (krom\u011b v\u00edkend\u016f a sv\u00e1tk\u016f).<\/p><p data-start=\"726\" data-end=\"886\"><strong data-start=\"726\" data-end=\"743\">Kontaktn\u00ed formul\u00e1\u0159:<\/strong><br data-start=\"743\" data-end=\"746\" \/>M\u016f\u017eete tak\u00e9 pou\u017e\u00edt n\u00ed\u017ee uveden\u00fd formul\u00e1\u0159 k zasl\u00e1n\u00ed kr\u00e1tk\u00e9 zpr\u00e1vy, a\u0165 u\u017e se jedn\u00e1 o technick\u00fd dotaz, n\u00e1vrh obsahu nebo n\u00e1pad na spolupr\u00e1ci.<\/p>\t\t\t\t\t\t\t\t<\/div>\n\t\t\t\t<div class=\"elementor-element elementor-element-d04165b elementor-widget__width-initial elementor-widget elementor-widget-wpforms\" data-id=\"d04165b\" data-element_type=\"widget\" data-e-type=\"widget\" data-widget_type=\"wpforms.default\">\n\t\t\t\t<div class=\"elementor-widget-container\">\n\t\t\t\t\t<style id=\"wpforms-css-vars-elementor-widget-d04165b\">\n\t\t\t\t.elementor-widget-wpforms.elementor-element-d04165b {\n\t\t\t\t--wpforms-button-background-color: #007BFF;\n\t\t\t}\n\t\t\t<\/style><div class=\"wpforms-container wpforms-container-full wpforms-render-modern\" id=\"wpforms-190\"><form id=\"wpforms-form-190\" class=\"wpforms-validate wpforms-form wpforms-ajax-form\" data-formid=\"190\" method=\"post\" enctype=\"multipart\/form-data\" action=\"\/cs\/wp-json\/wp\/v2\/pages\/12\" data-token=\"1f9b8bed009778e67442272be7f236fa\" data-token-time=\"1776502715\" data-trp-original-action=\"\/cs\/wp-json\/wp\/v2\/pages\/12\"><noscript class=\"wpforms-error-noscript\">Chcete-li vyplnit tento formul\u00e1\u0159, pros\u00edm povolte v prohl\u00ed\u017ee\u010di JavaScript.<\/noscript><div id=\"wpforms-error-noscript\" style=\"display: none;\">Chcete-li vyplnit tento formul\u00e1\u0159, pros\u00edm povolte v prohl\u00ed\u017ee\u010di JavaScript.<\/div><div class=\"wpforms-field-container\"><div id=\"wpforms-190-field_1-container\" class=\"wpforms-field wpforms-field-name\" data-field-id=\"1\"><label class=\"wpforms-field-label\" for=\"wpforms-190-field_1\">Jm\u00e9no <span class=\"wpforms-required-label\" aria-hidden=\"true\">*<\/span><\/label><input type=\"text\" id=\"wpforms-190-field_1\" class=\"wpforms-field-large wpforms-field-required\" name=\"wpforms[fields][1]\" aria-errormessage=\"wpforms-190-field_1-error\" required><\/div>\t\t<div id=\"wpforms-190-field_4-container\"\n\t\t\tclass=\"wpforms-field wpforms-field-text\"\n\t\t\tdata-field-type=\"text\"\n\t\t\tdata-field-id=\"4\"\n\t\t\t>\n\t\t\t<label class=\"wpforms-field-label\" for=\"wpforms-190-field_4\" >or Comment Name<\/label>\n\t\t\t<input type=\"text\" id=\"wpforms-190-field_4\" class=\"wpforms-field-medium\" name=\"wpforms[fields][4]\" >\n\t\t<\/div>\n\t\t<div id=\"wpforms-190-field_2-container\" class=\"wpforms-field wpforms-field-email\" data-field-id=\"2\"><label class=\"wpforms-field-label\" for=\"wpforms-190-field_2\">E-mail <span class=\"wpforms-required-label\" aria-hidden=\"true\">*<\/span><\/label><input type=\"email\" id=\"wpforms-190-field_2\" class=\"wpforms-field-large wpforms-field-required\" name=\"wpforms[fields][2]\" spellcheck=\"false\" aria-errormessage=\"wpforms-190-field_2-error\" required><\/div><div id=\"wpforms-190-field_3-container\" class=\"wpforms-field wpforms-field-textarea\" data-field-id=\"3\"><label class=\"wpforms-field-label\" for=\"wpforms-190-field_3\">Koment\u00e1\u0159 nebo zpr\u00e1va<\/label><textarea id=\"wpforms-190-field_3\" class=\"wpforms-field-medium\" name=\"wpforms[fields][3]\" aria-errormessage=\"wpforms-190-field_3-error\" ><\/textarea><\/div><script>\n\t\t\t\t( function() {\n\t\t\t\t\tconst style = document.createElement( 'style' );\n\t\t\t\t\tstyle.appendChild( document.createTextNode( '#wpforms-190-field_4-container { position: absolute !important; overflow: hidden !important; display: inline !important; height: 1px !important; width: 1px !important; z-index: -1000 !important; padding: 0 !important; } #wpforms-190-field_4-container input { visibility: hidden; } #wpforms-conversational-form-page #wpforms-190-field_4-container label { counter-increment: none; }' ) );\n\t\t\t\t\tdocument.head.appendChild( style );\n\t\t\t\t\tdocument.currentScript?.remove();\n\t\t\t\t} )();\n\t\t\t<\/script><\/div><!-- .wpforms-field-container --><div class=\"wpforms-submit-container\" ><input type=\"hidden\" name=\"wpforms[id]\" value=\"190\"><input type=\"hidden\" name=\"page_title\" value=\"\"><input type=\"hidden\" name=\"page_url\" value=\"https:\/\/iptvcompanion.com\/cs\/wp-json\/wp\/v2\/pages\/12\"><input type=\"hidden\" name=\"url_referer\" value=\"\"><button type=\"submit\" name=\"wpforms[submit]\" id=\"wpforms-submit-190\" class=\"wpforms-submit\" data-alt-text=\"Sending...\" data-submit-text=\"Submit\" aria-live=\"assertive\" value=\"wpforms-submit\">P\u0159edlo\u017eit<\/button><img decoding=\"async\" src=\"https:\/\/iptvcompanion.com\/wp-content\/plugins\/wpforms-lite\/assets\/images\/submit-spin.svg\" class=\"wpforms-submit-spinner\" style=\"display: none;\" width=\"26\" height=\"26\" alt=\"Na\u010d\u00edt\u00e1n\u00ed\"><\/div><input type=\"hidden\" name=\"trp-form-language\" value=\"cs\"\/><\/form><\/div>  <!-- .wpforms-container -->\t\t\t\t<\/div>\n\t\t\t\t<\/div>\n\t\t\t\t\t<\/div>\n\t\t\t\t<\/div>\n\t\t\t\t<\/div>","protected":false},"excerpt":{"rendered":"<p>Contact US We\u2019d Love to Hear From You Whether you have a question, some feedback, or just want to share your thoughts about IPTV, we\u2019re always happy to listen. IPTV Companion is built around our readers, so if there\u2019s something you\u2019d like us to review, test, or explain, don\u2019t hesitate to reach out. How to&#8230;<\/p>","protected":false},"author":1,"featured_media":0,"parent":0,"menu_order":0,"comment_status":"closed","ping_status":"closed","template":"","meta":{"_kad_post_transparent":"","_kad_post_title":"hide","_kad_post_layout":"fullwidth","_kad_post_sidebar_id":"","_kad_post_content_style":"unboxed","_kad_post_vertical_padding":"hide","_kad_post_feature":"hide","_kad_post_feature_position":"","_kad_post_header":false,"_kad_post_footer":false,"_kad_post_classname":"","footnotes":""},"class_list":["post-12","page","type-page","status-publish","hentry"],"_links":{"self":[{"href":"https:\/\/iptvcompanion.com\/cs\/wp-json\/wp\/v2\/pages\/12","targetHints":{"allow":["GET"]}}],"collection":[{"href":"https:\/\/iptvcompanion.com\/cs\/wp-json\/wp\/v2\/pages"}],"about":[{"href":"https:\/\/iptvcompanion.com\/cs\/wp-json\/wp\/v2\/types\/page"}],"author":[{"embeddable":true,"href":"https:\/\/iptvcompanion.com\/cs\/wp-json\/wp\/v2\/users\/1"}],"replies":[{"embeddable":true,"href":"https:\/\/iptvcompanion.com\/cs\/wp-json\/wp\/v2\/comments?post=12"}],"version-history":[{"count":7,"href":"https:\/\/iptvcompanion.com\/cs\/wp-json\/wp\/v2\/pages\/12\/revisions"}],"predecessor-version":[{"id":195,"href":"https:\/\/iptvcompanion.com\/cs\/wp-json\/wp\/v2\/pages\/12\/revisions\/195"}],"wp:attachment":[{"href":"https:\/\/iptvcompanion.com\/cs\/wp-json\/wp\/v2\/media?parent=12"}],"curies":[{"name":"wp","href":"https:\/\/api.w.org\/{rel}","templated":true}]}}