{"id":18,"date":"2025-10-06T10:35:40","date_gmt":"2025-10-06T10:35:40","guid":{"rendered":"https:\/\/iptvcompanion.com\/?page_id=18"},"modified":"2025-10-23T09:53:25","modified_gmt":"2025-10-23T08:53:25","slug":"vylouceni-odpovednosti","status":"publish","type":"page","link":"https:\/\/iptvcompanion.com\/cs\/vylouceni-odpovednosti\/","title":{"rendered":"Z\u0159eknut\u00ed se odpov\u011bdnosti"},"content":{"rendered":"<div data-elementor-type=\"wp-page\" data-elementor-id=\"18\" class=\"elementor elementor-18\" data-elementor-post-type=\"page\">\n\t\t\t\t<div class=\"elementor-element elementor-element-246b10b e-flex e-con-boxed e-con e-parent\" data-id=\"246b10b\" data-element_type=\"container\" data-e-type=\"container\" data-settings=\"{&quot;background_background&quot;:&quot;classic&quot;}\">\n\t\t\t\t\t<div class=\"e-con-inner\">\n\t\t\t\t<div class=\"elementor-element elementor-element-bb10f6f elementor-widget elementor-widget-elementskit-heading\" data-id=\"bb10f6f\" data-element_type=\"widget\" data-e-type=\"widget\" data-widget_type=\"elementskit-heading.default\">\n\t\t\t\t\t<div class=\"ekit-wid-con\" ><div class=\"ekit-heading elementskit-section-title-wraper center   ekit_heading_tablet-   ekit_heading_mobile-\"><h1 class=\"ekit-heading--title elementskit-section-title\"><span><span>Z\u0159eknut\u00ed se odpov\u011bdnosti<\/span><\/span><\/h1><div class=\"ekit_heading_separetor_wraper ekit_heading_elementskit-border-divider elementskit-style-long\"><div class=\"elementskit-border-divider elementskit-style-long\"><\/div><\/div><\/div><\/div>\t\t\t\t<\/div>\n\t\t\t\t<div class=\"elementor-element elementor-element-bd9eb44 elementor-widget__width-initial elementor-widget elementor-widget-text-editor\" data-id=\"bd9eb44\" data-element_type=\"widget\" data-e-type=\"widget\" data-widget_type=\"text-editor.default\">\n\t\t\t\t\t\t\t\t\t<p data-start=\"338\" data-end=\"536\"><strong data-start=\"304\" data-end=\"321\">Naposledy aktualizov\u00e1no:<\/strong> \u0158\u00edjen 2025<\/p><p data-start=\"338\" data-end=\"536\">V\u00edtejte v <strong data-start=\"349\" data-end=\"367\">IPTV Doprovod<\/strong>.<br data-start=\"368\" data-end=\"371\" \/>Toto prohl\u00e1\u0161en\u00ed o vylou\u010den\u00ed odpov\u011bdnosti vysv\u011btluje meze na\u0161\u00ed odpov\u011bdnosti t\u00fdkaj\u00edc\u00ed se informac\u00ed sd\u00edlen\u00fdch na na\u0161ich webov\u00fdch str\u00e1nk\u00e1ch, <a class=\"decorated-link cursor-pointer\" target=\"_new\" rel=\"noopener\" data-start=\"479\" data-end=\"533\">https:\/\/iptvcompanion.com<\/a>.<\/p><p data-start=\"538\" data-end=\"620\">Pou\u017e\u00edv\u00e1n\u00edm t\u011bchto str\u00e1nek souhlas\u00edte s t\u00edm, \u017ee jste si p\u0159e\u010detli a porozum\u011bli tomuto prohl\u00e1\u0161en\u00ed o vylou\u010den\u00ed odpov\u011bdnosti.<\/p><h3 data-start=\"627\" data-end=\"656\">1. <strong data-start=\"633\" data-end=\"656\">Obecn\u00e9 informace<\/strong><\/h3><p data-start=\"658\" data-end=\"921\"><strong data-start=\"658\" data-end=\"676\">IPTV Doprovod<\/strong> je nez\u00e1visl\u00fd web, kter\u00fd publikuje \u010dl\u00e1nky, recenze, srovn\u00e1n\u00ed a n\u00e1vody k nastaven\u00ed souvisej\u00edc\u00ed se slu\u017ebami, aplikacemi a za\u0159\u00edzen\u00edmi IPTV.<br data-start=\"811\" data-end=\"814\" \/>My ano <strong data-start=\"820\" data-end=\"827\">ne<\/strong> prod\u00e1vat p\u0159edplatn\u00e9 IPTV, hostovat streamovan\u00fd obsah nebo poskytovat p\u0159\u00edstup k materi\u00e1lu chr\u00e1n\u011bn\u00e9mu autorsk\u00fdmi pr\u00e1vy.<\/p><p data-start=\"923\" data-end=\"1017\">Ve\u0161ker\u00fd obsah na t\u011bchto webov\u00fdch str\u00e1nk\u00e1ch je poskytov\u00e1n <strong data-start=\"963\" data-end=\"1014\">pouze pro informa\u010dn\u00ed a vzd\u011bl\u00e1vac\u00ed \u00fa\u010dely<\/strong>.<\/p><h3 data-start=\"1024\" data-end=\"1063\">2. <strong data-start=\"1030\" data-end=\"1063\">\u017d\u00e1dn\u00e9 p\u0159idru\u017een\u00ed ani schv\u00e1len\u00ed<\/strong><\/h3><p data-start=\"1065\" data-end=\"1268\">Ve\u0161ker\u00e9 n\u00e1zvy produkt\u016f, aplikac\u00ed, za\u0159\u00edzen\u00ed nebo slu\u017eeb zm\u00edn\u011bn\u00e9 na t\u011bchto webov\u00fdch str\u00e1nk\u00e1ch pat\u0159\u00ed jejich p\u0159\u00edslu\u0161n\u00fdm vlastn\u00edk\u016fm.<br data-start=\"1171\" data-end=\"1174\" \/>V\u0161echny ochrann\u00e9 zn\u00e1mky a n\u00e1zvy zna\u010dek jsou pou\u017eity <strong data-start=\"1214\" data-end=\"1265\">pouze pro identifika\u010dn\u00ed nebo popisn\u00e9 \u00fa\u010dely<\/strong>.<\/p><p data-start=\"1270\" data-end=\"1396\">Jsme <strong data-start=\"1277\" data-end=\"1330\">nen\u00ed p\u0159idru\u017een k, sponzorov\u00e1n ani schv\u00e1len<\/strong> jak\u00e1koli IPTV slu\u017eba, v\u00fdvoj\u00e1\u0159 softwaru nebo v\u00fdrobce hardwaru.<\/p><h3 data-start=\"1403\" data-end=\"1436\">3. <strong data-start=\"1409\" data-end=\"1436\">P\u0159esnost informac\u00ed<\/strong><\/h3><p data-start=\"1438\" data-end=\"1685\">Sna\u017e\u00edme se, aby informace zve\u0159ejn\u011bn\u00e9 na IPTV Companion byly p\u0159esn\u00e9 a aktu\u00e1ln\u00ed.<br data-start=\"1539\" data-end=\"1542\" \/>Nem\u016f\u017eeme v\u0161ak zaru\u010dit, \u017ee ka\u017ed\u00fd detail bude v\u017edy spr\u00e1vn\u00fd, \u00fapln\u00fd nebo aktu\u00e1ln\u00ed. Technologie a slu\u017eby IPTV se \u010dasto m\u011bn\u00ed.<\/p><p data-start=\"1687\" data-end=\"1882\">Pou\u017eit\u00ed informac\u00ed na t\u011bchto webov\u00fdch str\u00e1nk\u00e1ch je <strong data-start=\"1729\" data-end=\"1755\">dle vlastn\u00edho uv\u00e1\u017een\u00ed<\/strong>.<br data-start=\"1756\" data-end=\"1759\" \/>Neneseme odpov\u011bdnost za \u017e\u00e1dn\u00e9 chyby, opomenut\u00ed ani v\u00fdsledky vypl\u00fdvaj\u00edc\u00ed z toho, jak\u00fdm zp\u016fsobem pou\u017eijete zde uveden\u00e9 informace.<\/p><h3 data-start=\"1889\" data-end=\"1913\">4. <strong data-start=\"1895\" data-end=\"1913\">Extern\u00ed odkazy<\/strong><\/h3><p data-start=\"1915\" data-end=\"2079\">Na\u0161e \u010dl\u00e1nky mohou obsahovat odkazy na webov\u00e9 str\u00e1nky t\u0159et\u00edch stran pro \u00fa\u010dely reference nebo pro usnadn\u011bn\u00ed pou\u017e\u00edv\u00e1n\u00ed.<br data-start=\"1999\" data-end=\"2002\" \/>Nem\u00e1me \u017e\u00e1dnou kontrolu nad obsahem, z\u00e1sadami ani praktikami t\u011bchto str\u00e1nek.<\/p><p data-start=\"2081\" data-end=\"2227\">N\u00e1v\u0161t\u011bva extern\u00edch odkaz\u016f z IPTV Companion je zcela <strong data-start=\"2137\" data-end=\"2157\">na vlastn\u00ed nebezpe\u010d\u00ed<\/strong>, a neneseme odpov\u011bdnost za \u017e\u00e1dn\u00e9 ztr\u00e1ty ani \u0161kody, kter\u00e9 by mohly vzniknout.<\/p><h3 data-start=\"2234\" data-end=\"2272\">5. <strong data-start=\"2240\" data-end=\"2272\">\u017d\u00e1dn\u00e9 pr\u00e1vn\u00ed ani technick\u00e9 poradenstv\u00ed<\/strong><\/h3><p data-start=\"2274\" data-end=\"2495\">Informace sd\u00edlen\u00e9 v aplikaci IPTV Companion by m\u011bly <strong data-start=\"2322\" data-end=\"2329\">ne<\/strong> b\u00fdt pova\u017eov\u00e1no za pr\u00e1vn\u00ed, finan\u010dn\u00ed nebo odborn\u00e9 technick\u00e9 poradenstv\u00ed.<br data-start=\"2395\" data-end=\"2398\" \/>Sd\u00edl\u00edme osobn\u00ed n\u00e1zory, n\u00e1vody a zku\u0161enosti s testov\u00e1n\u00edm pro vzd\u011bl\u00e1vac\u00ed \u00fa\u010dely.<\/p><p data-start=\"2497\" data-end=\"2568\">Pokud pot\u0159ebujete odborn\u00e9 poradenstv\u00ed, obra\u0165te se na kvalifikovan\u00e9ho odborn\u00edka.<\/p><h3 data-start=\"2575\" data-end=\"2604\">6. <strong data-start=\"2581\" data-end=\"2604\">Odpov\u011bdnost u\u017eivatele<\/strong><\/h3><p data-start=\"2606\" data-end=\"2837\">Pou\u017e\u00edv\u00e1n\u00edm t\u011bchto webov\u00fdch str\u00e1nek souhlas\u00edte s t\u00edm, \u017ee nesete v\u00fdhradn\u00ed odpov\u011bdnost za to, jak pou\u017e\u00edv\u00e1te jak\u00e9koli zde uveden\u00e9 informace, n\u00e1stroje nebo produkty.<br data-start=\"2738\" data-end=\"2741\" \/>Nedoporu\u010dujeme ani nepodporujeme pou\u017e\u00edv\u00e1n\u00ed slu\u017eeb IPTV pro neopr\u00e1vn\u011bn\u00e9 nebo neleg\u00e1ln\u00ed streamov\u00e1n\u00ed.<\/p><p data-start=\"2839\" data-end=\"2918\">Ka\u017ed\u00fd u\u017eivatel je zodpov\u011bdn\u00fd za dodr\u017eov\u00e1n\u00ed m\u00edstn\u00edch z\u00e1kon\u016f a p\u0159edpis\u016f.<\/p><h3 data-start=\"2925\" data-end=\"2958\">7. <strong data-start=\"2931\" data-end=\"2958\">Omezen\u00ed odpov\u011bdnosti<\/strong><\/h3><p data-start=\"2960\" data-end=\"3107\">Za \u017e\u00e1dn\u00fdch okolnost\u00ed nenesou IPTV Companion, jeho vlastn\u00edci, auto\u0159i ani p\u0159isp\u011bvatel\u00e9 odpov\u011bdnost za jak\u00e9koli p\u0159\u00edm\u00e9 \u010di nep\u0159\u00edm\u00e9 \u0161kody vznikl\u00e9 v d\u016fsledku:<\/p><ul data-start=\"3108\" data-end=\"3284\"><li data-start=\"3108\" data-end=\"3152\"><p data-start=\"3110\" data-end=\"3152\">Pou\u017e\u00edv\u00e1n\u00ed nebo nemo\u017enost pou\u017e\u00edvat tyto webov\u00e9 str\u00e1nky<\/p><\/li><li data-start=\"3153\" data-end=\"3202\"><p data-start=\"3155\" data-end=\"3202\">Chyby, nep\u0159esnosti nebo opomenut\u00ed v obsahu<\/p><\/li><li data-start=\"3203\" data-end=\"3234\"><p data-start=\"3205\" data-end=\"3234\">Odkazy na extern\u00ed zdroje<\/p><\/li><li data-start=\"3235\" data-end=\"3284\"><p data-start=\"3237\" data-end=\"3284\">Rozhodnut\u00ed u\u010din\u011bn\u00e1 na z\u00e1klad\u011b na\u0161ich recenz\u00ed nebo pr\u016fvodc\u016f<\/p><\/li><\/ul><p data-start=\"3286\" data-end=\"3342\">Ve\u0161ker\u00e9 pou\u017eit\u00ed t\u011bchto str\u00e1nek je v\u00fdhradn\u011b <strong data-start=\"3319\" data-end=\"3339\">na vlastn\u00ed nebezpe\u010d\u00ed<\/strong>.<\/p><h3 data-start=\"3349\" data-end=\"3385\">8. <strong data-start=\"3355\" data-end=\"3385\">Zm\u011bny tohoto vylou\u010den\u00ed odpov\u011bdnosti<\/strong><\/h3><p data-start=\"3387\" data-end=\"3513\">Toto prohl\u00e1\u0161en\u00ed o vylou\u010den\u00ed odpov\u011bdnosti m\u016f\u017eeme kdykoli aktualizovat bez p\u0159edchoz\u00edho upozorn\u011bn\u00ed.<br data-start=\"3450\" data-end=\"3453\" \/>Datum \u201cPosledn\u00ed aktualizace\u201d uveden\u00e9 v\u00fd\u0161e odpov\u00edd\u00e1 nejnov\u011bj\u0161\u00ed verzi.<\/p><p data-start=\"3515\" data-end=\"3587\">Doporu\u010dujeme n\u00e1v\u0161t\u011bvn\u00edk\u016fm, aby tuto str\u00e1nku pravideln\u011b kontrolovali, zda nejsou k dispozici \u017e\u00e1dn\u00e9 aktualizace.<\/p><h3>9. <strong data-start=\"3600\" data-end=\"3614\">Kontaktujte n\u00e1s<\/strong><\/h3><p data-start=\"3616\" data-end=\"3685\">Pokud m\u00e1te jak\u00e9koli dotazy ohledn\u011b tohoto vylou\u010den\u00ed odpov\u011bdnosti, kontaktujte n\u00e1s pros\u00edm:<\/p><p data-start=\"3687\" data-end=\"3864\"><img decoding=\"async\" class=\"emoji\" role=\"img\" draggable=\"false\" src=\"https:\/\/s.w.org\/images\/core\/emoji\/16.0.1\/svg\/1f4e7.svg\" alt=\"\ud83d\udce7\" \/> <strong data-start=\"3690\" data-end=\"3700\">E-mail:<\/strong> <a class=\"decorated-link cursor-pointer\" rel=\"noopener\" data-start=\"3701\" data-end=\"3756\">info@iptvcompanion.com<\/a><br data-start=\"3756\" data-end=\"3759\" \/><img decoding=\"async\" class=\"emoji\" role=\"img\" draggable=\"false\" src=\"https:\/\/s.w.org\/images\/core\/emoji\/16.0.1\/svg\/1f310.svg\" alt=\"\ud83c\udf10\" \/> <strong data-start=\"3762\" data-end=\"3779\">Kontaktn\u00ed str\u00e1nka:<\/strong> <a class=\"decorated-link cursor-pointer\" target=\"_new\" rel=\"noopener\" data-start=\"3780\" data-end=\"3862\">https:\/\/iptvcompanion.com\/pages\/contact<\/a><\/p>\t\t\t\t\t\t\t\t<\/div>\n\t\t\t\t\t<\/div>\n\t\t\t\t<\/div>\n\t\t\t\t<\/div>","protected":false},"excerpt":{"rendered":"<p>Disclaimer Last Updated: October 2025 Welcome to IPTV Companion.This Disclaimer explains the limits of our responsibility regarding the information shared on our website, https:\/\/iptvcompanion.com. By using this site, you agree that you have read and understood this Disclaimer. 1. General Information IPTV Companion is an independent website that publishes articles, reviews, comparisons, and setup guides&#8230;<\/p>","protected":false},"author":1,"featured_media":0,"parent":0,"menu_order":0,"comment_status":"closed","ping_status":"closed","template":"","meta":{"_kad_post_transparent":"","_kad_post_title":"hide","_kad_post_layout":"fullwidth","_kad_post_sidebar_id":"","_kad_post_content_style":"unboxed","_kad_post_vertical_padding":"hide","_kad_post_feature":"hide","_kad_post_feature_position":"","_kad_post_header":false,"_kad_post_footer":false,"_kad_post_classname":"","footnotes":""},"class_list":["post-18","page","type-page","status-publish","hentry"],"_links":{"self":[{"href":"https:\/\/iptvcompanion.com\/cs\/wp-json\/wp\/v2\/pages\/18","targetHints":{"allow":["GET"]}}],"collection":[{"href":"https:\/\/iptvcompanion.com\/cs\/wp-json\/wp\/v2\/pages"}],"about":[{"href":"https:\/\/iptvcompanion.com\/cs\/wp-json\/wp\/v2\/types\/page"}],"author":[{"embeddable":true,"href":"https:\/\/iptvcompanion.com\/cs\/wp-json\/wp\/v2\/users\/1"}],"replies":[{"embeddable":true,"href":"https:\/\/iptvcompanion.com\/cs\/wp-json\/wp\/v2\/comments?post=18"}],"version-history":[{"count":4,"href":"https:\/\/iptvcompanion.com\/cs\/wp-json\/wp\/v2\/pages\/18\/revisions"}],"predecessor-version":[{"id":207,"href":"https:\/\/iptvcompanion.com\/cs\/wp-json\/wp\/v2\/pages\/18\/revisions\/207"}],"wp:attachment":[{"href":"https:\/\/iptvcompanion.com\/cs\/wp-json\/wp\/v2\/media?parent=18"}],"curies":[{"name":"wp","href":"https:\/\/api.w.org\/{rel}","templated":true}]}}