{"id":20,"date":"2025-10-06T10:35:56","date_gmt":"2025-10-06T10:35:56","guid":{"rendered":"https:\/\/iptvcompanion.com\/?page_id=20"},"modified":"2025-10-23T09:55:16","modified_gmt":"2025-10-23T08:55:16","slug":"podminky-pouziti","status":"publish","type":"page","link":"https:\/\/iptvcompanion.com\/cs\/podminky-pouziti\/","title":{"rendered":"Podm\u00ednky pou\u017eit\u00ed"},"content":{"rendered":"<div data-elementor-type=\"wp-page\" data-elementor-id=\"20\" class=\"elementor elementor-20\" data-elementor-post-type=\"page\">\n\t\t\t\t<div class=\"elementor-element elementor-element-b684077 e-flex e-con-boxed e-con e-parent\" data-id=\"b684077\" data-element_type=\"container\" data-e-type=\"container\" data-settings=\"{&quot;background_background&quot;:&quot;classic&quot;}\">\n\t\t\t\t\t<div class=\"e-con-inner\">\n\t\t\t\t<div class=\"elementor-element elementor-element-9b46449 elementor-widget elementor-widget-elementskit-heading\" data-id=\"9b46449\" data-element_type=\"widget\" data-e-type=\"widget\" data-widget_type=\"elementskit-heading.default\">\n\t\t\t\t\t<div class=\"ekit-wid-con\" ><div class=\"ekit-heading elementskit-section-title-wraper center   ekit_heading_tablet-   ekit_heading_mobile-\"><h1 class=\"ekit-heading--title elementskit-section-title\">Podm\u00ednky <span><span>Pou\u017eit\u00ed<\/span><\/span><\/h1><div class=\"ekit_heading_separetor_wraper ekit_heading_elementskit-border-divider elementskit-style-long\"><div class=\"elementskit-border-divider elementskit-style-long\"><\/div><\/div><\/div><\/div>\t\t\t\t<\/div>\n\t\t\t\t<div class=\"elementor-element elementor-element-8ae3934 elementor-widget__width-initial elementor-widget elementor-widget-text-editor\" data-id=\"8ae3934\" data-element_type=\"widget\" data-e-type=\"widget\" data-widget_type=\"text-editor.default\">\n\t\t\t\t\t\t\t\t\t<p data-start=\"385\" data-end=\"604\">V\u00edtejte v <strong data-start=\"396\" data-end=\"414\">IPTV Doprovod<\/strong>.<br data-start=\"415\" data-end=\"418\">P\u0159\u00edstupem na na\u0161e webov\u00e9 str\u00e1nky nebo jejich pou\u017e\u00edv\u00e1n\u00edm \u2014 <a class=\"decorated-link cursor-pointer\" target=\"_new\" rel=\"noopener\" data-start=\"454\" data-end=\"508\">https:\/\/iptvcompanion.com<\/a> \u2014 souhlas\u00edte s dodr\u017eov\u00e1n\u00edm t\u011bchto Podm\u00ednek pou\u017e\u00edv\u00e1n\u00ed.<br data-start=\"550\" data-end=\"553\">P\u0159ed pou\u017eit\u00edm str\u00e1nek si je pros\u00edm pe\u010dliv\u011b p\u0159e\u010dt\u011bte.<\/p>\n<p data-start=\"606\" data-end=\"688\">Pokud s t\u011bmito podm\u00ednkami nesouhlas\u00edte, nem\u011bli byste tyto webov\u00e9 str\u00e1nky pou\u017e\u00edvat ani k nim p\u0159istupovat.<\/p>\n<h3 data-start=\"695\" data-end=\"724\">1. <strong data-start=\"701\" data-end=\"724\">Obecn\u00e9 informace<\/strong><\/h3>\n<p data-start=\"726\" data-end=\"986\">IPTV Companion je nez\u00e1visl\u00fd informa\u010dn\u00ed web.<br data-start=\"781\" data-end=\"784\">Poskytujeme vzd\u011bl\u00e1vac\u00ed obsah, recenze a n\u00e1vody o n\u00e1stroj\u00edch, aplikac\u00edch a za\u0159\u00edzen\u00edch souvisej\u00edc\u00edch s IPTV.<br data-start=\"883\" data-end=\"886\">My ano <strong data-start=\"892\" data-end=\"899\">ne<\/strong> prod\u00e1vat p\u0159edplatn\u00e9 IPTV, distribuovat materi\u00e1l chr\u00e1n\u011bn\u00fd autorsk\u00fdmi pr\u00e1vy nebo hostovat streamovan\u00fd obsah.<\/p>\n<p data-start=\"988\" data-end=\"1096\">Na\u0161\u00edm c\u00edlem je pom\u00e1hat n\u00e1v\u0161t\u011bvn\u00edk\u016fm \u010dinit informovan\u00e1 rozhodnut\u00ed a bezpe\u010dn\u011b a leg\u00e1ln\u011b zlep\u0161ovat jejich z\u00e1\u017eitek z IPTV.<\/p>\n<h3 data-start=\"1103\" data-end=\"1127\">2. <strong data-start=\"1109\" data-end=\"1127\">Pou\u017eit\u00ed obsahu<\/strong><\/h3>\n<p data-start=\"1129\" data-end=\"1258\">Ve\u0161ker\u00fd text, obr\u00e1zky, grafika a dal\u0161\u00ed materi\u00e1ly na t\u011bchto webov\u00fdch str\u00e1nk\u00e1ch pat\u0159\u00ed <strong data-start=\"1203\" data-end=\"1221\">IPTV Doprovod<\/strong> pokud nen\u00ed uvedeno jinak.<br data-start=\"1245\" data-end=\"1248\">M\u016f\u017eete:<\/p>\n<ul data-start=\"1259\" data-end=\"1425\">\n<li data-start=\"1259\" data-end=\"1324\">\n<p data-start=\"1261\" data-end=\"1324\">\u010ct\u011bte a sd\u00edlejte na\u0161e \u010dl\u00e1nky pro osobn\u00ed, nekomer\u010dn\u00ed pou\u017eit\u00ed.<\/p>\n<\/li>\n<li data-start=\"1325\" data-end=\"1425\">\n<p data-start=\"1327\" data-end=\"1425\">Citujte kr\u00e1tk\u00e9 \u010d\u00e1sti na\u0161eho obsahu, pokud uvedete viditeln\u00fd odkaz na na\u0161e webov\u00e9 str\u00e1nky.<\/p>\n<\/li>\n<\/ul>\n<p data-start=\"1427\" data-end=\"1445\">M\u016f\u017eete <strong data-start=\"1435\" data-end=\"1442\">ne<\/strong>:<\/p>\n<ul data-start=\"1446\" data-end=\"1640\">\n<li data-start=\"1446\" data-end=\"1513\">\n<p data-start=\"1448\" data-end=\"1513\">Kop\u00edrovat, reprodukovat nebo znovu publikovat cel\u00e9 \u010dl\u00e1nky bez povolen\u00ed.<\/p>\n<\/li>\n<li data-start=\"1514\" data-end=\"1582\">\n<p data-start=\"1516\" data-end=\"1582\">Pou\u017e\u00edvat n\u00e1\u0161 obsah pro komer\u010dn\u00ed, zav\u00e1d\u011bj\u00edc\u00ed nebo nez\u00e1konn\u00e9 \u00fa\u010dely.<\/p>\n<\/li>\n<li data-start=\"1583\" data-end=\"1640\">\n<p data-start=\"1585\" data-end=\"1640\">N\u00e1rokujte si jakoukoli \u010d\u00e1st obsahu t\u011bchto webov\u00fdch str\u00e1nek jako svou vlastn\u00ed.<\/p>\n<\/li>\n<\/ul>\n<p data-start=\"1642\" data-end=\"1710\">Pro \u017e\u00e1dosti o povolen\u00ed n\u00e1s kontaktujte na adrese <strong data-start=\"1681\" data-end=\"1707\"><a class=\"decorated-link cursor-pointer\" rel=\"noopener\" data-start=\"1683\" data-end=\"1705\">info@iptvcompanion.com<\/a><\/strong>.<\/p>\n<h3 data-start=\"1717\" data-end=\"1747\">3. <strong data-start=\"1723\" data-end=\"1747\">P\u0159esnost informac\u00ed<\/strong><\/h3>\n<p data-start=\"1749\" data-end=\"1973\">Sna\u017e\u00edme se zajistit, aby ve\u0161ker\u00e9 informace zve\u0159ejn\u011bn\u00e9 na IPTV Companion byly p\u0159esn\u00e9 a aktu\u00e1ln\u00ed.<br data-start=\"1845\" data-end=\"1848\">Technologie a platformy IPTV se v\u0161ak \u010dasto m\u011bn\u00ed, tak\u017ee nem\u016f\u017eeme zaru\u010dit, \u017ee v\u0161echny podrobnosti budou v\u017edy aktu\u00e1ln\u00ed.<\/p>\n<p data-start=\"1975\" data-end=\"2149\">Pou\u017e\u00edvejte informace na t\u011bchto str\u00e1nk\u00e1ch dle vlastn\u00edho uv\u00e1\u017een\u00ed. Neneseme odpov\u011bdnost za chyby, zastaral\u00e9 informace ani za \u017e\u00e1dn\u00e9 d\u016fsledky vypl\u00fdvaj\u00edc\u00ed z va\u0161eho pou\u017eit\u00ed obsahu.<\/p>\n<h3 data-start=\"2156\" data-end=\"2180\">4. <strong data-start=\"2162\" data-end=\"2180\">Extern\u00ed odkazy<\/strong><\/h3>\n<p data-start=\"2182\" data-end=\"2324\">Na\u0161e \u010dl\u00e1nky mohou obsahovat odkazy na webov\u00e9 str\u00e1nky nebo n\u00e1stroje t\u0159et\u00edch stran.<br data-start=\"2246\" data-end=\"2249\">Tyto odkazy jsou poskytov\u00e1ny pouze pro va\u0161e pohodl\u00ed a informa\u010dn\u00ed \u00fa\u010dely.<\/p>\n<p data-start=\"2326\" data-end=\"2470\">My ano <strong data-start=\"2332\" data-end=\"2339\">ne<\/strong> kontrolovat ani schvalovat jak\u00e9koli extern\u00ed webov\u00e9 str\u00e1nky, jejich obsah ani jejich postupy ochrany osobn\u00edch \u00fadaj\u016f. Jejich n\u00e1v\u0161t\u011bva je zcela na va\u0161e vlastn\u00ed nebezpe\u010d\u00ed.<\/p>\n<h3 data-start=\"2477\" data-end=\"2499\">5. <strong data-start=\"2483\" data-end=\"2499\">Chov\u00e1n\u00ed u\u017eivatel\u016f<\/strong><\/h3>\n<p data-start=\"2501\" data-end=\"2547\">Pou\u017e\u00edv\u00e1n\u00edm slu\u017eby IPTV Companion souhlas\u00edte s t\u00edm, \u017ee nebudete:<\/p>\n<ul data-start=\"2548\" data-end=\"2777\">\n<li data-start=\"2548\" data-end=\"2634\">\n<p data-start=\"2550\" data-end=\"2634\">Zve\u0159ej\u0148ovat nebo odes\u00edlat spam, ur\u00e1\u017eliv\u00e9 zpr\u00e1vy nebo neleg\u00e1ln\u00ed obsah prost\u0159ednictv\u00edm na\u0161ich kontaktn\u00edch formul\u00e1\u0159\u016f.<\/p>\n<\/li>\n<li data-start=\"2635\" data-end=\"2703\">\n<p data-start=\"2637\" data-end=\"2703\">Pokou\u0161et se po\u0161kodit, hacknout nebo naru\u0161it funk\u010dnost na\u0161ich webov\u00fdch str\u00e1nek.<\/p>\n<\/li>\n<li data-start=\"2704\" data-end=\"2777\">\n<p data-start=\"2706\" data-end=\"2777\">Pou\u017e\u00edvat n\u00e1\u0161 obsah jak\u00fdmkoli zp\u016fsobem, kter\u00fd poru\u0161uje m\u00edstn\u00ed nebo mezin\u00e1rodn\u00ed z\u00e1kony.<\/p>\n<\/li>\n<\/ul>\n<p data-start=\"2779\" data-end=\"2865\">Vyhrazujeme si pr\u00e1vo zablokovat nebo odebrat p\u0159\u00edstup jak\u00e9mukoli u\u017eivateli, kter\u00fd poru\u0161\u00ed tyto podm\u00ednky.<\/p>\n<h3 data-start=\"2872\" data-end=\"2903\">6. <strong data-start=\"2878\" data-end=\"2903\">Du\u0161evn\u00ed vlastnictv\u00ed<\/strong><\/h3>\n<p data-start=\"2905\" data-end=\"3093\">Ve\u0161ker\u00e1 loga, obr\u00e1zky a psan\u00fd obsah na IPTV Companion jsou chr\u00e1n\u011bny autorsk\u00fdm pr\u00e1vem a z\u00e1kony o du\u0161evn\u00edm vlastnictv\u00ed.<br data-start=\"3020\" data-end=\"3023\">Bez p\u00edsemn\u00e9ho souhlasu je nesm\u00edte reprodukovat ani \u0161\u00ed\u0159it.<\/p>\n<p data-start=\"3095\" data-end=\"3230\">Ve\u0161ker\u00e9 ochrann\u00e9 zn\u00e1mky uveden\u00e9 na t\u011bchto webov\u00fdch str\u00e1nk\u00e1ch pat\u0159\u00ed p\u0159\u00edslu\u0161n\u00fdm vlastn\u00edk\u016fm a jsou pou\u017e\u00edv\u00e1ny pouze pro popisn\u00e9 nebo vzd\u011bl\u00e1vac\u00ed \u00fa\u010dely.<\/p>\n<h3 data-start=\"3237\" data-end=\"3257\">7. <strong data-start=\"3243\" data-end=\"3257\">Z\u0159eknut\u00ed se odpov\u011bdnosti<\/strong><\/h3>\n<p data-start=\"3259\" data-end=\"3411\">IPTV Companion poskytuje pouze obecn\u00e9 informace a n\u00e1zory.<br data-start=\"3321\" data-end=\"3324\">Jsme <strong data-start=\"3331\" data-end=\"3354\">nen\u00ed spojen s<\/strong> nebo schv\u00e1leno jak\u00fdmkoli poskytovatelem IPTV nebo streamovac\u00ed spole\u010dnost\u00ed.<\/p>\n<p data-start=\"3413\" data-end=\"3435\">Nezaru\u010dujeme:<\/p>\n<ul data-start=\"3436\" data-end=\"3576\">\n<li data-start=\"3436\" data-end=\"3508\">\n<p data-start=\"3438\" data-end=\"3508\">Kvalita, spolehlivost nebo legalita jak\u00e9koli zm\u00edn\u011bn\u00e9 slu\u017eby IPTV.<\/p>\n<\/li>\n<li data-start=\"3509\" data-end=\"3576\">\n<p data-start=\"3511\" data-end=\"3576\">\u017de jak\u00e1koli aplikace, za\u0159\u00edzen\u00ed nebo platforma bude fungovat bez probl\u00e9m\u016f.<\/p>\n<\/li>\n<\/ul>\n<p data-start=\"3578\" data-end=\"3734\">V\u0161echna doporu\u010den\u00ed a recenze jsou zalo\u017eeny na nez\u00e1visl\u00e9m v\u00fdzkumu a osobn\u00edm testov\u00e1n\u00ed.<br data-start=\"3665\" data-end=\"3668\">Pou\u017e\u00edv\u00e1te jak\u00fdkoli produkt nebo slu\u017ebu t\u0159et\u00ed strany <strong data-start=\"3711\" data-end=\"3731\">na vlastn\u00ed nebezpe\u010d\u00ed<\/strong>.<\/p>\n<h3 data-start=\"3741\" data-end=\"3774\">8. <strong data-start=\"3747\" data-end=\"3774\">Omezen\u00ed odpov\u011bdnosti<\/strong><\/h3>\n<p data-start=\"3776\" data-end=\"3973\">Spole\u010dnost IPTV Companion ani jej\u00ed t\u00fdm nenesou za \u017e\u00e1dn\u00fdch okolnost\u00ed odpov\u011bdnost za jak\u00e9koli p\u0159\u00edm\u00e9 \u010di nep\u0159\u00edm\u00e9 ztr\u00e1ty, \u0161kody nebo probl\u00e9my vypl\u00fdvaj\u00edc\u00ed z va\u0161eho pou\u017e\u00edv\u00e1n\u00ed t\u011bchto webov\u00fdch str\u00e1nek, v\u010detn\u011b, ale nikoli v\u00fdhradn\u011b:<\/p>\n<ul data-start=\"3974\" data-end=\"4086\">\n<li data-start=\"3974\" data-end=\"4006\">\n<p data-start=\"3976\" data-end=\"4006\">Technick\u00e9 chyby nebo v\u00fdpadky<\/p>\n<\/li>\n<li data-start=\"4007\" data-end=\"4028\">\n<p data-start=\"4009\" data-end=\"4028\">Zneu\u017eit\u00ed obsahu<\/p>\n<\/li>\n<li data-start=\"4029\" data-end=\"4086\">\n<p data-start=\"4031\" data-end=\"4086\">Rozhodnut\u00ed u\u010din\u011bn\u00e1 na z\u00e1klad\u011b zde uveden\u00fdch informac\u00ed<\/p>\n<\/li>\n<\/ul>\n<p data-start=\"4088\" data-end=\"4172\">Pou\u017e\u00edv\u00e1n\u00edm t\u011bchto webov\u00fdch str\u00e1nek p\u0159edpokl\u00e1d\u00e1te, \u017ee pln\u011b rozum\u00edte t\u011bmto rizik\u016fm a souhlas\u00edte s nimi.<\/p>\n<h3 data-start=\"4179\" data-end=\"4211\">9. <strong data-start=\"4185\" data-end=\"4211\">Zm\u011bny t\u011bchto podm\u00ednek<\/strong><\/h3>\n<p data-start=\"4213\" data-end=\"4364\">Tyto Podm\u00ednky pou\u017e\u00edv\u00e1n\u00ed m\u016f\u017eeme kdykoli aktualizovat nebo upravit bez p\u0159edchoz\u00edho upozorn\u011bn\u00ed.<br data-start=\"4289\" data-end=\"4292\">Datum v horn\u00ed \u010d\u00e1sti t\u00e9to str\u00e1nky bude v\u017edy zobrazovat nejnov\u011bj\u0161\u00ed revizi.<\/p>\n<p data-start=\"4366\" data-end=\"4443\">Pokra\u010dov\u00e1n\u00edm v pou\u017e\u00edv\u00e1n\u00ed str\u00e1nek po aktualizac\u00edch souhlas\u00edte s revidovan\u00fdmi podm\u00ednkami.<\/p>\n<h3 data-start=\"4450\" data-end=\"4471\">10. <strong data-start=\"4457\" data-end=\"4471\">Kontaktujte n\u00e1s<\/strong><\/h3>\n<p data-start=\"4473\" data-end=\"4554\">Pokud m\u00e1te jak\u00e9koli dotazy nebo obavy t\u00fdkaj\u00edc\u00ed se t\u011bchto Podm\u00ednek, kontaktujte n\u00e1s pros\u00edm:<\/p>\n<p data-start=\"4556\" data-end=\"4733\"><img decoding=\"async\" class=\"emoji\" role=\"img\" draggable=\"false\" src=\"https:\/\/s.w.org\/images\/core\/emoji\/16.0.1\/svg\/1f4e7.svg\" alt=\"\ud83d\udce7\"> <strong data-start=\"4559\" data-end=\"4569\">E-mail:<\/strong> <a class=\"decorated-link cursor-pointer\" rel=\"noopener\" data-start=\"4570\" data-end=\"4625\">info@iptvcompanion.com<\/a><br data-start=\"4625\" data-end=\"4628\"><img decoding=\"async\" class=\"emoji\" role=\"img\" draggable=\"false\" src=\"https:\/\/s.w.org\/images\/core\/emoji\/16.0.1\/svg\/1f310.svg\" alt=\"\ud83c\udf10\"> <strong data-start=\"4631\" data-end=\"4648\">Kontaktn\u00ed str\u00e1nka:<\/strong> <a class=\"decorated-link cursor-pointer\" target=\"_new\" rel=\"noopener\" data-start=\"4649\" data-end=\"4731\">https:\/\/iptvcompanion.com\/pages\/contact<\/a><\/p>\n<h4 data-start=\"4740\" data-end=\"4756\"><strong data-start=\"4744\" data-end=\"4756\">Stru\u010dn\u011b \u0159e\u010deno<\/strong><\/h4>\n<p data-start=\"4758\" data-end=\"4957\">Pou\u017eit\u00ed <strong data-start=\"4762\" data-end=\"4780\">IPTV Doprovod<\/strong> u\u010dit se, objevovat a u\u017e\u00edvat si zodpov\u011bdn\u00e9ho streamov\u00e1n\u00ed znalost\u00ed.<br data-start=\"4842\" data-end=\"4845\">Ve\u0161ker\u00fd n\u00e1\u0161 obsah je poskytov\u00e1n v dobr\u00e9 v\u00ed\u0159e, pro informa\u010dn\u00ed a vzd\u011bl\u00e1vac\u00ed \u00fa\u010dely, nikoli pro neleg\u00e1ln\u00ed nebo autorsky chr\u00e1n\u011bn\u00e9 pou\u017eit\u00ed.<\/p>\t\t\t\t\t\t\t\t<\/div>\n\t\t\t\t\t<\/div>\n\t\t\t\t<\/div>\n\t\t\t\t<\/div>","protected":false},"excerpt":{"rendered":"<p>Terms of Use Welcome to IPTV Companion.By accessing or using our website \u2014 https:\/\/iptvcompanion.com \u2014 you agree to follow these Terms of Use.Please read them carefully before using the site. If you do not agree with these terms, you should not use or access this website. 1. General Information IPTV Companion is an independent informational&#8230;<\/p>","protected":false},"author":1,"featured_media":0,"parent":0,"menu_order":0,"comment_status":"closed","ping_status":"closed","template":"","meta":{"_kad_post_transparent":"","_kad_post_title":"hide","_kad_post_layout":"fullwidth","_kad_post_sidebar_id":"","_kad_post_content_style":"unboxed","_kad_post_vertical_padding":"hide","_kad_post_feature":"hide","_kad_post_feature_position":"","_kad_post_header":false,"_kad_post_footer":false,"_kad_post_classname":"","footnotes":""},"class_list":["post-20","page","type-page","status-publish","hentry"],"_links":{"self":[{"href":"https:\/\/iptvcompanion.com\/cs\/wp-json\/wp\/v2\/pages\/20","targetHints":{"allow":["GET"]}}],"collection":[{"href":"https:\/\/iptvcompanion.com\/cs\/wp-json\/wp\/v2\/pages"}],"about":[{"href":"https:\/\/iptvcompanion.com\/cs\/wp-json\/wp\/v2\/types\/page"}],"author":[{"embeddable":true,"href":"https:\/\/iptvcompanion.com\/cs\/wp-json\/wp\/v2\/users\/1"}],"replies":[{"embeddable":true,"href":"https:\/\/iptvcompanion.com\/cs\/wp-json\/wp\/v2\/comments?post=20"}],"version-history":[{"count":4,"href":"https:\/\/iptvcompanion.com\/cs\/wp-json\/wp\/v2\/pages\/20\/revisions"}],"predecessor-version":[{"id":203,"href":"https:\/\/iptvcompanion.com\/cs\/wp-json\/wp\/v2\/pages\/20\/revisions\/203"}],"wp:attachment":[{"href":"https:\/\/iptvcompanion.com\/cs\/wp-json\/wp\/v2\/media?parent=20"}],"curies":[{"name":"wp","href":"https:\/\/api.w.org\/{rel}","templated":true}]}}