{"id":11,"date":"2025-10-06T10:35:06","date_gmt":"2025-10-06T10:35:06","guid":{"rendered":"https:\/\/iptvcompanion.com\/?page_id=11"},"modified":"2025-10-23T09:54:45","modified_gmt":"2025-10-23T08:54:45","slug":"om","status":"publish","type":"page","link":"https:\/\/iptvcompanion.com\/da\/om\/","title":{"rendered":"Om"},"content":{"rendered":"<div data-elementor-type=\"wp-page\" data-elementor-id=\"11\" class=\"elementor elementor-11\" data-elementor-post-type=\"page\">\n\t\t\t\t<div class=\"elementor-element elementor-element-1b0de9ee e-flex e-con-boxed e-con e-parent\" data-id=\"1b0de9ee\" data-element_type=\"container\" data-e-type=\"container\" data-settings=\"{&quot;background_background&quot;:&quot;classic&quot;}\">\n\t\t\t\t\t<div class=\"e-con-inner\">\n\t\t\t\t<div class=\"elementor-element elementor-element-1d9c774a elementor-widget elementor-widget-elementskit-heading\" data-id=\"1d9c774a\" data-element_type=\"widget\" data-e-type=\"widget\" data-widget_type=\"elementskit-heading.default\">\n\t\t\t\t\t<div class=\"ekit-wid-con\" ><div class=\"ekit-heading elementskit-section-title-wraper center   ekit_heading_tablet-   ekit_heading_mobile-\"><h1 class=\"ekit-heading--title elementskit-section-title\">Om <span><span>IPTV-ledsager<\/span><\/span><\/h1><div class=\"ekit_heading_separetor_wraper ekit_heading_elementskit-border-divider elementskit-style-long\"><div class=\"elementskit-border-divider elementskit-style-long\"><\/div><\/div><\/div><\/div>\t\t\t\t<\/div>\n\t\t\t\t<div class=\"elementor-element elementor-element-4a3ce32 elementor-widget__width-initial elementor-widget elementor-widget-text-editor\" data-id=\"4a3ce32\" data-element_type=\"widget\" data-e-type=\"widget\" data-widget_type=\"text-editor.default\">\n\t\t\t\t\t\t\t\t\t<h3 data-start=\"332\" data-end=\"362\">Hj\u00e6lper dig med at streame smartere<\/h3><p data-start=\"364\" data-end=\"506\">Velkommen til <strong data-start=\"375\" data-end=\"393\">IPTV-ledsager<\/strong>, et sted bygget af hverdagsstreamingentusiaster, der \u00f8nskede at g\u00f8re IPTV enkelt, klart og frustrationsfrit.<\/p><p data-start=\"508\" data-end=\"781\">Vi ved, hvor forvirrende det kan v\u00e6re at v\u00e6lge den rigtige tjeneste eller app. Der er endel\u00f8s st\u00f8j online, l\u00f8fter, annoncer og blandede anmeldelser, der f\u00e5r dig til at undre dig over, hvad der er \u00e6gte. S\u00e5 vi besluttede at skabe noget anderledes, et rum, der er \u00e6rligt, let at f\u00f8lge og rent faktisk nyttigt.<\/p><h3 data-start=\"788\" data-end=\"802\">Hvad vi g\u00f8r<\/h3><p data-start=\"804\" data-end=\"902\">Hos IPTV Companion tester og udforsker vi de v\u00e6rkt\u00f8jer, der g\u00f8r streaming mulig.<br data-start=\"882\" data-end=\"885\" \/>Vi skriver om:<\/p><ul data-start=\"903\" data-end=\"1083\"><li data-start=\"903\" data-end=\"957\"><p data-start=\"905\" data-end=\"957\">Platforme og apps, som folk rent faktisk bruger.<\/p><\/li><li data-start=\"958\" data-end=\"1007\"><p data-start=\"960\" data-end=\"1007\">Enheder, der f\u00e5r IPTV til at fungere problemfrit derhjemme.<\/p><\/li><li data-start=\"1008\" data-end=\"1083\"><p data-start=\"1010\" data-end=\"1083\">Trinvise vejledninger, der hj\u00e6lper dig med at s\u00e6tte alt op uden hovedpine.<\/p><\/li><\/ul><p data-start=\"1085\" data-end=\"1273\">Vi s\u00e6lger ikke abonnementer, promoverer ikke specifikke udbydere eller promoverer affiliate-aftaler forkl\u00e6dt som anmeldelser. Vores eneste m\u00e5l er at dele, hvad der virker, og hvad der ikke virker, baseret p\u00e5 reel erfaring.<\/p><h3 data-start=\"1280\" data-end=\"1298\">Hvorfor vi startede<\/h3><p data-start=\"1300\" data-end=\"1548\">Det startede med et simpelt problem: ingen gav ligefremme svar.<br data-start=\"1367\" data-end=\"1370\" \/>Nogle tjenester s\u00e5 fantastiske ud, men fungerede ikke. Andre fungerede godt, men var sv\u00e6re at konfigurere.<br data-start=\"1460\" data-end=\"1463\" \/>S\u00e5 vi besluttede at teste tingene selv og dele det, vi l\u00e6rte, i et letforst\u00e5eligt sprog.<\/p><p data-start=\"1550\" data-end=\"1683\">Den id\u00e9 blev til IPTV Companion, et projekt bygget op omkring nysgerrighed, \u00e6rlighed og at hj\u00e6lpe andre med at streame uden fors\u00f8g og fejl.<\/p><h3 data-start=\"1690\" data-end=\"1713\">Hvad du kan forvente<\/h3><p data-start=\"1715\" data-end=\"1754\">N\u00e5r du bes\u00f8ger vores hjemmeside, finder du:<\/p><ul data-start=\"1755\" data-end=\"1927\"><li data-start=\"1755\" data-end=\"1798\"><p data-start=\"1757\" data-end=\"1798\">\u00c6rlige anmeldelser skrevet af rigtige testere.<\/p><\/li><li data-start=\"1799\" data-end=\"1865\"><p data-start=\"1801\" data-end=\"1865\">Praktiske ops\u00e6tningsvejledninger, der ikke antager, at du er en teknisk ekspert.<\/p><\/li><li data-start=\"1866\" data-end=\"1927\"><p data-start=\"1868\" data-end=\"1927\">Tips til at g\u00f8re din seeroplevelse mere gnidningsl\u00f8s og nemmere.<\/p><\/li><\/ul><p data-start=\"1929\" data-end=\"2056\">Intet fnug, intet clickbait, ingen forvirrende jargon, bare klar information fra folk, der rent faktisk bruger de ting, de skriver om.<\/p><h3 data-start=\"2063\" data-end=\"2079\">Kontakt os<\/h3><p data-start=\"2081\" data-end=\"2212\">Vi elsker at h\u00f8re fra l\u00e6serne.<br data-start=\"2110\" data-end=\"2113\" \/>Hvis du har et sp\u00f8rgsm\u00e5l, et forslag eller \u00f8nsker at dele din oplevelse, er du velkommen til at kontakte os n\u00e5r som helst.<\/p><p data-start=\"2214\" data-end=\"2358\"><img decoding=\"async\" class=\"emoji\" role=\"img\" draggable=\"false\" src=\"https:\/\/s.w.org\/images\/core\/emoji\/16.0.1\/svg\/1f4e9.svg\" alt=\"\ud83d\udce9\" \/> <strong data-start=\"2217\" data-end=\"2227\">E-mail:<\/strong> <a class=\"decorated-link cursor-pointer\" rel=\"noopener\" data-start=\"2228\" data-end=\"2250\">info@iptvcompanion.com<\/a><br data-start=\"2250\" data-end=\"2253\" \/><img decoding=\"async\" class=\"emoji\" role=\"img\" draggable=\"false\" src=\"https:\/\/s.w.org\/images\/core\/emoji\/16.0.1\/svg\/1f4cd.svg\" alt=\"\ud83d\udccd\" \/> <strong data-start=\"2256\" data-end=\"2273\">Kontaktside:<\/strong> <a class=\"decorated-link cursor-pointer\" target=\"_new\" rel=\"noopener\" data-start=\"2274\" data-end=\"2356\">https:\/\/iptvcompanion.com\/pages\/contact<\/a><\/p><h3 data-start=\"2365\" data-end=\"2377\">Kort sagt<\/h3><p data-start=\"2379\" data-end=\"2625\"><strong data-start=\"2379\" data-end=\"2397\">IPTV-ledsager<\/strong> er ikke en virksomhed; det er et f\u00e6llesskab af mennesker, der nyder streaming og \u00f8nsker at g\u00f8re det nemmere for alle andre.<br data-start=\"2508\" data-end=\"2511\" \/>Hvis noget sparer dig tid, hj\u00e6lper dig med at komme hurtigere i gang eller l\u00e6rer dig noget nyt, s\u00e5 er det d\u00e9t, vi er her for.<\/p>\t\t\t\t\t\t\t\t<\/div>\n\t\t\t\t\t<\/div>\n\t\t\t\t<\/div>\n\t\t\t\t<\/div>","protected":false},"excerpt":{"rendered":"<p>About IPTV Companion Helping You Stream Smarter Welcome to IPTV Companion, a place built by everyday streaming enthusiasts who wanted to make IPTV simple, clear, and frustration-free. We know how confusing it can be to pick the right service or app. There\u2019s endless noise online, promises, ads, and mixed reviews that leave you wondering what\u2019s&#8230;<\/p>","protected":false},"author":1,"featured_media":0,"parent":0,"menu_order":0,"comment_status":"closed","ping_status":"closed","template":"","meta":{"_kad_post_transparent":"","_kad_post_title":"hide","_kad_post_layout":"fullwidth","_kad_post_sidebar_id":"","_kad_post_content_style":"unboxed","_kad_post_vertical_padding":"hide","_kad_post_feature":"hide","_kad_post_feature_position":"","_kad_post_header":false,"_kad_post_footer":false,"_kad_post_classname":"","footnotes":""},"class_list":["post-11","page","type-page","status-publish","hentry"],"_links":{"self":[{"href":"https:\/\/iptvcompanion.com\/da\/wp-json\/wp\/v2\/pages\/11","targetHints":{"allow":["GET"]}}],"collection":[{"href":"https:\/\/iptvcompanion.com\/da\/wp-json\/wp\/v2\/pages"}],"about":[{"href":"https:\/\/iptvcompanion.com\/da\/wp-json\/wp\/v2\/types\/page"}],"author":[{"embeddable":true,"href":"https:\/\/iptvcompanion.com\/da\/wp-json\/wp\/v2\/users\/1"}],"replies":[{"embeddable":true,"href":"https:\/\/iptvcompanion.com\/da\/wp-json\/wp\/v2\/comments?post=11"}],"version-history":[{"count":13,"href":"https:\/\/iptvcompanion.com\/da\/wp-json\/wp\/v2\/pages\/11\/revisions"}],"predecessor-version":[{"id":185,"href":"https:\/\/iptvcompanion.com\/da\/wp-json\/wp\/v2\/pages\/11\/revisions\/185"}],"wp:attachment":[{"href":"https:\/\/iptvcompanion.com\/da\/wp-json\/wp\/v2\/media?parent=11"}],"curies":[{"name":"wp","href":"https:\/\/api.w.org\/{rel}","templated":true}]}}