{"id":18,"date":"2025-10-06T10:35:40","date_gmt":"2025-10-06T10:35:40","guid":{"rendered":"https:\/\/iptvcompanion.com\/?page_id=18"},"modified":"2025-10-23T09:53:25","modified_gmt":"2025-10-23T08:53:25","slug":"ansvarsfraskrivelse","status":"publish","type":"page","link":"https:\/\/iptvcompanion.com\/da\/ansvarsfraskrivelse\/","title":{"rendered":"Ansvarsfraskrivelse"},"content":{"rendered":"<div data-elementor-type=\"wp-page\" data-elementor-id=\"18\" class=\"elementor elementor-18\" data-elementor-post-type=\"page\">\n\t\t\t\t<div class=\"elementor-element elementor-element-246b10b e-flex e-con-boxed e-con e-parent\" data-id=\"246b10b\" data-element_type=\"container\" data-e-type=\"container\" data-settings=\"{&quot;background_background&quot;:&quot;classic&quot;}\">\n\t\t\t\t\t<div class=\"e-con-inner\">\n\t\t\t\t<div class=\"elementor-element elementor-element-bb10f6f elementor-widget elementor-widget-elementskit-heading\" data-id=\"bb10f6f\" data-element_type=\"widget\" data-e-type=\"widget\" data-widget_type=\"elementskit-heading.default\">\n\t\t\t\t\t<div class=\"ekit-wid-con\" ><div class=\"ekit-heading elementskit-section-title-wraper center   ekit_heading_tablet-   ekit_heading_mobile-\"><h1 class=\"ekit-heading--title elementskit-section-title\"><span><span>Ansvarsfraskrivelse<\/span><\/span><\/h1><div class=\"ekit_heading_separetor_wraper ekit_heading_elementskit-border-divider elementskit-style-long\"><div class=\"elementskit-border-divider elementskit-style-long\"><\/div><\/div><\/div><\/div>\t\t\t\t<\/div>\n\t\t\t\t<div class=\"elementor-element elementor-element-bd9eb44 elementor-widget__width-initial elementor-widget elementor-widget-text-editor\" data-id=\"bd9eb44\" data-element_type=\"widget\" data-e-type=\"widget\" data-widget_type=\"text-editor.default\">\n\t\t\t\t\t\t\t\t\t<p data-start=\"338\" data-end=\"536\"><strong data-start=\"304\" data-end=\"321\">Sidst opdateret:<\/strong> Oktober 2025<\/p><p data-start=\"338\" data-end=\"536\">Velkommen til <strong data-start=\"349\" data-end=\"367\">IPTV-ledsager<\/strong>.<br data-start=\"368\" data-end=\"371\" \/>Denne ansvarsfraskrivelse forklarer gr\u00e6nserne for vores ansvar vedr\u00f8rende de oplysninger, der deles p\u00e5 vores hjemmeside, <a class=\"decorated-link cursor-pointer\" target=\"_new\" rel=\"noopener\" data-start=\"479\" data-end=\"533\">https:\/\/iptvcompanion.com<\/a>.<\/p><p data-start=\"538\" data-end=\"620\">Ved at bruge dette websted accepterer du, at du har l\u00e6st og forst\u00e5et denne ansvarsfraskrivelse.<\/p><h3 data-start=\"627\" data-end=\"656\">1. <strong data-start=\"633\" data-end=\"656\">Generelle oplysninger<\/strong><\/h3><p data-start=\"658\" data-end=\"921\"><strong data-start=\"658\" data-end=\"676\">IPTV-ledsager<\/strong> er en uafh\u00e6ngig hjemmeside, der udgiver artikler, anmeldelser, sammenligninger og ops\u00e6tningsvejledninger relateret til IPTV-tjenester, apps og enheder.<br data-start=\"811\" data-end=\"814\" \/>Vi g\u00f8r <strong data-start=\"820\" data-end=\"827\">ikke<\/strong> s\u00e6lge IPTV-abonnementer, hoste streamingindhold eller give adgang til ophavsretligt beskyttet materiale.<\/p><p data-start=\"923\" data-end=\"1017\">Alt indhold p\u00e5 denne hjemmeside leveres <strong data-start=\"963\" data-end=\"1014\">kun til informations- og uddannelsesm\u00e6ssige form\u00e5l<\/strong>.<\/p><h3 data-start=\"1024\" data-end=\"1063\">2. <strong data-start=\"1030\" data-end=\"1063\">Ingen tilknytning eller godkendelse<\/strong><\/h3><p data-start=\"1065\" data-end=\"1268\">Alle produktnavne, apps, enheder eller tjenester, der er n\u00e6vnt p\u00e5 denne hjemmeside, tilh\u00f8rer deres respektive ejere.<br data-start=\"1171\" data-end=\"1174\" \/>Alle varem\u00e6rker og brandnavne bruges <strong data-start=\"1214\" data-end=\"1265\">kun til identifikations- eller beskrivelsesform\u00e5l<\/strong>.<\/p><p data-start=\"1270\" data-end=\"1396\">Vi er <strong data-start=\"1277\" data-end=\"1330\">ikke tilknyttet, sponsoreret af eller godkendt af<\/strong> enhver IPTV-tjeneste, softwareudvikler eller hardwareproducent.<\/p><h3 data-start=\"1403\" data-end=\"1436\">3. <strong data-start=\"1409\" data-end=\"1436\">N\u00f8jagtigheden af oplysningerne<\/strong><\/h3><p data-start=\"1438\" data-end=\"1685\">Vi g\u00f8r vores bedste for at sikre, at oplysningerne, der offentligg\u00f8res p\u00e5 IPTV Companion, er n\u00f8jagtige og opdaterede.<br data-start=\"1539\" data-end=\"1542\" \/>Vi kan dog ikke garantere, at alle detaljer altid vil v\u00e6re korrekte, fuldst\u00e6ndige eller aktuelle. IPTV-teknologi og -tjenester \u00e6ndrer sig ofte.<\/p><p data-start=\"1687\" data-end=\"1882\">Brugen af oplysningerne p\u00e5 denne hjemmeside er <strong data-start=\"1729\" data-end=\"1755\">efter eget sk\u00f8n<\/strong>.<br data-start=\"1756\" data-end=\"1759\" \/>Vi er ikke ansvarlige for fejl, udeladelser eller resultater, der skyldes, hvordan du anvender de her givne oplysninger.<\/p><h3 data-start=\"1889\" data-end=\"1913\">4. <strong data-start=\"1895\" data-end=\"1913\">Eksterne links<\/strong><\/h3><p data-start=\"1915\" data-end=\"2079\">Vores artikler kan indeholde links til tredjepartswebsteder til reference eller for nemheds skyld.<br data-start=\"1999\" data-end=\"2002\" \/>Vi har ingen kontrol over indholdet, politikkerne eller praksisserne p\u00e5 disse websteder.<\/p><p data-start=\"2081\" data-end=\"2227\">Bes\u00f8g af eksterne links fra IPTV Companion er udelukkende <strong data-start=\"2137\" data-end=\"2157\">p\u00e5 egen risiko<\/strong>, og vi er ikke ansvarlige for tab eller skade, der m\u00e5tte opst\u00e5.<\/p><h3 data-start=\"2234\" data-end=\"2272\">5. <strong data-start=\"2240\" data-end=\"2272\">Ingen juridisk eller teknisk r\u00e5dgivning<\/strong><\/h3><p data-start=\"2274\" data-end=\"2495\">Oplysningerne, der deles p\u00e5 IPTV Companion, b\u00f8r <strong data-start=\"2322\" data-end=\"2329\">ikke<\/strong> betragtes som juridisk, \u00f8konomisk eller professionel teknisk r\u00e5dgivning.<br data-start=\"2395\" data-end=\"2398\" \/>Vi deler blot personlige meninger, tutorials og testerfaringer til uddannelsesm\u00e6ssige form\u00e5l.<\/p><p data-start=\"2497\" data-end=\"2568\">Hvis du har brug for professionel vejledning, bedes du kontakte en kvalificeret ekspert.<\/p><h3 data-start=\"2575\" data-end=\"2604\">6. <strong data-start=\"2581\" data-end=\"2604\">Brugeransvar<\/strong><\/h3><p data-start=\"2606\" data-end=\"2837\">Ved at bruge denne hjemmeside accepterer du, at du alene er ansvarlig for, hvordan du bruger oplysninger, v\u00e6rkt\u00f8jer eller produkter, der er n\u00e6vnt her.<br data-start=\"2738\" data-end=\"2741\" \/>Vi hverken opfordrer til eller st\u00f8tter brugen af IPTV-tjenester til uautoriseret eller ulovlig streaming.<\/p><p data-start=\"2839\" data-end=\"2918\">Enhver bruger er ansvarlig for at overholde sine lokale love og regler.<\/p><h3 data-start=\"2925\" data-end=\"2958\">7. <strong data-start=\"2931\" data-end=\"2958\">Ansvarsbegr\u00e6nsning<\/strong><\/h3><p data-start=\"2960\" data-end=\"3107\">Under ingen omst\u00e6ndigheder kan IPTV Companion, dets ejere, forfattere eller bidragydere holdes ansvarlige for direkte eller indirekte skader, der opst\u00e5r som f\u00f8lge af:<\/p><ul data-start=\"3108\" data-end=\"3284\"><li data-start=\"3108\" data-end=\"3152\"><p data-start=\"3110\" data-end=\"3152\">Brugen eller manglende evne til at bruge denne hjemmeside<\/p><\/li><li data-start=\"3153\" data-end=\"3202\"><p data-start=\"3155\" data-end=\"3202\">Fejl, un\u00f8jagtigheder eller udeladelser i indholdet<\/p><\/li><li data-start=\"3203\" data-end=\"3234\"><p data-start=\"3205\" data-end=\"3234\">Links til eksterne ressourcer<\/p><\/li><li data-start=\"3235\" data-end=\"3284\"><p data-start=\"3237\" data-end=\"3284\">Beslutninger truffet baseret p\u00e5 vores anmeldelser eller vejledninger<\/p><\/li><\/ul><p data-start=\"3286\" data-end=\"3342\">Al brug af dette websted er udelukkende <strong data-start=\"3319\" data-end=\"3339\">p\u00e5 egen risiko<\/strong>.<\/p><h3 data-start=\"3349\" data-end=\"3385\">8. <strong data-start=\"3355\" data-end=\"3385\">\u00c6ndringer i denne ansvarsfraskrivelse<\/strong><\/h3><p data-start=\"3387\" data-end=\"3513\">Vi kan opdatere denne ansvarsfraskrivelse n\u00e5r som helst uden forudg\u00e5ende varsel.<br data-start=\"3450\" data-end=\"3453\" \/>Datoen for &quot;Sidst opdateret&quot; ovenfor afspejler den seneste version.<\/p><p data-start=\"3515\" data-end=\"3587\">Vi opfordrer bes\u00f8gende til at tjekke denne side regelm\u00e6ssigt for eventuelle opdateringer.<\/p><h3>9. <strong data-start=\"3600\" data-end=\"3614\">Kontakt os<\/strong><\/h3><p data-start=\"3616\" data-end=\"3685\">Hvis du har sp\u00f8rgsm\u00e5l til denne ansvarsfraskrivelse, bedes du kontakte os:<\/p><p data-start=\"3687\" data-end=\"3864\"><img decoding=\"async\" class=\"emoji\" role=\"img\" draggable=\"false\" src=\"https:\/\/s.w.org\/images\/core\/emoji\/16.0.1\/svg\/1f4e7.svg\" alt=\"\ud83d\udce7\" \/> <strong data-start=\"3690\" data-end=\"3700\">E-mail:<\/strong> <a class=\"decorated-link cursor-pointer\" rel=\"noopener\" data-start=\"3701\" data-end=\"3756\">info@iptvcompanion.com<\/a><br data-start=\"3756\" data-end=\"3759\" \/><img decoding=\"async\" class=\"emoji\" role=\"img\" draggable=\"false\" src=\"https:\/\/s.w.org\/images\/core\/emoji\/16.0.1\/svg\/1f310.svg\" alt=\"\ud83c\udf10\" \/> <strong data-start=\"3762\" data-end=\"3779\">Kontaktside:<\/strong> <a class=\"decorated-link cursor-pointer\" target=\"_new\" rel=\"noopener\" data-start=\"3780\" data-end=\"3862\">https:\/\/iptvcompanion.com\/pages\/contact<\/a><\/p>\t\t\t\t\t\t\t\t<\/div>\n\t\t\t\t\t<\/div>\n\t\t\t\t<\/div>\n\t\t\t\t<\/div>","protected":false},"excerpt":{"rendered":"<p>Disclaimer Last Updated: October 2025 Welcome to IPTV Companion.This Disclaimer explains the limits of our responsibility regarding the information shared on our website, https:\/\/iptvcompanion.com. By using this site, you agree that you have read and understood this Disclaimer. 1. General Information IPTV Companion is an independent website that publishes articles, reviews, comparisons, and setup guides&#8230;<\/p>","protected":false},"author":1,"featured_media":0,"parent":0,"menu_order":0,"comment_status":"closed","ping_status":"closed","template":"","meta":{"_kad_post_transparent":"","_kad_post_title":"hide","_kad_post_layout":"fullwidth","_kad_post_sidebar_id":"","_kad_post_content_style":"unboxed","_kad_post_vertical_padding":"hide","_kad_post_feature":"hide","_kad_post_feature_position":"","_kad_post_header":false,"_kad_post_footer":false,"_kad_post_classname":"","footnotes":""},"class_list":["post-18","page","type-page","status-publish","hentry"],"_links":{"self":[{"href":"https:\/\/iptvcompanion.com\/da\/wp-json\/wp\/v2\/pages\/18","targetHints":{"allow":["GET"]}}],"collection":[{"href":"https:\/\/iptvcompanion.com\/da\/wp-json\/wp\/v2\/pages"}],"about":[{"href":"https:\/\/iptvcompanion.com\/da\/wp-json\/wp\/v2\/types\/page"}],"author":[{"embeddable":true,"href":"https:\/\/iptvcompanion.com\/da\/wp-json\/wp\/v2\/users\/1"}],"replies":[{"embeddable":true,"href":"https:\/\/iptvcompanion.com\/da\/wp-json\/wp\/v2\/comments?post=18"}],"version-history":[{"count":4,"href":"https:\/\/iptvcompanion.com\/da\/wp-json\/wp\/v2\/pages\/18\/revisions"}],"predecessor-version":[{"id":207,"href":"https:\/\/iptvcompanion.com\/da\/wp-json\/wp\/v2\/pages\/18\/revisions\/207"}],"wp:attachment":[{"href":"https:\/\/iptvcompanion.com\/da\/wp-json\/wp\/v2\/media?parent=18"}],"curies":[{"name":"wp","href":"https:\/\/api.w.org\/{rel}","templated":true}]}}