{"id":20,"date":"2025-10-06T10:35:56","date_gmt":"2025-10-06T10:35:56","guid":{"rendered":"https:\/\/iptvcompanion.com\/?page_id=20"},"modified":"2025-10-23T09:55:16","modified_gmt":"2025-10-23T08:55:16","slug":"brugsbetingelser","status":"publish","type":"page","link":"https:\/\/iptvcompanion.com\/da\/brugsbetingelser\/","title":{"rendered":"Brugsbetingelser"},"content":{"rendered":"<div data-elementor-type=\"wp-page\" data-elementor-id=\"20\" class=\"elementor elementor-20\" data-elementor-post-type=\"page\">\n\t\t\t\t<div class=\"elementor-element elementor-element-b684077 e-flex e-con-boxed e-con e-parent\" data-id=\"b684077\" data-element_type=\"container\" data-e-type=\"container\" data-settings=\"{&quot;background_background&quot;:&quot;classic&quot;}\">\n\t\t\t\t\t<div class=\"e-con-inner\">\n\t\t\t\t<div class=\"elementor-element elementor-element-9b46449 elementor-widget elementor-widget-elementskit-heading\" data-id=\"9b46449\" data-element_type=\"widget\" data-e-type=\"widget\" data-widget_type=\"elementskit-heading.default\">\n\t\t\t\t\t<div class=\"ekit-wid-con\" ><div class=\"ekit-heading elementskit-section-title-wraper center   ekit_heading_tablet-   ekit_heading_mobile-\"><h1 class=\"ekit-heading--title elementskit-section-title\">Vilk\u00e5r for <span><span>Bruge<\/span><\/span><\/h1><div class=\"ekit_heading_separetor_wraper ekit_heading_elementskit-border-divider elementskit-style-long\"><div class=\"elementskit-border-divider elementskit-style-long\"><\/div><\/div><\/div><\/div>\t\t\t\t<\/div>\n\t\t\t\t<div class=\"elementor-element elementor-element-8ae3934 elementor-widget__width-initial elementor-widget elementor-widget-text-editor\" data-id=\"8ae3934\" data-element_type=\"widget\" data-e-type=\"widget\" data-widget_type=\"text-editor.default\">\n\t\t\t\t\t\t\t\t\t<p data-start=\"385\" data-end=\"604\">Velkommen til <strong data-start=\"396\" data-end=\"414\">IPTV-ledsager<\/strong>.<br data-start=\"415\" data-end=\"418\">Ved at tilg\u00e5 eller bruge vores hjemmeside \u2014 <a class=\"decorated-link cursor-pointer\" target=\"_new\" rel=\"noopener\" data-start=\"454\" data-end=\"508\">https:\/\/iptvcompanion.com<\/a> \u2014 du accepterer at f\u00f8lge disse brugsbetingelser.<br data-start=\"550\" data-end=\"553\">L\u00e6s dem venligst omhyggeligt, inden du bruger webstedet.<\/p>\n<p data-start=\"606\" data-end=\"688\">Hvis du ikke accepterer disse vilk\u00e5r, b\u00f8r du ikke bruge eller tilg\u00e5 denne hjemmeside.<\/p>\n<h3 data-start=\"695\" data-end=\"724\">1. <strong data-start=\"701\" data-end=\"724\">Generelle oplysninger<\/strong><\/h3>\n<p data-start=\"726\" data-end=\"986\">IPTV Companion er en uafh\u00e6ngig informationshjemmeside.<br data-start=\"781\" data-end=\"784\">Vi tilbyder uddannelsesm\u00e6ssigt indhold, anmeldelser og vejledninger om IPTV-relaterede v\u00e6rkt\u00f8jer, apps og enheder.<br data-start=\"883\" data-end=\"886\">Vi g\u00f8r <strong data-start=\"892\" data-end=\"899\">ikke<\/strong> s\u00e6lge IPTV-abonnementer, distribuere ophavsretligt beskyttet materiale eller v\u00e6re v\u00e6rt for streamingindhold.<\/p>\n<p data-start=\"988\" data-end=\"1096\">Vores m\u00e5l er at hj\u00e6lpe bes\u00f8gende med at tr\u00e6ffe informerede beslutninger og forbedre deres IPTV-oplevelse sikkert og lovligt.<\/p>\n<h3 data-start=\"1103\" data-end=\"1127\">2. <strong data-start=\"1109\" data-end=\"1127\">Brug af indhold<\/strong><\/h3>\n<p data-start=\"1129\" data-end=\"1258\">Al tekst, billeder, grafik og andet materiale p\u00e5 denne hjemmeside tilh\u00f8rer <strong data-start=\"1203\" data-end=\"1221\">IPTV-ledsager<\/strong> medmindre andet er angivet.<br data-start=\"1245\" data-end=\"1248\">Du kan:<\/p>\n<ul data-start=\"1259\" data-end=\"1425\">\n<li data-start=\"1259\" data-end=\"1324\">\n<p data-start=\"1261\" data-end=\"1324\">L\u00e6s og del vores artikler til personlig, ikke-kommerciel brug.<\/p>\n<\/li>\n<li data-start=\"1325\" data-end=\"1425\">\n<p data-start=\"1327\" data-end=\"1425\">Citat sm\u00e5 dele af vores indhold, s\u00e5 l\u00e6nge du inkluderer et synligt link til vores hjemmeside.<\/p>\n<\/li>\n<\/ul>\n<p data-start=\"1427\" data-end=\"1445\">Du kan evt. <strong data-start=\"1435\" data-end=\"1442\">ikke<\/strong>:<\/p>\n<ul data-start=\"1446\" data-end=\"1640\">\n<li data-start=\"1446\" data-end=\"1513\">\n<p data-start=\"1448\" data-end=\"1513\">Kopier, reproducer eller genudgiv hele artikler uden tilladelse.<\/p>\n<\/li>\n<li data-start=\"1514\" data-end=\"1582\">\n<p data-start=\"1516\" data-end=\"1582\">Bruge vores indhold til kommercielle, vildledende eller ulovlige form\u00e5l.<\/p>\n<\/li>\n<li data-start=\"1583\" data-end=\"1640\">\n<p data-start=\"1585\" data-end=\"1640\">G\u00f8r krav p\u00e5 enhver del af indholdet p\u00e5 denne hjemmeside som din egen.<\/p>\n<\/li>\n<\/ul>\n<p data-start=\"1642\" data-end=\"1710\">For anmodninger om tilladelse, kontakt os p\u00e5 <strong data-start=\"1681\" data-end=\"1707\"><a class=\"decorated-link cursor-pointer\" rel=\"noopener\" data-start=\"1683\" data-end=\"1705\">info@iptvcompanion.com<\/a><\/strong>.<\/p>\n<h3 data-start=\"1717\" data-end=\"1747\">3. <strong data-start=\"1723\" data-end=\"1747\">Informationsn\u00f8jagtighed<\/strong><\/h3>\n<p data-start=\"1749\" data-end=\"1973\">Vi g\u00f8r vores bedste for at sikre, at alle oplysninger, der offentligg\u00f8res p\u00e5 IPTV Companion, er n\u00f8jagtige og opdaterede.<br data-start=\"1845\" data-end=\"1848\">Teknologi og IPTV-platforme \u00e6ndrer sig dog ofte, s\u00e5 vi kan ikke garantere, at alle detaljer altid vil v\u00e6re opdaterede.<\/p>\n<p data-start=\"1975\" data-end=\"2149\">Brug oplysningerne p\u00e5 dette websted efter eget sk\u00f8n. Vi er ikke ansvarlige for fejl, for\u00e6ldede oplysninger eller konsekvenser, der f\u00f8lger af din brug af indholdet.<\/p>\n<h3 data-start=\"2156\" data-end=\"2180\">4. <strong data-start=\"2162\" data-end=\"2180\">Eksterne links<\/strong><\/h3>\n<p data-start=\"2182\" data-end=\"2324\">Vores artikler kan indeholde links til tredjepartswebsteder eller -v\u00e6rkt\u00f8jer.<br data-start=\"2246\" data-end=\"2249\">Disse links er kun til bekvemmeligheds- og informationsform\u00e5l.<\/p>\n<p data-start=\"2326\" data-end=\"2470\">Vi g\u00f8r <strong data-start=\"2332\" data-end=\"2339\">ikke<\/strong> kontrollere eller godkende eksterne websteder, deres indhold eller deres privatlivspraksis. Bes\u00f8g dem er udelukkende p\u00e5 egen risiko.<\/p>\n<h3 data-start=\"2477\" data-end=\"2499\">5. <strong data-start=\"2483\" data-end=\"2499\">Brugeradf\u00e6rd<\/strong><\/h3>\n<p data-start=\"2501\" data-end=\"2547\">N\u00e5r du bruger IPTV Companion, accepterer du ikke at:<\/p>\n<ul data-start=\"2548\" data-end=\"2777\">\n<li data-start=\"2548\" data-end=\"2634\">\n<p data-start=\"2550\" data-end=\"2634\">Send eller opsl\u00e5 spam, kr\u00e6nkende beskeder eller ulovligt indhold via vores kontaktformularer.<\/p>\n<\/li>\n<li data-start=\"2635\" data-end=\"2703\">\n<p data-start=\"2637\" data-end=\"2703\">Fors\u00f8g p\u00e5 at beskadige, hacke eller forstyrre vores hjemmesides funktionalitet.<\/p>\n<\/li>\n<li data-start=\"2704\" data-end=\"2777\">\n<p data-start=\"2706\" data-end=\"2777\">Bruge vores indhold p\u00e5 enhver m\u00e5de, der overtr\u00e6der lokale eller internationale love.<\/p>\n<\/li>\n<\/ul>\n<p data-start=\"2779\" data-end=\"2865\">Vi forbeholder os retten til at blokere eller fjerne adgang for enhver bruger, der overtr\u00e6der disse vilk\u00e5r.<\/p>\n<h3 data-start=\"2872\" data-end=\"2903\">6. <strong data-start=\"2878\" data-end=\"2903\">Intellektuel ejendomsret<\/strong><\/h3>\n<p data-start=\"2905\" data-end=\"3093\">Alle logoer, billeder og skriftligt indhold p\u00e5 IPTV Companion er beskyttet af ophavsrets- og intellektuelle ejendomsretslove.<br data-start=\"3020\" data-end=\"3023\">Du m\u00e5 ikke reproducere eller distribuere dem uden skriftlig tilladelse.<\/p>\n<p data-start=\"3095\" data-end=\"3230\">Alle varem\u00e6rker, der er n\u00e6vnt p\u00e5 denne hjemmeside, tilh\u00f8rer deres respektive ejere og bruges kun til beskrivende eller uddannelsesm\u00e6ssige form\u00e5l.<\/p>\n<h3 data-start=\"3237\" data-end=\"3257\">7. <strong data-start=\"3243\" data-end=\"3257\">Ansvarsfraskrivelse<\/strong><\/h3>\n<p data-start=\"3259\" data-end=\"3411\">IPTV Companion giver kun generelle oplysninger og meninger.<br data-start=\"3321\" data-end=\"3324\">Vi er <strong data-start=\"3331\" data-end=\"3354\">ikke tilknyttet<\/strong> eller godkendt af enhver IPTV-udbyder eller streamingvirksomhed.<\/p>\n<p data-start=\"3413\" data-end=\"3435\">Vi garanterer ikke:<\/p>\n<ul data-start=\"3436\" data-end=\"3576\">\n<li data-start=\"3436\" data-end=\"3508\">\n<p data-start=\"3438\" data-end=\"3508\">Kvaliteten, p\u00e5lideligheden eller lovligheden af enhver n\u00e6vnt IPTV-tjeneste.<\/p>\n<\/li>\n<li data-start=\"3509\" data-end=\"3576\">\n<p data-start=\"3511\" data-end=\"3576\">At enhver app, enhed eller platform vil fungere uden problemer.<\/p>\n<\/li>\n<\/ul>\n<p data-start=\"3578\" data-end=\"3734\">Alle anbefalinger og anmeldelser er baseret p\u00e5 uafh\u00e6ngig forskning og personlige tests.<br data-start=\"3665\" data-end=\"3668\">Du bruger et tredjepartsprodukt eller en tredjepartstjeneste <strong data-start=\"3711\" data-end=\"3731\">p\u00e5 egen risiko<\/strong>.<\/p>\n<h3 data-start=\"3741\" data-end=\"3774\">8. <strong data-start=\"3747\" data-end=\"3774\">Ansvarsbegr\u00e6nsning<\/strong><\/h3>\n<p data-start=\"3776\" data-end=\"3973\">Under ingen omst\u00e6ndigheder kan IPTV Companion eller dets team holdes ansvarlige for direkte eller indirekte tab, skader eller problemer som f\u00f8lge af din brug af dette websted, herunder, men ikke begr\u00e6nset til:<\/p>\n<ul data-start=\"3974\" data-end=\"4086\">\n<li data-start=\"3974\" data-end=\"4006\">\n<p data-start=\"3976\" data-end=\"4006\">Tekniske fejl eller nedetid<\/p>\n<\/li>\n<li data-start=\"4007\" data-end=\"4028\">\n<p data-start=\"4009\" data-end=\"4028\">Misbrug af indhold<\/p>\n<\/li>\n<li data-start=\"4029\" data-end=\"4086\">\n<p data-start=\"4031\" data-end=\"4086\">Beslutninger truffet p\u00e5 baggrund af de oplysninger, der er givet her<\/p>\n<\/li>\n<\/ul>\n<p data-start=\"4088\" data-end=\"4172\">Brug af denne hjemmeside indeb\u00e6rer din fulde forst\u00e5else og accept af disse risici.<\/p>\n<h3 data-start=\"4179\" data-end=\"4211\">9. <strong data-start=\"4185\" data-end=\"4211\">\u00c6ndringer af disse vilk\u00e5r<\/strong><\/h3>\n<p data-start=\"4213\" data-end=\"4364\">Vi kan opdatere eller \u00e6ndre disse brugsbetingelser til enhver tid uden forudg\u00e5ende varsel.<br data-start=\"4289\" data-end=\"4292\">Datoen \u00f8verst p\u00e5 denne side viser altid den seneste revision.<\/p>\n<p data-start=\"4366\" data-end=\"4443\">Fortsat brug af webstedet efter opdateringer betyder, at du accepterer de reviderede vilk\u00e5r.<\/p>\n<h3 data-start=\"4450\" data-end=\"4471\">10. <strong data-start=\"4457\" data-end=\"4471\">Kontakt os<\/strong><\/h3>\n<p data-start=\"4473\" data-end=\"4554\">Hvis du har sp\u00f8rgsm\u00e5l eller bekymringer vedr\u00f8rende disse vilk\u00e5r, bedes du kontakte os:<\/p>\n<p data-start=\"4556\" data-end=\"4733\"><img decoding=\"async\" class=\"emoji\" role=\"img\" draggable=\"false\" src=\"https:\/\/s.w.org\/images\/core\/emoji\/16.0.1\/svg\/1f4e7.svg\" alt=\"\ud83d\udce7\"> <strong data-start=\"4559\" data-end=\"4569\">E-mail:<\/strong> <a class=\"decorated-link cursor-pointer\" rel=\"noopener\" data-start=\"4570\" data-end=\"4625\">info@iptvcompanion.com<\/a><br data-start=\"4625\" data-end=\"4628\"><img decoding=\"async\" class=\"emoji\" role=\"img\" draggable=\"false\" src=\"https:\/\/s.w.org\/images\/core\/emoji\/16.0.1\/svg\/1f310.svg\" alt=\"\ud83c\udf10\"> <strong data-start=\"4631\" data-end=\"4648\">Kontaktside:<\/strong> <a class=\"decorated-link cursor-pointer\" target=\"_new\" rel=\"noopener\" data-start=\"4649\" data-end=\"4731\">https:\/\/iptvcompanion.com\/pages\/contact<\/a><\/p>\n<h4 data-start=\"4740\" data-end=\"4756\"><strong data-start=\"4744\" data-end=\"4756\">Kort sagt<\/strong><\/h4>\n<p data-start=\"4758\" data-end=\"4957\">Bruge <strong data-start=\"4762\" data-end=\"4780\">IPTV-ledsager<\/strong> at l\u00e6re, udforske og nyde streaming af viden ansvarligt.<br data-start=\"4842\" data-end=\"4845\">Alt vores indhold leveres i god tro, til information og uddannelse, ikke til ulovlig eller ophavsretligt beskyttet brug.<\/p>\t\t\t\t\t\t\t\t<\/div>\n\t\t\t\t\t<\/div>\n\t\t\t\t<\/div>\n\t\t\t\t<\/div>","protected":false},"excerpt":{"rendered":"<p>Terms of Use Welcome to IPTV Companion.By accessing or using our website \u2014 https:\/\/iptvcompanion.com \u2014 you agree to follow these Terms of Use.Please read them carefully before using the site. If you do not agree with these terms, you should not use or access this website. 1. General Information IPTV Companion is an independent informational&#8230;<\/p>","protected":false},"author":1,"featured_media":0,"parent":0,"menu_order":0,"comment_status":"closed","ping_status":"closed","template":"","meta":{"_kad_post_transparent":"","_kad_post_title":"hide","_kad_post_layout":"fullwidth","_kad_post_sidebar_id":"","_kad_post_content_style":"unboxed","_kad_post_vertical_padding":"hide","_kad_post_feature":"hide","_kad_post_feature_position":"","_kad_post_header":false,"_kad_post_footer":false,"_kad_post_classname":"","footnotes":""},"class_list":["post-20","page","type-page","status-publish","hentry"],"_links":{"self":[{"href":"https:\/\/iptvcompanion.com\/da\/wp-json\/wp\/v2\/pages\/20","targetHints":{"allow":["GET"]}}],"collection":[{"href":"https:\/\/iptvcompanion.com\/da\/wp-json\/wp\/v2\/pages"}],"about":[{"href":"https:\/\/iptvcompanion.com\/da\/wp-json\/wp\/v2\/types\/page"}],"author":[{"embeddable":true,"href":"https:\/\/iptvcompanion.com\/da\/wp-json\/wp\/v2\/users\/1"}],"replies":[{"embeddable":true,"href":"https:\/\/iptvcompanion.com\/da\/wp-json\/wp\/v2\/comments?post=20"}],"version-history":[{"count":4,"href":"https:\/\/iptvcompanion.com\/da\/wp-json\/wp\/v2\/pages\/20\/revisions"}],"predecessor-version":[{"id":203,"href":"https:\/\/iptvcompanion.com\/da\/wp-json\/wp\/v2\/pages\/20\/revisions\/203"}],"wp:attachment":[{"href":"https:\/\/iptvcompanion.com\/da\/wp-json\/wp\/v2\/media?parent=20"}],"curies":[{"name":"wp","href":"https:\/\/api.w.org\/{rel}","templated":true}]}}