{"id":11,"date":"2025-10-06T10:35:06","date_gmt":"2025-10-06T10:35:06","guid":{"rendered":"https:\/\/iptvcompanion.com\/?page_id=11"},"modified":"2025-10-23T09:54:45","modified_gmt":"2025-10-23T08:54:45","slug":"um","status":"publish","type":"page","link":"https:\/\/iptvcompanion.com\/de\/um\/","title":{"rendered":"Um"},"content":{"rendered":"<div data-elementor-type=\"wp-page\" data-elementor-id=\"11\" class=\"elementor elementor-11\" data-elementor-post-type=\"page\">\n\t\t\t\t<div class=\"elementor-element elementor-element-1b0de9ee e-flex e-con-boxed e-con e-parent\" data-id=\"1b0de9ee\" data-element_type=\"container\" data-e-type=\"container\" data-settings=\"{&quot;background_background&quot;:&quot;classic&quot;}\">\n\t\t\t\t\t<div class=\"e-con-inner\">\n\t\t\t\t<div class=\"elementor-element elementor-element-1d9c774a elementor-widget elementor-widget-elementskit-heading\" data-id=\"1d9c774a\" data-element_type=\"widget\" data-e-type=\"widget\" data-widget_type=\"elementskit-heading.default\">\n\t\t\t\t\t<div class=\"ekit-wid-con\" ><div class=\"ekit-heading elementskit-section-title-wraper center   ekit_heading_tablet-   ekit_heading_mobile-\"><h1 class=\"ekit-heading--title elementskit-section-title\">Um <span><span>IPTV-Begleiter<\/span><\/span><\/h1><div class=\"ekit_heading_separetor_wraper ekit_heading_elementskit-border-divider elementskit-style-long\"><div class=\"elementskit-border-divider elementskit-style-long\"><\/div><\/div><\/div><\/div>\t\t\t\t<\/div>\n\t\t\t\t<div class=\"elementor-element elementor-element-4a3ce32 elementor-widget__width-initial elementor-widget elementor-widget-text-editor\" data-id=\"4a3ce32\" data-element_type=\"widget\" data-e-type=\"widget\" data-widget_type=\"text-editor.default\">\n\t\t\t\t\t\t\t\t\t<h3 data-start=\"332\" data-end=\"362\">Wir helfen Ihnen, intelligenter zu streamen<\/h3><p data-start=\"364\" data-end=\"506\">Willkommen bei <strong data-start=\"375\" data-end=\"393\">IPTV-Begleiter<\/strong>, ein Ort, der von Streaming-Enthusiasten f\u00fcr den Alltag geschaffen wurde, die IPTV einfach, \u00fcbersichtlich und frustfrei gestalten wollten.<\/p><p data-start=\"508\" data-end=\"781\">Wir wissen, wie verwirrend die Auswahl des richtigen Dienstes oder der passenden App sein kann. Im Internet wimmelt es von Informationen, Versprechungen, Werbung und widerspr\u00fcchlichen Bewertungen, sodass man sich fragt, was wirklich stimmt. Deshalb haben wir uns entschieden, etwas anderes zu schaffen: eine Plattform, die ehrlich, \u00fcbersichtlich und tats\u00e4chlich n\u00fctzlich ist.<\/p><h3 data-start=\"788\" data-end=\"802\">Was wir tun<\/h3><p data-start=\"804\" data-end=\"902\">Bei IPTV Companion testen und erforschen wir die Tools, die Streaming erm\u00f6glichen.<br data-start=\"882\" data-end=\"885\" \/>Wir schreiben \u00fcber:<\/p><ul data-start=\"903\" data-end=\"1083\"><li data-start=\"903\" data-end=\"957\"><p data-start=\"905\" data-end=\"957\">Plattformen und Apps, die die Leute tats\u00e4chlich nutzen.<\/p><\/li><li data-start=\"958\" data-end=\"1007\"><p data-start=\"960\" data-end=\"1007\">Ger\u00e4te, die f\u00fcr einen reibungslosen IPTV-Betrieb zu Hause sorgen.<\/p><\/li><li data-start=\"1008\" data-end=\"1083\"><p data-start=\"1010\" data-end=\"1083\">Schritt-f\u00fcr-Schritt-Anleitungen helfen Ihnen, alles stressfrei einzurichten.<\/p><\/li><\/ul><p data-start=\"1085\" data-end=\"1273\">Wir verkaufen keine Abonnements, bewerben keine bestimmten Anbieter und tarnen keine Affiliate-Deals als Rezensionen. Unser einziges Ziel ist es, basierend auf echten Erfahrungen, unsere Erkenntnisse dar\u00fcber zu teilen, was funktioniert und was nicht.<\/p><h3 data-start=\"1280\" data-end=\"1298\">Warum wir angefangen haben<\/h3><p data-start=\"1300\" data-end=\"1548\">Es begann mit einem simplen Problem: Niemand gab klare Antworten.<br data-start=\"1367\" data-end=\"1370\" \/>Manche Dienste sahen toll aus, funktionierten aber nicht. Andere funktionierten gut, waren aber schwierig einzurichten.<br data-start=\"1460\" data-end=\"1463\" \/>Deshalb haben wir beschlossen, die Dinge selbst auszuprobieren und unsere Erkenntnisse in einfacher Sprache weiterzugeben.<\/p><p data-start=\"1550\" data-end=\"1683\">Aus dieser Idee entstand IPTV Companion, ein Projekt, das auf Neugier, Ehrlichkeit und dem Bestreben basiert, anderen das Streamen ohne langes Ausprobieren zu erm\u00f6glichen.<\/p><h3 data-start=\"1690\" data-end=\"1713\">Was Sie erwarten k\u00f6nnen<\/h3><p data-start=\"1715\" data-end=\"1754\">Wenn Sie unsere Website besuchen, finden Sie Folgendes:<\/p><ul data-start=\"1755\" data-end=\"1927\"><li data-start=\"1755\" data-end=\"1798\"><p data-start=\"1757\" data-end=\"1798\">Ehrliche Bewertungen von echten Testern.<\/p><\/li><li data-start=\"1799\" data-end=\"1865\"><p data-start=\"1801\" data-end=\"1865\">Praktische Einrichtungsanleitungen, die keine technischen Vorkenntnisse voraussetzen.<\/p><\/li><li data-start=\"1866\" data-end=\"1927\"><p data-start=\"1868\" data-end=\"1927\">Tipps f\u00fcr ein reibungsloseres und einfacheres Seherlebnis.<\/p><\/li><\/ul><p data-start=\"1929\" data-end=\"2056\">Kein aufgeblasenes Gerede, kein Clickbait, kein verwirrender Fachjargon, sondern klare Informationen von Leuten, die die Dinge, \u00fcber die sie schreiben, tats\u00e4chlich benutzen.<\/p><h3 data-start=\"2063\" data-end=\"2079\">Nehmen Sie Kontakt auf<\/h3><p data-start=\"2081\" data-end=\"2212\">Wir freuen uns \u00fcber R\u00fcckmeldungen von unseren Lesern.<br data-start=\"2110\" data-end=\"2113\" \/>Wenn Sie eine Frage oder einen Vorschlag haben oder Ihre Erfahrungen teilen m\u00f6chten, melden Sie sich jederzeit.<\/p><p data-start=\"2214\" data-end=\"2358\"><img decoding=\"async\" class=\"emoji\" role=\"img\" draggable=\"false\" src=\"https:\/\/s.w.org\/images\/core\/emoji\/16.0.1\/svg\/1f4e9.svg\" alt=\"\ud83d\udce9\" \/> <strong data-start=\"2217\" data-end=\"2227\">E-Mail:<\/strong> <a class=\"decorated-link cursor-pointer\" rel=\"noopener\" data-start=\"2228\" data-end=\"2250\">info@iptvcompanion.com<\/a><br data-start=\"2250\" data-end=\"2253\" \/><img decoding=\"async\" class=\"emoji\" role=\"img\" draggable=\"false\" src=\"https:\/\/s.w.org\/images\/core\/emoji\/16.0.1\/svg\/1f4cd.svg\" alt=\"\ud83d\udccd\" \/> <strong data-start=\"2256\" data-end=\"2273\">Kontaktseite:<\/strong> <a class=\"decorated-link cursor-pointer\" target=\"_new\" rel=\"noopener\" data-start=\"2274\" data-end=\"2356\">https:\/\/iptvcompanion.com\/pages\/contact<\/a><\/p><h3 data-start=\"2365\" data-end=\"2377\">Zusamenfassend<\/h3><p data-start=\"2379\" data-end=\"2625\"><strong data-start=\"2379\" data-end=\"2397\">IPTV-Begleiter<\/strong> ist kein Unternehmen, sondern eine Gemeinschaft von Menschen, die gerne streamen und es allen anderen einfacher machen wollen.<br data-start=\"2508\" data-end=\"2511\" \/>Wenn Ihnen etwas Zeit spart, Ihnen hilft, schneller loszulegen, oder Ihnen etwas Neues beibringt, dann ist das genau das, wof\u00fcr wir da sind.<\/p>\t\t\t\t\t\t\t\t<\/div>\n\t\t\t\t\t<\/div>\n\t\t\t\t<\/div>\n\t\t\t\t<\/div>","protected":false},"excerpt":{"rendered":"<p>About IPTV Companion Helping You Stream Smarter Welcome to IPTV Companion, a place built by everyday streaming enthusiasts who wanted to make IPTV simple, clear, and frustration-free. We know how confusing it can be to pick the right service or app. There\u2019s endless noise online, promises, ads, and mixed reviews that leave you wondering what\u2019s&#8230;<\/p>","protected":false},"author":1,"featured_media":0,"parent":0,"menu_order":0,"comment_status":"closed","ping_status":"closed","template":"","meta":{"_kad_post_transparent":"","_kad_post_title":"hide","_kad_post_layout":"fullwidth","_kad_post_sidebar_id":"","_kad_post_content_style":"unboxed","_kad_post_vertical_padding":"hide","_kad_post_feature":"hide","_kad_post_feature_position":"","_kad_post_header":false,"_kad_post_footer":false,"_kad_post_classname":"","footnotes":""},"class_list":["post-11","page","type-page","status-publish","hentry"],"_links":{"self":[{"href":"https:\/\/iptvcompanion.com\/de\/wp-json\/wp\/v2\/pages\/11","targetHints":{"allow":["GET"]}}],"collection":[{"href":"https:\/\/iptvcompanion.com\/de\/wp-json\/wp\/v2\/pages"}],"about":[{"href":"https:\/\/iptvcompanion.com\/de\/wp-json\/wp\/v2\/types\/page"}],"author":[{"embeddable":true,"href":"https:\/\/iptvcompanion.com\/de\/wp-json\/wp\/v2\/users\/1"}],"replies":[{"embeddable":true,"href":"https:\/\/iptvcompanion.com\/de\/wp-json\/wp\/v2\/comments?post=11"}],"version-history":[{"count":13,"href":"https:\/\/iptvcompanion.com\/de\/wp-json\/wp\/v2\/pages\/11\/revisions"}],"predecessor-version":[{"id":185,"href":"https:\/\/iptvcompanion.com\/de\/wp-json\/wp\/v2\/pages\/11\/revisions\/185"}],"wp:attachment":[{"href":"https:\/\/iptvcompanion.com\/de\/wp-json\/wp\/v2\/media?parent=11"}],"curies":[{"name":"wp","href":"https:\/\/api.w.org\/{rel}","templated":true}]}}