{"id":18,"date":"2025-10-06T10:35:40","date_gmt":"2025-10-06T10:35:40","guid":{"rendered":"https:\/\/iptvcompanion.com\/?page_id=18"},"modified":"2025-10-23T09:53:25","modified_gmt":"2025-10-23T08:53:25","slug":"haftungsausschluss","status":"publish","type":"page","link":"https:\/\/iptvcompanion.com\/de\/haftungsausschluss\/","title":{"rendered":"Haftungsausschluss"},"content":{"rendered":"<div data-elementor-type=\"wp-page\" data-elementor-id=\"18\" class=\"elementor elementor-18\" data-elementor-post-type=\"page\">\n\t\t\t\t<div class=\"elementor-element elementor-element-246b10b e-flex e-con-boxed e-con e-parent\" data-id=\"246b10b\" data-element_type=\"container\" data-e-type=\"container\" data-settings=\"{&quot;background_background&quot;:&quot;classic&quot;}\">\n\t\t\t\t\t<div class=\"e-con-inner\">\n\t\t\t\t<div class=\"elementor-element elementor-element-bb10f6f elementor-widget elementor-widget-elementskit-heading\" data-id=\"bb10f6f\" data-element_type=\"widget\" data-e-type=\"widget\" data-widget_type=\"elementskit-heading.default\">\n\t\t\t\t\t<div class=\"ekit-wid-con\" ><div class=\"ekit-heading elementskit-section-title-wraper center   ekit_heading_tablet-   ekit_heading_mobile-\"><h1 class=\"ekit-heading--title elementskit-section-title\"><span><span>Haftungsausschluss<\/span><\/span><\/h1><div class=\"ekit_heading_separetor_wraper ekit_heading_elementskit-border-divider elementskit-style-long\"><div class=\"elementskit-border-divider elementskit-style-long\"><\/div><\/div><\/div><\/div>\t\t\t\t<\/div>\n\t\t\t\t<div class=\"elementor-element elementor-element-bd9eb44 elementor-widget__width-initial elementor-widget elementor-widget-text-editor\" data-id=\"bd9eb44\" data-element_type=\"widget\" data-e-type=\"widget\" data-widget_type=\"text-editor.default\">\n\t\t\t\t\t\t\t\t\t<p data-start=\"338\" data-end=\"536\"><strong data-start=\"304\" data-end=\"321\">Letzte Aktualisierung:<\/strong> Oktober 2025<\/p><p data-start=\"338\" data-end=\"536\">Willkommen bei <strong data-start=\"349\" data-end=\"367\">IPTV-Begleiter<\/strong>.<br data-start=\"368\" data-end=\"371\" \/>Dieser Haftungsausschluss erl\u00e4utert die Grenzen unserer Verantwortung hinsichtlich der auf unserer Website geteilten Informationen., <a class=\"decorated-link cursor-pointer\" target=\"_new\" rel=\"noopener\" data-start=\"479\" data-end=\"533\">https:\/\/iptvcompanion.com<\/a>.<\/p><p data-start=\"538\" data-end=\"620\">Durch die Nutzung dieser Website erkl\u00e4ren Sie sich damit einverstanden, dass Sie diesen Haftungsausschluss gelesen und verstanden haben.<\/p><h3 data-start=\"627\" data-end=\"656\">1. <strong data-start=\"633\" data-end=\"656\">Allgemeine Informationen<\/strong><\/h3><p data-start=\"658\" data-end=\"921\"><strong data-start=\"658\" data-end=\"676\">IPTV-Begleiter<\/strong> ist eine unabh\u00e4ngige Website, die Artikel, Rezensionen, Vergleiche und Einrichtungsanleitungen zu IPTV-Diensten, Apps und Ger\u00e4ten ver\u00f6ffentlicht.<br data-start=\"811\" data-end=\"814\" \/>Wir tun es. <strong data-start=\"820\" data-end=\"827\">nicht<\/strong> IPTV-Abonnements verkaufen, Streaming-Inhalte hosten oder Zugang zu urheberrechtlich gesch\u00fctztem Material gew\u00e4hren.<\/p><p data-start=\"923\" data-end=\"1017\">Alle Inhalte auf dieser Website werden bereitgestellt <strong data-start=\"963\" data-end=\"1014\">Nur zu Informations- und Bildungszwecken<\/strong>.<\/p><h3 data-start=\"1024\" data-end=\"1063\">2. <strong data-start=\"1030\" data-end=\"1063\">Keine Zugeh\u00f6rigkeit oder Unterst\u00fctzung<\/strong><\/h3><p data-start=\"1065\" data-end=\"1268\">Alle auf dieser Website erw\u00e4hnten Produktnamen, Apps, Ger\u00e4te oder Dienstleistungen geh\u00f6ren ihren jeweiligen Eigent\u00fcmern.<br data-start=\"1171\" data-end=\"1174\" \/>Alle Marken und Markennamen werden verwendet <strong data-start=\"1214\" data-end=\"1265\">nur zu Identifikations- oder Beschreibungszwecken<\/strong>.<\/p><p data-start=\"1270\" data-end=\"1396\">Wir sind <strong data-start=\"1277\" data-end=\"1330\">nicht verbunden mit, gesponsert von oder unterst\u00fctzt von<\/strong> jeder IPTV-Dienst, Softwareentwickler oder Hardwarehersteller.<\/p><h3 data-start=\"1403\" data-end=\"1436\">3. <strong data-start=\"1409\" data-end=\"1436\">Genauigkeit der Informationen<\/strong><\/h3><p data-start=\"1438\" data-end=\"1685\">Wir tun unser Bestes, um sicherzustellen, dass die auf IPTV Companion ver\u00f6ffentlichten Informationen korrekt und aktuell sind.<br data-start=\"1539\" data-end=\"1542\" \/>Wir k\u00f6nnen jedoch nicht garantieren, dass alle Angaben stets korrekt, vollst\u00e4ndig oder aktuell sind. IPTV-Technologie und -Dienste \u00e4ndern sich h\u00e4ufig.<\/p><p data-start=\"1687\" data-end=\"1882\">Die Nutzung der Informationen auf dieser Website ist <strong data-start=\"1729\" data-end=\"1755\">nach eigenem Ermessen<\/strong>.<br data-start=\"1756\" data-end=\"1759\" \/>Wir \u00fcbernehmen keine Verantwortung f\u00fcr Fehler, Auslassungen oder Folgen, die sich aus der Anwendung der hier bereitgestellten Informationen ergeben.<\/p><h3 data-start=\"1889\" data-end=\"1913\">4. <strong data-start=\"1895\" data-end=\"1913\">Externe Links<\/strong><\/h3><p data-start=\"1915\" data-end=\"2079\">Unsere Artikel k\u00f6nnen Links zu Webseiten Dritter als Referenz oder zur Vereinfachung enthalten.<br data-start=\"1999\" data-end=\"2002\" \/>Wir haben keinerlei Kontrolle \u00fcber die Inhalte, Richtlinien oder Praktiken dieser Seiten.<\/p><p data-start=\"2081\" data-end=\"2227\">Das Besuchen externer Links von IPTV Companion aus ist vollst\u00e4ndig <strong data-start=\"2137\" data-end=\"2157\">auf eigene Gefahr<\/strong>, Wir \u00fcbernehmen keine Haftung f\u00fcr etwaige Verluste oder Sch\u00e4den, die daraus entstehen k\u00f6nnen.<\/p><h3 data-start=\"2234\" data-end=\"2272\">5. <strong data-start=\"2240\" data-end=\"2272\">Keine Rechts- oder technische Beratung<\/strong><\/h3><p data-start=\"2274\" data-end=\"2495\">Die auf IPTV Compion geteilten Informationen sollten <strong data-start=\"2322\" data-end=\"2329\">nicht<\/strong> als rechtliche, finanzielle oder fachliche Beratung angesehen werden.<br data-start=\"2395\" data-end=\"2398\" \/>Wir teilen lediglich pers\u00f6nliche Meinungen, Anleitungen und Testerfahrungen zu Bildungszwecken.<\/p><p data-start=\"2497\" data-end=\"2568\">Wenn Sie professionelle Beratung ben\u00f6tigen, wenden Sie sich bitte an einen qualifizierten Experten.<\/p><h3 data-start=\"2575\" data-end=\"2604\">6. <strong data-start=\"2581\" data-end=\"2604\">Nutzerverantwortung<\/strong><\/h3><p data-start=\"2606\" data-end=\"2837\">Durch die Nutzung dieser Website erkl\u00e4ren Sie sich damit einverstanden, dass Sie allein f\u00fcr die Art und Weise verantwortlich sind, wie Sie die hier erw\u00e4hnten Informationen, Tools oder Produkte verwenden.<br data-start=\"2738\" data-end=\"2741\" \/>Wir f\u00f6rdern oder unterst\u00fctzen die Nutzung von IPTV-Diensten f\u00fcr unautorisiertes oder illegales Streaming nicht.<\/p><p data-start=\"2839\" data-end=\"2918\">Jeder Nutzer ist selbst daf\u00fcr verantwortlich, die f\u00fcr ihn geltenden lokalen Gesetze und Vorschriften einzuhalten.<\/p><h3 data-start=\"2925\" data-end=\"2958\">7. <strong data-start=\"2931\" data-end=\"2958\">Haftungsbeschr\u00e4nkung<\/strong><\/h3><p data-start=\"2960\" data-end=\"3107\">IPTV Companion, seine Eigent\u00fcmer, Autoren oder Mitwirkenden haften unter keinen Umst\u00e4nden f\u00fcr direkte oder indirekte Sch\u00e4den, die aus Folgendem entstehen:<\/p><ul data-start=\"3108\" data-end=\"3284\"><li data-start=\"3108\" data-end=\"3152\"><p data-start=\"3110\" data-end=\"3152\">Die Nutzung oder die Unf\u00e4higkeit zur Nutzung dieser Website<\/p><\/li><li data-start=\"3153\" data-end=\"3202\"><p data-start=\"3155\" data-end=\"3202\">Fehler, Ungenauigkeiten oder Auslassungen im Inhalt<\/p><\/li><li data-start=\"3203\" data-end=\"3234\"><p data-start=\"3205\" data-end=\"3234\">Links zu externen Ressourcen<\/p><\/li><li data-start=\"3235\" data-end=\"3284\"><p data-start=\"3237\" data-end=\"3284\">Entscheidungen, die auf Grundlage unserer Rezensionen oder Ratgeber getroffen wurden<\/p><\/li><\/ul><p data-start=\"3286\" data-end=\"3342\">Jegliche Nutzung dieser Website erfolgt auf eigene Gefahr. <strong data-start=\"3319\" data-end=\"3339\">auf eigene Gefahr<\/strong>.<\/p><h3 data-start=\"3349\" data-end=\"3385\">8. <strong data-start=\"3355\" data-end=\"3385\">\u00c4nderungen an diesem Haftungsausschluss<\/strong><\/h3><p data-start=\"3387\" data-end=\"3513\">Wir behalten uns das Recht vor, diesen Haftungsausschluss jederzeit ohne vorherige Ank\u00fcndigung zu aktualisieren.<br data-start=\"3450\" data-end=\"3453\" \/>Das oben angegebene Datum der letzten Aktualisierung entspricht der aktuellsten Version.<\/p><p data-start=\"3515\" data-end=\"3587\">Wir empfehlen Besuchern, diese Seite regelm\u00e4\u00dfig auf Aktualisierungen zu \u00fcberpr\u00fcfen.<\/p><h3>9. <strong data-start=\"3600\" data-end=\"3614\">Kontaktieren Sie uns<\/strong><\/h3><p data-start=\"3616\" data-end=\"3685\">Sollten Sie Fragen zu diesem Haftungsausschluss haben, kontaktieren Sie uns bitte:<\/p><p data-start=\"3687\" data-end=\"3864\"><img decoding=\"async\" class=\"emoji\" role=\"img\" draggable=\"false\" src=\"https:\/\/s.w.org\/images\/core\/emoji\/16.0.1\/svg\/1f4e7.svg\" alt=\"\ud83d\udce7\" \/> <strong data-start=\"3690\" data-end=\"3700\">E-Mail:<\/strong> <a class=\"decorated-link cursor-pointer\" rel=\"noopener\" data-start=\"3701\" data-end=\"3756\">info@iptvcompanion.com<\/a><br data-start=\"3756\" data-end=\"3759\" \/><img decoding=\"async\" class=\"emoji\" role=\"img\" draggable=\"false\" src=\"https:\/\/s.w.org\/images\/core\/emoji\/16.0.1\/svg\/1f310.svg\" alt=\"\ud83c\udf10\" \/> <strong data-start=\"3762\" data-end=\"3779\">Kontaktseite:<\/strong> <a class=\"decorated-link cursor-pointer\" target=\"_new\" rel=\"noopener\" data-start=\"3780\" data-end=\"3862\">https:\/\/iptvcompanion.com\/pages\/contact<\/a><\/p>\t\t\t\t\t\t\t\t<\/div>\n\t\t\t\t\t<\/div>\n\t\t\t\t<\/div>\n\t\t\t\t<\/div>","protected":false},"excerpt":{"rendered":"<p>Disclaimer Last Updated: October 2025 Welcome to IPTV Companion.This Disclaimer explains the limits of our responsibility regarding the information shared on our website, https:\/\/iptvcompanion.com. By using this site, you agree that you have read and understood this Disclaimer. 1. General Information IPTV Companion is an independent website that publishes articles, reviews, comparisons, and setup guides&#8230;<\/p>","protected":false},"author":1,"featured_media":0,"parent":0,"menu_order":0,"comment_status":"closed","ping_status":"closed","template":"","meta":{"_kad_post_transparent":"","_kad_post_title":"hide","_kad_post_layout":"fullwidth","_kad_post_sidebar_id":"","_kad_post_content_style":"unboxed","_kad_post_vertical_padding":"hide","_kad_post_feature":"hide","_kad_post_feature_position":"","_kad_post_header":false,"_kad_post_footer":false,"_kad_post_classname":"","footnotes":""},"class_list":["post-18","page","type-page","status-publish","hentry"],"_links":{"self":[{"href":"https:\/\/iptvcompanion.com\/de\/wp-json\/wp\/v2\/pages\/18","targetHints":{"allow":["GET"]}}],"collection":[{"href":"https:\/\/iptvcompanion.com\/de\/wp-json\/wp\/v2\/pages"}],"about":[{"href":"https:\/\/iptvcompanion.com\/de\/wp-json\/wp\/v2\/types\/page"}],"author":[{"embeddable":true,"href":"https:\/\/iptvcompanion.com\/de\/wp-json\/wp\/v2\/users\/1"}],"replies":[{"embeddable":true,"href":"https:\/\/iptvcompanion.com\/de\/wp-json\/wp\/v2\/comments?post=18"}],"version-history":[{"count":4,"href":"https:\/\/iptvcompanion.com\/de\/wp-json\/wp\/v2\/pages\/18\/revisions"}],"predecessor-version":[{"id":207,"href":"https:\/\/iptvcompanion.com\/de\/wp-json\/wp\/v2\/pages\/18\/revisions\/207"}],"wp:attachment":[{"href":"https:\/\/iptvcompanion.com\/de\/wp-json\/wp\/v2\/media?parent=18"}],"curies":[{"name":"wp","href":"https:\/\/api.w.org\/{rel}","templated":true}]}}