{"id":20,"date":"2025-10-06T10:35:56","date_gmt":"2025-10-06T10:35:56","guid":{"rendered":"https:\/\/iptvcompanion.com\/?page_id=20"},"modified":"2025-10-23T09:55:16","modified_gmt":"2025-10-23T08:55:16","slug":"nutzungsbedingungen","status":"publish","type":"page","link":"https:\/\/iptvcompanion.com\/de\/nutzungsbedingungen\/","title":{"rendered":"Nutzungsbedingungen"},"content":{"rendered":"<div data-elementor-type=\"wp-page\" data-elementor-id=\"20\" class=\"elementor elementor-20\" data-elementor-post-type=\"page\">\n\t\t\t\t<div class=\"elementor-element elementor-element-b684077 e-flex e-con-boxed e-con e-parent\" data-id=\"b684077\" data-element_type=\"container\" data-e-type=\"container\" data-settings=\"{&quot;background_background&quot;:&quot;classic&quot;}\">\n\t\t\t\t\t<div class=\"e-con-inner\">\n\t\t\t\t<div class=\"elementor-element elementor-element-9b46449 elementor-widget elementor-widget-elementskit-heading\" data-id=\"9b46449\" data-element_type=\"widget\" data-e-type=\"widget\" data-widget_type=\"elementskit-heading.default\">\n\t\t\t\t\t<div class=\"ekit-wid-con\" ><div class=\"ekit-heading elementskit-section-title-wraper center   ekit_heading_tablet-   ekit_heading_mobile-\"><h1 class=\"ekit-heading--title elementskit-section-title\">Bedingungen <span><span>Verwenden<\/span><\/span><\/h1><div class=\"ekit_heading_separetor_wraper ekit_heading_elementskit-border-divider elementskit-style-long\"><div class=\"elementskit-border-divider elementskit-style-long\"><\/div><\/div><\/div><\/div>\t\t\t\t<\/div>\n\t\t\t\t<div class=\"elementor-element elementor-element-8ae3934 elementor-widget__width-initial elementor-widget elementor-widget-text-editor\" data-id=\"8ae3934\" data-element_type=\"widget\" data-e-type=\"widget\" data-widget_type=\"text-editor.default\">\n\t\t\t\t\t\t\t\t\t<p data-start=\"385\" data-end=\"604\">Willkommen bei <strong data-start=\"396\" data-end=\"414\">IPTV-Begleiter<\/strong>.<br data-start=\"415\" data-end=\"418\">Durch den Zugriff auf oder die Nutzung unserer Website \u2014 <a class=\"decorated-link cursor-pointer\" target=\"_new\" rel=\"noopener\" data-start=\"454\" data-end=\"508\">https:\/\/iptvcompanion.com<\/a> \u2014 Sie stimmen diesen Nutzungsbedingungen zu.<br data-start=\"550\" data-end=\"553\">Bitte lesen Sie diese sorgf\u00e4ltig durch, bevor Sie die Website nutzen.<\/p>\n<p data-start=\"606\" data-end=\"688\">Wenn Sie diesen Bedingungen nicht zustimmen, sollten Sie diese Website nicht nutzen oder darauf zugreifen.<\/p>\n<h3 data-start=\"695\" data-end=\"724\">1. <strong data-start=\"701\" data-end=\"724\">Allgemeine Informationen<\/strong><\/h3>\n<p data-start=\"726\" data-end=\"986\">IPTV Companion ist eine unabh\u00e4ngige Informationswebsite.<br data-start=\"781\" data-end=\"784\">Wir bieten Schulungsinhalte, Rezensionen und Anleitungen zu IPTV-bezogenen Tools, Apps und Ger\u00e4ten.<br data-start=\"883\" data-end=\"886\">Wir tun es. <strong data-start=\"892\" data-end=\"899\">nicht<\/strong> IPTV-Abonnements verkaufen, urheberrechtlich gesch\u00fctztes Material verbreiten oder Streaming-Inhalte hosten.<\/p>\n<p data-start=\"988\" data-end=\"1096\">Unser Ziel ist es, Besuchern zu helfen, fundierte Entscheidungen zu treffen und ihr IPTV-Erlebnis sicher und legal zu verbessern.<\/p>\n<h3 data-start=\"1103\" data-end=\"1127\">2. <strong data-start=\"1109\" data-end=\"1127\">Nutzung von Inhalten<\/strong><\/h3>\n<p data-start=\"1129\" data-end=\"1258\">Alle Texte, Bilder, Grafiken und sonstigen Materialien auf dieser Website geh\u00f6ren <strong data-start=\"1203\" data-end=\"1221\">IPTV-Begleiter<\/strong> Sofern nicht anders angegeben.<br data-start=\"1245\" data-end=\"1248\">Sie k\u00f6nnen:<\/p>\n<ul data-start=\"1259\" data-end=\"1425\">\n<li data-start=\"1259\" data-end=\"1324\">\n<p data-start=\"1261\" data-end=\"1324\">Lesen und teilen Sie unsere Artikel f\u00fcr den pers\u00f6nlichen, nicht-kommerziellen Gebrauch.<\/p>\n<\/li>\n<li data-start=\"1325\" data-end=\"1425\">\n<p data-start=\"1327\" data-end=\"1425\">Sie d\u00fcrfen kleine Teile unserer Inhalte zitieren, solange Sie einen gut sichtbaren Quellenverweis auf unsere Website angeben.<\/p>\n<\/li>\n<\/ul>\n<p data-start=\"1427\" data-end=\"1445\">Sie k\u00f6nnen <strong data-start=\"1435\" data-end=\"1442\">nicht<\/strong>:<\/p>\n<ul data-start=\"1446\" data-end=\"1640\">\n<li data-start=\"1446\" data-end=\"1513\">\n<p data-start=\"1448\" data-end=\"1513\">Das Kopieren, Vervielf\u00e4ltigen oder erneute Ver\u00f6ffentlichen vollst\u00e4ndiger Artikel ohne Genehmigung ist untersagt.<\/p>\n<\/li>\n<li data-start=\"1514\" data-end=\"1582\">\n<p data-start=\"1516\" data-end=\"1582\">Nutzen Sie unsere Inhalte nicht f\u00fcr kommerzielle, irref\u00fchrende oder illegale Zwecke.<\/p>\n<\/li>\n<li data-start=\"1583\" data-end=\"1640\">\n<p data-start=\"1585\" data-end=\"1640\">Sie d\u00fcrfen keinen Teil des Inhalts dieser Website als Ihr eigenes ausgeben.<\/p>\n<\/li>\n<\/ul>\n<p data-start=\"1642\" data-end=\"1710\">F\u00fcr Genehmigungsanfragen kontaktieren Sie uns bitte unter <strong data-start=\"1681\" data-end=\"1707\"><a class=\"decorated-link cursor-pointer\" rel=\"noopener\" data-start=\"1683\" data-end=\"1705\">info@iptvcompanion.com<\/a><\/strong>.<\/p>\n<h3 data-start=\"1717\" data-end=\"1747\">3. <strong data-start=\"1723\" data-end=\"1747\">Genauigkeit der Informationen<\/strong><\/h3>\n<p data-start=\"1749\" data-end=\"1973\">Wir tun unser Bestes, um sicherzustellen, dass alle auf IPTV Companion ver\u00f6ffentlichten Informationen korrekt und aktuell sind.<br data-start=\"1845\" data-end=\"1848\">Da sich Technologie und IPTV-Plattformen jedoch h\u00e4ufig \u00e4ndern, k\u00f6nnen wir nicht garantieren, dass alle Details immer aktuell sind.<\/p>\n<p data-start=\"1975\" data-end=\"2149\">Die Nutzung der Informationen auf dieser Website erfolgt auf eigene Verantwortung. Wir \u00fcbernehmen keine Haftung f\u00fcr Fehler, veraltete Informationen oder Folgen, die sich aus der Nutzung der Inhalte ergeben.<\/p>\n<h3 data-start=\"2156\" data-end=\"2180\">4. <strong data-start=\"2162\" data-end=\"2180\">Externe Links<\/strong><\/h3>\n<p data-start=\"2182\" data-end=\"2324\">Unsere Artikel k\u00f6nnen Links zu Webseiten oder Tools von Drittanbietern enthalten.<br data-start=\"2246\" data-end=\"2249\">Diese Links dienen lediglich der Information und Ihrem Komfort.<\/p>\n<p data-start=\"2326\" data-end=\"2470\">Wir tun es. <strong data-start=\"2332\" data-end=\"2339\">nicht<\/strong> Wir haben keine Kontrolle \u00fcber externe Websites, deren Inhalte oder deren Datenschutzpraktiken und \u00fcbernehmen daf\u00fcr auch keine Gew\u00e4hr. Der Besuch dieser Websites erfolgt auf eigene Gefahr.<\/p>\n<h3 data-start=\"2477\" data-end=\"2499\">5. <strong data-start=\"2483\" data-end=\"2499\">Nutzerverhalten<\/strong><\/h3>\n<p data-start=\"2501\" data-end=\"2547\">Bei der Nutzung von IPTV Compion erkl\u00e4ren Sie sich damit einverstanden, Folgendes zu unterlassen:<\/p>\n<ul data-start=\"2548\" data-end=\"2777\">\n<li data-start=\"2548\" data-end=\"2634\">\n<p data-start=\"2550\" data-end=\"2634\">Versenden Sie keine Spam-Nachrichten, beleidigenden Nachrichten oder illegalen Inhalte \u00fcber unsere Kontaktformulare.<\/p>\n<\/li>\n<li data-start=\"2635\" data-end=\"2703\">\n<p data-start=\"2637\" data-end=\"2703\">Versuche, die Funktionalit\u00e4t unserer Website zu besch\u00e4digen, zu hacken oder zu st\u00f6ren.<\/p>\n<\/li>\n<li data-start=\"2704\" data-end=\"2777\">\n<p data-start=\"2706\" data-end=\"2777\">Nutzen Sie unsere Inhalte nicht in einer Weise, die gegen lokale oder internationale Gesetze verst\u00f6\u00dft.<\/p>\n<\/li>\n<\/ul>\n<p data-start=\"2779\" data-end=\"2865\">Wir behalten uns das Recht vor, den Zugang f\u00fcr jeden Benutzer zu sperren oder zu entfernen, der gegen diese Bedingungen verst\u00f6\u00dft.<\/p>\n<h3 data-start=\"2872\" data-end=\"2903\">6. <strong data-start=\"2878\" data-end=\"2903\">Geistiges Eigentum<\/strong><\/h3>\n<p data-start=\"2905\" data-end=\"3093\">Alle Logos, Bilder und schriftlichen Inhalte auf IPTV Companion sind urheberrechtlich und durch Gesetze zum Schutz des geistigen Eigentums gesch\u00fctzt.<br data-start=\"3020\" data-end=\"3023\">Ohne schriftliche Genehmigung d\u00fcrfen Sie diese weder vervielf\u00e4ltigen noch verbreiten.<\/p>\n<p data-start=\"3095\" data-end=\"3230\">Alle auf dieser Website erw\u00e4hnten Marken geh\u00f6ren ihren jeweiligen Eigent\u00fcmern und werden nur zu beschreibenden oder Bildungszwecken verwendet.<\/p>\n<h3 data-start=\"3237\" data-end=\"3257\">7. <strong data-start=\"3243\" data-end=\"3257\">Haftungsausschluss<\/strong><\/h3>\n<p data-start=\"3259\" data-end=\"3411\">IPTV Companion bietet lediglich allgemeine Informationen und Meinungen.<br data-start=\"3321\" data-end=\"3324\">Wir sind <strong data-start=\"3331\" data-end=\"3354\">nicht verbunden mit<\/strong> oder von einem IPTV-Anbieter oder Streaming-Unternehmen unterst\u00fctzt wird.<\/p>\n<p data-start=\"3413\" data-end=\"3435\">Wir \u00fcbernehmen keine Garantie:<\/p>\n<ul data-start=\"3436\" data-end=\"3576\">\n<li data-start=\"3436\" data-end=\"3508\">\n<p data-start=\"3438\" data-end=\"3508\">Die Qualit\u00e4t, Zuverl\u00e4ssigkeit oder Rechtm\u00e4\u00dfigkeit der genannten IPTV-Dienste.<\/p>\n<\/li>\n<li data-start=\"3509\" data-end=\"3576\">\n<p data-start=\"3511\" data-end=\"3576\">Dass jede App, jedes Ger\u00e4t oder jede Plattform problemlos funktioniert.<\/p>\n<\/li>\n<\/ul>\n<p data-start=\"3578\" data-end=\"3734\">Alle Empfehlungen und Bewertungen basieren auf unabh\u00e4ngigen Recherchen und pers\u00f6nlichen Tests.<br data-start=\"3665\" data-end=\"3668\">Sie nutzen Produkte oder Dienstleistungen von Drittanbietern. <strong data-start=\"3711\" data-end=\"3731\">auf eigene Gefahr<\/strong>.<\/p>\n<h3 data-start=\"3741\" data-end=\"3774\">8. <strong data-start=\"3747\" data-end=\"3774\">Haftungsbeschr\u00e4nkung<\/strong><\/h3>\n<p data-start=\"3776\" data-end=\"3973\">IPTV Companion und sein Team haften unter keinen Umst\u00e4nden f\u00fcr direkte oder indirekte Verluste, Sch\u00e4den oder Probleme, die sich aus Ihrer Nutzung dieser Website ergeben, einschlie\u00dflich, aber nicht beschr\u00e4nkt auf:<\/p>\n<ul data-start=\"3974\" data-end=\"4086\">\n<li data-start=\"3974\" data-end=\"4006\">\n<p data-start=\"3976\" data-end=\"4006\">Technische Fehler oder Ausfallzeiten<\/p>\n<\/li>\n<li data-start=\"4007\" data-end=\"4028\">\n<p data-start=\"4009\" data-end=\"4028\">Missbrauch von Inhalten<\/p>\n<\/li>\n<li data-start=\"4029\" data-end=\"4086\">\n<p data-start=\"4031\" data-end=\"4086\">Entscheidungen, die auf Grundlage der hier bereitgestellten Informationen getroffen werden<\/p>\n<\/li>\n<\/ul>\n<p data-start=\"4088\" data-end=\"4172\">Die Nutzung dieser Website setzt voraus, dass Sie diese Risiken vollst\u00e4ndig verstehen und akzeptieren.<\/p>\n<h3 data-start=\"4179\" data-end=\"4211\">9. <strong data-start=\"4185\" data-end=\"4211\">\u00c4nderungen dieser Bedingungen<\/strong><\/h3>\n<p data-start=\"4213\" data-end=\"4364\">Wir behalten uns das Recht vor, diese Nutzungsbedingungen jederzeit ohne vorherige Ank\u00fcndigung zu aktualisieren oder zu \u00e4ndern.<br data-start=\"4289\" data-end=\"4292\">Das Datum oben auf dieser Seite zeigt immer die neueste Version an.<\/p>\n<p data-start=\"4366\" data-end=\"4443\">Die weitere Nutzung der Website nach Aktualisierungen bedeutet, dass Sie die ge\u00e4nderten Bedingungen akzeptieren.<\/p>\n<h3 data-start=\"4450\" data-end=\"4471\">10. <strong data-start=\"4457\" data-end=\"4471\">Kontaktieren Sie uns<\/strong><\/h3>\n<p data-start=\"4473\" data-end=\"4554\">Sollten Sie Fragen oder Bedenken bez\u00fcglich dieser Bedingungen haben, kontaktieren Sie uns bitte:<\/p>\n<p data-start=\"4556\" data-end=\"4733\"><img decoding=\"async\" class=\"emoji\" role=\"img\" draggable=\"false\" src=\"https:\/\/s.w.org\/images\/core\/emoji\/16.0.1\/svg\/1f4e7.svg\" alt=\"\ud83d\udce7\"> <strong data-start=\"4559\" data-end=\"4569\">E-Mail:<\/strong> <a class=\"decorated-link cursor-pointer\" rel=\"noopener\" data-start=\"4570\" data-end=\"4625\">info@iptvcompanion.com<\/a><br data-start=\"4625\" data-end=\"4628\"><img decoding=\"async\" class=\"emoji\" role=\"img\" draggable=\"false\" src=\"https:\/\/s.w.org\/images\/core\/emoji\/16.0.1\/svg\/1f310.svg\" alt=\"\ud83c\udf10\"> <strong data-start=\"4631\" data-end=\"4648\">Kontaktseite:<\/strong> <a class=\"decorated-link cursor-pointer\" target=\"_new\" rel=\"noopener\" data-start=\"4649\" data-end=\"4731\">https:\/\/iptvcompanion.com\/pages\/contact<\/a><\/p>\n<h4 data-start=\"4740\" data-end=\"4756\"><strong data-start=\"4744\" data-end=\"4756\">Zusamenfassend<\/strong><\/h4>\n<p data-start=\"4758\" data-end=\"4957\">Verwenden <strong data-start=\"4762\" data-end=\"4780\">IPTV-Begleiter<\/strong> Streaming-Wissen verantwortungsvoll erlernen, erforschen und genie\u00dfen.<br data-start=\"4842\" data-end=\"4845\">Alle unsere Inhalte werden in gutem Glauben, zu Informations- und Bildungszwecken und nicht f\u00fcr illegale oder urheberrechtlich gesch\u00fctzte Zwecke bereitgestellt.<\/p>\t\t\t\t\t\t\t\t<\/div>\n\t\t\t\t\t<\/div>\n\t\t\t\t<\/div>\n\t\t\t\t<\/div>","protected":false},"excerpt":{"rendered":"<p>Terms of Use Welcome to IPTV Companion.By accessing or using our website \u2014 https:\/\/iptvcompanion.com \u2014 you agree to follow these Terms of Use.Please read them carefully before using the site. If you do not agree with these terms, you should not use or access this website. 1. General Information IPTV Companion is an independent informational&#8230;<\/p>","protected":false},"author":1,"featured_media":0,"parent":0,"menu_order":0,"comment_status":"closed","ping_status":"closed","template":"","meta":{"_kad_post_transparent":"","_kad_post_title":"hide","_kad_post_layout":"fullwidth","_kad_post_sidebar_id":"","_kad_post_content_style":"unboxed","_kad_post_vertical_padding":"hide","_kad_post_feature":"hide","_kad_post_feature_position":"","_kad_post_header":false,"_kad_post_footer":false,"_kad_post_classname":"","footnotes":""},"class_list":["post-20","page","type-page","status-publish","hentry"],"_links":{"self":[{"href":"https:\/\/iptvcompanion.com\/de\/wp-json\/wp\/v2\/pages\/20","targetHints":{"allow":["GET"]}}],"collection":[{"href":"https:\/\/iptvcompanion.com\/de\/wp-json\/wp\/v2\/pages"}],"about":[{"href":"https:\/\/iptvcompanion.com\/de\/wp-json\/wp\/v2\/types\/page"}],"author":[{"embeddable":true,"href":"https:\/\/iptvcompanion.com\/de\/wp-json\/wp\/v2\/users\/1"}],"replies":[{"embeddable":true,"href":"https:\/\/iptvcompanion.com\/de\/wp-json\/wp\/v2\/comments?post=20"}],"version-history":[{"count":4,"href":"https:\/\/iptvcompanion.com\/de\/wp-json\/wp\/v2\/pages\/20\/revisions"}],"predecessor-version":[{"id":203,"href":"https:\/\/iptvcompanion.com\/de\/wp-json\/wp\/v2\/pages\/20\/revisions\/203"}],"wp:attachment":[{"href":"https:\/\/iptvcompanion.com\/de\/wp-json\/wp\/v2\/media?parent=20"}],"curies":[{"name":"wp","href":"https:\/\/api.w.org\/{rel}","templated":true}]}}