{"id":22,"date":"2025-10-06T10:36:20","date_gmt":"2025-10-06T10:36:20","guid":{"rendered":"https:\/\/iptvcompanion.com\/?page_id=22"},"modified":"2025-10-23T09:54:20","modified_gmt":"2025-10-23T08:54:20","slug":"datenschutzrichtlinie","status":"publish","type":"page","link":"https:\/\/iptvcompanion.com\/de\/datenschutzrichtlinie\/","title":{"rendered":"Datenschutzrichtlinie"},"content":{"rendered":"<div data-elementor-type=\"wp-page\" data-elementor-id=\"22\" class=\"elementor elementor-22\" data-elementor-post-type=\"page\">\n\t\t\t\t<div class=\"elementor-element elementor-element-6281f1e e-flex e-con-boxed e-con e-parent\" data-id=\"6281f1e\" data-element_type=\"container\" data-e-type=\"container\" data-settings=\"{&quot;background_background&quot;:&quot;classic&quot;}\">\n\t\t\t\t\t<div class=\"e-con-inner\">\n\t\t\t\t<div class=\"elementor-element elementor-element-29c8f5d elementor-widget elementor-widget-elementskit-heading\" data-id=\"29c8f5d\" data-element_type=\"widget\" data-e-type=\"widget\" data-widget_type=\"elementskit-heading.default\">\n\t\t\t\t\t<div class=\"ekit-wid-con\" ><div class=\"ekit-heading elementskit-section-title-wraper center   ekit_heading_tablet-   ekit_heading_mobile-\"><h1 class=\"ekit-heading--title elementskit-section-title\">Datenschutz <span><span>Politik<\/span><\/span><\/h1><div class=\"ekit_heading_separetor_wraper ekit_heading_elementskit-border-divider elementskit-style-long\"><div class=\"elementskit-border-divider elementskit-style-long\"><\/div><\/div><\/div><\/div>\t\t\t\t<\/div>\n\t\t\t\t<div class=\"elementor-element elementor-element-7997546 elementor-widget__width-initial elementor-widget elementor-widget-text-editor\" data-id=\"7997546\" data-element_type=\"widget\" data-e-type=\"widget\" data-widget_type=\"text-editor.default\">\n\t\t\t\t\t\t\t\t\t<p data-start=\"446\" data-end=\"607\">Willkommen bei <strong data-start=\"457\" data-end=\"475\">IPTV-Begleiter<\/strong>.<br data-start=\"476\" data-end=\"479\" \/>Ihre Privatsph\u00e4re ist uns wichtig, und wir setzen uns daf\u00fcr ein, Ihre pers\u00f6nlichen Daten sicher aufzubewahren und transparent darzulegen, wie wir sie verwenden.<\/p><p data-start=\"609\" data-end=\"747\">Diese Datenschutzerkl\u00e4rung erl\u00e4utert, welche Daten wir erheben, wie wir sie verwenden und welche Rechte Sie in Bezug auf diese Informationen haben, wenn Sie unsere Website besuchen.<\/p><h3 data-start=\"754\" data-end=\"774\">1. <strong data-start=\"760\" data-end=\"774\">Wer wir sind<\/strong><\/h3><p data-start=\"776\" data-end=\"914\"><strong data-start=\"776\" data-end=\"788\">Webseite:<\/strong> <a class=\"decorated-link cursor-pointer\" target=\"_new\" rel=\"noopener\" data-start=\"789\" data-end=\"843\">https:\/\/iptvcompanion.com<\/a><br data-start=\"843\" data-end=\"846\" \/><strong data-start=\"846\" data-end=\"856\">E-Mail:<\/strong> <a class=\"decorated-link cursor-pointer\" rel=\"noopener\" data-start=\"857\" data-end=\"912\">info@iptvcompanion.com<\/a><\/p><p data-start=\"916\" data-end=\"1118\">IPTV Companion ist eine Informationswebsite, die Rezensionen, Anleitungen und Einblicke in IPTV-Dienste, Apps und Ger\u00e4te bietet.<br data-start=\"1038\" data-end=\"1041\" \/>Wir verkaufen keine IPTV-Abonnements und verwalten auch keine Streaming-Konten jeglicher Art.<\/p><h3 data-start=\"1125\" data-end=\"1157\">2. <strong data-start=\"1131\" data-end=\"1157\">Informationen, die wir sammeln<\/strong><\/h3><p data-start=\"1159\" data-end=\"1232\">Wenn Sie unsere Website besuchen, erfassen wir m\u00f6glicherweise folgende Arten von Daten:<\/p><h4 data-start=\"1234\" data-end=\"1282\">A. <strong data-start=\"1241\" data-end=\"1280\">Informationen, die Sie freiwillig angeben<\/strong><\/h4><ul data-start=\"1283\" data-end=\"1452\"><li data-start=\"1283\" data-end=\"1391\"><p data-start=\"1285\" data-end=\"1391\">Wenn Sie uns \u00fcber unser Kontaktformular oder per E-Mail kontaktieren, erhalten wir Ihren Namen, Ihre E-Mail-Adresse und Ihre Nachricht.<\/p><\/li><li data-start=\"1392\" data-end=\"1452\"><p data-start=\"1394\" data-end=\"1452\">Wir verwenden diese Informationen ausschlie\u00dflich zur Beantwortung Ihrer Anfrage.<\/p><\/li><\/ul><h4 data-start=\"1454\" data-end=\"1502\">B. <strong data-start=\"1461\" data-end=\"1500\">Automatisch erfasste Informationen<\/strong><\/h4><p data-start=\"1503\" data-end=\"1596\">Wie die meisten Websites verwenden wir Cookies und Analysetools, um grundlegende Nutzungsdaten zu erfassen, wie zum Beispiel:<\/p><ul data-start=\"1597\" data-end=\"1789\"><li data-start=\"1597\" data-end=\"1630\"><p data-start=\"1599\" data-end=\"1630\">Ihr Browsertyp und Ihre Browserversion<\/p><\/li><li data-start=\"1631\" data-end=\"1673\"><p data-start=\"1633\" data-end=\"1673\">Seiten, die Sie besuchen, und die Verweildauer auf diesen Seiten<\/p><\/li><li data-start=\"1674\" data-end=\"1747\"><p data-start=\"1676\" data-end=\"1747\">Ungef\u00e4hre geografische Lage (Stadt oder Region, keine genaue Adresse)<\/p><\/li><li data-start=\"1748\" data-end=\"1789\"><p data-start=\"1750\" data-end=\"1789\">Ger\u00e4tetyp (Desktop, Mobiltelefon, Tablet)<\/p><\/li><\/ul><p data-start=\"1791\" data-end=\"1873\">Diese Informationen helfen uns, die Leistung unserer Website und die Benutzerfreundlichkeit zu verbessern.<\/p><h3 data-start=\"1880\" data-end=\"1897\">3. <strong data-start=\"1886\" data-end=\"1897\">Cookies<\/strong><\/h3><p data-start=\"1899\" data-end=\"2011\">Cookies sind kleine Dateien, die auf Ihrem Ger\u00e4t gespeichert werden, damit sich die Website Ihre Pr\u00e4ferenzen merkt.<br data-start=\"1988\" data-end=\"1991\" \/>Wir verwenden Cookies, um:<\/p><ul data-start=\"2012\" data-end=\"2177\"><li data-start=\"2012\" data-end=\"2076\"><p data-start=\"2014\" data-end=\"2076\">Analysieren Sie den Website-Traffic (\u00fcber Google Analytics oder \u00e4hnliche Tools).<\/p><\/li><li data-start=\"2077\" data-end=\"2118\"><p data-start=\"2079\" data-end=\"2118\">Seitenladegeschwindigkeit und Benutzerfreundlichkeit verbessern<\/p><\/li><li data-start=\"2119\" data-end=\"2177\"><p data-start=\"2121\" data-end=\"2177\">Speichern Sie Ihre Einstellungen (z. B. Dunkel-\/Hellmodus oder Region)<\/p><\/li><\/ul><p data-start=\"2179\" data-end=\"2242\">Sie k\u00f6nnen Cookies jederzeit in Ihren Browsereinstellungen deaktivieren.<\/p><h3 data-start=\"2249\" data-end=\"2290\">4. <strong data-start=\"2255\" data-end=\"2290\">Analyse- und Drittanbieter-Tools<\/strong><\/h3><p data-start=\"2292\" data-end=\"2479\">Wir verwenden <strong data-start=\"2299\" data-end=\"2319\">Google Analytics<\/strong> (oder ein \u00e4hnlicher datenschutzkonformer Analysedienst), um zu verstehen, wie Besucher unsere Website nutzen.<br data-start=\"2411\" data-end=\"2414\" \/>Diese Dienste erfassen m\u00f6glicherweise anonyme Informationen mithilfe von Cookies.<\/p><p data-start=\"2481\" data-end=\"2633\">Wir tun es. <strong data-start=\"2487\" data-end=\"2494\">nicht<\/strong> durch Analysetools personenbezogene Daten sammeln oder speichern.<br data-start=\"2566\" data-end=\"2569\" \/>Alle Daten werden zusammengefasst und ausschlie\u00dflich zur Verbesserung der Website verwendet.<\/p><h3 data-start=\"2640\" data-end=\"2677\">5. <strong data-start=\"2646\" data-end=\"2677\">Wie wir Ihre Daten verwenden<\/strong><\/h3><p data-start=\"2679\" data-end=\"2710\">Wir k\u00f6nnen die erhobenen Daten verwenden, um:<\/p><ul data-start=\"2711\" data-end=\"2901\"><li data-start=\"2711\" data-end=\"2760\"><p data-start=\"2713\" data-end=\"2760\">Beantworten Sie Nachrichten, die \u00fcber das Kontaktformular gesendet wurden.<\/p><\/li><li data-start=\"2761\" data-end=\"2804\"><p data-start=\"2763\" data-end=\"2804\">Inhalte, Design und Navigation verbessern<\/p><\/li><li data-start=\"2805\" data-end=\"2857\"><p data-start=\"2807\" data-end=\"2857\">Verstehen, welche Themen die Leser am n\u00fctzlichsten finden<\/p><\/li><li data-start=\"2858\" data-end=\"2901\"><p data-start=\"2860\" data-end=\"2901\">Spam verhindern und die Sicherheit der Website gew\u00e4hrleisten<\/p><\/li><\/ul><p data-start=\"2903\" data-end=\"2975\">Wir <strong data-start=\"2906\" data-end=\"2920\">niemals verkaufen<\/strong>, Sie d\u00fcrfen Ihre pers\u00f6nlichen Daten nicht an Dritte weitergeben, verkaufen oder vermieten.<\/p><h3 data-start=\"2982\" data-end=\"3028\">6. <strong data-start=\"2988\" data-end=\"3028\">Eingebettete Inhalte von anderen Websites<\/strong><\/h3><p data-start=\"3030\" data-end=\"3311\">Artikel auf dieser Website k\u00f6nnen eingebettete Inhalte (z. B. Videos, Bilder oder externe Links) enthalten.<br data-start=\"3123\" data-end=\"3126\" \/>Eingebettete Inhalte von anderen Webseiten verhalten sich genau so, als ob der Besucher die andere Webseite besucht h\u00e4tte.<br data-start=\"3227\" data-end=\"3230\" \/>Diese Websites k\u00f6nnen unabh\u00e4ngig Daten sammeln, Cookies verwenden oder Interaktionen verfolgen.<\/p><h3 data-start=\"3318\" data-end=\"3342\">7. <strong data-start=\"3324\" data-end=\"3342\">Datenaufbewahrung<\/strong><\/h3><ul data-start=\"3344\" data-end=\"3590\"><li data-start=\"3344\" data-end=\"3444\"><p data-start=\"3346\" data-end=\"3444\">\u00dcber das Kontaktformular gesendete Nachrichten werden bis zu einer bestimmten Zeit sicher gespeichert. <strong data-start=\"3411\" data-end=\"3424\">12 Monate<\/strong> und wurde anschlie\u00dfend gel\u00f6scht.<\/p><\/li><li data-start=\"3445\" data-end=\"3532\"><p data-start=\"3447\" data-end=\"3532\">Die Analysedaten werden so lange gespeichert, wie es zur \u00dcberwachung der Website-Performance erforderlich ist.<\/p><\/li><li data-start=\"3533\" data-end=\"3590\"><p data-start=\"3535\" data-end=\"3590\">Wir speichern oder teilen keine sensiblen personenbezogenen Daten.<\/p><\/li><\/ul><h3 data-start=\"3597\" data-end=\"3618\">8. <strong data-start=\"3603\" data-end=\"3618\">Ihre Rechte<\/strong><\/h3><p data-start=\"3620\" data-end=\"3644\">Sie haben das Recht auf:<\/p><ul data-start=\"3645\" data-end=\"3786\"><li data-start=\"3645\" data-end=\"3689\"><p data-start=\"3647\" data-end=\"3689\">Fordern Sie eine Kopie Ihrer bei uns gespeicherten Daten an.<\/p><\/li><li data-start=\"3690\" data-end=\"3745\"><p data-start=\"3692\" data-end=\"3745\">Bitten Sie um Korrektur oder L\u00f6schung Ihrer Daten.<\/p><\/li><li data-start=\"3746\" data-end=\"3786\"><p data-start=\"3748\" data-end=\"3786\">Einwilligung zur Datenverarbeitung widerrufen<\/p><\/li><\/ul><p data-start=\"3788\" data-end=\"3857\">Um diese Rechte auszu\u00fcben, kontaktieren Sie uns unter <strong data-start=\"3828\" data-end=\"3854\"><a class=\"decorated-link cursor-pointer\" rel=\"noopener\" data-start=\"3830\" data-end=\"3852\">info@iptvcompanion.com<\/a><\/strong>.<\/p><h3 data-start=\"3864\" data-end=\"3887\">9. <strong data-start=\"3870\" data-end=\"3887\">Datensicherheit<\/strong><\/h3><p data-start=\"3889\" data-end=\"4160\">Wir nehmen Sicherheit ernst.<br data-start=\"3916\" data-end=\"3919\" \/>Unsere Website nutzt SSL-Verschl\u00fcsselung und sicheres Hosting, um die gesamte Daten\u00fcbertragung zu sch\u00fctzen.<br data-start=\"4003\" data-end=\"4006\" \/>Bitte beachten Sie jedoch, dass keine Online-\u00dcbertragung hundertprozentig sicher ist. Wir raten Nutzern daher dringend davon ab, sensible Informationen \u00fcber Kontaktformulare preiszugeben.<\/p><h3 data-start=\"4167\" data-end=\"4201\">10. <strong data-start=\"4174\" data-end=\"4201\">Links zu anderen Websites<\/strong><\/h3><p data-start=\"4203\" data-end=\"4415\">IPTV Companion kann Links zu anderen Webseiten enthalten.<br data-start=\"4254\" data-end=\"4257\" \/>Wir sind nicht verantwortlich f\u00fcr die Datenschutzpraktiken oder den Inhalt dieser Seiten.<br data-start=\"4331\" data-end=\"4334\" \/>Bitte lesen Sie deren Datenschutzrichtlinien, bevor Sie pers\u00f6nliche Informationen angeben.<\/p><h3 data-start=\"4422\" data-end=\"4455\">11. <strong data-start=\"4429\" data-end=\"4455\">\u00c4nderungen dieser Richtlinie<\/strong><\/h3><p data-start=\"4457\" data-end=\"4627\">Wir k\u00f6nnen diese Datenschutzrichtlinie von Zeit zu Zeit aktualisieren, um rechtlichen oder technischen \u00c4nderungen Rechnung zu tragen.<br data-start=\"4547\" data-end=\"4550\" \/>Alle Aktualisierungen werden auf dieser Seite mit einem aktualisierten Datum unter \u201cLetzte Aktualisierung\u201d ver\u00f6ffentlicht.<\/p><h3 data-start=\"4634\" data-end=\"4655\">12. <strong data-start=\"4641\" data-end=\"4655\">Kontaktieren Sie uns<\/strong><\/h3><p data-start=\"4657\" data-end=\"4764\">Wenn Sie Fragen zu dieser Datenschutzrichtlinie oder zur Verarbeitung Ihrer Daten haben, kontaktieren Sie uns bitte:<\/p><p data-start=\"4766\" data-end=\"4943\"><img decoding=\"async\" class=\"emoji\" role=\"img\" draggable=\"false\" src=\"https:\/\/s.w.org\/images\/core\/emoji\/16.0.1\/svg\/1f4e7.svg\" alt=\"\ud83d\udce7\" \/> <strong data-start=\"4769\" data-end=\"4779\">E-Mail:<\/strong> <a class=\"decorated-link cursor-pointer\" rel=\"noopener\" data-start=\"4780\" data-end=\"4835\">info@iptvcompanion.com<\/a><br data-start=\"4835\" data-end=\"4838\" \/><img decoding=\"async\" class=\"emoji\" role=\"img\" draggable=\"false\" src=\"https:\/\/s.w.org\/images\/core\/emoji\/16.0.1\/svg\/1f310.svg\" alt=\"\ud83c\udf10\" \/> <strong data-start=\"4841\" data-end=\"4858\">Kontaktseite:<\/strong> <a class=\"decorated-link cursor-pointer\" target=\"_new\" rel=\"noopener\" data-start=\"4859\" data-end=\"4941\">https:\/\/iptvcompanion.com\/pages\/contact<\/a><\/p><h4 data-start=\"4950\" data-end=\"4968\"><strong data-start=\"4954\" data-end=\"4968\">Zusammenfassung<\/strong><\/h4><p data-start=\"4969\" data-end=\"5116\">Wir sch\u00e4tzen Ihr Vertrauen.<br data-start=\"4989\" data-end=\"4992\" \/>Wir erfassen nur die Daten, die notwendig sind, um die Website besser funktionieren zu lassen, Ihre Daten zu sch\u00fctzen und geben sie niemals an Dritte weiter.<\/p>\t\t\t\t\t\t\t\t<\/div>\n\t\t\t\t\t<\/div>\n\t\t\t\t<\/div>\n\t\t\t\t<\/div>","protected":false},"excerpt":{"rendered":"<p>Privacy Policy Welcome to IPTV Companion.Your privacy matters to us, and we\u2019re committed to keeping your personal information safe and transparent about how we use it. This Privacy Policy explains what data we collect, how we use it, and your rights regarding that information when you visit our website. 1. Who We Are Website: https:\/\/iptvcompanion.comEmail:&#8230;<\/p>","protected":false},"author":1,"featured_media":0,"parent":0,"menu_order":0,"comment_status":"closed","ping_status":"closed","template":"","meta":{"_kad_post_transparent":"","_kad_post_title":"hide","_kad_post_layout":"fullwidth","_kad_post_sidebar_id":"","_kad_post_content_style":"unboxed","_kad_post_vertical_padding":"hide","_kad_post_feature":"hide","_kad_post_feature_position":"","_kad_post_header":false,"_kad_post_footer":false,"_kad_post_classname":"","footnotes":""},"class_list":["post-22","page","type-page","status-publish","hentry"],"_links":{"self":[{"href":"https:\/\/iptvcompanion.com\/de\/wp-json\/wp\/v2\/pages\/22","targetHints":{"allow":["GET"]}}],"collection":[{"href":"https:\/\/iptvcompanion.com\/de\/wp-json\/wp\/v2\/pages"}],"about":[{"href":"https:\/\/iptvcompanion.com\/de\/wp-json\/wp\/v2\/types\/page"}],"author":[{"embeddable":true,"href":"https:\/\/iptvcompanion.com\/de\/wp-json\/wp\/v2\/users\/1"}],"replies":[{"embeddable":true,"href":"https:\/\/iptvcompanion.com\/de\/wp-json\/wp\/v2\/comments?post=22"}],"version-history":[{"count":4,"href":"https:\/\/iptvcompanion.com\/de\/wp-json\/wp\/v2\/pages\/22\/revisions"}],"predecessor-version":[{"id":199,"href":"https:\/\/iptvcompanion.com\/de\/wp-json\/wp\/v2\/pages\/22\/revisions\/199"}],"wp:attachment":[{"href":"https:\/\/iptvcompanion.com\/de\/wp-json\/wp\/v2\/media?parent=22"}],"curies":[{"name":"wp","href":"https:\/\/api.w.org\/{rel}","templated":true}]}}