{"id":11,"date":"2025-10-06T10:35:06","date_gmt":"2025-10-06T10:35:06","guid":{"rendered":"https:\/\/iptvcompanion.com\/?page_id=11"},"modified":"2025-10-23T09:54:45","modified_gmt":"2025-10-23T08:54:45","slug":"acerca-de","status":"publish","type":"page","link":"https:\/\/iptvcompanion.com\/es\/acerca-de\/","title":{"rendered":"Acerca de"},"content":{"rendered":"<div data-elementor-type=\"wp-page\" data-elementor-id=\"11\" class=\"elementor elementor-11\" data-elementor-post-type=\"page\">\n\t\t\t\t<div class=\"elementor-element elementor-element-1b0de9ee e-flex e-con-boxed e-con e-parent\" data-id=\"1b0de9ee\" data-element_type=\"container\" data-e-type=\"container\" data-settings=\"{&quot;background_background&quot;:&quot;classic&quot;}\">\n\t\t\t\t\t<div class=\"e-con-inner\">\n\t\t\t\t<div class=\"elementor-element elementor-element-1d9c774a elementor-widget elementor-widget-elementskit-heading\" data-id=\"1d9c774a\" data-element_type=\"widget\" data-e-type=\"widget\" data-widget_type=\"elementskit-heading.default\">\n\t\t\t\t\t<div class=\"ekit-wid-con\" ><div class=\"ekit-heading elementskit-section-title-wraper center   ekit_heading_tablet-   ekit_heading_mobile-\"><h1 class=\"ekit-heading--title elementskit-section-title\">Acerca de <span><span>Compa\u00f1ero de IPTV<\/span><\/span><\/h1><div class=\"ekit_heading_separetor_wraper ekit_heading_elementskit-border-divider elementskit-style-long\"><div class=\"elementskit-border-divider elementskit-style-long\"><\/div><\/div><\/div><\/div>\t\t\t\t<\/div>\n\t\t\t\t<div class=\"elementor-element elementor-element-4a3ce32 elementor-widget__width-initial elementor-widget elementor-widget-text-editor\" data-id=\"4a3ce32\" data-element_type=\"widget\" data-e-type=\"widget\" data-widget_type=\"text-editor.default\">\n\t\t\t\t\t\t\t\t\t<h3 data-start=\"332\" data-end=\"362\">Ayud\u00e1ndote a transmitir de forma m\u00e1s inteligente<\/h3><p data-start=\"364\" data-end=\"506\">Bienvenido a <strong data-start=\"375\" data-end=\"393\">Compa\u00f1ero de IPTV<\/strong>, un lugar creado por entusiastas del streaming cotidiano que quer\u00edan que la IPTV fuera sencilla, clara y sin frustraciones.<\/p><p data-start=\"508\" data-end=\"781\">Sabemos lo confuso que puede ser elegir el servicio o la aplicaci\u00f3n adecuados. Hay much\u00edsima publicidad en l\u00ednea, promesas, anuncios y opiniones contradictorias que te hacen dudar de la realidad. Por eso, decidimos crear algo diferente: un espacio honesto, f\u00e1cil de seguir y realmente \u00fatil.<\/p><h3 data-start=\"788\" data-end=\"802\">Qu\u00e9 hacemos<\/h3><p data-start=\"804\" data-end=\"902\">En IPTV Companion, probamos y exploramos las herramientas que hacen posible la transmisi\u00f3n.<br data-start=\"882\" data-end=\"885\" \/>Escribimos sobre:<\/p><ul data-start=\"903\" data-end=\"1083\"><li data-start=\"903\" data-end=\"957\"><p data-start=\"905\" data-end=\"957\">Plataformas y aplicaciones que la gente realmente usa.<\/p><\/li><li data-start=\"958\" data-end=\"1007\"><p data-start=\"960\" data-end=\"1007\">Dispositivos que hacen que el IPTV funcione sin problemas en casa.<\/p><\/li><li data-start=\"1008\" data-end=\"1083\"><p data-start=\"1010\" data-end=\"1083\">Gu\u00edas paso a paso para ayudarle a configurar todo sin dolores de cabeza.<\/p><\/li><\/ul><p data-start=\"1085\" data-end=\"1273\">No vendemos suscripciones, ni promocionamos proveedores espec\u00edficos ni promocionamos ofertas de afiliados disfrazadas de rese\u00f1as. Nuestro \u00fanico objetivo es compartir lo que funciona y lo que no, bas\u00e1ndonos en experiencias reales.<\/p><h3 data-start=\"1280\" data-end=\"1298\">\u00bfPor qu\u00e9 empezamos?<\/h3><p data-start=\"1300\" data-end=\"1548\">Todo empez\u00f3 con un problema sencillo: nadie daba respuestas directas.<br data-start=\"1367\" data-end=\"1370\" \/>Algunos servicios parec\u00edan excelentes, pero no funcionaban. Otros funcionaban bien, pero eran dif\u00edciles de configurar.<br data-start=\"1460\" data-end=\"1463\" \/>As\u00ed que decidimos probar las cosas nosotros mismos y compartir lo que aprendimos en un lenguaje sencillo.<\/p><p data-start=\"1550\" data-end=\"1683\">Esa idea se convirti\u00f3 en IPTV Companion, un proyecto creado en torno a la curiosidad, la honestidad y la ayuda a otros para transmitir sin prueba y error.<\/p><h3 data-start=\"1690\" data-end=\"1713\">Qu\u00e9 puedes esperar<\/h3><p data-start=\"1715\" data-end=\"1754\">Cuando visite nuestro sitio, encontrar\u00e1:<\/p><ul data-start=\"1755\" data-end=\"1927\"><li data-start=\"1755\" data-end=\"1798\"><p data-start=\"1757\" data-end=\"1798\">Rese\u00f1as honestas escritas por probadores reales.<\/p><\/li><li data-start=\"1799\" data-end=\"1865\"><p data-start=\"1801\" data-end=\"1865\">Gu\u00edas de configuraci\u00f3n pr\u00e1cticas que no dan por sentado que eres un experto en tecnolog\u00eda.<\/p><\/li><li data-start=\"1866\" data-end=\"1927\"><p data-start=\"1868\" data-end=\"1927\">Consejos para que su experiencia de visualizaci\u00f3n sea m\u00e1s fluida y sencilla.<\/p><\/li><\/ul><p data-start=\"1929\" data-end=\"2056\">Sin tonter\u00edas, sin clickbait, sin jerga confusa, solo informaci\u00f3n clara de personas que realmente usan lo que escriben.<\/p><h3 data-start=\"2063\" data-end=\"2079\">Cont\u00e1ctanos<\/h3><p data-start=\"2081\" data-end=\"2212\">Nos encanta saber de nuestros lectores.<br data-start=\"2110\" data-end=\"2113\" \/>Si tienes alguna pregunta, sugerencia o quieres compartir tu experiencia, cont\u00e1ctanos en cualquier momento.<\/p><p data-start=\"2214\" data-end=\"2358\"><img decoding=\"async\" class=\"emoji\" role=\"img\" draggable=\"false\" src=\"https:\/\/s.w.org\/images\/core\/emoji\/16.0.1\/svg\/1f4e9.svg\" alt=\"\ud83d\udce9\" \/> <strong data-start=\"2217\" data-end=\"2227\">Correo electr\u00f3nico:<\/strong> <a class=\"decorated-link cursor-pointer\" rel=\"noopener\" data-start=\"2228\" data-end=\"2250\">info@iptvcompanion.com<\/a><br data-start=\"2250\" data-end=\"2253\" \/><img decoding=\"async\" class=\"emoji\" role=\"img\" draggable=\"false\" src=\"https:\/\/s.w.org\/images\/core\/emoji\/16.0.1\/svg\/1f4cd.svg\" alt=\"\ud83d\udccd\" \/> <strong data-start=\"2256\" data-end=\"2273\">P\u00e1gina de contacto:<\/strong> <a class=\"decorated-link cursor-pointer\" target=\"_new\" rel=\"noopener\" data-start=\"2274\" data-end=\"2356\">https:\/\/iptvcompanion.com\/pages\/contact<\/a><\/p><h3 data-start=\"2365\" data-end=\"2377\">En breve<\/h3><p data-start=\"2379\" data-end=\"2625\"><strong data-start=\"2379\" data-end=\"2397\">Compa\u00f1ero de IPTV<\/strong> No es una empresa; es una comunidad de personas que disfrutan del streaming y quieren hacerlo m\u00e1s f\u00e1cil para todos los dem\u00e1s.<br data-start=\"2508\" data-end=\"2511\" \/>Si algo te ahorra tiempo, te ayuda a configurar m\u00e1s r\u00e1pido o te ense\u00f1a algo nuevo, para eso estamos aqu\u00ed.<\/p>\t\t\t\t\t\t\t\t<\/div>\n\t\t\t\t\t<\/div>\n\t\t\t\t<\/div>\n\t\t\t\t<\/div>","protected":false},"excerpt":{"rendered":"<p>About IPTV Companion Helping You Stream Smarter Welcome to IPTV Companion, a place built by everyday streaming enthusiasts who wanted to make IPTV simple, clear, and frustration-free. We know how confusing it can be to pick the right service or app. There\u2019s endless noise online, promises, ads, and mixed reviews that leave you wondering what\u2019s&#8230;<\/p>","protected":false},"author":1,"featured_media":0,"parent":0,"menu_order":0,"comment_status":"closed","ping_status":"closed","template":"","meta":{"_kad_post_transparent":"","_kad_post_title":"hide","_kad_post_layout":"fullwidth","_kad_post_sidebar_id":"","_kad_post_content_style":"unboxed","_kad_post_vertical_padding":"hide","_kad_post_feature":"hide","_kad_post_feature_position":"","_kad_post_header":false,"_kad_post_footer":false,"_kad_post_classname":"","footnotes":""},"class_list":["post-11","page","type-page","status-publish","hentry"],"_links":{"self":[{"href":"https:\/\/iptvcompanion.com\/es\/wp-json\/wp\/v2\/pages\/11","targetHints":{"allow":["GET"]}}],"collection":[{"href":"https:\/\/iptvcompanion.com\/es\/wp-json\/wp\/v2\/pages"}],"about":[{"href":"https:\/\/iptvcompanion.com\/es\/wp-json\/wp\/v2\/types\/page"}],"author":[{"embeddable":true,"href":"https:\/\/iptvcompanion.com\/es\/wp-json\/wp\/v2\/users\/1"}],"replies":[{"embeddable":true,"href":"https:\/\/iptvcompanion.com\/es\/wp-json\/wp\/v2\/comments?post=11"}],"version-history":[{"count":13,"href":"https:\/\/iptvcompanion.com\/es\/wp-json\/wp\/v2\/pages\/11\/revisions"}],"predecessor-version":[{"id":185,"href":"https:\/\/iptvcompanion.com\/es\/wp-json\/wp\/v2\/pages\/11\/revisions\/185"}],"wp:attachment":[{"href":"https:\/\/iptvcompanion.com\/es\/wp-json\/wp\/v2\/media?parent=11"}],"curies":[{"name":"wp","href":"https:\/\/api.w.org\/{rel}","templated":true}]}}