{"id":18,"date":"2025-10-06T10:35:40","date_gmt":"2025-10-06T10:35:40","guid":{"rendered":"https:\/\/iptvcompanion.com\/?page_id=18"},"modified":"2025-10-23T09:53:25","modified_gmt":"2025-10-23T08:53:25","slug":"descargo-de-responsabilidad","status":"publish","type":"page","link":"https:\/\/iptvcompanion.com\/es\/descargo-de-responsabilidad\/","title":{"rendered":"Descargo de responsabilidad"},"content":{"rendered":"<div data-elementor-type=\"wp-page\" data-elementor-id=\"18\" class=\"elementor elementor-18\" data-elementor-post-type=\"page\">\n\t\t\t\t<div class=\"elementor-element elementor-element-246b10b e-flex e-con-boxed e-con e-parent\" data-id=\"246b10b\" data-element_type=\"container\" data-e-type=\"container\" data-settings=\"{&quot;background_background&quot;:&quot;classic&quot;}\">\n\t\t\t\t\t<div class=\"e-con-inner\">\n\t\t\t\t<div class=\"elementor-element elementor-element-bb10f6f elementor-widget elementor-widget-elementskit-heading\" data-id=\"bb10f6f\" data-element_type=\"widget\" data-e-type=\"widget\" data-widget_type=\"elementskit-heading.default\">\n\t\t\t\t\t<div class=\"ekit-wid-con\" ><div class=\"ekit-heading elementskit-section-title-wraper center   ekit_heading_tablet-   ekit_heading_mobile-\"><h1 class=\"ekit-heading--title elementskit-section-title\"><span><span>Descargo de responsabilidad<\/span><\/span><\/h1><div class=\"ekit_heading_separetor_wraper ekit_heading_elementskit-border-divider elementskit-style-long\"><div class=\"elementskit-border-divider elementskit-style-long\"><\/div><\/div><\/div><\/div>\t\t\t\t<\/div>\n\t\t\t\t<div class=\"elementor-element elementor-element-bd9eb44 elementor-widget__width-initial elementor-widget elementor-widget-text-editor\" data-id=\"bd9eb44\" data-element_type=\"widget\" data-e-type=\"widget\" data-widget_type=\"text-editor.default\">\n\t\t\t\t\t\t\t\t\t<p data-start=\"338\" data-end=\"536\"><strong data-start=\"304\" data-end=\"321\">\u00daltima actualizaci\u00f3n:<\/strong> Octubre de 2025<\/p><p data-start=\"338\" data-end=\"536\">Bienvenido a <strong data-start=\"349\" data-end=\"367\">Compa\u00f1ero de IPTV<\/strong>.<br data-start=\"368\" data-end=\"371\" \/>Este descargo de responsabilidad explica los l\u00edmites de nuestra responsabilidad con respecto a la informaci\u00f3n compartida en nuestro sitio web, <a class=\"decorated-link cursor-pointer\" target=\"_new\" rel=\"noopener\" data-start=\"479\" data-end=\"533\">https:\/\/iptvcompanion.com<\/a>.<\/p><p data-start=\"538\" data-end=\"620\">Al utilizar este sitio, usted acepta que ha le\u00eddo y comprendido este Descargo de responsabilidad.<\/p><h3 data-start=\"627\" data-end=\"656\">1. <strong data-start=\"633\" data-end=\"656\">Informaci\u00f3n general<\/strong><\/h3><p data-start=\"658\" data-end=\"921\"><strong data-start=\"658\" data-end=\"676\">Compa\u00f1ero de IPTV<\/strong> es un sitio web independiente que publica art\u00edculos, rese\u00f1as, comparaciones y gu\u00edas de configuraci\u00f3n relacionadas con servicios, aplicaciones y dispositivos de IPTV.<br data-start=\"811\" data-end=\"814\" \/>Nosotros lo hacemos <strong data-start=\"820\" data-end=\"827\">no<\/strong> vender suscripciones de IPTV, alojar contenido de transmisi\u00f3n o proporcionar acceso a material protegido por derechos de autor.<\/p><p data-start=\"923\" data-end=\"1017\">Todo el contenido de este sitio web es proporcionado <strong data-start=\"963\" data-end=\"1014\">S\u00f3lo con fines informativos y educativos<\/strong>.<\/p><h3 data-start=\"1024\" data-end=\"1063\">2. <strong data-start=\"1030\" data-end=\"1063\">Sin afiliaci\u00f3n ni respaldo<\/strong><\/h3><p data-start=\"1065\" data-end=\"1268\">Todos los nombres de productos, aplicaciones, dispositivos o servicios mencionados en este sitio web pertenecen a sus respectivos propietarios.<br data-start=\"1171\" data-end=\"1174\" \/>Todas las marcas comerciales y nombres de marca se utilizan <strong data-start=\"1214\" data-end=\"1265\">s\u00f3lo para fines de identificaci\u00f3n o descriptivos<\/strong>.<\/p><p data-start=\"1270\" data-end=\"1396\">Somos <strong data-start=\"1277\" data-end=\"1330\">no afiliado con, patrocinado por, o respaldado por<\/strong> cualquier servicio de IPTV, desarrollador de software o fabricante de hardware.<\/p><h3 data-start=\"1403\" data-end=\"1436\">3. <strong data-start=\"1409\" data-end=\"1436\">Exactitud de la informaci\u00f3n<\/strong><\/h3><p data-start=\"1438\" data-end=\"1685\">Hacemos todo lo posible para garantizar que la informaci\u00f3n publicada en IPTV Companion sea precisa y est\u00e9 actualizada.<br data-start=\"1539\" data-end=\"1542\" \/>Sin embargo, no podemos garantizar que todos los detalles sean siempre correctos, completos o actuales. La tecnolog\u00eda y los servicios de IPTV cambian con frecuencia.<\/p><p data-start=\"1687\" data-end=\"1882\">El uso de la informaci\u00f3n contenida en este sitio web es <strong data-start=\"1729\" data-end=\"1755\">a su propia discreci\u00f3n<\/strong>.<br data-start=\"1756\" data-end=\"1759\" \/>No seremos responsables de ning\u00fan error, omisi\u00f3n o resultado que resulte de c\u00f3mo usted aplique la informaci\u00f3n proporcionada aqu\u00ed.<\/p><h3 data-start=\"1889\" data-end=\"1913\">4. <strong data-start=\"1895\" data-end=\"1913\">Enlaces externos<\/strong><\/h3><p data-start=\"1915\" data-end=\"2079\">Nuestros art\u00edculos pueden contener enlaces a sitios web de terceros para referencia o conveniencia.<br data-start=\"1999\" data-end=\"2002\" \/>No tenemos control sobre el contenido, las pol\u00edticas o las pr\u00e1cticas de esos sitios.<\/p><p data-start=\"2081\" data-end=\"2227\">Visitar enlaces externos desde IPTV Companion es totalmente gratuito. <strong data-start=\"2137\" data-end=\"2157\">bajo su propio riesgo<\/strong>, y no somos responsables de ninguna p\u00e9rdida o da\u00f1o que pueda resultar.<\/p><h3 data-start=\"2234\" data-end=\"2272\">5. <strong data-start=\"2240\" data-end=\"2272\">Sin asesoramiento legal ni t\u00e9cnico<\/strong><\/h3><p data-start=\"2274\" data-end=\"2495\">La informaci\u00f3n compartida en IPTV Companion debe <strong data-start=\"2322\" data-end=\"2329\">no<\/strong> considerarse asesoramiento t\u00e9cnico legal, financiero o profesional.<br data-start=\"2395\" data-end=\"2398\" \/>Simplemente compartimos opiniones personales, tutoriales y experiencias de pruebas con fines educativos.<\/p><p data-start=\"2497\" data-end=\"2568\">Si necesita orientaci\u00f3n profesional, consulte con un experto cualificado.<\/p><h3 data-start=\"2575\" data-end=\"2604\">6. <strong data-start=\"2581\" data-end=\"2604\">Responsabilidad del usuario<\/strong><\/h3><p data-start=\"2606\" data-end=\"2837\">Al utilizar este sitio web, usted acepta que es el \u00fanico responsable del uso que haga de la informaci\u00f3n, las herramientas o los productos aqu\u00ed mencionados.<br data-start=\"2738\" data-end=\"2741\" \/>No fomentamos ni apoyamos el uso de servicios de IPTV para transmisi\u00f3n no autorizada o ilegal.<\/p><p data-start=\"2839\" data-end=\"2918\">Cada usuario es responsable de cumplir con las leyes y regulaciones locales.<\/p><h3 data-start=\"2925\" data-end=\"2958\">7. <strong data-start=\"2931\" data-end=\"2958\">Limitaci\u00f3n de responsabilidad<\/strong><\/h3><p data-start=\"2960\" data-end=\"3107\">Bajo ninguna circunstancia IPTV Companion, sus propietarios, autores o colaboradores ser\u00e1n responsables por da\u00f1os directos o indirectos que surjan de:<\/p><ul data-start=\"3108\" data-end=\"3284\"><li data-start=\"3108\" data-end=\"3152\"><p data-start=\"3110\" data-end=\"3152\">El uso o la imposibilidad de utilizar este sitio web<\/p><\/li><li data-start=\"3153\" data-end=\"3202\"><p data-start=\"3155\" data-end=\"3202\">Errores, inexactitudes u omisiones en el contenido<\/p><\/li><li data-start=\"3203\" data-end=\"3234\"><p data-start=\"3205\" data-end=\"3234\">Enlaces a recursos externos<\/p><\/li><li data-start=\"3235\" data-end=\"3284\"><p data-start=\"3237\" data-end=\"3284\">Decisiones tomadas en base a nuestras rese\u00f1as o gu\u00edas<\/p><\/li><\/ul><p data-start=\"3286\" data-end=\"3342\">Todo uso de este sitio es enteramente <strong data-start=\"3319\" data-end=\"3339\">bajo su propio riesgo<\/strong>.<\/p><h3 data-start=\"3349\" data-end=\"3385\">8. <strong data-start=\"3355\" data-end=\"3385\">Cambios a este descargo de responsabilidad<\/strong><\/h3><p data-start=\"3387\" data-end=\"3513\">Podemos actualizar este Descargo de responsabilidad en cualquier momento sin previo aviso.<br data-start=\"3450\" data-end=\"3453\" \/>La fecha de \u201c\u00daltima actualizaci\u00f3n\u201d que aparece arriba refleja la \u00faltima versi\u00f3n.<\/p><p data-start=\"3515\" data-end=\"3587\">Invitamos a los visitantes a consultar esta p\u00e1gina peri\u00f3dicamente para ver si hay actualizaciones.<\/p><h3>9. <strong data-start=\"3600\" data-end=\"3614\">Cont\u00e1ctenos<\/strong><\/h3><p data-start=\"3616\" data-end=\"3685\">Si tiene alguna pregunta sobre este descargo de responsabilidad, comun\u00edquese con nosotros:<\/p><p data-start=\"3687\" data-end=\"3864\"><img decoding=\"async\" class=\"emoji\" role=\"img\" draggable=\"false\" src=\"https:\/\/s.w.org\/images\/core\/emoji\/16.0.1\/svg\/1f4e7.svg\" alt=\"\ud83d\udce7\" \/> <strong data-start=\"3690\" data-end=\"3700\">Correo electr\u00f3nico:<\/strong> <a class=\"decorated-link cursor-pointer\" rel=\"noopener\" data-start=\"3701\" data-end=\"3756\">info@iptvcompanion.com<\/a><br data-start=\"3756\" data-end=\"3759\" \/><img decoding=\"async\" class=\"emoji\" role=\"img\" draggable=\"false\" src=\"https:\/\/s.w.org\/images\/core\/emoji\/16.0.1\/svg\/1f310.svg\" alt=\"\ud83c\udf10\" \/> <strong data-start=\"3762\" data-end=\"3779\">P\u00e1gina de contacto:<\/strong> <a class=\"decorated-link cursor-pointer\" target=\"_new\" rel=\"noopener\" data-start=\"3780\" data-end=\"3862\">https:\/\/iptvcompanion.com\/pages\/contact<\/a><\/p>\t\t\t\t\t\t\t\t<\/div>\n\t\t\t\t\t<\/div>\n\t\t\t\t<\/div>\n\t\t\t\t<\/div>","protected":false},"excerpt":{"rendered":"<p>Disclaimer Last Updated: October 2025 Welcome to IPTV Companion.This Disclaimer explains the limits of our responsibility regarding the information shared on our website, https:\/\/iptvcompanion.com. By using this site, you agree that you have read and understood this Disclaimer. 1. General Information IPTV Companion is an independent website that publishes articles, reviews, comparisons, and setup guides&#8230;<\/p>","protected":false},"author":1,"featured_media":0,"parent":0,"menu_order":0,"comment_status":"closed","ping_status":"closed","template":"","meta":{"_kad_post_transparent":"","_kad_post_title":"hide","_kad_post_layout":"fullwidth","_kad_post_sidebar_id":"","_kad_post_content_style":"unboxed","_kad_post_vertical_padding":"hide","_kad_post_feature":"hide","_kad_post_feature_position":"","_kad_post_header":false,"_kad_post_footer":false,"_kad_post_classname":"","footnotes":""},"class_list":["post-18","page","type-page","status-publish","hentry"],"_links":{"self":[{"href":"https:\/\/iptvcompanion.com\/es\/wp-json\/wp\/v2\/pages\/18","targetHints":{"allow":["GET"]}}],"collection":[{"href":"https:\/\/iptvcompanion.com\/es\/wp-json\/wp\/v2\/pages"}],"about":[{"href":"https:\/\/iptvcompanion.com\/es\/wp-json\/wp\/v2\/types\/page"}],"author":[{"embeddable":true,"href":"https:\/\/iptvcompanion.com\/es\/wp-json\/wp\/v2\/users\/1"}],"replies":[{"embeddable":true,"href":"https:\/\/iptvcompanion.com\/es\/wp-json\/wp\/v2\/comments?post=18"}],"version-history":[{"count":4,"href":"https:\/\/iptvcompanion.com\/es\/wp-json\/wp\/v2\/pages\/18\/revisions"}],"predecessor-version":[{"id":207,"href":"https:\/\/iptvcompanion.com\/es\/wp-json\/wp\/v2\/pages\/18\/revisions\/207"}],"wp:attachment":[{"href":"https:\/\/iptvcompanion.com\/es\/wp-json\/wp\/v2\/media?parent=18"}],"curies":[{"name":"wp","href":"https:\/\/api.w.org\/{rel}","templated":true}]}}