{"id":20,"date":"2025-10-06T10:35:56","date_gmt":"2025-10-06T10:35:56","guid":{"rendered":"https:\/\/iptvcompanion.com\/?page_id=20"},"modified":"2025-10-23T09:55:16","modified_gmt":"2025-10-23T08:55:16","slug":"condiciones-de-uso","status":"publish","type":"page","link":"https:\/\/iptvcompanion.com\/es\/condiciones-de-uso\/","title":{"rendered":"Condiciones de uso"},"content":{"rendered":"<div data-elementor-type=\"wp-page\" data-elementor-id=\"20\" class=\"elementor elementor-20\" data-elementor-post-type=\"page\">\n\t\t\t\t<div class=\"elementor-element elementor-element-b684077 e-flex e-con-boxed e-con e-parent\" data-id=\"b684077\" data-element_type=\"container\" data-e-type=\"container\" data-settings=\"{&quot;background_background&quot;:&quot;classic&quot;}\">\n\t\t\t\t\t<div class=\"e-con-inner\">\n\t\t\t\t<div class=\"elementor-element elementor-element-9b46449 elementor-widget elementor-widget-elementskit-heading\" data-id=\"9b46449\" data-element_type=\"widget\" data-e-type=\"widget\" data-widget_type=\"elementskit-heading.default\">\n\t\t\t\t\t<div class=\"ekit-wid-con\" ><div class=\"ekit-heading elementskit-section-title-wraper center   ekit_heading_tablet-   ekit_heading_mobile-\"><h1 class=\"ekit-heading--title elementskit-section-title\">T\u00e9rminos de <span><span>Usar<\/span><\/span><\/h1><div class=\"ekit_heading_separetor_wraper ekit_heading_elementskit-border-divider elementskit-style-long\"><div class=\"elementskit-border-divider elementskit-style-long\"><\/div><\/div><\/div><\/div>\t\t\t\t<\/div>\n\t\t\t\t<div class=\"elementor-element elementor-element-8ae3934 elementor-widget__width-initial elementor-widget elementor-widget-text-editor\" data-id=\"8ae3934\" data-element_type=\"widget\" data-e-type=\"widget\" data-widget_type=\"text-editor.default\">\n\t\t\t\t\t\t\t\t\t<p data-start=\"385\" data-end=\"604\">Bienvenido a <strong data-start=\"396\" data-end=\"414\">Compa\u00f1ero de IPTV<\/strong>.<br data-start=\"415\" data-end=\"418\">Al acceder o utilizar nuestro sitio web \u2014 <a class=\"decorated-link cursor-pointer\" target=\"_new\" rel=\"noopener\" data-start=\"454\" data-end=\"508\">https:\/\/iptvcompanion.com<\/a> \u2014 usted acepta cumplir estos T\u00e9rminos de uso.<br data-start=\"550\" data-end=\"553\">L\u00e9alas detenidamente antes de utilizar el sitio.<\/p>\n<p data-start=\"606\" data-end=\"688\">Si no est\u00e1 de acuerdo con estos t\u00e9rminos, no debe utilizar ni acceder a este sitio web.<\/p>\n<h3 data-start=\"695\" data-end=\"724\">1. <strong data-start=\"701\" data-end=\"724\">Informaci\u00f3n general<\/strong><\/h3>\n<p data-start=\"726\" data-end=\"986\">IPTV Companion es un sitio web informativo independiente.<br data-start=\"781\" data-end=\"784\">Ofrecemos contenido educativo, rese\u00f1as y tutoriales sobre herramientas, aplicaciones y dispositivos relacionados con IPTV.<br data-start=\"883\" data-end=\"886\">Nosotros lo hacemos <strong data-start=\"892\" data-end=\"899\">no<\/strong> vender suscripciones de IPTV, distribuir material con derechos de autor o alojar contenido de transmisi\u00f3n.<\/p>\n<p data-start=\"988\" data-end=\"1096\">Nuestro objetivo es ayudar a los visitantes a tomar decisiones informadas y mejorar su experiencia de IPTV de forma segura y legal.<\/p>\n<h3 data-start=\"1103\" data-end=\"1127\">2. <strong data-start=\"1109\" data-end=\"1127\">Uso del contenido<\/strong><\/h3>\n<p data-start=\"1129\" data-end=\"1258\">Todos los textos, im\u00e1genes, gr\u00e1ficos y otros materiales de este sitio web pertenecen a <strong data-start=\"1203\" data-end=\"1221\">Compa\u00f1ero de IPTV<\/strong> a menos que se indique lo contrario.<br data-start=\"1245\" data-end=\"1248\">Puedes:<\/p>\n<ul data-start=\"1259\" data-end=\"1425\">\n<li data-start=\"1259\" data-end=\"1324\">\n<p data-start=\"1261\" data-end=\"1324\">Lea y comparta nuestros art\u00edculos para uso personal y no comercial.<\/p>\n<\/li>\n<li data-start=\"1325\" data-end=\"1425\">\n<p data-start=\"1327\" data-end=\"1425\">Cite peque\u00f1as porciones de nuestro contenido siempre que incluya un enlace de cr\u00e9dito visible a nuestro sitio web.<\/p>\n<\/li>\n<\/ul>\n<p data-start=\"1427\" data-end=\"1445\">Puedes <strong data-start=\"1435\" data-end=\"1442\">no<\/strong>:<\/p>\n<ul data-start=\"1446\" data-end=\"1640\">\n<li data-start=\"1446\" data-end=\"1513\">\n<p data-start=\"1448\" data-end=\"1513\">Copiar, reproducir o republicar art\u00edculos completos sin permiso.<\/p>\n<\/li>\n<li data-start=\"1514\" data-end=\"1582\">\n<p data-start=\"1516\" data-end=\"1582\">Utilizar nuestro contenido con fines comerciales, enga\u00f1osos o ilegales.<\/p>\n<\/li>\n<li data-start=\"1583\" data-end=\"1640\">\n<p data-start=\"1585\" data-end=\"1640\">Reclama cualquier parte del contenido de este sitio web como propio.<\/p>\n<\/li>\n<\/ul>\n<p data-start=\"1642\" data-end=\"1710\">Para solicitudes de permisos, cont\u00e1ctenos en <strong data-start=\"1681\" data-end=\"1707\"><a class=\"decorated-link cursor-pointer\" rel=\"noopener\" data-start=\"1683\" data-end=\"1705\">info@iptvcompanion.com<\/a><\/strong>.<\/p>\n<h3 data-start=\"1717\" data-end=\"1747\">3. <strong data-start=\"1723\" data-end=\"1747\">Precisi\u00f3n de la informaci\u00f3n<\/strong><\/h3>\n<p data-start=\"1749\" data-end=\"1973\">Hacemos todo lo posible para garantizar que toda la informaci\u00f3n publicada en IPTV Companion sea precisa y est\u00e9 actualizada.<br data-start=\"1845\" data-end=\"1848\">Sin embargo, la tecnolog\u00eda y las plataformas de IPTV cambian con frecuencia, por lo que no podemos garantizar que todos los detalles est\u00e9n siempre actualizados.<\/p>\n<p data-start=\"1975\" data-end=\"2149\">Utilice la informaci\u00f3n de este sitio a su propia discreci\u00f3n. No nos responsabilizamos de errores, informaci\u00f3n desactualizada ni de ninguna consecuencia derivada del uso que usted haga del contenido.<\/p>\n<h3 data-start=\"2156\" data-end=\"2180\">4. <strong data-start=\"2162\" data-end=\"2180\">Enlaces externos<\/strong><\/h3>\n<p data-start=\"2182\" data-end=\"2324\">Nuestros art\u00edculos pueden contener enlaces a sitios web o herramientas de terceros.<br data-start=\"2246\" data-end=\"2249\">Estos enlaces se proporcionan \u00fanicamente con fines pr\u00e1cticos e informativos.<\/p>\n<p data-start=\"2326\" data-end=\"2470\">Nosotros lo hacemos <strong data-start=\"2332\" data-end=\"2339\">no<\/strong> No controla ni avala ning\u00fan sitio web externo, su contenido ni sus pr\u00e1cticas de privacidad. Visitarlos es bajo su propio riesgo.<\/p>\n<h3 data-start=\"2477\" data-end=\"2499\">5. <strong data-start=\"2483\" data-end=\"2499\">Conducta del usuario<\/strong><\/h3>\n<p data-start=\"2501\" data-end=\"2547\">Al utilizar IPTV Companion, usted acepta no:<\/p>\n<ul data-start=\"2548\" data-end=\"2777\">\n<li data-start=\"2548\" data-end=\"2634\">\n<p data-start=\"2550\" data-end=\"2634\">Publicar o enviar spam, mensajes abusivos o contenido ilegal a trav\u00e9s de nuestros formularios de contacto.<\/p>\n<\/li>\n<li data-start=\"2635\" data-end=\"2703\">\n<p data-start=\"2637\" data-end=\"2703\">Intentar da\u00f1ar, piratear o interrumpir la funcionalidad de nuestro sitio web.<\/p>\n<\/li>\n<li data-start=\"2704\" data-end=\"2777\">\n<p data-start=\"2706\" data-end=\"2777\">Utilizar nuestro contenido de cualquier forma que viole las leyes locales o internacionales.<\/p>\n<\/li>\n<\/ul>\n<p data-start=\"2779\" data-end=\"2865\">Nos reservamos el derecho de bloquear o eliminar el acceso a cualquier usuario que viole estos t\u00e9rminos.<\/p>\n<h3 data-start=\"2872\" data-end=\"2903\">6. <strong data-start=\"2878\" data-end=\"2903\">Propiedad intelectual<\/strong><\/h3>\n<p data-start=\"2905\" data-end=\"3093\">Todos los logotipos, im\u00e1genes y contenido escrito en IPTV Companion est\u00e1n protegidos por las leyes de derechos de autor y propiedad intelectual.<br data-start=\"3020\" data-end=\"3023\">No podr\u00e1 reproducirlos ni distribuirlos sin permiso por escrito.<\/p>\n<p data-start=\"3095\" data-end=\"3230\">Todas las marcas comerciales mencionadas en este sitio web pertenecen a sus respectivos propietarios y se utilizan \u00fanicamente con fines descriptivos o educativos.<\/p>\n<h3 data-start=\"3237\" data-end=\"3257\">7. <strong data-start=\"3243\" data-end=\"3257\">Descargo de responsabilidad<\/strong><\/h3>\n<p data-start=\"3259\" data-end=\"3411\">IPTV Companion proporciona \u00fanicamente informaci\u00f3n general y opiniones.<br data-start=\"3321\" data-end=\"3324\">Somos <strong data-start=\"3331\" data-end=\"3354\">no afiliado con<\/strong> o respaldado por cualquier proveedor de IPTV o empresa de transmisi\u00f3n.<\/p>\n<p data-start=\"3413\" data-end=\"3435\">No garantizamos:<\/p>\n<ul data-start=\"3436\" data-end=\"3576\">\n<li data-start=\"3436\" data-end=\"3508\">\n<p data-start=\"3438\" data-end=\"3508\">La calidad, confiabilidad o legalidad de cualquier servicio de IPTV mencionado.<\/p>\n<\/li>\n<li data-start=\"3509\" data-end=\"3576\">\n<p data-start=\"3511\" data-end=\"3576\">Que cualquier aplicaci\u00f3n, dispositivo o plataforma funcionar\u00e1 sin problemas.<\/p>\n<\/li>\n<\/ul>\n<p data-start=\"3578\" data-end=\"3734\">Todas las recomendaciones y rese\u00f1as se basan en investigaciones independientes y pruebas personales.<br data-start=\"3665\" data-end=\"3668\">Utiliza cualquier producto o servicio de terceros <strong data-start=\"3711\" data-end=\"3731\">bajo su propio riesgo<\/strong>.<\/p>\n<h3 data-start=\"3741\" data-end=\"3774\">8. <strong data-start=\"3747\" data-end=\"3774\">Limitaci\u00f3n de responsabilidad<\/strong><\/h3>\n<p data-start=\"3776\" data-end=\"3973\">Bajo ninguna circunstancia IPTV Companion o su equipo ser\u00e1n responsables de p\u00e9rdidas, da\u00f1os o problemas directos o indirectos que resulten de su uso de este sitio web, incluidos, entre otros:<\/p>\n<ul data-start=\"3974\" data-end=\"4086\">\n<li data-start=\"3974\" data-end=\"4006\">\n<p data-start=\"3976\" data-end=\"4006\">Errores t\u00e9cnicos o tiempos de inactividad<\/p>\n<\/li>\n<li data-start=\"4007\" data-end=\"4028\">\n<p data-start=\"4009\" data-end=\"4028\">Mal uso del contenido<\/p>\n<\/li>\n<li data-start=\"4029\" data-end=\"4086\">\n<p data-start=\"4031\" data-end=\"4086\">Decisiones tomadas con base en la informaci\u00f3n aqu\u00ed proporcionada<\/p>\n<\/li>\n<\/ul>\n<p data-start=\"4088\" data-end=\"4172\">El uso de este sitio web implica su plena comprensi\u00f3n y aceptaci\u00f3n de estos riesgos.<\/p>\n<h3 data-start=\"4179\" data-end=\"4211\">9. <strong data-start=\"4185\" data-end=\"4211\">Cambios a estos T\u00e9rminos<\/strong><\/h3>\n<p data-start=\"4213\" data-end=\"4364\">Podemos actualizar o modificar estos T\u00e9rminos de uso en cualquier momento sin previo aviso.<br data-start=\"4289\" data-end=\"4292\">La fecha en la parte superior de esta p\u00e1gina siempre mostrar\u00e1 la \u00faltima revisi\u00f3n.<\/p>\n<p data-start=\"4366\" data-end=\"4443\">El uso continuado del sitio despu\u00e9s de las actualizaciones significa que acepta los t\u00e9rminos revisados.<\/p>\n<h3 data-start=\"4450\" data-end=\"4471\">10. <strong data-start=\"4457\" data-end=\"4471\">Cont\u00e1ctenos<\/strong><\/h3>\n<p data-start=\"4473\" data-end=\"4554\">Si tiene alguna pregunta o inquietud con respecto a estos T\u00e9rminos, comun\u00edquese con nosotros:<\/p>\n<p data-start=\"4556\" data-end=\"4733\"><img decoding=\"async\" class=\"emoji\" role=\"img\" draggable=\"false\" src=\"https:\/\/s.w.org\/images\/core\/emoji\/16.0.1\/svg\/1f4e7.svg\" alt=\"\ud83d\udce7\"> <strong data-start=\"4559\" data-end=\"4569\">Correo electr\u00f3nico:<\/strong> <a class=\"decorated-link cursor-pointer\" rel=\"noopener\" data-start=\"4570\" data-end=\"4625\">info@iptvcompanion.com<\/a><br data-start=\"4625\" data-end=\"4628\"><img decoding=\"async\" class=\"emoji\" role=\"img\" draggable=\"false\" src=\"https:\/\/s.w.org\/images\/core\/emoji\/16.0.1\/svg\/1f310.svg\" alt=\"\ud83c\udf10\"> <strong data-start=\"4631\" data-end=\"4648\">P\u00e1gina de contacto:<\/strong> <a class=\"decorated-link cursor-pointer\" target=\"_new\" rel=\"noopener\" data-start=\"4649\" data-end=\"4731\">https:\/\/iptvcompanion.com\/pages\/contact<\/a><\/p>\n<h4 data-start=\"4740\" data-end=\"4756\"><strong data-start=\"4744\" data-end=\"4756\">En breve<\/strong><\/h4>\n<p data-start=\"4758\" data-end=\"4957\">Usar <strong data-start=\"4762\" data-end=\"4780\">Compa\u00f1ero de IPTV<\/strong> Aprender, explorar y disfrutar transmitiendo conocimiento de manera responsable.<br data-start=\"4842\" data-end=\"4845\">Todo nuestro contenido se proporciona de buena fe, con fines informativos y educativos, no para uso ilegal o protegido por derechos de autor.<\/p>\t\t\t\t\t\t\t\t<\/div>\n\t\t\t\t\t<\/div>\n\t\t\t\t<\/div>\n\t\t\t\t<\/div>","protected":false},"excerpt":{"rendered":"<p>Terms of Use Welcome to IPTV Companion.By accessing or using our website \u2014 https:\/\/iptvcompanion.com \u2014 you agree to follow these Terms of Use.Please read them carefully before using the site. If you do not agree with these terms, you should not use or access this website. 1. General Information IPTV Companion is an independent informational&#8230;<\/p>","protected":false},"author":1,"featured_media":0,"parent":0,"menu_order":0,"comment_status":"closed","ping_status":"closed","template":"","meta":{"_kad_post_transparent":"","_kad_post_title":"hide","_kad_post_layout":"fullwidth","_kad_post_sidebar_id":"","_kad_post_content_style":"unboxed","_kad_post_vertical_padding":"hide","_kad_post_feature":"hide","_kad_post_feature_position":"","_kad_post_header":false,"_kad_post_footer":false,"_kad_post_classname":"","footnotes":""},"class_list":["post-20","page","type-page","status-publish","hentry"],"_links":{"self":[{"href":"https:\/\/iptvcompanion.com\/es\/wp-json\/wp\/v2\/pages\/20","targetHints":{"allow":["GET"]}}],"collection":[{"href":"https:\/\/iptvcompanion.com\/es\/wp-json\/wp\/v2\/pages"}],"about":[{"href":"https:\/\/iptvcompanion.com\/es\/wp-json\/wp\/v2\/types\/page"}],"author":[{"embeddable":true,"href":"https:\/\/iptvcompanion.com\/es\/wp-json\/wp\/v2\/users\/1"}],"replies":[{"embeddable":true,"href":"https:\/\/iptvcompanion.com\/es\/wp-json\/wp\/v2\/comments?post=20"}],"version-history":[{"count":4,"href":"https:\/\/iptvcompanion.com\/es\/wp-json\/wp\/v2\/pages\/20\/revisions"}],"predecessor-version":[{"id":203,"href":"https:\/\/iptvcompanion.com\/es\/wp-json\/wp\/v2\/pages\/20\/revisions\/203"}],"wp:attachment":[{"href":"https:\/\/iptvcompanion.com\/es\/wp-json\/wp\/v2\/media?parent=20"}],"curies":[{"name":"wp","href":"https:\/\/api.w.org\/{rel}","templated":true}]}}