{"id":22,"date":"2025-10-06T10:36:20","date_gmt":"2025-10-06T10:36:20","guid":{"rendered":"https:\/\/iptvcompanion.com\/?page_id=22"},"modified":"2025-10-23T09:54:20","modified_gmt":"2025-10-23T08:54:20","slug":"politica-de-privacidad","status":"publish","type":"page","link":"https:\/\/iptvcompanion.com\/es\/politica-de-privacidad\/","title":{"rendered":"Pol\u00edtica de privacidad"},"content":{"rendered":"<div data-elementor-type=\"wp-page\" data-elementor-id=\"22\" class=\"elementor elementor-22\" data-elementor-post-type=\"page\">\n\t\t\t\t<div class=\"elementor-element elementor-element-6281f1e e-flex e-con-boxed e-con e-parent\" data-id=\"6281f1e\" data-element_type=\"container\" data-e-type=\"container\" data-settings=\"{&quot;background_background&quot;:&quot;classic&quot;}\">\n\t\t\t\t\t<div class=\"e-con-inner\">\n\t\t\t\t<div class=\"elementor-element elementor-element-29c8f5d elementor-widget elementor-widget-elementskit-heading\" data-id=\"29c8f5d\" data-element_type=\"widget\" data-e-type=\"widget\" data-widget_type=\"elementskit-heading.default\">\n\t\t\t\t\t<div class=\"ekit-wid-con\" ><div class=\"ekit-heading elementskit-section-title-wraper center   ekit_heading_tablet-   ekit_heading_mobile-\"><h1 class=\"ekit-heading--title elementskit-section-title\">Privacidad <span><span>Pol\u00edtica<\/span><\/span><\/h1><div class=\"ekit_heading_separetor_wraper ekit_heading_elementskit-border-divider elementskit-style-long\"><div class=\"elementskit-border-divider elementskit-style-long\"><\/div><\/div><\/div><\/div>\t\t\t\t<\/div>\n\t\t\t\t<div class=\"elementor-element elementor-element-7997546 elementor-widget__width-initial elementor-widget elementor-widget-text-editor\" data-id=\"7997546\" data-element_type=\"widget\" data-e-type=\"widget\" data-widget_type=\"text-editor.default\">\n\t\t\t\t\t\t\t\t\t<p data-start=\"446\" data-end=\"607\">Bienvenido a <strong data-start=\"457\" data-end=\"475\">Compa\u00f1ero de IPTV<\/strong>.<br data-start=\"476\" data-end=\"479\" \/>Su privacidad es importante para nosotros y estamos comprometidos a mantener su informaci\u00f3n personal segura y transparente sobre c\u00f3mo la usamos.<\/p><p data-start=\"609\" data-end=\"747\">Esta Pol\u00edtica de privacidad explica qu\u00e9 datos recopilamos, c\u00f3mo los usamos y sus derechos con respecto a esa informaci\u00f3n cuando visita nuestro sitio web.<\/p><h3 data-start=\"754\" data-end=\"774\">1. <strong data-start=\"760\" data-end=\"774\">Quienes somos<\/strong><\/h3><p data-start=\"776\" data-end=\"914\"><strong data-start=\"776\" data-end=\"788\">Sitio web:<\/strong> <a class=\"decorated-link cursor-pointer\" target=\"_new\" rel=\"noopener\" data-start=\"789\" data-end=\"843\">https:\/\/iptvcompanion.com<\/a><br data-start=\"843\" data-end=\"846\" \/><strong data-start=\"846\" data-end=\"856\">Correo electr\u00f3nico:<\/strong> <a class=\"decorated-link cursor-pointer\" rel=\"noopener\" data-start=\"857\" data-end=\"912\">info@iptvcompanion.com<\/a><\/p><p data-start=\"916\" data-end=\"1118\">IPTV Companion es un sitio web informativo que ofrece rese\u00f1as, gu\u00edas y conocimientos sobre servicios, aplicaciones y dispositivos de IPTV.<br data-start=\"1038\" data-end=\"1041\" \/>No vendemos suscripciones de IPTV ni manejamos cuentas de streaming de ning\u00fan tipo.<\/p><h3 data-start=\"1125\" data-end=\"1157\">2. <strong data-start=\"1131\" data-end=\"1157\">Informaci\u00f3n que recopilamos<\/strong><\/h3><p data-start=\"1159\" data-end=\"1232\">Cuando visita nuestro sitio web, podemos recopilar los siguientes tipos de datos:<\/p><h4 data-start=\"1234\" data-end=\"1282\">a. <strong data-start=\"1241\" data-end=\"1280\">Informaci\u00f3n que usted proporciona voluntariamente<\/strong><\/h4><ul data-start=\"1283\" data-end=\"1452\"><li data-start=\"1283\" data-end=\"1391\"><p data-start=\"1285\" data-end=\"1391\">Cuando usted nos contacta a trav\u00e9s de nuestro formulario de contacto o correo electr\u00f3nico, recibimos su nombre, direcci\u00f3n de correo electr\u00f3nico y mensaje.<\/p><\/li><li data-start=\"1392\" data-end=\"1452\"><p data-start=\"1394\" data-end=\"1452\">Utilizamos esta informaci\u00f3n s\u00f3lo para responder a su consulta.<\/p><\/li><\/ul><h4 data-start=\"1454\" data-end=\"1502\">b. <strong data-start=\"1461\" data-end=\"1500\">Informaci\u00f3n recopilada autom\u00e1ticamente<\/strong><\/h4><p data-start=\"1503\" data-end=\"1596\">Como la mayor\u00eda de sitios web, utilizamos cookies y herramientas de an\u00e1lisis para recopilar datos de uso b\u00e1sicos como:<\/p><ul data-start=\"1597\" data-end=\"1789\"><li data-start=\"1597\" data-end=\"1630\"><p data-start=\"1599\" data-end=\"1630\">Su tipo y versi\u00f3n de navegador<\/p><\/li><li data-start=\"1631\" data-end=\"1673\"><p data-start=\"1633\" data-end=\"1673\">P\u00e1ginas que visitas y tiempo que pasas en ellas<\/p><\/li><li data-start=\"1674\" data-end=\"1747\"><p data-start=\"1676\" data-end=\"1747\">Ubicaci\u00f3n geogr\u00e1fica aproximada (ciudad o regi\u00f3n, no direcci\u00f3n precisa)<\/p><\/li><li data-start=\"1748\" data-end=\"1789\"><p data-start=\"1750\" data-end=\"1789\">Tipo de dispositivo (computadora de escritorio, m\u00f3vil, tableta)<\/p><\/li><\/ul><p data-start=\"1791\" data-end=\"1873\">Esta informaci\u00f3n nos ayuda a mejorar el rendimiento de nuestro sitio web y la experiencia del usuario.<\/p><h3 data-start=\"1880\" data-end=\"1897\">3. <strong data-start=\"1886\" data-end=\"1897\">Galletas<\/strong><\/h3><p data-start=\"1899\" data-end=\"2011\">Las cookies son peque\u00f1os archivos que se almacenan en su dispositivo para ayudar al sitio a recordar sus preferencias.<br data-start=\"1988\" data-end=\"1991\" \/>Utilizamos cookies para:<\/p><ul data-start=\"2012\" data-end=\"2177\"><li data-start=\"2012\" data-end=\"2076\"><p data-start=\"2014\" data-end=\"2076\">Analizar el tr\u00e1fico del sitio (a trav\u00e9s de Google Analytics o herramientas similares)<\/p><\/li><li data-start=\"2077\" data-end=\"2118\"><p data-start=\"2079\" data-end=\"2118\">Mejorar la velocidad de carga y la usabilidad de la p\u00e1gina<\/p><\/li><li data-start=\"2119\" data-end=\"2177\"><p data-start=\"2121\" data-end=\"2177\">Guarda tus preferencias (como el modo oscuro\/claro o la regi\u00f3n)<\/p><\/li><\/ul><p data-start=\"2179\" data-end=\"2242\">Puede desactivar las cookies en la configuraci\u00f3n de su navegador en cualquier momento.<\/p><h3 data-start=\"2249\" data-end=\"2290\">4. <strong data-start=\"2255\" data-end=\"2290\">An\u00e1lisis y herramientas de terceros<\/strong><\/h3><p data-start=\"2292\" data-end=\"2479\">Nosotros usamos <strong data-start=\"2299\" data-end=\"2319\">Google Analytics<\/strong> (o un servicio de an\u00e1lisis similar que cumpla con las normas de privacidad) para comprender c\u00f3mo los visitantes usan nuestro sitio.<br data-start=\"2411\" data-end=\"2414\" \/>Estos servicios pueden recopilar informaci\u00f3n an\u00f3nima mediante cookies.<\/p><p data-start=\"2481\" data-end=\"2633\">Nosotros lo hacemos <strong data-start=\"2487\" data-end=\"2494\">no<\/strong> recopilar o almacenar informaci\u00f3n de identificaci\u00f3n personal a trav\u00e9s de an\u00e1lisis.<br data-start=\"2566\" data-end=\"2569\" \/>Todos los datos se agregan y se utilizan \u00fanicamente para mejorar el sitio web.<\/p><h3 data-start=\"2640\" data-end=\"2677\">5. <strong data-start=\"2646\" data-end=\"2677\">C\u00f3mo usamos su informaci\u00f3n<\/strong><\/h3><p data-start=\"2679\" data-end=\"2710\">Podemos utilizar los datos recopilados para:<\/p><ul data-start=\"2711\" data-end=\"2901\"><li data-start=\"2711\" data-end=\"2760\"><p data-start=\"2713\" data-end=\"2760\">Responder a los mensajes enviados a trav\u00e9s del formulario de contacto<\/p><\/li><li data-start=\"2761\" data-end=\"2804\"><p data-start=\"2763\" data-end=\"2804\">Mejorar el contenido, el dise\u00f1o y la navegaci\u00f3n.<\/p><\/li><li data-start=\"2805\" data-end=\"2857\"><p data-start=\"2807\" data-end=\"2857\">Comprender qu\u00e9 temas encuentran m\u00e1s \u00fatiles los lectores<\/p><\/li><li data-start=\"2858\" data-end=\"2901\"><p data-start=\"2860\" data-end=\"2901\">Prevenir el spam y mantener la seguridad del sitio<\/p><\/li><\/ul><p data-start=\"2903\" data-end=\"2975\">Nosotros <strong data-start=\"2906\" data-end=\"2920\">nunca vender<\/strong>, intercambiar o alquilar su informaci\u00f3n personal a otros.<\/p><h3 data-start=\"2982\" data-end=\"3028\">6. <strong data-start=\"2988\" data-end=\"3028\">Contenido incrustado de otros sitios web<\/strong><\/h3><p data-start=\"3030\" data-end=\"3311\">Los art\u00edculos de este sitio pueden incluir contenido incrustado (por ejemplo, v\u00eddeos, im\u00e1genes o enlaces externos).<br data-start=\"3123\" data-end=\"3126\" \/>El contenido incrustado de otros sitios web se comporta exactamente como si el visitante hubiera visitado el otro sitio web.<br data-start=\"3227\" data-end=\"3230\" \/>Esos sitios pueden recopilar datos, utilizar cookies o rastrear interacciones de forma independiente.<\/p><h3 data-start=\"3318\" data-end=\"3342\">7. <strong data-start=\"3324\" data-end=\"3342\">Retenci\u00f3n de datos<\/strong><\/h3><ul data-start=\"3344\" data-end=\"3590\"><li data-start=\"3344\" data-end=\"3444\"><p data-start=\"3346\" data-end=\"3444\">Los mensajes enviados a trav\u00e9s del formulario de contacto se almacenan de forma segura hasta <strong data-start=\"3411\" data-end=\"3424\">12 meses<\/strong> y luego eliminado.<\/p><\/li><li data-start=\"3445\" data-end=\"3532\"><p data-start=\"3447\" data-end=\"3532\">Los datos anal\u00edticos se conservan durante el tiempo que sea necesario para supervisar el rendimiento del sitio web.<\/p><\/li><li data-start=\"3533\" data-end=\"3590\"><p data-start=\"3535\" data-end=\"3590\">No almacenamos ni compartimos ning\u00fan dato personal confidencial.<\/p><\/li><\/ul><h3 data-start=\"3597\" data-end=\"3618\">8. <strong data-start=\"3603\" data-end=\"3618\">Sus derechos<\/strong><\/h3><p data-start=\"3620\" data-end=\"3644\">Tienes derecho a:<\/p><ul data-start=\"3645\" data-end=\"3786\"><li data-start=\"3645\" data-end=\"3689\"><p data-start=\"3647\" data-end=\"3689\">Solicita una copia de tus datos almacenados por nosotros<\/p><\/li><li data-start=\"3690\" data-end=\"3745\"><p data-start=\"3692\" data-end=\"3745\">Solicitar correcciones o eliminaci\u00f3n de su informaci\u00f3n<\/p><\/li><li data-start=\"3746\" data-end=\"3786\"><p data-start=\"3748\" data-end=\"3786\">Retirar el consentimiento para el tratamiento de datos<\/p><\/li><\/ul><p data-start=\"3788\" data-end=\"3857\">Para ejercer estos derechos, cont\u00e1ctenos en <strong data-start=\"3828\" data-end=\"3854\"><a class=\"decorated-link cursor-pointer\" rel=\"noopener\" data-start=\"3830\" data-end=\"3852\">info@iptvcompanion.com<\/a><\/strong>.<\/p><h3 data-start=\"3864\" data-end=\"3887\">9. <strong data-start=\"3870\" data-end=\"3887\">Seguridad de datos<\/strong><\/h3><p data-start=\"3889\" data-end=\"4160\">Nos tomamos la seguridad muy en serio.<br data-start=\"3916\" data-end=\"3919\" \/>Nuestro sitio web utiliza encriptaci\u00f3n SSL y alojamiento seguro para proteger toda la transmisi\u00f3n de datos.<br data-start=\"4003\" data-end=\"4006\" \/>Sin embargo, recuerde que ninguna transmisi\u00f3n en l\u00ednea es segura, por lo que recomendamos a los usuarios evitar compartir informaci\u00f3n confidencial a trav\u00e9s de formularios de contacto.<\/p><h3 data-start=\"4167\" data-end=\"4201\">10. <strong data-start=\"4174\" data-end=\"4201\">Enlaces a otros sitios web<\/strong><\/h3><p data-start=\"4203\" data-end=\"4415\">IPTV Companion puede contener enlaces a otros sitios web.<br data-start=\"4254\" data-end=\"4257\" \/>No somos responsables de las pr\u00e1cticas de privacidad ni del contenido de esos sitios.<br data-start=\"4331\" data-end=\"4334\" \/>Revise sus pol\u00edticas de privacidad antes de proporcionar cualquier informaci\u00f3n personal.<\/p><h3 data-start=\"4422\" data-end=\"4455\">11. <strong data-start=\"4429\" data-end=\"4455\">Cambios a esta pol\u00edtica<\/strong><\/h3><p data-start=\"4457\" data-end=\"4627\">Es posible que actualicemos esta Pol\u00edtica de privacidad de vez en cuando para reflejar cambios legales o t\u00e9cnicos.<br data-start=\"4547\" data-end=\"4550\" \/>Cualquier actualizaci\u00f3n se publicar\u00e1 en esta p\u00e1gina con una fecha de \u201c\u00daltima actualizaci\u00f3n\u201d revisada.<\/p><h3 data-start=\"4634\" data-end=\"4655\">12. <strong data-start=\"4641\" data-end=\"4655\">Cont\u00e1ctenos<\/strong><\/h3><p data-start=\"4657\" data-end=\"4764\">Si tiene alguna pregunta sobre esta Pol\u00edtica de privacidad o c\u00f3mo manejamos su informaci\u00f3n, cont\u00e1ctenos:<\/p><p data-start=\"4766\" data-end=\"4943\"><img decoding=\"async\" class=\"emoji\" role=\"img\" draggable=\"false\" src=\"https:\/\/s.w.org\/images\/core\/emoji\/16.0.1\/svg\/1f4e7.svg\" alt=\"\ud83d\udce7\" \/> <strong data-start=\"4769\" data-end=\"4779\">Correo electr\u00f3nico:<\/strong> <a class=\"decorated-link cursor-pointer\" rel=\"noopener\" data-start=\"4780\" data-end=\"4835\">info@iptvcompanion.com<\/a><br data-start=\"4835\" data-end=\"4838\" \/><img decoding=\"async\" class=\"emoji\" role=\"img\" draggable=\"false\" src=\"https:\/\/s.w.org\/images\/core\/emoji\/16.0.1\/svg\/1f310.svg\" alt=\"\ud83c\udf10\" \/> <strong data-start=\"4841\" data-end=\"4858\">P\u00e1gina de contacto:<\/strong> <a class=\"decorated-link cursor-pointer\" target=\"_new\" rel=\"noopener\" data-start=\"4859\" data-end=\"4941\">https:\/\/iptvcompanion.com\/pages\/contact<\/a><\/p><h4 data-start=\"4950\" data-end=\"4968\"><strong data-start=\"4954\" data-end=\"4968\">En resumen<\/strong><\/h4><p data-start=\"4969\" data-end=\"5116\">Valoramos su confianza.<br data-start=\"4989\" data-end=\"4992\" \/>Solo recopilamos lo necesario para que el sitio funcione mejor, mantener sus datos seguros y nunca los compartimos con nadie m\u00e1s.<\/p>\t\t\t\t\t\t\t\t<\/div>\n\t\t\t\t\t<\/div>\n\t\t\t\t<\/div>\n\t\t\t\t<\/div>","protected":false},"excerpt":{"rendered":"<p>Privacy Policy Welcome to IPTV Companion.Your privacy matters to us, and we\u2019re committed to keeping your personal information safe and transparent about how we use it. This Privacy Policy explains what data we collect, how we use it, and your rights regarding that information when you visit our website. 1. Who We Are Website: https:\/\/iptvcompanion.comEmail:&#8230;<\/p>","protected":false},"author":1,"featured_media":0,"parent":0,"menu_order":0,"comment_status":"closed","ping_status":"closed","template":"","meta":{"_kad_post_transparent":"","_kad_post_title":"hide","_kad_post_layout":"fullwidth","_kad_post_sidebar_id":"","_kad_post_content_style":"unboxed","_kad_post_vertical_padding":"hide","_kad_post_feature":"hide","_kad_post_feature_position":"","_kad_post_header":false,"_kad_post_footer":false,"_kad_post_classname":"","footnotes":""},"class_list":["post-22","page","type-page","status-publish","hentry"],"_links":{"self":[{"href":"https:\/\/iptvcompanion.com\/es\/wp-json\/wp\/v2\/pages\/22","targetHints":{"allow":["GET"]}}],"collection":[{"href":"https:\/\/iptvcompanion.com\/es\/wp-json\/wp\/v2\/pages"}],"about":[{"href":"https:\/\/iptvcompanion.com\/es\/wp-json\/wp\/v2\/types\/page"}],"author":[{"embeddable":true,"href":"https:\/\/iptvcompanion.com\/es\/wp-json\/wp\/v2\/users\/1"}],"replies":[{"embeddable":true,"href":"https:\/\/iptvcompanion.com\/es\/wp-json\/wp\/v2\/comments?post=22"}],"version-history":[{"count":4,"href":"https:\/\/iptvcompanion.com\/es\/wp-json\/wp\/v2\/pages\/22\/revisions"}],"predecessor-version":[{"id":199,"href":"https:\/\/iptvcompanion.com\/es\/wp-json\/wp\/v2\/pages\/22\/revisions\/199"}],"wp:attachment":[{"href":"https:\/\/iptvcompanion.com\/es\/wp-json\/wp\/v2\/media?parent=22"}],"curies":[{"name":"wp","href":"https:\/\/api.w.org\/{rel}","templated":true}]}}