{"id":11,"date":"2025-10-06T10:35:06","date_gmt":"2025-10-06T10:35:06","guid":{"rendered":"https:\/\/iptvcompanion.com\/?page_id=11"},"modified":"2025-10-23T09:54:45","modified_gmt":"2025-10-23T08:54:45","slug":"umbes","status":"publish","type":"page","link":"https:\/\/iptvcompanion.com\/et\/umbes\/","title":{"rendered":"Teave"},"content":{"rendered":"<div data-elementor-type=\"wp-page\" data-elementor-id=\"11\" class=\"elementor elementor-11\" data-elementor-post-type=\"page\">\n\t\t\t\t<div class=\"elementor-element elementor-element-1b0de9ee e-flex e-con-boxed e-con e-parent\" data-id=\"1b0de9ee\" data-element_type=\"container\" data-e-type=\"container\" data-settings=\"{&quot;background_background&quot;:&quot;classic&quot;}\">\n\t\t\t\t\t<div class=\"e-con-inner\">\n\t\t\t\t<div class=\"elementor-element elementor-element-1d9c774a elementor-widget elementor-widget-elementskit-heading\" data-id=\"1d9c774a\" data-element_type=\"widget\" data-e-type=\"widget\" data-widget_type=\"elementskit-heading.default\">\n\t\t\t\t\t<div class=\"ekit-wid-con\" ><div class=\"ekit-heading elementskit-section-title-wraper center   ekit_heading_tablet-   ekit_heading_mobile-\"><h1 class=\"ekit-heading--title elementskit-section-title\">Teave <span><span>IPTV kaaslane<\/span><\/span><\/h1><div class=\"ekit_heading_separetor_wraper ekit_heading_elementskit-border-divider elementskit-style-long\"><div class=\"elementskit-border-divider elementskit-style-long\"><\/div><\/div><\/div><\/div>\t\t\t\t<\/div>\n\t\t\t\t<div class=\"elementor-element elementor-element-4a3ce32 elementor-widget__width-initial elementor-widget elementor-widget-text-editor\" data-id=\"4a3ce32\" data-element_type=\"widget\" data-e-type=\"widget\" data-widget_type=\"text-editor.default\">\n\t\t\t\t\t\t\t\t\t<h3 data-start=\"332\" data-end=\"362\">Aitame teil nutikamalt voogesitada<\/h3><p data-start=\"364\" data-end=\"506\">Tere tulemast <strong data-start=\"375\" data-end=\"393\">IPTV kaaslane<\/strong>, koht, mille l\u00f5id igap\u00e4evased voogedastushuvilised, kes soovisid muuta IPTV lihtsaks, selgeks ja pettumusevabaks.<\/p><p data-start=\"508\" data-end=\"781\">Me teame, kui keeruline v\u00f5ib olla \u00f5ige teenuse v\u00f5i rakenduse valimine. Internetis on l\u00f5putult palju m\u00fcra, lubadusi, reklaame ja vastakaid arvustusi, mis panevad sind m\u00f5tlema, mis on t\u00f5si. Seega otsustasime luua midagi teistsugust \u2013 ruumi, mis on aus, h\u00f5lpsasti j\u00e4lgitav ja tegelikult kasulik.<\/p><h3 data-start=\"788\" data-end=\"802\">Mida me teeme<\/h3><p data-start=\"804\" data-end=\"902\">IPTV Companionis testime ja uurime t\u00f6\u00f6riistu, mis voogesituse v\u00f5imalikuks teevad.<br data-start=\"882\" data-end=\"885\" \/>Me kirjutame teemal:<\/p><ul data-start=\"903\" data-end=\"1083\"><li data-start=\"903\" data-end=\"957\"><p data-start=\"905\" data-end=\"957\">Platvormid ja rakendused, mida inimesed tegelikult kasutavad.<\/p><\/li><li data-start=\"958\" data-end=\"1007\"><p data-start=\"960\" data-end=\"1007\">Seadmed, mis panevad IPTV kodus sujuvalt t\u00f6\u00f6le.<\/p><\/li><li data-start=\"1008\" data-end=\"1083\"><p data-start=\"1010\" data-end=\"1083\">Samm-sammult juhendid aitavad teil k\u00f5ik peavaluta seadistada.<\/p><\/li><\/ul><p data-start=\"1085\" data-end=\"1273\">Me ei m\u00fc\u00fc tellimusi, ei reklaami konkreetseid teenusepakkujaid ega suru peale arvustustena maskeeritud partnerluslepinguid. Meie ainus eesm\u00e4rk on jagada oma kogemuste p\u00f5hjal, mis toimib ja mis mitte.<\/p><h3 data-start=\"1280\" data-end=\"1298\">Miks me alustasime<\/h3><p data-start=\"1300\" data-end=\"1548\">See algas lihtsa probleemiga: keegi ei andnud otsekoheseid vastuseid.<br data-start=\"1367\" data-end=\"1370\" \/>M\u00f5ned teenused n\u00e4gid suurep\u00e4rased v\u00e4lja, aga ei toiminud. Teised t\u00f6\u00f6tasid h\u00e4sti, aga neid oli keeruline seadistada.<br data-start=\"1460\" data-end=\"1463\" \/>Seega otsustasime asju ise katsetada ja jagada \u00f5pitut lihtsas keeles.<\/p><p data-start=\"1550\" data-end=\"1683\">Sellest ideest sai IPTV Companion, projekt, mis p\u00f5hines uudishimul, aususel ja teiste abistamisel voogedastuses ilma katse-eksituse meetodita.<\/p><h3 data-start=\"1690\" data-end=\"1713\">Mida v\u00f5id oodata<\/h3><p data-start=\"1715\" data-end=\"1754\">Meie saiti k\u00fclastades leiate:<\/p><ul data-start=\"1755\" data-end=\"1927\"><li data-start=\"1755\" data-end=\"1798\"><p data-start=\"1757\" data-end=\"1798\">Ausad arvustused, mille on kirjutanud p\u00e4ris testijad.<\/p><\/li><li data-start=\"1799\" data-end=\"1865\"><p data-start=\"1801\" data-end=\"1865\">Praktilised seadistusjuhendid, mis ei eelda, et oled tehnikaekspert.<\/p><\/li><li data-start=\"1866\" data-end=\"1927\"><p data-start=\"1868\" data-end=\"1927\">N\u00e4pun\u00e4ited sujuvama ja h\u00f5lpsama vaatamiskogemuse loomiseks.<\/p><\/li><\/ul><p data-start=\"1929\" data-end=\"2056\">Ei mingit kergust, klikkide s\u00f6\u00f6bimist ega segast \u017eargooni, vaid selge info inimestelt, kes tegelikult kasutavad asju, millest nad kirjutavad.<\/p><h3 data-start=\"2063\" data-end=\"2079\">V\u00f5tke \u00fchendust<\/h3><p data-start=\"2081\" data-end=\"2212\">Meile meeldib lugejatelt kuulda.<br data-start=\"2110\" data-end=\"2113\" \/>Kui teil on k\u00fcsimus, ettepanek v\u00f5i soovite oma kogemust jagada, v\u00f5tke igal ajal \u00fchendust.<\/p><p data-start=\"2214\" data-end=\"2358\"><img decoding=\"async\" class=\"emoji\" role=\"img\" draggable=\"false\" src=\"https:\/\/s.w.org\/images\/core\/emoji\/16.0.1\/svg\/1f4e9.svg\" alt=\"\ud83d\udce9\" \/> <strong data-start=\"2217\" data-end=\"2227\">E-post:<\/strong> <a class=\"decorated-link cursor-pointer\" rel=\"noopener\" data-start=\"2228\" data-end=\"2250\">info@iptvcompanion.com<\/a><br data-start=\"2250\" data-end=\"2253\" \/><img decoding=\"async\" class=\"emoji\" role=\"img\" draggable=\"false\" src=\"https:\/\/s.w.org\/images\/core\/emoji\/16.0.1\/svg\/1f4cd.svg\" alt=\"\ud83d\udccd\" \/> <strong data-start=\"2256\" data-end=\"2273\">Kontaktleht:<\/strong> <a class=\"decorated-link cursor-pointer\" target=\"_new\" rel=\"noopener\" data-start=\"2274\" data-end=\"2356\">https:\/\/iptvcompanion.com\/pages\/contact<\/a><\/p><h3 data-start=\"2365\" data-end=\"2377\">L\u00fchidalt<\/h3><p data-start=\"2379\" data-end=\"2625\"><strong data-start=\"2379\" data-end=\"2397\">IPTV kaaslane<\/strong> ei ole ettev\u00f5te; see on kogukond inimesi, kellele meeldib voogedastus ja kes soovivad seda k\u00f5igile teistele lihtsamaks teha.<br data-start=\"2508\" data-end=\"2511\" \/>Kui miski s\u00e4\u00e4stab teie aega, aitab teil kiiremini sisse seada v\u00f5i \u00f5petab teile midagi uut, siis selleks me siin olemegi.<\/p>\t\t\t\t\t\t\t\t<\/div>\n\t\t\t\t\t<\/div>\n\t\t\t\t<\/div>\n\t\t\t\t<\/div>","protected":false},"excerpt":{"rendered":"<p>About IPTV Companion Helping You Stream Smarter Welcome to IPTV Companion, a place built by everyday streaming enthusiasts who wanted to make IPTV simple, clear, and frustration-free. We know how confusing it can be to pick the right service or app. There\u2019s endless noise online, promises, ads, and mixed reviews that leave you wondering what\u2019s&#8230;<\/p>","protected":false},"author":1,"featured_media":0,"parent":0,"menu_order":0,"comment_status":"closed","ping_status":"closed","template":"","meta":{"_kad_post_transparent":"","_kad_post_title":"hide","_kad_post_layout":"fullwidth","_kad_post_sidebar_id":"","_kad_post_content_style":"unboxed","_kad_post_vertical_padding":"hide","_kad_post_feature":"hide","_kad_post_feature_position":"","_kad_post_header":false,"_kad_post_footer":false,"_kad_post_classname":"","footnotes":""},"class_list":["post-11","page","type-page","status-publish","hentry"],"_links":{"self":[{"href":"https:\/\/iptvcompanion.com\/et\/wp-json\/wp\/v2\/pages\/11","targetHints":{"allow":["GET"]}}],"collection":[{"href":"https:\/\/iptvcompanion.com\/et\/wp-json\/wp\/v2\/pages"}],"about":[{"href":"https:\/\/iptvcompanion.com\/et\/wp-json\/wp\/v2\/types\/page"}],"author":[{"embeddable":true,"href":"https:\/\/iptvcompanion.com\/et\/wp-json\/wp\/v2\/users\/1"}],"replies":[{"embeddable":true,"href":"https:\/\/iptvcompanion.com\/et\/wp-json\/wp\/v2\/comments?post=11"}],"version-history":[{"count":13,"href":"https:\/\/iptvcompanion.com\/et\/wp-json\/wp\/v2\/pages\/11\/revisions"}],"predecessor-version":[{"id":185,"href":"https:\/\/iptvcompanion.com\/et\/wp-json\/wp\/v2\/pages\/11\/revisions\/185"}],"wp:attachment":[{"href":"https:\/\/iptvcompanion.com\/et\/wp-json\/wp\/v2\/media?parent=11"}],"curies":[{"name":"wp","href":"https:\/\/api.w.org\/{rel}","templated":true}]}}