{"id":18,"date":"2025-10-06T10:35:40","date_gmt":"2025-10-06T10:35:40","guid":{"rendered":"https:\/\/iptvcompanion.com\/?page_id=18"},"modified":"2025-10-23T09:53:25","modified_gmt":"2025-10-23T08:53:25","slug":"lahtiutlus","status":"publish","type":"page","link":"https:\/\/iptvcompanion.com\/et\/lahtiutlus\/","title":{"rendered":"Lahti\u00fctlus"},"content":{"rendered":"<div data-elementor-type=\"wp-page\" data-elementor-id=\"18\" class=\"elementor elementor-18\" data-elementor-post-type=\"page\">\n\t\t\t\t<div class=\"elementor-element elementor-element-246b10b e-flex e-con-boxed e-con e-parent\" data-id=\"246b10b\" data-element_type=\"container\" data-e-type=\"container\" data-settings=\"{&quot;background_background&quot;:&quot;classic&quot;}\">\n\t\t\t\t\t<div class=\"e-con-inner\">\n\t\t\t\t<div class=\"elementor-element elementor-element-bb10f6f elementor-widget elementor-widget-elementskit-heading\" data-id=\"bb10f6f\" data-element_type=\"widget\" data-e-type=\"widget\" data-widget_type=\"elementskit-heading.default\">\n\t\t\t\t\t<div class=\"ekit-wid-con\" ><div class=\"ekit-heading elementskit-section-title-wraper center   ekit_heading_tablet-   ekit_heading_mobile-\"><h1 class=\"ekit-heading--title elementskit-section-title\"><span><span>Lahti\u00fctlus<\/span><\/span><\/h1><div class=\"ekit_heading_separetor_wraper ekit_heading_elementskit-border-divider elementskit-style-long\"><div class=\"elementskit-border-divider elementskit-style-long\"><\/div><\/div><\/div><\/div>\t\t\t\t<\/div>\n\t\t\t\t<div class=\"elementor-element elementor-element-bd9eb44 elementor-widget__width-initial elementor-widget elementor-widget-text-editor\" data-id=\"bd9eb44\" data-element_type=\"widget\" data-e-type=\"widget\" data-widget_type=\"text-editor.default\">\n\t\t\t\t\t\t\t\t\t<p data-start=\"338\" data-end=\"536\"><strong data-start=\"304\" data-end=\"321\">Viimati uuendatud:<\/strong> Oktoober 2025<\/p><p data-start=\"338\" data-end=\"536\">Tere tulemast <strong data-start=\"349\" data-end=\"367\">IPTV kaaslane<\/strong>.<br data-start=\"368\" data-end=\"371\" \/>See lahti\u00fctlus selgitab meie vastutuse piire seoses meie veebisaidil jagatud teabega., <a class=\"decorated-link cursor-pointer\" target=\"_new\" rel=\"noopener\" data-start=\"479\" data-end=\"533\">https:\/\/iptvcompanion.com<\/a>.<\/p><p data-start=\"538\" data-end=\"620\">Selle saidi kasutamisega n\u00f5ustute, et olete k\u00e4esoleva lahti\u00fctluse lugenud ja sellest aru saanud.<\/p><h3 data-start=\"627\" data-end=\"656\">1. <strong data-start=\"633\" data-end=\"656\">\u00dcldine teave<\/strong><\/h3><p data-start=\"658\" data-end=\"921\"><strong data-start=\"658\" data-end=\"676\">IPTV kaaslane<\/strong> on s\u00f5ltumatu veebisait, mis avaldab IPTV teenuste, rakenduste ja seadmetega seotud artikleid, arvustusi, v\u00f5rdlusi ja seadistusjuhendeid.<br data-start=\"811\" data-end=\"814\" \/>Me teeme <strong data-start=\"820\" data-end=\"827\">mitte<\/strong> m\u00fc\u00fca IPTV tellimusi, majutada voogedastussisu v\u00f5i pakkuda juurdep\u00e4\u00e4su autori\u00f5igustega kaitstud materjalile.<\/p><p data-start=\"923\" data-end=\"1017\">Kogu sellel veebisaidil olev sisu on esitatud <strong data-start=\"963\" data-end=\"1014\">ainult informatiivsel ja hariduslikul eesm\u00e4rgil<\/strong>.<\/p><h3 data-start=\"1024\" data-end=\"1063\">2. <strong data-start=\"1030\" data-end=\"1063\">Seotus v\u00f5i toetus puudub<\/strong><\/h3><p data-start=\"1065\" data-end=\"1268\">K\u00f5ik sellel veebisaidil mainitud tootenimed, rakendused, seadmed v\u00f5i teenused kuuluvad nende vastavatele omanikele.<br data-start=\"1171\" data-end=\"1174\" \/>K\u00f5ik kaubam\u00e4rgid ja kaubam\u00e4rgid on kasutusel <strong data-start=\"1214\" data-end=\"1265\">ainult tuvastamise v\u00f5i kirjeldamise eesm\u00e4rgil<\/strong>.<\/p><p data-start=\"1270\" data-end=\"1396\">Me oleme <strong data-start=\"1277\" data-end=\"1330\">ei ole seotud, sponsoreeritud ega toetatud<\/strong> mis tahes IPTV teenus, tarkvaraarendaja v\u00f5i riistvaratootja.<\/p><h3 data-start=\"1403\" data-end=\"1436\">3. <strong data-start=\"1409\" data-end=\"1436\">Teabe t\u00e4psus<\/strong><\/h3><p data-start=\"1438\" data-end=\"1685\">Anname endast parima, et IPTV Companionis avaldatud teave oleks t\u00e4pne ja ajakohane.<br data-start=\"1539\" data-end=\"1542\" \/>Siiski ei saa me garanteerida, et iga detail on alati \u00f5ige, t\u00e4ielik v\u00f5i ajakohane. IPTV tehnoloogia ja teenused muutuvad sageli.<\/p><p data-start=\"1687\" data-end=\"1882\">Sellel veebisaidil oleva teabe kasutamine on <strong data-start=\"1729\" data-end=\"1755\">omal \u00e4ran\u00e4gemisel<\/strong>.<br data-start=\"1756\" data-end=\"1759\" \/>Me ei vastuta vigade, puuduste ega tulemuste eest, mis tulenevad siin esitatud teabe rakendamisest.<\/p><h3 data-start=\"1889\" data-end=\"1913\">4. <strong data-start=\"1895\" data-end=\"1913\">V\u00e4lised lingid<\/strong><\/h3><p data-start=\"1915\" data-end=\"2079\">Meie artiklid v\u00f5ivad mugavuse v\u00f5i viitamise eesm\u00e4rgil sisaldada linke kolmandate osapoolte veebisaitidele.<br data-start=\"1999\" data-end=\"2002\" \/>Meil puudub kontroll nende saitide sisu, poliitika ega tavade \u00fcle.<\/p><p data-start=\"2081\" data-end=\"2227\">IPTV Companionist v\u00e4liste linkide k\u00fclastamine on t\u00e4ielikult <strong data-start=\"2137\" data-end=\"2157\">omal vastutusel<\/strong>, ja me ei vastuta v\u00f5imalike kaotuste v\u00f5i kahjustuste eest.<\/p><h3 data-start=\"2234\" data-end=\"2272\">5. <strong data-start=\"2240\" data-end=\"2272\">Juriidilist ega tehnilist n\u00f5u ei anta<\/strong><\/h3><p data-start=\"2274\" data-end=\"2495\">IPTV Companionis jagatud teave peaks <strong data-start=\"2322\" data-end=\"2329\">mitte<\/strong> ei tohiks pidada juriidiliseks, finants- ega professionaalseks tehniliseks n\u00f5uandeks.<br data-start=\"2395\" data-end=\"2398\" \/>Jagame lihtsalt isiklikke arvamusi, \u00f5petusi ja testimiskogemusi hariduslikel eesm\u00e4rkidel.<\/p><p data-start=\"2497\" data-end=\"2568\">Kui vajate professionaalset juhendamist, p\u00f6\u00f6rduge palun kvalifitseeritud spetsialisti poole.<\/p><h3 data-start=\"2575\" data-end=\"2604\">6. <strong data-start=\"2581\" data-end=\"2604\">Kasutaja vastutus<\/strong><\/h3><p data-start=\"2606\" data-end=\"2837\">Selle veebisaidi kasutamisega n\u00f5ustute, et vastutate ainuisikuliselt selle eest, kuidas te siin mainitud teavet, t\u00f6\u00f6riistu v\u00f5i tooteid kasutate.<br data-start=\"2738\" data-end=\"2741\" \/>Me ei julgusta ega toeta IPTV teenuste kasutamist volitamata v\u00f5i ebaseaduslikuks voogedastuseks.<\/p><p data-start=\"2839\" data-end=\"2918\">Iga kasutaja vastutab oma kohalike seaduste ja m\u00e4\u00e4ruste j\u00e4rgimise eest.<\/p><h3 data-start=\"2925\" data-end=\"2958\">7. <strong data-start=\"2931\" data-end=\"2958\">Vastutuse piiramine<\/strong><\/h3><p data-start=\"2960\" data-end=\"3107\">IPTV Companion, selle omanikud, autorid ega kaast\u00f6\u00f6tajad ei vastuta mingil juhul otseste ega kaudsete kahjude eest, mis tulenevad:<\/p><ul data-start=\"3108\" data-end=\"3284\"><li data-start=\"3108\" data-end=\"3152\"><p data-start=\"3110\" data-end=\"3152\">Selle veebisaidi kasutamine v\u00f5i v\u00f5imetus seda kasutada<\/p><\/li><li data-start=\"3153\" data-end=\"3202\"><p data-start=\"3155\" data-end=\"3202\">Sisu vead, ebat\u00e4psused v\u00f5i puudused<\/p><\/li><li data-start=\"3203\" data-end=\"3234\"><p data-start=\"3205\" data-end=\"3234\">Lingid v\u00e4listele ressurssidele<\/p><\/li><li data-start=\"3235\" data-end=\"3284\"><p data-start=\"3237\" data-end=\"3284\">Meie arvustuste v\u00f5i juhendite p\u00f5hjal tehtud otsused<\/p><\/li><\/ul><p data-start=\"3286\" data-end=\"3342\">Selle saidi kogu kasutamine on t\u00e4ielikult <strong data-start=\"3319\" data-end=\"3339\">omal vastutusel<\/strong>.<\/p><h3 data-start=\"3349\" data-end=\"3385\">8. <strong data-start=\"3355\" data-end=\"3385\">Selle lahti\u00fctluse muudatused<\/strong><\/h3><p data-start=\"3387\" data-end=\"3513\">Meil on \u00f5igus seda vastutusest loobumise tingimusi igal ajal ette teatamata uuendada.<br data-start=\"3450\" data-end=\"3453\" \/>\u00dclaltoodud kuup\u00e4ev \u201cViimati uuendatud\u201d kajastab viimast versiooni.<\/p><p data-start=\"3515\" data-end=\"3587\">Soovitame k\u00fclastajatel seda lehte perioodiliselt v\u00e4rskenduste osas kontrollida.<\/p><h3>9. <strong data-start=\"3600\" data-end=\"3614\">V\u00f5ta meiega \u00fchendust<\/strong><\/h3><p data-start=\"3616\" data-end=\"3685\">Kui teil on selle lahti\u00fctluse kohta k\u00fcsimusi, v\u00f5tke meiega \u00fchendust:<\/p><p data-start=\"3687\" data-end=\"3864\"><img decoding=\"async\" class=\"emoji\" role=\"img\" draggable=\"false\" src=\"https:\/\/s.w.org\/images\/core\/emoji\/16.0.1\/svg\/1f4e7.svg\" alt=\"\ud83d\udce7\" \/> <strong data-start=\"3690\" data-end=\"3700\">E-post:<\/strong> <a class=\"decorated-link cursor-pointer\" rel=\"noopener\" data-start=\"3701\" data-end=\"3756\">info@iptvcompanion.com<\/a><br data-start=\"3756\" data-end=\"3759\" \/><img decoding=\"async\" class=\"emoji\" role=\"img\" draggable=\"false\" src=\"https:\/\/s.w.org\/images\/core\/emoji\/16.0.1\/svg\/1f310.svg\" alt=\"\ud83c\udf10\" \/> <strong data-start=\"3762\" data-end=\"3779\">Kontaktleht:<\/strong> <a class=\"decorated-link cursor-pointer\" target=\"_new\" rel=\"noopener\" data-start=\"3780\" data-end=\"3862\">https:\/\/iptvcompanion.com\/pages\/contact<\/a><\/p>\t\t\t\t\t\t\t\t<\/div>\n\t\t\t\t\t<\/div>\n\t\t\t\t<\/div>\n\t\t\t\t<\/div>","protected":false},"excerpt":{"rendered":"<p>Disclaimer Last Updated: October 2025 Welcome to IPTV Companion.This Disclaimer explains the limits of our responsibility regarding the information shared on our website, https:\/\/iptvcompanion.com. By using this site, you agree that you have read and understood this Disclaimer. 1. General Information IPTV Companion is an independent website that publishes articles, reviews, comparisons, and setup guides&#8230;<\/p>","protected":false},"author":1,"featured_media":0,"parent":0,"menu_order":0,"comment_status":"closed","ping_status":"closed","template":"","meta":{"_kad_post_transparent":"","_kad_post_title":"hide","_kad_post_layout":"fullwidth","_kad_post_sidebar_id":"","_kad_post_content_style":"unboxed","_kad_post_vertical_padding":"hide","_kad_post_feature":"hide","_kad_post_feature_position":"","_kad_post_header":false,"_kad_post_footer":false,"_kad_post_classname":"","footnotes":""},"class_list":["post-18","page","type-page","status-publish","hentry"],"_links":{"self":[{"href":"https:\/\/iptvcompanion.com\/et\/wp-json\/wp\/v2\/pages\/18","targetHints":{"allow":["GET"]}}],"collection":[{"href":"https:\/\/iptvcompanion.com\/et\/wp-json\/wp\/v2\/pages"}],"about":[{"href":"https:\/\/iptvcompanion.com\/et\/wp-json\/wp\/v2\/types\/page"}],"author":[{"embeddable":true,"href":"https:\/\/iptvcompanion.com\/et\/wp-json\/wp\/v2\/users\/1"}],"replies":[{"embeddable":true,"href":"https:\/\/iptvcompanion.com\/et\/wp-json\/wp\/v2\/comments?post=18"}],"version-history":[{"count":4,"href":"https:\/\/iptvcompanion.com\/et\/wp-json\/wp\/v2\/pages\/18\/revisions"}],"predecessor-version":[{"id":207,"href":"https:\/\/iptvcompanion.com\/et\/wp-json\/wp\/v2\/pages\/18\/revisions\/207"}],"wp:attachment":[{"href":"https:\/\/iptvcompanion.com\/et\/wp-json\/wp\/v2\/media?parent=18"}],"curies":[{"name":"wp","href":"https:\/\/api.w.org\/{rel}","templated":true}]}}