{"id":20,"date":"2025-10-06T10:35:56","date_gmt":"2025-10-06T10:35:56","guid":{"rendered":"https:\/\/iptvcompanion.com\/?page_id=20"},"modified":"2025-10-23T09:55:16","modified_gmt":"2025-10-23T08:55:16","slug":"kasutustingimused","status":"publish","type":"page","link":"https:\/\/iptvcompanion.com\/et\/kasutustingimused\/","title":{"rendered":"Kasutustingimused"},"content":{"rendered":"<div data-elementor-type=\"wp-page\" data-elementor-id=\"20\" class=\"elementor elementor-20\" data-elementor-post-type=\"page\">\n\t\t\t\t<div class=\"elementor-element elementor-element-b684077 e-flex e-con-boxed e-con e-parent\" data-id=\"b684077\" data-element_type=\"container\" data-e-type=\"container\" data-settings=\"{&quot;background_background&quot;:&quot;classic&quot;}\">\n\t\t\t\t\t<div class=\"e-con-inner\">\n\t\t\t\t<div class=\"elementor-element elementor-element-9b46449 elementor-widget elementor-widget-elementskit-heading\" data-id=\"9b46449\" data-element_type=\"widget\" data-e-type=\"widget\" data-widget_type=\"elementskit-heading.default\">\n\t\t\t\t\t<div class=\"ekit-wid-con\" ><div class=\"ekit-heading elementskit-section-title-wraper center   ekit_heading_tablet-   ekit_heading_mobile-\"><h1 class=\"ekit-heading--title elementskit-section-title\">Tingimused <span><span>Kasutamine<\/span><\/span><\/h1><div class=\"ekit_heading_separetor_wraper ekit_heading_elementskit-border-divider elementskit-style-long\"><div class=\"elementskit-border-divider elementskit-style-long\"><\/div><\/div><\/div><\/div>\t\t\t\t<\/div>\n\t\t\t\t<div class=\"elementor-element elementor-element-8ae3934 elementor-widget__width-initial elementor-widget elementor-widget-text-editor\" data-id=\"8ae3934\" data-element_type=\"widget\" data-e-type=\"widget\" data-widget_type=\"text-editor.default\">\n\t\t\t\t\t\t\t\t\t<p data-start=\"385\" data-end=\"604\">Tere tulemast <strong data-start=\"396\" data-end=\"414\">IPTV kaaslane<\/strong>.<br data-start=\"415\" data-end=\"418\">Meie veebisaidile ligi p\u00e4\u00e4sedes v\u00f5i seda kasutades \u2014 <a class=\"decorated-link cursor-pointer\" target=\"_new\" rel=\"noopener\" data-start=\"454\" data-end=\"508\">https:\/\/iptvcompanion.com<\/a> \u2014 te n\u00f5ustute j\u00e4rgima neid kasutustingimusi.<br data-start=\"550\" data-end=\"553\">Palun lugege need enne saidi kasutamist hoolikalt l\u00e4bi.<\/p>\n<p data-start=\"606\" data-end=\"688\">Kui te nende tingimustega ei n\u00f5ustu, ei tohiks te seda veebisaiti kasutada ega sellele juurde p\u00e4\u00e4seda.<\/p>\n<h3 data-start=\"695\" data-end=\"724\">1. <strong data-start=\"701\" data-end=\"724\">\u00dcldine teave<\/strong><\/h3>\n<p data-start=\"726\" data-end=\"986\">IPTV Companion on s\u00f5ltumatu informatiivne veebisait.<br data-start=\"781\" data-end=\"784\">Pakume hariduslikku sisu, \u00fclevaateid ja \u00f5petusi IPTV-ga seotud t\u00f6\u00f6riistade, rakenduste ja seadmete kohta.<br data-start=\"883\" data-end=\"886\">Me teeme <strong data-start=\"892\" data-end=\"899\">mitte<\/strong> m\u00fc\u00fca IPTV tellimusi, levitada autori\u00f5igustega kaitstud materjali v\u00f5i majutada voogedastussisu.<\/p>\n<p data-start=\"988\" data-end=\"1096\">Meie eesm\u00e4rk on aidata k\u00fclastajatel teha teadlikke otsuseid ning parandada oma IPTV-kogemust turvaliselt ja seaduslikult.<\/p>\n<h3 data-start=\"1103\" data-end=\"1127\">2. <strong data-start=\"1109\" data-end=\"1127\">Sisu kasutamine<\/strong><\/h3>\n<p data-start=\"1129\" data-end=\"1258\">K\u00f5ik sellel veebisaidil olevad tekstid, pildid, graafika ja muud materjalid kuuluvad <strong data-start=\"1203\" data-end=\"1221\">IPTV kaaslane<\/strong> kui pole m\u00e4rgitud teisiti.<br data-start=\"1245\" data-end=\"1248\">Te v\u00f5ite:<\/p>\n<ul data-start=\"1259\" data-end=\"1425\">\n<li data-start=\"1259\" data-end=\"1324\">\n<p data-start=\"1261\" data-end=\"1324\">Loe ja jaga meie artikleid isiklikuks, mitte\u00e4riliseks otstarbeks.<\/p>\n<\/li>\n<li data-start=\"1325\" data-end=\"1425\">\n<p data-start=\"1327\" data-end=\"1425\">Tsiteeri meie sisu v\u00e4ikeseid osi, kui lisad n\u00e4htava viite meie veebisaidile.<\/p>\n<\/li>\n<\/ul>\n<p data-start=\"1427\" data-end=\"1445\">Sa v\u00f5id <strong data-start=\"1435\" data-end=\"1442\">mitte<\/strong>:<\/p>\n<ul data-start=\"1446\" data-end=\"1640\">\n<li data-start=\"1446\" data-end=\"1513\">\n<p data-start=\"1448\" data-end=\"1513\">Kopeerida, reprodutseerida v\u00f5i uuesti avaldada artikleid tervikuna ilma loata.<\/p>\n<\/li>\n<li data-start=\"1514\" data-end=\"1582\">\n<p data-start=\"1516\" data-end=\"1582\">Kasutage meie sisu \u00e4rilistel, eksitavatel v\u00f5i ebaseaduslikel eesm\u00e4rkidel.<\/p>\n<\/li>\n<li data-start=\"1583\" data-end=\"1640\">\n<p data-start=\"1585\" data-end=\"1640\">N\u00f5uda selle veebisaidi sisu mis tahes osa enda omaks.<\/p>\n<\/li>\n<\/ul>\n<p data-start=\"1642\" data-end=\"1710\">Lubade taotlemiseks v\u00f5tke meiega \u00fchendust aadressil <strong data-start=\"1681\" data-end=\"1707\"><a class=\"decorated-link cursor-pointer\" rel=\"noopener\" data-start=\"1683\" data-end=\"1705\">info@iptvcompanion.com<\/a><\/strong>.<\/p>\n<h3 data-start=\"1717\" data-end=\"1747\">3. <strong data-start=\"1723\" data-end=\"1747\">Teabe t\u00e4psus<\/strong><\/h3>\n<p data-start=\"1749\" data-end=\"1973\">Anname endast parima, et kogu IPTV Companionis avaldatud teave oleks t\u00e4pne ja ajakohane.<br data-start=\"1845\" data-end=\"1848\">Siiski muutuvad tehnoloogia ja IPTV platvormid sageli, seega ei saa me garanteerida, et k\u00f5ik detailid on alati ajakohased.<\/p>\n<p data-start=\"1975\" data-end=\"2149\">Kasutage sellel saidil olevat teavet omal \u00e4ran\u00e4gemisel. Me ei vastuta vigade, aegunud teabe ega sisu kasutamisest tulenevate tagaj\u00e4rgede eest.<\/p>\n<h3 data-start=\"2156\" data-end=\"2180\">4. <strong data-start=\"2162\" data-end=\"2180\">V\u00e4lised lingid<\/strong><\/h3>\n<p data-start=\"2182\" data-end=\"2324\">Meie artiklid v\u00f5ivad sisaldada linke kolmandate osapoolte veebisaitidele v\u00f5i t\u00f6\u00f6riistadele.<br data-start=\"2246\" data-end=\"2249\">Need lingid on esitatud ainult mugavuse ja informatiivsel eesm\u00e4rgil.<\/p>\n<p data-start=\"2326\" data-end=\"2470\">Me teeme <strong data-start=\"2332\" data-end=\"2339\">mitte<\/strong> ei kontrolli ega toeta \u00fchtegi v\u00e4list veebisaiti, nende sisu ega privaatsuspraktikat. Nende k\u00fclastamine toimub t\u00e4ielikult teie enda vastutusel.<\/p>\n<h3 data-start=\"2477\" data-end=\"2499\">5. <strong data-start=\"2483\" data-end=\"2499\">Kasutaja k\u00e4itumine<\/strong><\/h3>\n<p data-start=\"2501\" data-end=\"2547\">IPTV Companioni kasutamisel n\u00f5ustute mitte:<\/p>\n<ul data-start=\"2548\" data-end=\"2777\">\n<li data-start=\"2548\" data-end=\"2634\">\n<p data-start=\"2550\" data-end=\"2634\">Postitage v\u00f5i saatke r\u00e4mpsposti, solvavaid s\u00f5numeid v\u00f5i ebaseaduslikku sisu meie kontaktvormide kaudu.<\/p>\n<\/li>\n<li data-start=\"2635\" data-end=\"2703\">\n<p data-start=\"2637\" data-end=\"2703\">Katse kahjustada, h\u00e4kkida v\u00f5i h\u00e4irida meie veebisaidi funktsionaalsust.<\/p>\n<\/li>\n<li data-start=\"2704\" data-end=\"2777\">\n<p data-start=\"2706\" data-end=\"2777\">Kasutage meie sisu viisil, mis rikub kohalikke v\u00f5i rahvusvahelisi seadusi.<\/p>\n<\/li>\n<\/ul>\n<p data-start=\"2779\" data-end=\"2865\">J\u00e4tame endale \u00f5iguse blokeerida v\u00f5i eemaldada juurdep\u00e4\u00e4s igale kasutajale, kes neid tingimusi rikub.<\/p>\n<h3 data-start=\"2872\" data-end=\"2903\">6. <strong data-start=\"2878\" data-end=\"2903\">Intellektuaalomand<\/strong><\/h3>\n<p data-start=\"2905\" data-end=\"3093\">K\u00f5ik IPTV Companioni logod, pildid ja kirjalik sisu on kaitstud autori\u00f5iguse ja intellektuaalomandi seadustega.<br data-start=\"3020\" data-end=\"3023\">Te ei tohi neid ilma kirjaliku loata paljundada ega levitada.<\/p>\n<p data-start=\"3095\" data-end=\"3230\">K\u00f5ik sellel veebisaidil mainitud kaubam\u00e4rgid kuuluvad nende vastavatele omanikele ja neid kasutatakse ainult kirjeldavatel v\u00f5i hariduslikel eesm\u00e4rkidel.<\/p>\n<h3 data-start=\"3237\" data-end=\"3257\">7. <strong data-start=\"3243\" data-end=\"3257\">Lahti\u00fctlus<\/strong><\/h3>\n<p data-start=\"3259\" data-end=\"3411\">IPTV Companion pakub ainult \u00fcldist teavet ja arvamusi.<br data-start=\"3321\" data-end=\"3324\">Me oleme <strong data-start=\"3331\" data-end=\"3354\">ei ole seotud<\/strong> v\u00f5i mis tahes IPTV pakkuja v\u00f5i voogedastusettev\u00f5tte poolt heaks kiidetud.<\/p>\n<p data-start=\"3413\" data-end=\"3435\">Me ei garanteeri:<\/p>\n<ul data-start=\"3436\" data-end=\"3576\">\n<li data-start=\"3436\" data-end=\"3508\">\n<p data-start=\"3438\" data-end=\"3508\">Mis tahes mainitud IPTV-teenuse kvaliteet, usaldusv\u00e4\u00e4rsus v\u00f5i seaduslikkus.<\/p>\n<\/li>\n<li data-start=\"3509\" data-end=\"3576\">\n<p data-start=\"3511\" data-end=\"3576\">Et iga rakendus, seade v\u00f5i platvorm t\u00f6\u00f6taks probleemideta.<\/p>\n<\/li>\n<\/ul>\n<p data-start=\"3578\" data-end=\"3734\">K\u00f5ik soovitused ja arvustused p\u00f5hinevad s\u00f5ltumatutel uuringutel ja isiklikel testidel.<br data-start=\"3665\" data-end=\"3668\">Te kasutate mis tahes kolmanda osapoole toodet v\u00f5i teenust <strong data-start=\"3711\" data-end=\"3731\">omal vastutusel<\/strong>.<\/p>\n<h3 data-start=\"3741\" data-end=\"3774\">8. <strong data-start=\"3747\" data-end=\"3774\">Vastutuse piiramine<\/strong><\/h3>\n<p data-start=\"3776\" data-end=\"3973\">IPTV Companion ega selle meeskond ei vastuta mingil juhul otseste v\u00f5i kaudsete kahjude, kahjustuste v\u00f5i probleemide eest, mis tulenevad selle veebisaidi kasutamisest, sealhulgas, kuid mitte ainult:<\/p>\n<ul data-start=\"3974\" data-end=\"4086\">\n<li data-start=\"3974\" data-end=\"4006\">\n<p data-start=\"3976\" data-end=\"4006\">Tehnilised vead v\u00f5i seisakud<\/p>\n<\/li>\n<li data-start=\"4007\" data-end=\"4028\">\n<p data-start=\"4009\" data-end=\"4028\">Sisu v\u00e4\u00e4rkasutamine<\/p>\n<\/li>\n<li data-start=\"4029\" data-end=\"4086\">\n<p data-start=\"4031\" data-end=\"4086\">Siin esitatud teabe p\u00f5hjal tehtud otsused<\/p>\n<\/li>\n<\/ul>\n<p data-start=\"4088\" data-end=\"4172\">Selle veebisaidi kasutamine t\u00e4hendab teie t\u00e4ielikku arusaamist ja nende riskide aktsepteerimist.<\/p>\n<h3 data-start=\"4179\" data-end=\"4211\">9. <strong data-start=\"4185\" data-end=\"4211\">Nende tingimuste muudatused<\/strong><\/h3>\n<p data-start=\"4213\" data-end=\"4364\">Meil on \u00f5igus neid kasutustingimusi igal ajal ette teatamata uuendada v\u00f5i muuta.<br data-start=\"4289\" data-end=\"4292\">Selle lehe \u00fclaosas olev kuup\u00e4ev n\u00e4itab alati viimast versiooni.<\/p>\n<p data-start=\"4366\" data-end=\"4443\">Saidi edasine kasutamine p\u00e4rast v\u00e4rskendusi t\u00e4hendab, et n\u00f5ustute muudetud tingimustega.<\/p>\n<h3 data-start=\"4450\" data-end=\"4471\">10. <strong data-start=\"4457\" data-end=\"4471\">V\u00f5ta meiega \u00fchendust<\/strong><\/h3>\n<p data-start=\"4473\" data-end=\"4554\">Kui teil on nende tingimuste kohta k\u00fcsimusi v\u00f5i muresid, v\u00f5tke meiega \u00fchendust:<\/p>\n<p data-start=\"4556\" data-end=\"4733\"><img decoding=\"async\" class=\"emoji\" role=\"img\" draggable=\"false\" src=\"https:\/\/s.w.org\/images\/core\/emoji\/16.0.1\/svg\/1f4e7.svg\" alt=\"\ud83d\udce7\"> <strong data-start=\"4559\" data-end=\"4569\">E-post:<\/strong> <a class=\"decorated-link cursor-pointer\" rel=\"noopener\" data-start=\"4570\" data-end=\"4625\">info@iptvcompanion.com<\/a><br data-start=\"4625\" data-end=\"4628\"><img decoding=\"async\" class=\"emoji\" role=\"img\" draggable=\"false\" src=\"https:\/\/s.w.org\/images\/core\/emoji\/16.0.1\/svg\/1f310.svg\" alt=\"\ud83c\udf10\"> <strong data-start=\"4631\" data-end=\"4648\">Kontaktleht:<\/strong> <a class=\"decorated-link cursor-pointer\" target=\"_new\" rel=\"noopener\" data-start=\"4649\" data-end=\"4731\">https:\/\/iptvcompanion.com\/pages\/contact<\/a><\/p>\n<h4 data-start=\"4740\" data-end=\"4756\"><strong data-start=\"4744\" data-end=\"4756\">L\u00fchidalt<\/strong><\/h4>\n<p data-start=\"4758\" data-end=\"4957\">Kasutamine <strong data-start=\"4762\" data-end=\"4780\">IPTV kaaslane<\/strong> vastutustundlikult \u00f5ppida, uurida ja teadmiste voogedastust nautida.<br data-start=\"4842\" data-end=\"4845\">Kogu meie sisu on esitatud heas usus teavitamise ja hariduse eesm\u00e4rgil, mitte ebaseaduslikuks v\u00f5i autori\u00f5igustega kaitstud kasutamiseks.<\/p>\t\t\t\t\t\t\t\t<\/div>\n\t\t\t\t\t<\/div>\n\t\t\t\t<\/div>\n\t\t\t\t<\/div>","protected":false},"excerpt":{"rendered":"<p>Terms of Use Welcome to IPTV Companion.By accessing or using our website \u2014 https:\/\/iptvcompanion.com \u2014 you agree to follow these Terms of Use.Please read them carefully before using the site. If you do not agree with these terms, you should not use or access this website. 1. General Information IPTV Companion is an independent informational&#8230;<\/p>","protected":false},"author":1,"featured_media":0,"parent":0,"menu_order":0,"comment_status":"closed","ping_status":"closed","template":"","meta":{"_kad_post_transparent":"","_kad_post_title":"hide","_kad_post_layout":"fullwidth","_kad_post_sidebar_id":"","_kad_post_content_style":"unboxed","_kad_post_vertical_padding":"hide","_kad_post_feature":"hide","_kad_post_feature_position":"","_kad_post_header":false,"_kad_post_footer":false,"_kad_post_classname":"","footnotes":""},"class_list":["post-20","page","type-page","status-publish","hentry"],"_links":{"self":[{"href":"https:\/\/iptvcompanion.com\/et\/wp-json\/wp\/v2\/pages\/20","targetHints":{"allow":["GET"]}}],"collection":[{"href":"https:\/\/iptvcompanion.com\/et\/wp-json\/wp\/v2\/pages"}],"about":[{"href":"https:\/\/iptvcompanion.com\/et\/wp-json\/wp\/v2\/types\/page"}],"author":[{"embeddable":true,"href":"https:\/\/iptvcompanion.com\/et\/wp-json\/wp\/v2\/users\/1"}],"replies":[{"embeddable":true,"href":"https:\/\/iptvcompanion.com\/et\/wp-json\/wp\/v2\/comments?post=20"}],"version-history":[{"count":4,"href":"https:\/\/iptvcompanion.com\/et\/wp-json\/wp\/v2\/pages\/20\/revisions"}],"predecessor-version":[{"id":203,"href":"https:\/\/iptvcompanion.com\/et\/wp-json\/wp\/v2\/pages\/20\/revisions\/203"}],"wp:attachment":[{"href":"https:\/\/iptvcompanion.com\/et\/wp-json\/wp\/v2\/media?parent=20"}],"curies":[{"name":"wp","href":"https:\/\/api.w.org\/{rel}","templated":true}]}}