{"id":11,"date":"2025-10-06T10:35:06","date_gmt":"2025-10-06T10:35:06","guid":{"rendered":"https:\/\/iptvcompanion.com\/?page_id=11"},"modified":"2025-10-23T09:54:45","modified_gmt":"2025-10-23T08:54:45","slug":"noin","status":"publish","type":"page","link":"https:\/\/iptvcompanion.com\/fi\/noin\/","title":{"rendered":"Noin"},"content":{"rendered":"<div data-elementor-type=\"wp-page\" data-elementor-id=\"11\" class=\"elementor elementor-11\" data-elementor-post-type=\"page\">\n\t\t\t\t<div class=\"elementor-element elementor-element-1b0de9ee e-flex e-con-boxed e-con e-parent\" data-id=\"1b0de9ee\" data-element_type=\"container\" data-e-type=\"container\" data-settings=\"{&quot;background_background&quot;:&quot;classic&quot;}\">\n\t\t\t\t\t<div class=\"e-con-inner\">\n\t\t\t\t<div class=\"elementor-element elementor-element-1d9c774a elementor-widget elementor-widget-elementskit-heading\" data-id=\"1d9c774a\" data-element_type=\"widget\" data-e-type=\"widget\" data-widget_type=\"elementskit-heading.default\">\n\t\t\t\t\t<div class=\"ekit-wid-con\" ><div class=\"ekit-heading elementskit-section-title-wraper center   ekit_heading_tablet-   ekit_heading_mobile-\"><h1 class=\"ekit-heading--title elementskit-section-title\">Noin <span><span>IPTV-seuralainen<\/span><\/span><\/h1><div class=\"ekit_heading_separetor_wraper ekit_heading_elementskit-border-divider elementskit-style-long\"><div class=\"elementskit-border-divider elementskit-style-long\"><\/div><\/div><\/div><\/div>\t\t\t\t<\/div>\n\t\t\t\t<div class=\"elementor-element elementor-element-4a3ce32 elementor-widget__width-initial elementor-widget elementor-widget-text-editor\" data-id=\"4a3ce32\" data-element_type=\"widget\" data-e-type=\"widget\" data-widget_type=\"text-editor.default\">\n\t\t\t\t\t\t\t\t\t<h3 data-start=\"332\" data-end=\"362\">Autamme sinua striimaamaan \u00e4lykk\u00e4\u00e4mmin<\/h3><p data-start=\"364\" data-end=\"506\">Tervetuloa <strong data-start=\"375\" data-end=\"393\">IPTV-seuralainen<\/strong>, paikan, jonka ovat rakentaneet arkip\u00e4iv\u00e4n suoratoiston harrastajat, jotka halusivat tehd\u00e4 IPTV:st\u00e4 yksinkertaista, selke\u00e4\u00e4 ja turhautumisvapaata.<\/p><p data-start=\"508\" data-end=\"781\">Tied\u00e4mme, kuinka h\u00e4mment\u00e4v\u00e4\u00e4 oikean palvelun tai sovelluksen valitseminen voi olla. Verkossa on loputtomasti h\u00e4lin\u00e4\u00e4, lupauksia, mainoksia ja ristiriitaisia arvosteluja, jotka saavat sinut miettim\u00e4\u00e4n, mik\u00e4 on totta. Niinp\u00e4 p\u00e4\u00e4timme rakentaa jotain erilaista, tilan, joka on rehellinen, helppo seurata ja oikeasti hy\u00f6dyllinen.<\/p><h3 data-start=\"788\" data-end=\"802\">Mit\u00e4 me teemme<\/h3><p data-start=\"804\" data-end=\"902\">IPTV Companionilla testaamme ja tutkimme ty\u00f6kaluja, jotka mahdollistavat suoratoiston.<br data-start=\"882\" data-end=\"885\" \/>Kirjoitamme aiheesta:<\/p><ul data-start=\"903\" data-end=\"1083\"><li data-start=\"903\" data-end=\"957\"><p data-start=\"905\" data-end=\"957\">Alustat ja sovellukset, joita ihmiset todella k\u00e4ytt\u00e4v\u00e4t.<\/p><\/li><li data-start=\"958\" data-end=\"1007\"><p data-start=\"960\" data-end=\"1007\">Laitteet, jotka saavat IPTV:n toimimaan sujuvasti kotona.<\/p><\/li><li data-start=\"1008\" data-end=\"1083\"><p data-start=\"1010\" data-end=\"1083\">Vaiheittaiset ohjeet auttavat sinua asettamaan kaiken ilman p\u00e4\u00e4nvaivaa.<\/p><\/li><\/ul><p data-start=\"1085\" data-end=\"1273\">Emme myy tilauksia, mainosta tiettyj\u00e4 palveluntarjoajia tai tyrkyt\u00e4 arvosteluiksi naamioituja kumppanuussopimuksia. Ainoa tavoitteemme on jakaa tietoa siit\u00e4, mik\u00e4 toimii ja mik\u00e4 ei, todellisten kokemusten perusteella.<\/p><h3 data-start=\"1280\" data-end=\"1298\">Miksi aloitimme<\/h3><p data-start=\"1300\" data-end=\"1548\">Se alkoi yksinkertaisesta ongelmasta: kukaan ei antanut suoria vastauksia.<br data-start=\"1367\" data-end=\"1370\" \/>Jotkin palvelut n\u00e4yttiv\u00e4t hyvilt\u00e4, mutta eiv\u00e4t toimineet. Toiset toimivat hyvin, mutta niiden asentaminen oli vaikeaa.<br data-start=\"1460\" data-end=\"1463\" \/>Niinp\u00e4 p\u00e4\u00e4timme testata asioita itse ja jakaa oppimamme selkokielell\u00e4.<\/p><p data-start=\"1550\" data-end=\"1683\">T\u00e4st\u00e4 ideasta syntyi IPTV Companion, projekti, joka rakentui uteliaisuuden, rehellisyyden ja muiden auttamisen ymp\u00e4rille suoratoistaa ilman yrityksen ja erehdyksen kautta.<\/p><h3 data-start=\"1690\" data-end=\"1713\">Mit\u00e4 voit odottaa<\/h3><p data-start=\"1715\" data-end=\"1754\">Kun vierailet sivustollamme, l\u00f6yd\u00e4t:<\/p><ul data-start=\"1755\" data-end=\"1927\"><li data-start=\"1755\" data-end=\"1798\"><p data-start=\"1757\" data-end=\"1798\">Rehellisi\u00e4 arvosteluja, jotka ovat oikeiden testaajien kirjoittamia.<\/p><\/li><li data-start=\"1799\" data-end=\"1865\"><p data-start=\"1801\" data-end=\"1865\">K\u00e4yt\u00e4nn\u00f6nl\u00e4heiset asennusoppaat, jotka eiv\u00e4t oleta sinun olevan tekniikan asiantuntija.<\/p><\/li><li data-start=\"1866\" data-end=\"1927\"><p data-start=\"1868\" data-end=\"1927\">Vinkkej\u00e4, joiden avulla katselukokemuksesi on sujuvampi ja helpompi.<\/p><\/li><\/ul><p data-start=\"1929\" data-end=\"2056\">Ei h\u00f6lynp\u00f6ly\u00e4, ei klikkihakua, ei h\u00e4mment\u00e4v\u00e4\u00e4 ammattikielt\u00e4, vain selke\u00e4\u00e4 tietoa ihmisilt\u00e4, jotka todella k\u00e4ytt\u00e4v\u00e4t kirjoituksiaan.<\/p><h3 data-start=\"2063\" data-end=\"2079\">Ota yhteytt\u00e4<\/h3><p data-start=\"2081\" data-end=\"2212\">Rakastamme kuulla lukijoilta.<br data-start=\"2110\" data-end=\"2113\" \/>Jos sinulla on kysytt\u00e4v\u00e4\u00e4, ehdotusta tai haluat jakaa kokemuksesi, ota yhteytt\u00e4 milloin tahansa.<\/p><p data-start=\"2214\" data-end=\"2358\"><img decoding=\"async\" class=\"emoji\" role=\"img\" draggable=\"false\" src=\"https:\/\/s.w.org\/images\/core\/emoji\/16.0.1\/svg\/1f4e9.svg\" alt=\"\ud83d\udce9\" \/> <strong data-start=\"2217\" data-end=\"2227\">S\u00e4hk\u00f6posti:<\/strong> <a class=\"decorated-link cursor-pointer\" rel=\"noopener\" data-start=\"2228\" data-end=\"2250\">info@iptvcompanion.com<\/a><br data-start=\"2250\" data-end=\"2253\" \/><img decoding=\"async\" class=\"emoji\" role=\"img\" draggable=\"false\" src=\"https:\/\/s.w.org\/images\/core\/emoji\/16.0.1\/svg\/1f4cd.svg\" alt=\"\ud83d\udccd\" \/> <strong data-start=\"2256\" data-end=\"2273\">Yhteydenottosivu:<\/strong> <a class=\"decorated-link cursor-pointer\" target=\"_new\" rel=\"noopener\" data-start=\"2274\" data-end=\"2356\">https:\/\/iptvcompanion.com\/pages\/contact<\/a><\/p><h3 data-start=\"2365\" data-end=\"2377\">Lyhyesti sanottuna<\/h3><p data-start=\"2379\" data-end=\"2625\"><strong data-start=\"2379\" data-end=\"2397\">IPTV-seuralainen<\/strong> ei ole yritys; se on yhteis\u00f6 ihmisi\u00e4, jotka nauttivat suoratoistosta ja haluavat helpottaa sit\u00e4 kaikille muille.<br data-start=\"2508\" data-end=\"2511\" \/>Jos jokin s\u00e4\u00e4st\u00e4\u00e4 aikaasi, auttaa sinua alkuun nopeammin tai opettaa sinulle jotain uutta, sit\u00e4 varten me olemme t\u00e4\u00e4ll\u00e4.<\/p>\t\t\t\t\t\t\t\t<\/div>\n\t\t\t\t\t<\/div>\n\t\t\t\t<\/div>\n\t\t\t\t<\/div>","protected":false},"excerpt":{"rendered":"<p>About IPTV Companion Helping You Stream Smarter Welcome to IPTV Companion, a place built by everyday streaming enthusiasts who wanted to make IPTV simple, clear, and frustration-free. We know how confusing it can be to pick the right service or app. There\u2019s endless noise online, promises, ads, and mixed reviews that leave you wondering what\u2019s&#8230;<\/p>","protected":false},"author":1,"featured_media":0,"parent":0,"menu_order":0,"comment_status":"closed","ping_status":"closed","template":"","meta":{"_kad_post_transparent":"","_kad_post_title":"hide","_kad_post_layout":"fullwidth","_kad_post_sidebar_id":"","_kad_post_content_style":"unboxed","_kad_post_vertical_padding":"hide","_kad_post_feature":"hide","_kad_post_feature_position":"","_kad_post_header":false,"_kad_post_footer":false,"_kad_post_classname":"","footnotes":""},"class_list":["post-11","page","type-page","status-publish","hentry"],"_links":{"self":[{"href":"https:\/\/iptvcompanion.com\/fi\/wp-json\/wp\/v2\/pages\/11","targetHints":{"allow":["GET"]}}],"collection":[{"href":"https:\/\/iptvcompanion.com\/fi\/wp-json\/wp\/v2\/pages"}],"about":[{"href":"https:\/\/iptvcompanion.com\/fi\/wp-json\/wp\/v2\/types\/page"}],"author":[{"embeddable":true,"href":"https:\/\/iptvcompanion.com\/fi\/wp-json\/wp\/v2\/users\/1"}],"replies":[{"embeddable":true,"href":"https:\/\/iptvcompanion.com\/fi\/wp-json\/wp\/v2\/comments?post=11"}],"version-history":[{"count":13,"href":"https:\/\/iptvcompanion.com\/fi\/wp-json\/wp\/v2\/pages\/11\/revisions"}],"predecessor-version":[{"id":185,"href":"https:\/\/iptvcompanion.com\/fi\/wp-json\/wp\/v2\/pages\/11\/revisions\/185"}],"wp:attachment":[{"href":"https:\/\/iptvcompanion.com\/fi\/wp-json\/wp\/v2\/media?parent=11"}],"curies":[{"name":"wp","href":"https:\/\/api.w.org\/{rel}","templated":true}]}}