{"id":12,"date":"2025-10-06T10:35:13","date_gmt":"2025-10-06T10:35:13","guid":{"rendered":"https:\/\/iptvcompanion.com\/?page_id=12"},"modified":"2025-10-08T06:28:58","modified_gmt":"2025-10-08T06:28:58","slug":"yhteystiedot","status":"publish","type":"page","link":"https:\/\/iptvcompanion.com\/fi\/yhteystiedot\/","title":{"rendered":"Yhteystiedot"},"content":{"rendered":"<div data-elementor-type=\"wp-page\" data-elementor-id=\"12\" class=\"elementor elementor-12\" data-elementor-post-type=\"page\">\n\t\t\t\t<div class=\"elementor-element elementor-element-d828d3b e-flex e-con-boxed e-con e-parent\" data-id=\"d828d3b\" data-element_type=\"container\" data-e-type=\"container\" data-settings=\"{&quot;background_background&quot;:&quot;classic&quot;}\">\n\t\t\t\t\t<div class=\"e-con-inner\">\n\t\t\t\t<div class=\"elementor-element elementor-element-88cf30c elementor-widget elementor-widget-elementskit-heading\" data-id=\"88cf30c\" data-element_type=\"widget\" data-e-type=\"widget\" data-widget_type=\"elementskit-heading.default\">\n\t\t\t\t\t<div class=\"ekit-wid-con\" ><div class=\"ekit-heading elementskit-section-title-wraper center   ekit_heading_tablet-   ekit_heading_mobile-\"><h1 class=\"ekit-heading--title elementskit-section-title\">Yhteystiedot <span><span>MEILLE<\/span><\/span><\/h1><div class=\"ekit_heading_separetor_wraper ekit_heading_elementskit-border-divider elementskit-style-long\"><div class=\"elementskit-border-divider elementskit-style-long\"><\/div><\/div><\/div><\/div>\t\t\t\t<\/div>\n\t\t\t\t<div class=\"elementor-element elementor-element-499eae3 elementor-widget__width-initial elementor-widget elementor-widget-text-editor\" data-id=\"499eae3\" data-element_type=\"widget\" data-e-type=\"widget\" data-widget_type=\"text-editor.default\">\n\t\t\t\t\t\t\t\t\t<h3 data-start=\"236\" data-end=\"268\">Haluaisimme kuulla sinusta<\/h3><p data-start=\"270\" data-end=\"393\">Olipa sinulla kysymys, palautetta tai haluat vain jakaa ajatuksesi IPTV:st\u00e4, kuuntelemme mielell\u00e4mme.<\/p><p data-start=\"395\" data-end=\"541\"><strong data-start=\"395\" data-end=\"413\">IPTV-seuralainen<\/strong> on rakennettu lukijoidemme ymp\u00e4rille, joten jos on jotain mit\u00e4 haluaisit meid\u00e4n tarkistavan, testaavan tai selitt\u00e4v\u00e4n, \u00e4l\u00e4 ep\u00e4r\u00f6i ottaa yhteytt\u00e4.<\/p><h3 data-start=\"548\" data-end=\"577\"><strong data-start=\"554\" data-end=\"577\">Kuinka ottaa yhteytt\u00e4<\/strong><\/h3><p data-start=\"579\" data-end=\"724\"><strong data-start=\"579\" data-end=\"589\">S\u00e4hk\u00f6posti:<\/strong> <a class=\"decorated-link cursor-pointer\" rel=\"noopener\" data-start=\"590\" data-end=\"645\">info@iptvcompanion.com<\/a><br data-start=\"645\" data-end=\"648\" \/>Vastaamme yleens\u00e4 sis\u00e4ll\u00e4 <strong data-start=\"672\" data-end=\"687\">24\u201348 tuntia<\/strong> (pois lukien viikonloput ja pyh\u00e4p\u00e4iv\u00e4t).<\/p><p data-start=\"726\" data-end=\"886\"><strong data-start=\"726\" data-end=\"743\">Yhteydenottolomake:<\/strong><br data-start=\"743\" data-end=\"746\" \/>Voit my\u00f6s l\u00e4hett\u00e4\u00e4 meille lyhyen viestin alla olevan lomakkeen kautta, olipa kyseess\u00e4 sitten tekninen kysymys, sis\u00e4lt\u00f6ehdotus tai yhteisty\u00f6idea.<\/p>\t\t\t\t\t\t\t\t<\/div>\n\t\t\t\t<div class=\"elementor-element elementor-element-d04165b elementor-widget__width-initial elementor-widget elementor-widget-wpforms\" data-id=\"d04165b\" data-element_type=\"widget\" data-e-type=\"widget\" data-widget_type=\"wpforms.default\">\n\t\t\t\t<div class=\"elementor-widget-container\">\n\t\t\t\t\t<style id=\"wpforms-css-vars-elementor-widget-d04165b\">\n\t\t\t\t.elementor-widget-wpforms.elementor-element-d04165b {\n\t\t\t\t--wpforms-button-background-color: #007BFF;\n\t\t\t}\n\t\t\t<\/style><div class=\"wpforms-container wpforms-container-full wpforms-render-modern\" id=\"wpforms-190\"><form id=\"wpforms-form-190\" class=\"wpforms-validate wpforms-form wpforms-ajax-form\" data-formid=\"190\" method=\"post\" enctype=\"multipart\/form-data\" action=\"\/fi\/wp-json\/wp\/v2\/pages\/12\" data-token=\"1f9b8bed009778e67442272be7f236fa\" data-token-time=\"1776509276\" data-trp-original-action=\"\/fi\/wp-json\/wp\/v2\/pages\/12\"><noscript class=\"wpforms-error-noscript\">Please enable JavaScript in your browser to complete this form.<\/noscript><div id=\"wpforms-error-noscript\" style=\"display: none;\">Please enable JavaScript in your browser to complete this form.<\/div><div class=\"wpforms-field-container\"><div id=\"wpforms-190-field_1-container\" class=\"wpforms-field wpforms-field-name\" data-field-id=\"1\"><label class=\"wpforms-field-label\" for=\"wpforms-190-field_1\">Nimi <span class=\"wpforms-required-label\" aria-hidden=\"true\">*<\/span><\/label><input type=\"text\" id=\"wpforms-190-field_1\" class=\"wpforms-field-large wpforms-field-required\" name=\"wpforms[fields][1]\" aria-errormessage=\"wpforms-190-field_1-error\" required><\/div><div id=\"wpforms-190-field_2-container\" class=\"wpforms-field wpforms-field-email\" data-field-id=\"2\"><label class=\"wpforms-field-label\" for=\"wpforms-190-field_2\">S\u00e4hk\u00f6posti <span class=\"wpforms-required-label\" aria-hidden=\"true\">*<\/span><\/label><input type=\"email\" id=\"wpforms-190-field_2\" class=\"wpforms-field-large wpforms-field-required\" name=\"wpforms[fields][2]\" spellcheck=\"false\" aria-errormessage=\"wpforms-190-field_2-error\" required><\/div>\t\t<div id=\"wpforms-190-field_4-container\"\n\t\t\tclass=\"wpforms-field wpforms-field-text\"\n\t\t\tdata-field-type=\"text\"\n\t\t\tdata-field-id=\"4\"\n\t\t\t>\n\t\t\t<label class=\"wpforms-field-label\" for=\"wpforms-190-field_4\" >or Comment Message<\/label>\n\t\t\t<input type=\"text\" id=\"wpforms-190-field_4\" class=\"wpforms-field-medium\" name=\"wpforms[fields][4]\" >\n\t\t<\/div>\n\t\t<div id=\"wpforms-190-field_3-container\" class=\"wpforms-field wpforms-field-textarea\" data-field-id=\"3\"><label class=\"wpforms-field-label\" for=\"wpforms-190-field_3\">Kommentti tai viesti<\/label><textarea id=\"wpforms-190-field_3\" class=\"wpforms-field-medium\" name=\"wpforms[fields][3]\" aria-errormessage=\"wpforms-190-field_3-error\" ><\/textarea><\/div><script>\n\t\t\t\t( function() {\n\t\t\t\t\tconst style = document.createElement( 'style' );\n\t\t\t\t\tstyle.appendChild( document.createTextNode( '#wpforms-190-field_4-container { position: absolute !important; overflow: hidden !important; display: inline !important; height: 1px !important; width: 1px !important; z-index: -1000 !important; padding: 0 !important; } #wpforms-190-field_4-container input { visibility: hidden; } #wpforms-conversational-form-page #wpforms-190-field_4-container label { counter-increment: none; }' ) );\n\t\t\t\t\tdocument.head.appendChild( style );\n\t\t\t\t\tdocument.currentScript?.remove();\n\t\t\t\t} )();\n\t\t\t<\/script><\/div><!-- .wpforms-field-container --><div class=\"wpforms-submit-container\" ><input type=\"hidden\" name=\"wpforms[id]\" value=\"190\"><input type=\"hidden\" name=\"page_title\" value=\"\"><input type=\"hidden\" name=\"page_url\" value=\"https:\/\/iptvcompanion.com\/fi\/wp-json\/wp\/v2\/pages\/12\"><input type=\"hidden\" name=\"url_referer\" value=\"\"><button type=\"submit\" name=\"wpforms[submit]\" id=\"wpforms-submit-190\" class=\"wpforms-submit\" data-alt-text=\"Sending...\" data-submit-text=\"Submit\" aria-live=\"assertive\" value=\"wpforms-submit\">L\u00e4het\u00e4<\/button><img decoding=\"async\" src=\"https:\/\/iptvcompanion.com\/wp-content\/plugins\/wpforms-lite\/assets\/images\/submit-spin.svg\" class=\"wpforms-submit-spinner\" style=\"display: none;\" width=\"26\" height=\"26\" alt=\"Loading\"><\/div><input type=\"hidden\" name=\"trp-form-language\" value=\"fi\"\/><\/form><\/div>  <!-- .wpforms-container -->\t\t\t\t<\/div>\n\t\t\t\t<\/div>\n\t\t\t\t\t<\/div>\n\t\t\t\t<\/div>\n\t\t\t\t<\/div>","protected":false},"excerpt":{"rendered":"<p>Contact US We\u2019d Love to Hear From You Whether you have a question, some feedback, or just want to share your thoughts about IPTV, we\u2019re always happy to listen. IPTV Companion is built around our readers, so if there\u2019s something you\u2019d like us to review, test, or explain, don\u2019t hesitate to reach out. How to&#8230;<\/p>","protected":false},"author":1,"featured_media":0,"parent":0,"menu_order":0,"comment_status":"closed","ping_status":"closed","template":"","meta":{"_kad_post_transparent":"","_kad_post_title":"hide","_kad_post_layout":"fullwidth","_kad_post_sidebar_id":"","_kad_post_content_style":"unboxed","_kad_post_vertical_padding":"hide","_kad_post_feature":"hide","_kad_post_feature_position":"","_kad_post_header":false,"_kad_post_footer":false,"_kad_post_classname":"","footnotes":""},"class_list":["post-12","page","type-page","status-publish","hentry"],"_links":{"self":[{"href":"https:\/\/iptvcompanion.com\/fi\/wp-json\/wp\/v2\/pages\/12","targetHints":{"allow":["GET"]}}],"collection":[{"href":"https:\/\/iptvcompanion.com\/fi\/wp-json\/wp\/v2\/pages"}],"about":[{"href":"https:\/\/iptvcompanion.com\/fi\/wp-json\/wp\/v2\/types\/page"}],"author":[{"embeddable":true,"href":"https:\/\/iptvcompanion.com\/fi\/wp-json\/wp\/v2\/users\/1"}],"replies":[{"embeddable":true,"href":"https:\/\/iptvcompanion.com\/fi\/wp-json\/wp\/v2\/comments?post=12"}],"version-history":[{"count":7,"href":"https:\/\/iptvcompanion.com\/fi\/wp-json\/wp\/v2\/pages\/12\/revisions"}],"predecessor-version":[{"id":195,"href":"https:\/\/iptvcompanion.com\/fi\/wp-json\/wp\/v2\/pages\/12\/revisions\/195"}],"wp:attachment":[{"href":"https:\/\/iptvcompanion.com\/fi\/wp-json\/wp\/v2\/media?parent=12"}],"curies":[{"name":"wp","href":"https:\/\/api.w.org\/{rel}","templated":true}]}}