{"id":20,"date":"2025-10-06T10:35:56","date_gmt":"2025-10-06T10:35:56","guid":{"rendered":"https:\/\/iptvcompanion.com\/?page_id=20"},"modified":"2025-10-23T09:55:16","modified_gmt":"2025-10-23T08:55:16","slug":"kayttoehdot","status":"publish","type":"page","link":"https:\/\/iptvcompanion.com\/fi\/kayttoehdot\/","title":{"rendered":"K\u00e4ytt\u00f6ehdot"},"content":{"rendered":"<div data-elementor-type=\"wp-page\" data-elementor-id=\"20\" class=\"elementor elementor-20\" data-elementor-post-type=\"page\">\n\t\t\t\t<div class=\"elementor-element elementor-element-b684077 e-flex e-con-boxed e-con e-parent\" data-id=\"b684077\" data-element_type=\"container\" data-e-type=\"container\" data-settings=\"{&quot;background_background&quot;:&quot;classic&quot;}\">\n\t\t\t\t\t<div class=\"e-con-inner\">\n\t\t\t\t<div class=\"elementor-element elementor-element-9b46449 elementor-widget elementor-widget-elementskit-heading\" data-id=\"9b46449\" data-element_type=\"widget\" data-e-type=\"widget\" data-widget_type=\"elementskit-heading.default\">\n\t\t\t\t\t<div class=\"ekit-wid-con\" ><div class=\"ekit-heading elementskit-section-title-wraper center   ekit_heading_tablet-   ekit_heading_mobile-\"><h1 class=\"ekit-heading--title elementskit-section-title\">Ehdot <span><span>K\u00e4ytt\u00e4\u00e4<\/span><\/span><\/h1><div class=\"ekit_heading_separetor_wraper ekit_heading_elementskit-border-divider elementskit-style-long\"><div class=\"elementskit-border-divider elementskit-style-long\"><\/div><\/div><\/div><\/div>\t\t\t\t<\/div>\n\t\t\t\t<div class=\"elementor-element elementor-element-8ae3934 elementor-widget__width-initial elementor-widget elementor-widget-text-editor\" data-id=\"8ae3934\" data-element_type=\"widget\" data-e-type=\"widget\" data-widget_type=\"text-editor.default\">\n\t\t\t\t\t\t\t\t\t<p data-start=\"385\" data-end=\"604\">Tervetuloa <strong data-start=\"396\" data-end=\"414\">IPTV-seuralainen<\/strong>.<br data-start=\"415\" data-end=\"418\">K\u00e4ytt\u00e4m\u00e4ll\u00e4 verkkosivustoamme \u2014 <a class=\"decorated-link cursor-pointer\" target=\"_new\" rel=\"noopener\" data-start=\"454\" data-end=\"508\">https:\/\/iptvcompanion.com<\/a> \u2014 sitoudut noudattamaan n\u00e4it\u00e4 k\u00e4ytt\u00f6ehtoja.<br data-start=\"550\" data-end=\"553\">Lue ne huolellisesti ennen sivuston k\u00e4ytt\u00f6\u00e4.<\/p>\n<p data-start=\"606\" data-end=\"688\">Jos et hyv\u00e4ksy n\u00e4it\u00e4 ehtoja, sinun ei tule k\u00e4ytt\u00e4\u00e4 t\u00e4t\u00e4 verkkosivustoa tai k\u00e4ytt\u00e4\u00e4 sit\u00e4.<\/p>\n<h3 data-start=\"695\" data-end=\"724\">1. <strong data-start=\"701\" data-end=\"724\">Yleist\u00e4 tietoa<\/strong><\/h3>\n<p data-start=\"726\" data-end=\"986\">IPTV Companion on riippumaton tiedotussivusto.<br data-start=\"781\" data-end=\"784\">Tarjoamme opetusmateriaalia, arvosteluja ja opetusohjelmia IPTV:hen liittyvist\u00e4 ty\u00f6kaluista, sovelluksista ja laitteista.<br data-start=\"883\" data-end=\"886\">Me teemme <strong data-start=\"892\" data-end=\"899\">ei<\/strong> myyd\u00e4 IPTV-tilauksia, levitt\u00e4\u00e4 tekij\u00e4noikeuksin suojattua materiaalia tai is\u00e4nn\u00f6id\u00e4 suoratoistosis\u00e4lt\u00f6\u00e4.<\/p>\n<p data-start=\"988\" data-end=\"1096\">Tavoitteenamme on auttaa k\u00e4vij\u00f6it\u00e4 tekem\u00e4\u00e4n tietoon perustuvia p\u00e4\u00e4t\u00f6ksi\u00e4 ja parantamaan IPTV-kokemustaan turvallisesti ja laillisesti.<\/p>\n<h3 data-start=\"1103\" data-end=\"1127\">2. <strong data-start=\"1109\" data-end=\"1127\">Sis\u00e4ll\u00f6n k\u00e4ytt\u00f6<\/strong><\/h3>\n<p data-start=\"1129\" data-end=\"1258\">Kaikki t\u00e4ll\u00e4 verkkosivustolla olevat tekstit, kuvat, grafiikka ja muu materiaali kuuluvat <strong data-start=\"1203\" data-end=\"1221\">IPTV-seuralainen<\/strong> ellei toisin mainita.<br data-start=\"1245\" data-end=\"1248\">Voit:<\/p>\n<ul data-start=\"1259\" data-end=\"1425\">\n<li data-start=\"1259\" data-end=\"1324\">\n<p data-start=\"1261\" data-end=\"1324\">Lue ja jaa artikkeleitamme henkil\u00f6kohtaiseen, ei-kaupalliseen k\u00e4ytt\u00f6\u00f6n.<\/p>\n<\/li>\n<li data-start=\"1325\" data-end=\"1425\">\n<p data-start=\"1327\" data-end=\"1425\">Lainaa pieni\u00e4 osia sis\u00e4ll\u00f6st\u00e4mme, kunhan lis\u00e4\u00e4t n\u00e4kyv\u00e4n linkin verkkosivustollemme.<\/p>\n<\/li>\n<\/ul>\n<p data-start=\"1427\" data-end=\"1445\">Saatat <strong data-start=\"1435\" data-end=\"1442\">ei<\/strong>:<\/p>\n<ul data-start=\"1446\" data-end=\"1640\">\n<li data-start=\"1446\" data-end=\"1513\">\n<p data-start=\"1448\" data-end=\"1513\">Kopioi, j\u00e4ljenn\u00e4 tai julkaise uudelleen kokonaisia artikkeleita ilman lupaa.<\/p>\n<\/li>\n<li data-start=\"1514\" data-end=\"1582\">\n<p data-start=\"1516\" data-end=\"1582\">K\u00e4yt\u00e4 sis\u00e4lt\u00f6\u00e4mme kaupallisiin, harhaanjohtaviin tai laittomiin tarkoituksiin.<\/p>\n<\/li>\n<li data-start=\"1583\" data-end=\"1640\">\n<p data-start=\"1585\" data-end=\"1640\">V\u00e4it\u00e4 mit\u00e4 tahansa osaa t\u00e4m\u00e4n verkkosivuston sis\u00e4ll\u00f6st\u00e4 omaksesi.<\/p>\n<\/li>\n<\/ul>\n<p data-start=\"1642\" data-end=\"1710\">Lupapyynt\u00f6j\u00e4 varten ota meihin yhteytt\u00e4 osoitteessa <strong data-start=\"1681\" data-end=\"1707\"><a class=\"decorated-link cursor-pointer\" rel=\"noopener\" data-start=\"1683\" data-end=\"1705\">info@iptvcompanion.com<\/a><\/strong>.<\/p>\n<h3 data-start=\"1717\" data-end=\"1747\">3. <strong data-start=\"1723\" data-end=\"1747\">Tietojen tarkkuus<\/strong><\/h3>\n<p data-start=\"1749\" data-end=\"1973\">Teemme parhaamme varmistaaksemme, ett\u00e4 kaikki IPTV Companionissa julkaistut tiedot ovat oikeita ja ajantasaisia.<br data-start=\"1845\" data-end=\"1848\">Teknologia ja IPTV-alustat kuitenkin muuttuvat usein, joten emme voi taata, ett\u00e4 kaikki tiedot ovat aina ajan tasalla.<\/p>\n<p data-start=\"1975\" data-end=\"2149\">K\u00e4yt\u00e4 t\u00e4m\u00e4n sivuston tietoja oman harkintasi mukaan. Emme ole vastuussa virheist\u00e4, vanhentuneista tiedoista tai mist\u00e4\u00e4n seurauksista, jotka johtuvat siit\u00e4, miten k\u00e4yt\u00e4t sis\u00e4lt\u00f6\u00e4.<\/p>\n<h3 data-start=\"2156\" data-end=\"2180\">4. <strong data-start=\"2162\" data-end=\"2180\">Ulkoiset linkit<\/strong><\/h3>\n<p data-start=\"2182\" data-end=\"2324\">Artikkelimme saattavat sis\u00e4lt\u00e4\u00e4 linkkej\u00e4 kolmansien osapuolten verkkosivustoille tai ty\u00f6kaluihin.<br data-start=\"2246\" data-end=\"2249\">N\u00e4m\u00e4 linkit tarjotaan vain tiedon ja mukavuuden lis\u00e4\u00e4miseksi.<\/p>\n<p data-start=\"2326\" data-end=\"2470\">Me teemme <strong data-start=\"2332\" data-end=\"2339\">ei<\/strong> hallita tai hyv\u00e4ksy\u00e4 mit\u00e4\u00e4n ulkoisia verkkosivustoja, niiden sis\u00e4lt\u00f6\u00e4 tai niiden tietosuojak\u00e4yt\u00e4nt\u00f6j\u00e4. Niill\u00e4 k\u00e4yminen on t\u00e4ysin omalla vastuullasi.<\/p>\n<h3 data-start=\"2477\" data-end=\"2499\">5. <strong data-start=\"2483\" data-end=\"2499\">K\u00e4ytt\u00e4j\u00e4n toiminta<\/strong><\/h3>\n<p data-start=\"2501\" data-end=\"2547\">K\u00e4ytt\u00e4ess\u00e4si IPTV Companionia sitoudut olemaan:<\/p>\n<ul data-start=\"2548\" data-end=\"2777\">\n<li data-start=\"2548\" data-end=\"2634\">\n<p data-start=\"2550\" data-end=\"2634\">L\u00e4het\u00e4 roskapostia, loukkaavia viestej\u00e4 tai laitonta sis\u00e4lt\u00f6\u00e4 yhteydenottolomakkeidemme kautta.<\/p>\n<\/li>\n<li data-start=\"2635\" data-end=\"2703\">\n<p data-start=\"2637\" data-end=\"2703\">Yrit\u00e4 vahingoittaa, hakkeroida tai h\u00e4irit\u00e4 verkkosivustomme toimivuutta.<\/p>\n<\/li>\n<li data-start=\"2704\" data-end=\"2777\">\n<p data-start=\"2706\" data-end=\"2777\">K\u00e4yt\u00e4 sis\u00e4lt\u00f6\u00e4mme mill\u00e4\u00e4n tavalla, joka rikkoo paikallisia tai kansainv\u00e4lisi\u00e4 lakeja.<\/p>\n<\/li>\n<\/ul>\n<p data-start=\"2779\" data-end=\"2865\">Pid\u00e4t\u00e4mme oikeuden est\u00e4\u00e4 tai poistaa p\u00e4\u00e4syn k\u00e4ytt\u00e4jilt\u00e4, jotka rikkovat n\u00e4it\u00e4 ehtoja.<\/p>\n<h3 data-start=\"2872\" data-end=\"2903\">6. <strong data-start=\"2878\" data-end=\"2903\">Immateriaalioikeudet<\/strong><\/h3>\n<p data-start=\"2905\" data-end=\"3093\">Kaikki IPTV Companionin logot, kuvat ja kirjallinen sis\u00e4lt\u00f6 on suojattu tekij\u00e4noikeus- ja immateriaalioikeuslaeilla.<br data-start=\"3020\" data-end=\"3023\">Et saa kopioida tai levitt\u00e4\u00e4 niit\u00e4 ilman kirjallista lupaa.<\/p>\n<p data-start=\"3095\" data-end=\"3230\">Kaikki t\u00e4ll\u00e4 verkkosivustolla mainitut tavaramerkit kuuluvat omistajilleen, ja niit\u00e4 k\u00e4ytet\u00e4\u00e4n ainoastaan kuvaileviin tai koulutustarkoituksiin.<\/p>\n<h3 data-start=\"3237\" data-end=\"3257\">7. <strong data-start=\"3243\" data-end=\"3257\">Vastuuvapauslauseke<\/strong><\/h3>\n<p data-start=\"3259\" data-end=\"3411\">IPTV Companion tarjoaa vain yleist\u00e4 tietoa ja mielipiteit\u00e4.<br data-start=\"3321\" data-end=\"3324\">Me olemme <strong data-start=\"3331\" data-end=\"3354\">ei sidoksissa<\/strong> tai mink\u00e4\u00e4n IPTV-palveluntarjoajan tai suoratoistoyrityksen hyv\u00e4ksym\u00e4.<\/p>\n<p data-start=\"3413\" data-end=\"3435\">Emme takaa:<\/p>\n<ul data-start=\"3436\" data-end=\"3576\">\n<li data-start=\"3436\" data-end=\"3508\">\n<p data-start=\"3438\" data-end=\"3508\">Mainitun IPTV-palvelun laatu, luotettavuus tai laillisuus.<\/p>\n<\/li>\n<li data-start=\"3509\" data-end=\"3576\">\n<p data-start=\"3511\" data-end=\"3576\">Ett\u00e4 mik\u00e4 tahansa sovellus, laite tai alusta toimii ongelmitta.<\/p>\n<\/li>\n<\/ul>\n<p data-start=\"3578\" data-end=\"3734\">Kaikki suositukset ja arvostelut perustuvat riippumattomaan tutkimukseen ja henkil\u00f6kohtaiseen testaukseen.<br data-start=\"3665\" data-end=\"3668\">K\u00e4yt\u00e4t mit\u00e4 tahansa kolmannen osapuolen tuotetta tai palvelua <strong data-start=\"3711\" data-end=\"3731\">omalla vastuullasi<\/strong>.<\/p>\n<h3 data-start=\"3741\" data-end=\"3774\">8. <strong data-start=\"3747\" data-end=\"3774\">Vastuunrajoitus<\/strong><\/h3>\n<p data-start=\"3776\" data-end=\"3973\">IPTV Companionia tai sen tiimi\u00e4 ei miss\u00e4\u00e4n olosuhteissa voida pit\u00e4\u00e4 vastuussa mist\u00e4\u00e4n suorista tai ep\u00e4suorista menetyksist\u00e4, vahingoista tai ongelmista, jotka johtuvat t\u00e4m\u00e4n verkkosivuston k\u00e4yt\u00f6st\u00e4, mukaan lukien, mutta ei rajoittuen:<\/p>\n<ul data-start=\"3974\" data-end=\"4086\">\n<li data-start=\"3974\" data-end=\"4006\">\n<p data-start=\"3976\" data-end=\"4006\">Tekniset virheet tai k\u00e4ytt\u00f6katkokset<\/p>\n<\/li>\n<li data-start=\"4007\" data-end=\"4028\">\n<p data-start=\"4009\" data-end=\"4028\">Sis\u00e4ll\u00f6n v\u00e4\u00e4rink\u00e4ytt\u00f6<\/p>\n<\/li>\n<li data-start=\"4029\" data-end=\"4086\">\n<p data-start=\"4031\" data-end=\"4086\">P\u00e4\u00e4t\u00f6kset tehty t\u00e4\u00e4ll\u00e4 annettujen tietojen perusteella<\/p>\n<\/li>\n<\/ul>\n<p data-start=\"4088\" data-end=\"4172\">T\u00e4m\u00e4n verkkosivuston k\u00e4ytt\u00f6 edellytt\u00e4\u00e4 n\u00e4iden riskien t\u00e4ytt\u00e4 ymm\u00e4rt\u00e4mist\u00e4 ja hyv\u00e4ksymist\u00e4.<\/p>\n<h3 data-start=\"4179\" data-end=\"4211\">9. <strong data-start=\"4185\" data-end=\"4211\">N\u00e4iden ehtojen muutokset<\/strong><\/h3>\n<p data-start=\"4213\" data-end=\"4364\">Voimme p\u00e4ivitt\u00e4\u00e4 tai muokata n\u00e4it\u00e4 k\u00e4ytt\u00f6ehtoja milloin tahansa ilman ennakkoilmoitusta.<br data-start=\"4289\" data-end=\"4292\">T\u00e4m\u00e4n sivun yl\u00e4reunassa oleva p\u00e4iv\u00e4m\u00e4\u00e4r\u00e4 n\u00e4ytt\u00e4\u00e4 aina viimeisimm\u00e4n version.<\/p>\n<p data-start=\"4366\" data-end=\"4443\">Jatkamalla sivuston k\u00e4ytt\u00f6\u00e4 p\u00e4ivitysten j\u00e4lkeen hyv\u00e4ksyt tarkistetut ehdot.<\/p>\n<h3 data-start=\"4450\" data-end=\"4471\">10. <strong data-start=\"4457\" data-end=\"4471\">Ota yhteytt\u00e4<\/strong><\/h3>\n<p data-start=\"4473\" data-end=\"4554\">Jos sinulla on kysytt\u00e4v\u00e4\u00e4 tai huolenaiheita n\u00e4ist\u00e4 ehdoista, ota meihin yhteytt\u00e4:<\/p>\n<p data-start=\"4556\" data-end=\"4733\"><img decoding=\"async\" class=\"emoji\" role=\"img\" draggable=\"false\" src=\"https:\/\/s.w.org\/images\/core\/emoji\/16.0.1\/svg\/1f4e7.svg\" alt=\"\ud83d\udce7\"> <strong data-start=\"4559\" data-end=\"4569\">S\u00e4hk\u00f6posti:<\/strong> <a class=\"decorated-link cursor-pointer\" rel=\"noopener\" data-start=\"4570\" data-end=\"4625\">info@iptvcompanion.com<\/a><br data-start=\"4625\" data-end=\"4628\"><img decoding=\"async\" class=\"emoji\" role=\"img\" draggable=\"false\" src=\"https:\/\/s.w.org\/images\/core\/emoji\/16.0.1\/svg\/1f310.svg\" alt=\"\ud83c\udf10\"> <strong data-start=\"4631\" data-end=\"4648\">Yhteydenottosivu:<\/strong> <a class=\"decorated-link cursor-pointer\" target=\"_new\" rel=\"noopener\" data-start=\"4649\" data-end=\"4731\">https:\/\/iptvcompanion.com\/pages\/contact<\/a><\/p>\n<h4 data-start=\"4740\" data-end=\"4756\"><strong data-start=\"4744\" data-end=\"4756\">Lyhyesti sanottuna<\/strong><\/h4>\n<p data-start=\"4758\" data-end=\"4957\">K\u00e4ytt\u00e4\u00e4 <strong data-start=\"4762\" data-end=\"4780\">IPTV-seuralainen<\/strong> oppia, tutkia ja nauttia tiedon suoratoistosta vastuullisesti.<br data-start=\"4842\" data-end=\"4845\">Kaikki sis\u00e4lt\u00f6mme tarjotaan vilpitt\u00f6m\u00e4ss\u00e4 mieless\u00e4 tiedoksi ja koulutukseen, ei laittomaan tai tekij\u00e4noikeuksin suojattuun k\u00e4ytt\u00f6\u00f6n.<\/p>\t\t\t\t\t\t\t\t<\/div>\n\t\t\t\t\t<\/div>\n\t\t\t\t<\/div>\n\t\t\t\t<\/div>","protected":false},"excerpt":{"rendered":"<p>Terms of Use Welcome to IPTV Companion.By accessing or using our website \u2014 https:\/\/iptvcompanion.com \u2014 you agree to follow these Terms of Use.Please read them carefully before using the site. If you do not agree with these terms, you should not use or access this website. 1. General Information IPTV Companion is an independent informational&#8230;<\/p>","protected":false},"author":1,"featured_media":0,"parent":0,"menu_order":0,"comment_status":"closed","ping_status":"closed","template":"","meta":{"_kad_post_transparent":"","_kad_post_title":"hide","_kad_post_layout":"fullwidth","_kad_post_sidebar_id":"","_kad_post_content_style":"unboxed","_kad_post_vertical_padding":"hide","_kad_post_feature":"hide","_kad_post_feature_position":"","_kad_post_header":false,"_kad_post_footer":false,"_kad_post_classname":"","footnotes":""},"class_list":["post-20","page","type-page","status-publish","hentry"],"_links":{"self":[{"href":"https:\/\/iptvcompanion.com\/fi\/wp-json\/wp\/v2\/pages\/20","targetHints":{"allow":["GET"]}}],"collection":[{"href":"https:\/\/iptvcompanion.com\/fi\/wp-json\/wp\/v2\/pages"}],"about":[{"href":"https:\/\/iptvcompanion.com\/fi\/wp-json\/wp\/v2\/types\/page"}],"author":[{"embeddable":true,"href":"https:\/\/iptvcompanion.com\/fi\/wp-json\/wp\/v2\/users\/1"}],"replies":[{"embeddable":true,"href":"https:\/\/iptvcompanion.com\/fi\/wp-json\/wp\/v2\/comments?post=20"}],"version-history":[{"count":4,"href":"https:\/\/iptvcompanion.com\/fi\/wp-json\/wp\/v2\/pages\/20\/revisions"}],"predecessor-version":[{"id":203,"href":"https:\/\/iptvcompanion.com\/fi\/wp-json\/wp\/v2\/pages\/20\/revisions\/203"}],"wp:attachment":[{"href":"https:\/\/iptvcompanion.com\/fi\/wp-json\/wp\/v2\/media?parent=20"}],"curies":[{"name":"wp","href":"https:\/\/api.w.org\/{rel}","templated":true}]}}