{"id":11,"date":"2025-10-06T10:35:06","date_gmt":"2025-10-06T10:35:06","guid":{"rendered":"https:\/\/iptvcompanion.com\/?page_id=11"},"modified":"2025-10-23T09:54:45","modified_gmt":"2025-10-23T08:54:45","slug":"a-propos","status":"publish","type":"page","link":"https:\/\/iptvcompanion.com\/fr\/a-propos\/","title":{"rendered":"\u00c0 propos"},"content":{"rendered":"<div data-elementor-type=\"wp-page\" data-elementor-id=\"11\" class=\"elementor elementor-11\" data-elementor-post-type=\"page\">\n\t\t\t\t<div class=\"elementor-element elementor-element-1b0de9ee e-flex e-con-boxed e-con e-parent\" data-id=\"1b0de9ee\" data-element_type=\"container\" data-e-type=\"container\" data-settings=\"{&quot;background_background&quot;:&quot;classic&quot;}\">\n\t\t\t\t\t<div class=\"e-con-inner\">\n\t\t\t\t<div class=\"elementor-element elementor-element-1d9c774a elementor-widget elementor-widget-elementskit-heading\" data-id=\"1d9c774a\" data-element_type=\"widget\" data-e-type=\"widget\" data-widget_type=\"elementskit-heading.default\">\n\t\t\t\t\t<div class=\"ekit-wid-con\" ><div class=\"ekit-heading elementskit-section-title-wraper center   ekit_heading_tablet-   ekit_heading_mobile-\"><h1 class=\"ekit-heading--title elementskit-section-title\">\u00c0 propos <span><span>Compagnon IPTV<\/span><\/span><\/h1><div class=\"ekit_heading_separetor_wraper ekit_heading_elementskit-border-divider elementskit-style-long\"><div class=\"elementskit-border-divider elementskit-style-long\"><\/div><\/div><\/div><\/div>\t\t\t\t<\/div>\n\t\t\t\t<div class=\"elementor-element elementor-element-4a3ce32 elementor-widget__width-initial elementor-widget elementor-widget-text-editor\" data-id=\"4a3ce32\" data-element_type=\"widget\" data-e-type=\"widget\" data-widget_type=\"text-editor.default\">\n\t\t\t\t\t\t\t\t\t<h3 data-start=\"332\" data-end=\"362\">Vous aider \u00e0 streamer plus intelligemment<\/h3><p data-start=\"364\" data-end=\"506\">Bienvenue sur <strong data-start=\"375\" data-end=\"393\">Compagnon IPTV<\/strong>, un site cr\u00e9\u00e9 par des passionn\u00e9s de streaming qui souhaitaient rendre l&#039;IPTV simple, claire et sans frustration.<\/p><p data-start=\"508\" data-end=\"781\">Nous savons combien il peut \u00eatre difficile de choisir le bon service ou la bonne application. Entre le flot incessant d&#039;informations en ligne, les promesses, les publicit\u00e9s et les avis mitig\u00e9s, il est difficile de d\u00e9m\u00ealer le vrai du faux. C&#039;est pourquoi nous avons d\u00e9cid\u00e9 de cr\u00e9er quelque chose de diff\u00e9rent\u00a0: un espace honn\u00eate, facile \u00e0 utiliser et vraiment utile.<\/p><h3 data-start=\"788\" data-end=\"802\">Ce que nous faisons<\/h3><p data-start=\"804\" data-end=\"902\">Chez IPTV Companion, nous testons et explorons les outils qui rendent le streaming possible.<br data-start=\"882\" data-end=\"885\" \/>Nous \u00e9crivons sur :<\/p><ul data-start=\"903\" data-end=\"1083\"><li data-start=\"903\" data-end=\"957\"><p data-start=\"905\" data-end=\"957\">Plateformes et applications que les gens utilisent r\u00e9ellement.<\/p><\/li><li data-start=\"958\" data-end=\"1007\"><p data-start=\"960\" data-end=\"1007\">Appareils permettant un fonctionnement optimal de l&#039;IPTV \u00e0 domicile.<\/p><\/li><li data-start=\"1008\" data-end=\"1083\"><p data-start=\"1010\" data-end=\"1083\">Des guides \u00e9tape par \u00e9tape pour vous aider \u00e0 tout configurer sans prise de t\u00eate.<\/p><\/li><\/ul><p data-start=\"1085\" data-end=\"1273\">Nous ne vendons pas d&#039;abonnements, ne faisons pas la promotion de fournisseurs sp\u00e9cifiques et ne proposons pas de partenariats d\u00e9guis\u00e9s en avis. Notre seul objectif est de partager ce qui fonctionne et ce qui ne fonctionne pas, en nous basant sur une v\u00e9ritable exp\u00e9rience.<\/p><h3 data-start=\"1280\" data-end=\"1298\">Pourquoi nous avons commenc\u00e9<\/h3><p data-start=\"1300\" data-end=\"1548\">Tout a commenc\u00e9 par un probl\u00e8me simple : personne ne donnait de r\u00e9ponses directes.<br data-start=\"1367\" data-end=\"1370\" \/>Certains services semblaient prometteurs mais ne fonctionnaient pas. D&#039;autres fonctionnaient bien mais \u00e9taient difficiles \u00e0 configurer.<br data-start=\"1460\" data-end=\"1463\" \/>Nous avons donc d\u00e9cid\u00e9 de tester les choses nous-m\u00eames et de partager ce que nous avons appris en langage clair.<\/p><p data-start=\"1550\" data-end=\"1683\">Cette id\u00e9e a donn\u00e9 naissance \u00e0 IPTV Companion, un projet fond\u00e9 sur la curiosit\u00e9, l&#039;honn\u00eatet\u00e9 et l&#039;entraide pour regarder des contenus en streaming sans t\u00e2tonnements.<\/p><h3 data-start=\"1690\" data-end=\"1713\">Ce \u00e0 quoi vous pouvez vous attendre<\/h3><p data-start=\"1715\" data-end=\"1754\">Lorsque vous visiterez notre site, vous trouverez\u00a0:<\/p><ul data-start=\"1755\" data-end=\"1927\"><li data-start=\"1755\" data-end=\"1798\"><p data-start=\"1757\" data-end=\"1798\">Des avis honn\u00eates r\u00e9dig\u00e9s par de vrais testeurs.<\/p><\/li><li data-start=\"1799\" data-end=\"1865\"><p data-start=\"1801\" data-end=\"1865\">Des guides d&#039;installation pratiques qui ne supposent pas que vous soyez un expert en technologie.<\/p><\/li><li data-start=\"1866\" data-end=\"1927\"><p data-start=\"1868\" data-end=\"1927\">Conseils pour une exp\u00e9rience de visionnage plus fluide et plus facile.<\/p><\/li><\/ul><p data-start=\"1929\" data-end=\"2056\">Pas de blabla, pas de titres racoleurs, pas de jargon incompr\u00e9hensible, juste des informations claires provenant de personnes qui utilisent r\u00e9ellement les produits dont elles parlent.<\/p><h3 data-start=\"2063\" data-end=\"2079\">Entrer en contact<\/h3><p data-start=\"2081\" data-end=\"2212\">Nous adorons recevoir des nouvelles de nos lecteurs.<br data-start=\"2110\" data-end=\"2113\" \/>Si vous avez une question, une suggestion ou si vous souhaitez partager votre exp\u00e9rience, n&#039;h\u00e9sitez pas \u00e0 nous contacter.<\/p><p data-start=\"2214\" data-end=\"2358\"><img decoding=\"async\" class=\"emoji\" role=\"img\" draggable=\"false\" src=\"https:\/\/s.w.org\/images\/core\/emoji\/16.0.1\/svg\/1f4e9.svg\" alt=\"\ud83d\udce9\" \/> <strong data-start=\"2217\" data-end=\"2227\">E-mail:<\/strong> <a class=\"decorated-link cursor-pointer\" rel=\"noopener\" data-start=\"2228\" data-end=\"2250\">info@iptvcompanion.com<\/a><br data-start=\"2250\" data-end=\"2253\" \/><img decoding=\"async\" class=\"emoji\" role=\"img\" draggable=\"false\" src=\"https:\/\/s.w.org\/images\/core\/emoji\/16.0.1\/svg\/1f4cd.svg\" alt=\"\ud83d\udccd\" \/> <strong data-start=\"2256\" data-end=\"2273\">Page de contact :<\/strong> <a class=\"decorated-link cursor-pointer\" target=\"_new\" rel=\"noopener\" data-start=\"2274\" data-end=\"2356\">https:\/\/iptvcompanion.com\/pages\/contact<\/a><\/p><h3 data-start=\"2365\" data-end=\"2377\">En bref<\/h3><p data-start=\"2379\" data-end=\"2625\"><strong data-start=\"2379\" data-end=\"2397\">Compagnon IPTV<\/strong> Ce n&#039;est pas une entreprise ; c&#039;est une communaut\u00e9 de personnes qui aiment le streaming et qui veulent faciliter la t\u00e2che \u00e0 tous les autres.<br data-start=\"2508\" data-end=\"2511\" \/>Si quelque chose vous fait gagner du temps, vous aide \u00e0 vous installer plus rapidement ou vous apprend quelque chose de nouveau, c&#039;est pour cela que nous sommes l\u00e0.<\/p>\t\t\t\t\t\t\t\t<\/div>\n\t\t\t\t\t<\/div>\n\t\t\t\t<\/div>\n\t\t\t\t<\/div>","protected":false},"excerpt":{"rendered":"<p>About IPTV Companion Helping You Stream Smarter Welcome to IPTV Companion, a place built by everyday streaming enthusiasts who wanted to make IPTV simple, clear, and frustration-free. We know how confusing it can be to pick the right service or app. There\u2019s endless noise online, promises, ads, and mixed reviews that leave you wondering what\u2019s&#8230;<\/p>","protected":false},"author":1,"featured_media":0,"parent":0,"menu_order":0,"comment_status":"closed","ping_status":"closed","template":"","meta":{"_kad_post_transparent":"","_kad_post_title":"hide","_kad_post_layout":"fullwidth","_kad_post_sidebar_id":"","_kad_post_content_style":"unboxed","_kad_post_vertical_padding":"hide","_kad_post_feature":"hide","_kad_post_feature_position":"","_kad_post_header":false,"_kad_post_footer":false,"_kad_post_classname":"","footnotes":""},"class_list":["post-11","page","type-page","status-publish","hentry"],"_links":{"self":[{"href":"https:\/\/iptvcompanion.com\/fr\/wp-json\/wp\/v2\/pages\/11","targetHints":{"allow":["GET"]}}],"collection":[{"href":"https:\/\/iptvcompanion.com\/fr\/wp-json\/wp\/v2\/pages"}],"about":[{"href":"https:\/\/iptvcompanion.com\/fr\/wp-json\/wp\/v2\/types\/page"}],"author":[{"embeddable":true,"href":"https:\/\/iptvcompanion.com\/fr\/wp-json\/wp\/v2\/users\/1"}],"replies":[{"embeddable":true,"href":"https:\/\/iptvcompanion.com\/fr\/wp-json\/wp\/v2\/comments?post=11"}],"version-history":[{"count":13,"href":"https:\/\/iptvcompanion.com\/fr\/wp-json\/wp\/v2\/pages\/11\/revisions"}],"predecessor-version":[{"id":185,"href":"https:\/\/iptvcompanion.com\/fr\/wp-json\/wp\/v2\/pages\/11\/revisions\/185"}],"wp:attachment":[{"href":"https:\/\/iptvcompanion.com\/fr\/wp-json\/wp\/v2\/media?parent=11"}],"curies":[{"name":"wp","href":"https:\/\/api.w.org\/{rel}","templated":true}]}}