{"id":20,"date":"2025-10-06T10:35:56","date_gmt":"2025-10-06T10:35:56","guid":{"rendered":"https:\/\/iptvcompanion.com\/?page_id=20"},"modified":"2025-10-23T09:55:16","modified_gmt":"2025-10-23T08:55:16","slug":"conditions-dutilisation","status":"publish","type":"page","link":"https:\/\/iptvcompanion.com\/fr\/conditions-dutilisation\/","title":{"rendered":"Conditions d&#039;utilisation"},"content":{"rendered":"<div data-elementor-type=\"wp-page\" data-elementor-id=\"20\" class=\"elementor elementor-20\" data-elementor-post-type=\"page\">\n\t\t\t\t<div class=\"elementor-element elementor-element-b684077 e-flex e-con-boxed e-con e-parent\" data-id=\"b684077\" data-element_type=\"container\" data-e-type=\"container\" data-settings=\"{&quot;background_background&quot;:&quot;classic&quot;}\">\n\t\t\t\t\t<div class=\"e-con-inner\">\n\t\t\t\t<div class=\"elementor-element elementor-element-9b46449 elementor-widget elementor-widget-elementskit-heading\" data-id=\"9b46449\" data-element_type=\"widget\" data-e-type=\"widget\" data-widget_type=\"elementskit-heading.default\">\n\t\t\t\t\t<div class=\"ekit-wid-con\" ><div class=\"ekit-heading elementskit-section-title-wraper center   ekit_heading_tablet-   ekit_heading_mobile-\"><h1 class=\"ekit-heading--title elementskit-section-title\">Conditions g\u00e9n\u00e9rales <span><span>Utiliser<\/span><\/span><\/h1><div class=\"ekit_heading_separetor_wraper ekit_heading_elementskit-border-divider elementskit-style-long\"><div class=\"elementskit-border-divider elementskit-style-long\"><\/div><\/div><\/div><\/div>\t\t\t\t<\/div>\n\t\t\t\t<div class=\"elementor-element elementor-element-8ae3934 elementor-widget__width-initial elementor-widget elementor-widget-text-editor\" data-id=\"8ae3934\" data-element_type=\"widget\" data-e-type=\"widget\" data-widget_type=\"text-editor.default\">\n\t\t\t\t\t\t\t\t\t<p data-start=\"385\" data-end=\"604\">Bienvenue sur <strong data-start=\"396\" data-end=\"414\">Compagnon IPTV<\/strong>.<br data-start=\"415\" data-end=\"418\">En acc\u00e9dant \u00e0 notre site Web ou en l&#039;utilisant \u2014 <a class=\"decorated-link cursor-pointer\" target=\"_new\" rel=\"noopener\" data-start=\"454\" data-end=\"508\">https:\/\/iptvcompanion.com<\/a> \u2014 vous acceptez de respecter les pr\u00e9sentes conditions d&#039;utilisation.<br data-start=\"550\" data-end=\"553\">Veuillez les lire attentivement avant d&#039;utiliser le site.<\/p>\n<p data-start=\"606\" data-end=\"688\">Si vous n&#039;acceptez pas ces conditions, vous ne devez pas utiliser ni acc\u00e9der \u00e0 ce site Web.<\/p>\n<h3 data-start=\"695\" data-end=\"724\">1. <strong data-start=\"701\" data-end=\"724\">Informations g\u00e9n\u00e9rales<\/strong><\/h3>\n<p data-start=\"726\" data-end=\"986\">IPTV Companion est un site web d&#039;information ind\u00e9pendant.<br data-start=\"781\" data-end=\"784\">Nous proposons du contenu \u00e9ducatif, des critiques et des tutoriels sur les outils, applications et appareils li\u00e9s \u00e0 l&#039;IPTV.<br data-start=\"883\" data-end=\"886\">Nous le faisons <strong data-start=\"892\" data-end=\"899\">pas<\/strong> Vendre des abonnements IPTV, distribuer du contenu prot\u00e9g\u00e9 par le droit d&#039;auteur ou h\u00e9berger du contenu en streaming.<\/p>\n<p data-start=\"988\" data-end=\"1096\">Notre objectif est d&#039;aider les visiteurs \u00e0 prendre des d\u00e9cisions \u00e9clair\u00e9es et \u00e0 am\u00e9liorer leur exp\u00e9rience IPTV de mani\u00e8re s\u00fbre et l\u00e9gale.<\/p>\n<h3 data-start=\"1103\" data-end=\"1127\">2. <strong data-start=\"1109\" data-end=\"1127\">Utilisation du contenu<\/strong><\/h3>\n<p data-start=\"1129\" data-end=\"1258\">L&#039;ensemble des textes, images, graphiques et autres \u00e9l\u00e9ments pr\u00e9sents sur ce site Web appartiennent \u00e0 <strong data-start=\"1203\" data-end=\"1221\">Compagnon IPTV<\/strong> sauf indication contraire.<br data-start=\"1245\" data-end=\"1248\">Vous pouvez:<\/p>\n<ul data-start=\"1259\" data-end=\"1425\">\n<li data-start=\"1259\" data-end=\"1324\">\n<p data-start=\"1261\" data-end=\"1324\">Lisez et partagez nos articles pour un usage personnel et non commercial.<\/p>\n<\/li>\n<li data-start=\"1325\" data-end=\"1425\">\n<p data-start=\"1327\" data-end=\"1425\">Vous pouvez citer de courts extraits de notre contenu \u00e0 condition d&#039;inclure un lien visible vers notre site web.<\/p>\n<\/li>\n<\/ul>\n<p data-start=\"1427\" data-end=\"1445\">Vous pouvez <strong data-start=\"1435\" data-end=\"1442\">pas<\/strong>:<\/p>\n<ul data-start=\"1446\" data-end=\"1640\">\n<li data-start=\"1446\" data-end=\"1513\">\n<p data-start=\"1448\" data-end=\"1513\">Copier, reproduire ou republier l&#039;int\u00e9gralit\u00e9 des articles sans autorisation.<\/p>\n<\/li>\n<li data-start=\"1514\" data-end=\"1582\">\n<p data-start=\"1516\" data-end=\"1582\">N\u2019utilisez pas notre contenu \u00e0 des fins commerciales, trompeuses ou ill\u00e9gales.<\/p>\n<\/li>\n<li data-start=\"1583\" data-end=\"1640\">\n<p data-start=\"1585\" data-end=\"1640\">Revendiquer comme \u00e9tant la v\u00f4tre toute partie du contenu de ce site web.<\/p>\n<\/li>\n<\/ul>\n<p data-start=\"1642\" data-end=\"1710\">Pour toute demande d&#039;autorisation, veuillez nous contacter \u00e0 l&#039;adresse suivante : <strong data-start=\"1681\" data-end=\"1707\"><a class=\"decorated-link cursor-pointer\" rel=\"noopener\" data-start=\"1683\" data-end=\"1705\">info@iptvcompanion.com<\/a><\/strong>.<\/p>\n<h3 data-start=\"1717\" data-end=\"1747\">3. <strong data-start=\"1723\" data-end=\"1747\">Exactitude de l&#039;information<\/strong><\/h3>\n<p data-start=\"1749\" data-end=\"1973\">Nous mettons tout en \u0153uvre pour que les informations publi\u00e9es sur IPTV Companion soient exactes et \u00e0 jour.<br data-start=\"1845\" data-end=\"1848\">Cependant, les technologies et les plateformes IPTV \u00e9voluent fr\u00e9quemment, nous ne pouvons donc pas garantir que chaque d\u00e9tail sera toujours \u00e0 jour.<\/p>\n<p data-start=\"1975\" data-end=\"2149\">Utilisez les informations de ce site \u00e0 votre propre discr\u00e9tion. Nous d\u00e9clinons toute responsabilit\u00e9 en cas d&#039;erreurs, d&#039;informations obsol\u00e8tes ou de cons\u00e9quences r\u00e9sultant de votre utilisation du contenu.<\/p>\n<h3 data-start=\"2156\" data-end=\"2180\">4. <strong data-start=\"2162\" data-end=\"2180\">Liens externes<\/strong><\/h3>\n<p data-start=\"2182\" data-end=\"2324\">Nos articles peuvent contenir des liens vers des sites web ou des outils tiers.<br data-start=\"2246\" data-end=\"2249\">Ces liens sont fournis uniquement \u00e0 titre indicatif et informatif.<\/p>\n<p data-start=\"2326\" data-end=\"2470\">Nous le faisons <strong data-start=\"2332\" data-end=\"2339\">pas<\/strong> Nous ne contr\u00f4lons ni n&#039;approuvons aucun site web externe, son contenu ou ses pratiques en mati\u00e8re de confidentialit\u00e9. Leur consultation se fait enti\u00e8rement \u00e0 vos risques et p\u00e9rils.<\/p>\n<h3 data-start=\"2477\" data-end=\"2499\">5. <strong data-start=\"2483\" data-end=\"2499\">Comportement de l&#039;utilisateur<\/strong><\/h3>\n<p data-start=\"2501\" data-end=\"2547\">En utilisant IPTV Companion, vous acceptez de ne pas\u00a0:<\/p>\n<ul data-start=\"2548\" data-end=\"2777\">\n<li data-start=\"2548\" data-end=\"2634\">\n<p data-start=\"2550\" data-end=\"2634\">N&#039;envoyez pas de spams, de messages abusifs ou de contenus ill\u00e9gaux via nos formulaires de contact.<\/p>\n<\/li>\n<li data-start=\"2635\" data-end=\"2703\">\n<p data-start=\"2637\" data-end=\"2703\">Toute tentative d&#039;endommager, de pirater ou de perturber le fonctionnement de notre site web est interdite.<\/p>\n<\/li>\n<li data-start=\"2704\" data-end=\"2777\">\n<p data-start=\"2706\" data-end=\"2777\">N\u2019utilisez pas notre contenu d\u2019une mani\u00e8re qui enfreint les lois locales ou internationales.<\/p>\n<\/li>\n<\/ul>\n<p data-start=\"2779\" data-end=\"2865\">Nous nous r\u00e9servons le droit de bloquer ou de supprimer l&#039;acc\u00e8s de tout utilisateur qui enfreint les pr\u00e9sentes conditions.<\/p>\n<h3 data-start=\"2872\" data-end=\"2903\">6. <strong data-start=\"2878\" data-end=\"2903\">Propri\u00e9t\u00e9 intellectuelle<\/strong><\/h3>\n<p data-start=\"2905\" data-end=\"3093\">Tous les logos, images et contenus \u00e9crits pr\u00e9sents sur IPTV Companion sont prot\u00e9g\u00e9s par les lois sur le droit d&#039;auteur et la propri\u00e9t\u00e9 intellectuelle.<br data-start=\"3020\" data-end=\"3023\">Vous n&#039;\u00eates pas autoris\u00e9 \u00e0 les reproduire ou \u00e0 les distribuer sans autorisation \u00e9crite.<\/p>\n<p data-start=\"3095\" data-end=\"3230\">Toutes les marques cit\u00e9es sur ce site web appartiennent \u00e0 leurs propri\u00e9taires respectifs et sont utilis\u00e9es uniquement \u00e0 des fins descriptives ou \u00e9ducatives.<\/p>\n<h3 data-start=\"3237\" data-end=\"3257\">7. <strong data-start=\"3243\" data-end=\"3257\">Clause de non-responsabilit\u00e9<\/strong><\/h3>\n<p data-start=\"3259\" data-end=\"3411\">IPTV Companion ne fournit que des informations et des opinions g\u00e9n\u00e9rales.<br data-start=\"3321\" data-end=\"3324\">Nous sommes <strong data-start=\"3331\" data-end=\"3354\">non affili\u00e9 \u00e0<\/strong> ou approuv\u00e9 par un fournisseur IPTV ou une soci\u00e9t\u00e9 de streaming.<\/p>\n<p data-start=\"3413\" data-end=\"3435\">Nous ne garantissons pas\u00a0:<\/p>\n<ul data-start=\"3436\" data-end=\"3576\">\n<li data-start=\"3436\" data-end=\"3508\">\n<p data-start=\"3438\" data-end=\"3508\">La qualit\u00e9, la fiabilit\u00e9 ou la l\u00e9galit\u00e9 de tout service IPTV mentionn\u00e9.<\/p>\n<\/li>\n<li data-start=\"3509\" data-end=\"3576\">\n<p data-start=\"3511\" data-end=\"3576\">Que toute application, tout appareil ou toute plateforme fonctionne sans probl\u00e8me.<\/p>\n<\/li>\n<\/ul>\n<p data-start=\"3578\" data-end=\"3734\">Toutes les recommandations et tous les avis sont bas\u00e9s sur des recherches ind\u00e9pendantes et des tests personnels.<br data-start=\"3665\" data-end=\"3668\">Vous utilisez un produit ou un service tiers <strong data-start=\"3711\" data-end=\"3731\">\u00e0 vos propres risques<\/strong>.<\/p>\n<h3 data-start=\"3741\" data-end=\"3774\">8. <strong data-start=\"3747\" data-end=\"3774\">Limitation de responsabilit\u00e9<\/strong><\/h3>\n<p data-start=\"3776\" data-end=\"3973\">En aucun cas, IPTV Companion ou son \u00e9quipe ne pourront \u00eatre tenus responsables des pertes, dommages ou probl\u00e8mes directs ou indirects r\u00e9sultant de votre utilisation de ce site Web, y compris, mais sans s&#039;y limiter\u00a0:<\/p>\n<ul data-start=\"3974\" data-end=\"4086\">\n<li data-start=\"3974\" data-end=\"4006\">\n<p data-start=\"3976\" data-end=\"4006\">Erreurs techniques ou interruption de service<\/p>\n<\/li>\n<li data-start=\"4007\" data-end=\"4028\">\n<p data-start=\"4009\" data-end=\"4028\">Utilisation abusive du contenu<\/p>\n<\/li>\n<li data-start=\"4029\" data-end=\"4086\">\n<p data-start=\"4031\" data-end=\"4086\">D\u00e9cisions prises sur la base des informations fournies ici<\/p>\n<\/li>\n<\/ul>\n<p data-start=\"4088\" data-end=\"4172\">L\u2019utilisation de ce site web implique votre pleine compr\u00e9hension et acceptation de ces risques.<\/p>\n<h3 data-start=\"4179\" data-end=\"4211\">9. <strong data-start=\"4185\" data-end=\"4211\">Modifications des pr\u00e9sentes conditions<\/strong><\/h3>\n<p data-start=\"4213\" data-end=\"4364\">Nous pouvons mettre \u00e0 jour ou modifier les pr\u00e9sentes conditions d&#039;utilisation \u00e0 tout moment et sans pr\u00e9avis.<br data-start=\"4289\" data-end=\"4292\">La date figurant en haut de cette page indiquera toujours la derni\u00e8re r\u00e9vision.<\/p>\n<p data-start=\"4366\" data-end=\"4443\">En continuant \u00e0 utiliser le site apr\u00e8s les mises \u00e0 jour, vous acceptez les conditions r\u00e9vis\u00e9es.<\/p>\n<h3 data-start=\"4450\" data-end=\"4471\">10. <strong data-start=\"4457\" data-end=\"4471\">Contactez-nous<\/strong><\/h3>\n<p data-start=\"4473\" data-end=\"4554\">Si vous avez des questions ou des inqui\u00e9tudes concernant ces conditions g\u00e9n\u00e9rales, veuillez nous contacter\u00a0:<\/p>\n<p data-start=\"4556\" data-end=\"4733\"><img decoding=\"async\" class=\"emoji\" role=\"img\" draggable=\"false\" src=\"https:\/\/s.w.org\/images\/core\/emoji\/16.0.1\/svg\/1f4e7.svg\" alt=\"\ud83d\udce7\"> <strong data-start=\"4559\" data-end=\"4569\">E-mail:<\/strong> <a class=\"decorated-link cursor-pointer\" rel=\"noopener\" data-start=\"4570\" data-end=\"4625\">info@iptvcompanion.com<\/a><br data-start=\"4625\" data-end=\"4628\"><img decoding=\"async\" class=\"emoji\" role=\"img\" draggable=\"false\" src=\"https:\/\/s.w.org\/images\/core\/emoji\/16.0.1\/svg\/1f310.svg\" alt=\"\ud83c\udf10\"> <strong data-start=\"4631\" data-end=\"4648\">Page de contact :<\/strong> <a class=\"decorated-link cursor-pointer\" target=\"_new\" rel=\"noopener\" data-start=\"4649\" data-end=\"4731\">https:\/\/iptvcompanion.com\/pages\/contact<\/a><\/p>\n<h4 data-start=\"4740\" data-end=\"4756\"><strong data-start=\"4744\" data-end=\"4756\">En bref<\/strong><\/h4>\n<p data-start=\"4758\" data-end=\"4957\">Utiliser <strong data-start=\"4762\" data-end=\"4780\">Compagnon IPTV<\/strong> Apprendre, explorer et appr\u00e9cier le streaming de connaissances de mani\u00e8re responsable.<br data-start=\"4842\" data-end=\"4845\">Tout notre contenu est fourni de bonne foi, \u00e0 des fins d&#039;information et d&#039;\u00e9ducation, et non pour un usage ill\u00e9gal ou prot\u00e9g\u00e9 par le droit d&#039;auteur.<\/p>\t\t\t\t\t\t\t\t<\/div>\n\t\t\t\t\t<\/div>\n\t\t\t\t<\/div>\n\t\t\t\t<\/div>","protected":false},"excerpt":{"rendered":"<p>Terms of Use Welcome to IPTV Companion.By accessing or using our website \u2014 https:\/\/iptvcompanion.com \u2014 you agree to follow these Terms of Use.Please read them carefully before using the site. If you do not agree with these terms, you should not use or access this website. 1. General Information IPTV Companion is an independent informational&#8230;<\/p>","protected":false},"author":1,"featured_media":0,"parent":0,"menu_order":0,"comment_status":"closed","ping_status":"closed","template":"","meta":{"_kad_post_transparent":"","_kad_post_title":"hide","_kad_post_layout":"fullwidth","_kad_post_sidebar_id":"","_kad_post_content_style":"unboxed","_kad_post_vertical_padding":"hide","_kad_post_feature":"hide","_kad_post_feature_position":"","_kad_post_header":false,"_kad_post_footer":false,"_kad_post_classname":"","footnotes":""},"class_list":["post-20","page","type-page","status-publish","hentry"],"_links":{"self":[{"href":"https:\/\/iptvcompanion.com\/fr\/wp-json\/wp\/v2\/pages\/20","targetHints":{"allow":["GET"]}}],"collection":[{"href":"https:\/\/iptvcompanion.com\/fr\/wp-json\/wp\/v2\/pages"}],"about":[{"href":"https:\/\/iptvcompanion.com\/fr\/wp-json\/wp\/v2\/types\/page"}],"author":[{"embeddable":true,"href":"https:\/\/iptvcompanion.com\/fr\/wp-json\/wp\/v2\/users\/1"}],"replies":[{"embeddable":true,"href":"https:\/\/iptvcompanion.com\/fr\/wp-json\/wp\/v2\/comments?post=20"}],"version-history":[{"count":4,"href":"https:\/\/iptvcompanion.com\/fr\/wp-json\/wp\/v2\/pages\/20\/revisions"}],"predecessor-version":[{"id":203,"href":"https:\/\/iptvcompanion.com\/fr\/wp-json\/wp\/v2\/pages\/20\/revisions\/203"}],"wp:attachment":[{"href":"https:\/\/iptvcompanion.com\/fr\/wp-json\/wp\/v2\/media?parent=20"}],"curies":[{"name":"wp","href":"https:\/\/api.w.org\/{rel}","templated":true}]}}