{"id":22,"date":"2025-10-06T10:36:20","date_gmt":"2025-10-06T10:36:20","guid":{"rendered":"https:\/\/iptvcompanion.com\/?page_id=22"},"modified":"2025-10-23T09:54:20","modified_gmt":"2025-10-23T08:54:20","slug":"politique-de-confidentialite","status":"publish","type":"page","link":"https:\/\/iptvcompanion.com\/fr\/politique-de-confidentialite\/","title":{"rendered":"Politique de confidentialit\u00e9"},"content":{"rendered":"<div data-elementor-type=\"wp-page\" data-elementor-id=\"22\" class=\"elementor elementor-22\" data-elementor-post-type=\"page\">\n\t\t\t\t<div class=\"elementor-element elementor-element-6281f1e e-flex e-con-boxed e-con e-parent\" data-id=\"6281f1e\" data-element_type=\"container\" data-e-type=\"container\" data-settings=\"{&quot;background_background&quot;:&quot;classic&quot;}\">\n\t\t\t\t\t<div class=\"e-con-inner\">\n\t\t\t\t<div class=\"elementor-element elementor-element-29c8f5d elementor-widget elementor-widget-elementskit-heading\" data-id=\"29c8f5d\" data-element_type=\"widget\" data-e-type=\"widget\" data-widget_type=\"elementskit-heading.default\">\n\t\t\t\t\t<div class=\"ekit-wid-con\" ><div class=\"ekit-heading elementskit-section-title-wraper center   ekit_heading_tablet-   ekit_heading_mobile-\"><h1 class=\"ekit-heading--title elementskit-section-title\">Confidentialit\u00e9 <span><span>Politique<\/span><\/span><\/h1><div class=\"ekit_heading_separetor_wraper ekit_heading_elementskit-border-divider elementskit-style-long\"><div class=\"elementskit-border-divider elementskit-style-long\"><\/div><\/div><\/div><\/div>\t\t\t\t<\/div>\n\t\t\t\t<div class=\"elementor-element elementor-element-7997546 elementor-widget__width-initial elementor-widget elementor-widget-text-editor\" data-id=\"7997546\" data-element_type=\"widget\" data-e-type=\"widget\" data-widget_type=\"text-editor.default\">\n\t\t\t\t\t\t\t\t\t<p data-start=\"446\" data-end=\"607\">Bienvenue sur <strong data-start=\"457\" data-end=\"475\">Compagnon IPTV<\/strong>.<br data-start=\"476\" data-end=\"479\" \/>Le respect de votre vie priv\u00e9e est important pour nous, et nous nous engageons \u00e0 prot\u00e9ger vos informations personnelles et \u00e0 vous informer de mani\u00e8re transparente sur la fa\u00e7on dont nous les utilisons.<\/p><p data-start=\"609\" data-end=\"747\">Cette politique de confidentialit\u00e9 explique quelles donn\u00e9es nous collectons, comment nous les utilisons et quels sont vos droits concernant ces informations lorsque vous visitez notre site web.<\/p><h3 data-start=\"754\" data-end=\"774\">1. <strong data-start=\"760\" data-end=\"774\">Qui sommes-nous ?<\/strong><\/h3><p data-start=\"776\" data-end=\"914\"><strong data-start=\"776\" data-end=\"788\">Site web:<\/strong> <a class=\"decorated-link cursor-pointer\" target=\"_new\" rel=\"noopener\" data-start=\"789\" data-end=\"843\">https:\/\/iptvcompanion.com<\/a><br data-start=\"843\" data-end=\"846\" \/><strong data-start=\"846\" data-end=\"856\">E-mail:<\/strong> <a class=\"decorated-link cursor-pointer\" rel=\"noopener\" data-start=\"857\" data-end=\"912\">info@iptvcompanion.com<\/a><\/p><p data-start=\"916\" data-end=\"1118\">IPTV Companion est un site web d&#039;information proposant des critiques, des guides et des analyses sur les services, applications et appareils IPTV.<br data-start=\"1038\" data-end=\"1041\" \/>Nous ne vendons pas d&#039;abonnements IPTV et ne g\u00e9rons aucun compte de streaming.<\/p><h3 data-start=\"1125\" data-end=\"1157\">2. <strong data-start=\"1131\" data-end=\"1157\">Informations que nous recueillons<\/strong><\/h3><p data-start=\"1159\" data-end=\"1232\">Lorsque vous visitez notre site web, nous pouvons collecter les types de donn\u00e9es suivants\u00a0:<\/p><h4 data-start=\"1234\" data-end=\"1282\">un. <strong data-start=\"1241\" data-end=\"1280\">Informations que vous fournissez volontairement<\/strong><\/h4><ul data-start=\"1283\" data-end=\"1452\"><li data-start=\"1283\" data-end=\"1391\"><p data-start=\"1285\" data-end=\"1391\">Lorsque vous nous contactez via notre formulaire de contact ou par e-mail, nous recevons votre nom, votre adresse e-mail et votre message.<\/p><\/li><li data-start=\"1392\" data-end=\"1452\"><p data-start=\"1394\" data-end=\"1452\">Nous utilisons ces informations uniquement pour r\u00e9pondre \u00e0 votre demande.<\/p><\/li><\/ul><h4 data-start=\"1454\" data-end=\"1502\">b. <strong data-start=\"1461\" data-end=\"1500\">Informations collect\u00e9es automatiquement<\/strong><\/h4><p data-start=\"1503\" data-end=\"1596\">Comme la plupart des sites web, nous utilisons des cookies et des outils d&#039;analyse pour collecter des donn\u00e9es d&#039;utilisation de base telles que\u00a0:<\/p><ul data-start=\"1597\" data-end=\"1789\"><li data-start=\"1597\" data-end=\"1630\"><p data-start=\"1599\" data-end=\"1630\">Type et version de votre navigateur<\/p><\/li><li data-start=\"1631\" data-end=\"1673\"><p data-start=\"1633\" data-end=\"1673\">Pages que vous consultez et temps pass\u00e9 sur celles-ci<\/p><\/li><li data-start=\"1674\" data-end=\"1747\"><p data-start=\"1676\" data-end=\"1747\">Localisation g\u00e9ographique approximative (ville ou r\u00e9gion, et non adresse pr\u00e9cise)<\/p><\/li><li data-start=\"1748\" data-end=\"1789\"><p data-start=\"1750\" data-end=\"1789\">Type d&#039;appareil (ordinateur de bureau, mobile, tablette)<\/p><\/li><\/ul><p data-start=\"1791\" data-end=\"1873\">Ces informations nous aident \u00e0 am\u00e9liorer les performances de notre site web et l&#039;exp\u00e9rience utilisateur.<\/p><h3 data-start=\"1880\" data-end=\"1897\">3. <strong data-start=\"1886\" data-end=\"1897\">Cookies<\/strong><\/h3><p data-start=\"1899\" data-end=\"2011\">Les cookies sont de petits fichiers stock\u00e9s sur votre appareil pour aider le site \u00e0 se souvenir de vos pr\u00e9f\u00e9rences.<br data-start=\"1988\" data-end=\"1991\" \/>Nous utilisons des cookies pour\u00a0:<\/p><ul data-start=\"2012\" data-end=\"2177\"><li data-start=\"2012\" data-end=\"2076\"><p data-start=\"2014\" data-end=\"2076\">Analyser le trafic du site (via Google Analytics ou des outils similaires)<\/p><\/li><li data-start=\"2077\" data-end=\"2118\"><p data-start=\"2079\" data-end=\"2118\">Am\u00e9liorer la vitesse de chargement des pages et leur convivialit\u00e9<\/p><\/li><li data-start=\"2119\" data-end=\"2177\"><p data-start=\"2121\" data-end=\"2177\">Enregistrez vos pr\u00e9f\u00e9rences (comme le mode sombre\/clair ou la r\u00e9gion)<\/p><\/li><\/ul><p data-start=\"2179\" data-end=\"2242\">Vous pouvez d\u00e9sactiver les cookies \u00e0 tout moment dans les param\u00e8tres de votre navigateur.<\/p><h3 data-start=\"2249\" data-end=\"2290\">4. <strong data-start=\"2255\" data-end=\"2290\">Outils d&#039;analyse et outils tiers<\/strong><\/h3><p data-start=\"2292\" data-end=\"2479\">Nous utilisons <strong data-start=\"2299\" data-end=\"2319\">Google Analytics<\/strong> (ou un service d&#039;analyse similaire respectueux de la vie priv\u00e9e) pour comprendre comment les visiteurs utilisent notre site.<br data-start=\"2411\" data-end=\"2414\" \/>Ces services peuvent collecter des informations anonymes \u00e0 l&#039;aide de cookies.<\/p><p data-start=\"2481\" data-end=\"2633\">Nous le faisons <strong data-start=\"2487\" data-end=\"2494\">pas<\/strong> collecter ou stocker des informations personnelles identifiables par le biais d&#039;outils d&#039;analyse.<br data-start=\"2566\" data-end=\"2569\" \/>Toutes les donn\u00e9es sont agr\u00e9g\u00e9es et utilis\u00e9es uniquement pour am\u00e9liorer le site web.<\/p><h3 data-start=\"2640\" data-end=\"2677\">5. <strong data-start=\"2646\" data-end=\"2677\">Comment nous utilisons vos informations<\/strong><\/h3><p data-start=\"2679\" data-end=\"2710\">Nous pouvons utiliser les donn\u00e9es collect\u00e9es pour\u00a0:<\/p><ul data-start=\"2711\" data-end=\"2901\"><li data-start=\"2711\" data-end=\"2760\"><p data-start=\"2713\" data-end=\"2760\">R\u00e9pondre aux messages envoy\u00e9s via le formulaire de contact<\/p><\/li><li data-start=\"2761\" data-end=\"2804\"><p data-start=\"2763\" data-end=\"2804\">Am\u00e9liorer le contenu, le design et la navigation<\/p><\/li><li data-start=\"2805\" data-end=\"2857\"><p data-start=\"2807\" data-end=\"2857\">Comprendre quels sujets les lecteurs trouvent les plus utiles<\/p><\/li><li data-start=\"2858\" data-end=\"2901\"><p data-start=\"2860\" data-end=\"2901\">Pr\u00e9venez le spam et assurez la s\u00e9curit\u00e9 du site.<\/p><\/li><\/ul><p data-start=\"2903\" data-end=\"2975\">Nous <strong data-start=\"2906\" data-end=\"2920\">ne jamais vendre<\/strong>, \u00e9changer ou louer vos informations personnelles \u00e0 des tiers.<\/p><h3 data-start=\"2982\" data-end=\"3028\">6. <strong data-start=\"2988\" data-end=\"3028\">Contenu int\u00e9gr\u00e9 provenant d&#039;autres sites Web<\/strong><\/h3><p data-start=\"3030\" data-end=\"3311\">Les articles de ce site peuvent inclure du contenu int\u00e9gr\u00e9 (par exemple, des vid\u00e9os, des images ou des liens externes).<br data-start=\"3123\" data-end=\"3126\" \/>Le contenu int\u00e9gr\u00e9 provenant d&#039;autres sites web se comporte exactement comme si le visiteur avait visit\u00e9 ces autres sites.<br data-start=\"3227\" data-end=\"3230\" \/>Ces sites peuvent collecter des donn\u00e9es, utiliser des cookies ou suivre les interactions de mani\u00e8re ind\u00e9pendante.<\/p><h3 data-start=\"3318\" data-end=\"3342\">7. <strong data-start=\"3324\" data-end=\"3342\">Conservation des donn\u00e9es<\/strong><\/h3><ul data-start=\"3344\" data-end=\"3590\"><li data-start=\"3344\" data-end=\"3444\"><p data-start=\"3346\" data-end=\"3444\">Les messages envoy\u00e9s via le formulaire de contact sont stock\u00e9s en toute s\u00e9curit\u00e9 pendant une dur\u00e9e maximale de <strong data-start=\"3411\" data-end=\"3424\">12 mois<\/strong> puis supprim\u00e9.<\/p><\/li><li data-start=\"3445\" data-end=\"3532\"><p data-start=\"3447\" data-end=\"3532\">Les donn\u00e9es analytiques sont conserv\u00e9es aussi longtemps que n\u00e9cessaire pour surveiller les performances du site web.<\/p><\/li><li data-start=\"3533\" data-end=\"3590\"><p data-start=\"3535\" data-end=\"3590\">Nous ne stockons ni ne partageons aucune donn\u00e9e personnelle sensible.<\/p><\/li><\/ul><h3 data-start=\"3597\" data-end=\"3618\">8. <strong data-start=\"3603\" data-end=\"3618\">Vos droits<\/strong><\/h3><p data-start=\"3620\" data-end=\"3644\">Vous avez le droit de\u00a0:<\/p><ul data-start=\"3645\" data-end=\"3786\"><li data-start=\"3645\" data-end=\"3689\"><p data-start=\"3647\" data-end=\"3689\">Demandez une copie de vos donn\u00e9es que nous conservons.<\/p><\/li><li data-start=\"3690\" data-end=\"3745\"><p data-start=\"3692\" data-end=\"3745\">Demandez la correction ou la suppression de vos informations<\/p><\/li><li data-start=\"3746\" data-end=\"3786\"><p data-start=\"3748\" data-end=\"3786\">Retirer mon consentement au traitement des donn\u00e9es<\/p><\/li><\/ul><p data-start=\"3788\" data-end=\"3857\">Pour exercer ces droits, contactez-nous \u00e0 <strong data-start=\"3828\" data-end=\"3854\"><a class=\"decorated-link cursor-pointer\" rel=\"noopener\" data-start=\"3830\" data-end=\"3852\">info@iptvcompanion.com<\/a><\/strong>.<\/p><h3 data-start=\"3864\" data-end=\"3887\">9. <strong data-start=\"3870\" data-end=\"3887\">S\u00e9curit\u00e9 des donn\u00e9es<\/strong><\/h3><p data-start=\"3889\" data-end=\"4160\">Nous prenons la s\u00e9curit\u00e9 au s\u00e9rieux.<br data-start=\"3916\" data-end=\"3919\" \/>Notre site web utilise le cryptage SSL et un h\u00e9bergement s\u00e9curis\u00e9 pour prot\u00e9ger toutes les transmissions de donn\u00e9es.<br data-start=\"4003\" data-end=\"4006\" \/>Cependant, veuillez noter qu&#039;aucune transmission en ligne n&#039;est s\u00e9curis\u00e9e \u00e0 100 %, nous encourageons donc les utilisateurs \u00e0 \u00e9viter de partager des informations sensibles via les formulaires de contact.<\/p><h3 data-start=\"4167\" data-end=\"4201\">10. <strong data-start=\"4174\" data-end=\"4201\">Liens vers d&#039;autres sites Web<\/strong><\/h3><p data-start=\"4203\" data-end=\"4415\">IPTV Companion peut contenir des liens vers d&#039;autres sites web.<br data-start=\"4254\" data-end=\"4257\" \/>Nous ne sommes pas responsables des pratiques de confidentialit\u00e9 ni du contenu de ces sites.<br data-start=\"4331\" data-end=\"4334\" \/>Veuillez consulter leurs politiques de confidentialit\u00e9 avant de fournir des informations personnelles.<\/p><h3 data-start=\"4422\" data-end=\"4455\">11. <strong data-start=\"4429\" data-end=\"4455\">Modifications apport\u00e9es \u00e0 cette politique<\/strong><\/h3><p data-start=\"4457\" data-end=\"4627\">Nous pouvons \u00eatre amen\u00e9s \u00e0 mettre \u00e0 jour la pr\u00e9sente politique de confidentialit\u00e9 de temps \u00e0 autre afin de refl\u00e9ter les changements juridiques ou techniques.<br data-start=\"4547\" data-end=\"4550\" \/>Toute mise \u00e0 jour sera publi\u00e9e sur cette page avec une date de \u201c Derni\u00e8re mise \u00e0 jour \u201d r\u00e9vis\u00e9e.<\/p><h3 data-start=\"4634\" data-end=\"4655\">12. <strong data-start=\"4641\" data-end=\"4655\">Contactez-nous<\/strong><\/h3><p data-start=\"4657\" data-end=\"4764\">Si vous avez des questions concernant cette politique de confidentialit\u00e9 ou la mani\u00e8re dont nous traitons vos informations, veuillez nous contacter\u00a0:<\/p><p data-start=\"4766\" data-end=\"4943\"><img decoding=\"async\" class=\"emoji\" role=\"img\" draggable=\"false\" src=\"https:\/\/s.w.org\/images\/core\/emoji\/16.0.1\/svg\/1f4e7.svg\" alt=\"\ud83d\udce7\" \/> <strong data-start=\"4769\" data-end=\"4779\">E-mail:<\/strong> <a class=\"decorated-link cursor-pointer\" rel=\"noopener\" data-start=\"4780\" data-end=\"4835\">info@iptvcompanion.com<\/a><br data-start=\"4835\" data-end=\"4838\" \/><img decoding=\"async\" class=\"emoji\" role=\"img\" draggable=\"false\" src=\"https:\/\/s.w.org\/images\/core\/emoji\/16.0.1\/svg\/1f310.svg\" alt=\"\ud83c\udf10\" \/> <strong data-start=\"4841\" data-end=\"4858\">Page de contact :<\/strong> <a class=\"decorated-link cursor-pointer\" target=\"_new\" rel=\"noopener\" data-start=\"4859\" data-end=\"4941\">https:\/\/iptvcompanion.com\/pages\/contact<\/a><\/p><h4 data-start=\"4950\" data-end=\"4968\"><strong data-start=\"4954\" data-end=\"4968\">En r\u00e9sum\u00e9<\/strong><\/h4><p data-start=\"4969\" data-end=\"5116\">Nous attachons une grande importance \u00e0 votre confiance.<br data-start=\"4989\" data-end=\"4992\" \/>Nous ne collectons que les donn\u00e9es n\u00e9cessaires au bon fonctionnement du site et \u00e0 la s\u00e9curit\u00e9 de vos donn\u00e9es, et nous ne les partageons jamais avec qui que ce soit.<\/p>\t\t\t\t\t\t\t\t<\/div>\n\t\t\t\t\t<\/div>\n\t\t\t\t<\/div>\n\t\t\t\t<\/div>","protected":false},"excerpt":{"rendered":"<p>Privacy Policy Welcome to IPTV Companion.Your privacy matters to us, and we\u2019re committed to keeping your personal information safe and transparent about how we use it. This Privacy Policy explains what data we collect, how we use it, and your rights regarding that information when you visit our website. 1. Who We Are Website: https:\/\/iptvcompanion.comEmail:&#8230;<\/p>","protected":false},"author":1,"featured_media":0,"parent":0,"menu_order":0,"comment_status":"closed","ping_status":"closed","template":"","meta":{"_kad_post_transparent":"","_kad_post_title":"hide","_kad_post_layout":"fullwidth","_kad_post_sidebar_id":"","_kad_post_content_style":"unboxed","_kad_post_vertical_padding":"hide","_kad_post_feature":"hide","_kad_post_feature_position":"","_kad_post_header":false,"_kad_post_footer":false,"_kad_post_classname":"","footnotes":""},"class_list":["post-22","page","type-page","status-publish","hentry"],"_links":{"self":[{"href":"https:\/\/iptvcompanion.com\/fr\/wp-json\/wp\/v2\/pages\/22","targetHints":{"allow":["GET"]}}],"collection":[{"href":"https:\/\/iptvcompanion.com\/fr\/wp-json\/wp\/v2\/pages"}],"about":[{"href":"https:\/\/iptvcompanion.com\/fr\/wp-json\/wp\/v2\/types\/page"}],"author":[{"embeddable":true,"href":"https:\/\/iptvcompanion.com\/fr\/wp-json\/wp\/v2\/users\/1"}],"replies":[{"embeddable":true,"href":"https:\/\/iptvcompanion.com\/fr\/wp-json\/wp\/v2\/comments?post=22"}],"version-history":[{"count":4,"href":"https:\/\/iptvcompanion.com\/fr\/wp-json\/wp\/v2\/pages\/22\/revisions"}],"predecessor-version":[{"id":199,"href":"https:\/\/iptvcompanion.com\/fr\/wp-json\/wp\/v2\/pages\/22\/revisions\/199"}],"wp:attachment":[{"href":"https:\/\/iptvcompanion.com\/fr\/wp-json\/wp\/v2\/media?parent=22"}],"curies":[{"name":"wp","href":"https:\/\/api.w.org\/{rel}","templated":true}]}}