{"id":11,"date":"2025-10-06T10:35:06","date_gmt":"2025-10-06T10:35:06","guid":{"rendered":"https:\/\/iptvcompanion.com\/?page_id=11"},"modified":"2025-10-23T09:54:45","modified_gmt":"2025-10-23T08:54:45","slug":"oko","status":"publish","type":"page","link":"https:\/\/iptvcompanion.com\/hr\/oko\/","title":{"rendered":"Oko"},"content":{"rendered":"<div data-elementor-type=\"wp-page\" data-elementor-id=\"11\" class=\"elementor elementor-11\" data-elementor-post-type=\"page\">\n\t\t\t\t<div class=\"elementor-element elementor-element-1b0de9ee e-flex e-con-boxed e-con e-parent\" data-id=\"1b0de9ee\" data-element_type=\"container\" data-e-type=\"container\" data-settings=\"{&quot;background_background&quot;:&quot;classic&quot;}\">\n\t\t\t\t\t<div class=\"e-con-inner\">\n\t\t\t\t<div class=\"elementor-element elementor-element-1d9c774a elementor-widget elementor-widget-elementskit-heading\" data-id=\"1d9c774a\" data-element_type=\"widget\" data-e-type=\"widget\" data-widget_type=\"elementskit-heading.default\">\n\t\t\t\t\t<div class=\"ekit-wid-con\" ><div class=\"ekit-heading elementskit-section-title-wraper center   ekit_heading_tablet-   ekit_heading_mobile-\"><h1 class=\"ekit-heading--title elementskit-section-title\">Oko <span><span>IPTV pratitelj<\/span><\/span><\/h1><div class=\"ekit_heading_separetor_wraper ekit_heading_elementskit-border-divider elementskit-style-long\"><div class=\"elementskit-border-divider elementskit-style-long\"><\/div><\/div><\/div><\/div>\t\t\t\t<\/div>\n\t\t\t\t<div class=\"elementor-element elementor-element-4a3ce32 elementor-widget__width-initial elementor-widget elementor-widget-text-editor\" data-id=\"4a3ce32\" data-element_type=\"widget\" data-e-type=\"widget\" data-widget_type=\"text-editor.default\">\n\t\t\t\t\t\t\t\t\t<h3 data-start=\"332\" data-end=\"362\">Poma\u017eemo vam da pametnije streamate<\/h3><p data-start=\"364\" data-end=\"506\">Dobrodo\u0161li u <strong data-start=\"375\" data-end=\"393\">IPTV pratitelj<\/strong>, mjesto koje su izgradili entuzijasti za svakodnevni streaming koji su \u017eeljeli IPTV u\u010diniti jednostavnim, jasnim i bez frustracija.<\/p><p data-start=\"508\" data-end=\"781\">Znamo koliko zbunjuju\u0107e mo\u017ee biti odabrati pravu uslugu ili aplikaciju. Na internetu postoji beskrajna buka, obe\u0107anja, reklama i mije\u0161anih recenzija koje vas ostavljaju u nedoumici \u0161to je stvarno. Stoga smo odlu\u010dili stvoriti ne\u0161to druga\u010dije, prostor koji je iskren, jednostavan za pra\u0107enje i zapravo koristan.<\/p><h3 data-start=\"788\" data-end=\"802\">\u0160to radimo<\/h3><p data-start=\"804\" data-end=\"902\">U IPTV Companionu testiramo i istra\u017eujemo alate koji omogu\u0107uju streaming.<br data-start=\"882\" data-end=\"885\" \/>Pi\u0161emo o:<\/p><ul data-start=\"903\" data-end=\"1083\"><li data-start=\"903\" data-end=\"957\"><p data-start=\"905\" data-end=\"957\">Platforme i aplikacije koje ljudi zapravo koriste.<\/p><\/li><li data-start=\"958\" data-end=\"1007\"><p data-start=\"960\" data-end=\"1007\">Ure\u0111aji koji omogu\u0107uju nesmetan rad IPTV-a kod ku\u0107e.<\/p><\/li><li data-start=\"1008\" data-end=\"1083\"><p data-start=\"1010\" data-end=\"1083\">Detaljni vodi\u010di koji \u0107e vam pomo\u0107i da sve postavite bez glavobolje.<\/p><\/li><\/ul><p data-start=\"1085\" data-end=\"1273\">Ne prodajemo pretplate, ne promoviramo odre\u0111ene pru\u017eatelje usluga niti nudimo partnerske ponude prikrivene kao recenzije. Na\u0161 je jedini cilj podijeliti \u0161to funkcionira, a \u0161to ne, na temelju stvarnog iskustva.<\/p><h3 data-start=\"1280\" data-end=\"1298\">Za\u0161to smo zapo\u010deli<\/h3><p data-start=\"1300\" data-end=\"1548\">Po\u010delo je s jednostavnim problemom: nitko nije davao izravne odgovore.<br data-start=\"1367\" data-end=\"1370\" \/>Neke su usluge izgledale sjajno, ali nisu funkcionirale. Druge su dobro funkcionirale, ali ih je bilo te\u0161ko postaviti.<br data-start=\"1460\" data-end=\"1463\" \/>Stoga smo odlu\u010dili sami testirati stvari i podijeliti ono \u0161to smo nau\u010dili jednostavnim jezikom.<\/p><p data-start=\"1550\" data-end=\"1683\">Ta je ideja postala IPTV Companion, projekt izgra\u0111en na znati\u017eelji, iskrenosti i pomaganju drugima da struje bez poku\u0161aja i pogre\u0161aka.<\/p><h3 data-start=\"1690\" data-end=\"1713\">\u0160to mo\u017eete o\u010dekivati<\/h3><p data-start=\"1715\" data-end=\"1754\">Kada posjetite na\u0161u stranicu, prona\u0107i \u0107ete:<\/p><ul data-start=\"1755\" data-end=\"1927\"><li data-start=\"1755\" data-end=\"1798\"><p data-start=\"1757\" data-end=\"1798\">Iskrene recenzije napisane od strane pravih testera.<\/p><\/li><li data-start=\"1799\" data-end=\"1865\"><p data-start=\"1801\" data-end=\"1865\">Prakti\u010dni vodi\u010di za postavljanje koji ne pretpostavljaju da ste tehni\u010dki stru\u010dnjak.<\/p><\/li><li data-start=\"1866\" data-end=\"1927\"><p data-start=\"1868\" data-end=\"1927\">Savjeti za ugodnije i lak\u0161e iskustvo gledanja.<\/p><\/li><\/ul><p data-start=\"1929\" data-end=\"2056\">Bez nepotrebnih rije\u010di, bez mamca za klikove, bez zbunjuju\u0107eg \u017eargona, samo jasne informacije od ljudi koji stvarno koriste ono o \u010demu pi\u0161u.<\/p><h3 data-start=\"2063\" data-end=\"2079\">Kontaktirajte nas<\/h3><p data-start=\"2081\" data-end=\"2212\">Volimo \u010duti od \u010ditatelja.<br data-start=\"2110\" data-end=\"2113\" \/>Ako imate pitanje, prijedlog ili \u017eelite podijeliti svoje iskustvo, javite se u bilo koje vrijeme.<\/p><p data-start=\"2214\" data-end=\"2358\"><img decoding=\"async\" class=\"emoji\" role=\"img\" draggable=\"false\" src=\"https:\/\/s.w.org\/images\/core\/emoji\/16.0.1\/svg\/1f4e9.svg\" alt=\"\ud83d\udce9\" \/> <strong data-start=\"2217\" data-end=\"2227\">E-po\u0161ta:<\/strong> <a class=\"decorated-link cursor-pointer\" rel=\"noopener\" data-start=\"2228\" data-end=\"2250\">info@iptvcompanion.com<\/a><br data-start=\"2250\" data-end=\"2253\" \/><img decoding=\"async\" class=\"emoji\" role=\"img\" draggable=\"false\" src=\"https:\/\/s.w.org\/images\/core\/emoji\/16.0.1\/svg\/1f4cd.svg\" alt=\"\ud83d\udccd\" \/> <strong data-start=\"2256\" data-end=\"2273\">Kontakt stranica:<\/strong> <a class=\"decorated-link cursor-pointer\" target=\"_new\" rel=\"noopener\" data-start=\"2274\" data-end=\"2356\">https:\/\/iptvcompanion.com\/pages\/contact<\/a><\/p><h3 data-start=\"2365\" data-end=\"2377\">Ukratko<\/h3><p data-start=\"2379\" data-end=\"2625\"><strong data-start=\"2379\" data-end=\"2397\">IPTV pratitelj<\/strong> nije tvrtka; to je zajednica ljudi koji u\u017eivaju u streamingu i \u017eele olak\u0161ati svima ostalima.<br data-start=\"2508\" data-end=\"2511\" \/>Ako vam ne\u0161to \u0161tedi vrijeme, poma\u017ee vam br\u017ee postavljanje ili vas nau\u010di ne\u010demu novom, zato smo tu mi.<\/p>\t\t\t\t\t\t\t\t<\/div>\n\t\t\t\t\t<\/div>\n\t\t\t\t<\/div>\n\t\t\t\t<\/div>","protected":false},"excerpt":{"rendered":"<p>About IPTV Companion Helping You Stream Smarter Welcome to IPTV Companion, a place built by everyday streaming enthusiasts who wanted to make IPTV simple, clear, and frustration-free. We know how confusing it can be to pick the right service or app. There\u2019s endless noise online, promises, ads, and mixed reviews that leave you wondering what\u2019s&#8230;<\/p>","protected":false},"author":1,"featured_media":0,"parent":0,"menu_order":0,"comment_status":"closed","ping_status":"closed","template":"","meta":{"_kad_post_transparent":"","_kad_post_title":"hide","_kad_post_layout":"fullwidth","_kad_post_sidebar_id":"","_kad_post_content_style":"unboxed","_kad_post_vertical_padding":"hide","_kad_post_feature":"hide","_kad_post_feature_position":"","_kad_post_header":false,"_kad_post_footer":false,"_kad_post_classname":"","footnotes":""},"class_list":["post-11","page","type-page","status-publish","hentry"],"_links":{"self":[{"href":"https:\/\/iptvcompanion.com\/hr\/wp-json\/wp\/v2\/pages\/11","targetHints":{"allow":["GET"]}}],"collection":[{"href":"https:\/\/iptvcompanion.com\/hr\/wp-json\/wp\/v2\/pages"}],"about":[{"href":"https:\/\/iptvcompanion.com\/hr\/wp-json\/wp\/v2\/types\/page"}],"author":[{"embeddable":true,"href":"https:\/\/iptvcompanion.com\/hr\/wp-json\/wp\/v2\/users\/1"}],"replies":[{"embeddable":true,"href":"https:\/\/iptvcompanion.com\/hr\/wp-json\/wp\/v2\/comments?post=11"}],"version-history":[{"count":13,"href":"https:\/\/iptvcompanion.com\/hr\/wp-json\/wp\/v2\/pages\/11\/revisions"}],"predecessor-version":[{"id":185,"href":"https:\/\/iptvcompanion.com\/hr\/wp-json\/wp\/v2\/pages\/11\/revisions\/185"}],"wp:attachment":[{"href":"https:\/\/iptvcompanion.com\/hr\/wp-json\/wp\/v2\/media?parent=11"}],"curies":[{"name":"wp","href":"https:\/\/api.w.org\/{rel}","templated":true}]}}