{"id":18,"date":"2025-10-06T10:35:40","date_gmt":"2025-10-06T10:35:40","guid":{"rendered":"https:\/\/iptvcompanion.com\/?page_id=18"},"modified":"2025-10-23T09:53:25","modified_gmt":"2025-10-23T08:53:25","slug":"felelossegkizaras","status":"publish","type":"page","link":"https:\/\/iptvcompanion.com\/hu\/felelossegkizaras\/","title":{"rendered":"Jogi nyilatkozat"},"content":{"rendered":"<div data-elementor-type=\"wp-page\" data-elementor-id=\"18\" class=\"elementor elementor-18\" data-elementor-post-type=\"page\">\n\t\t\t\t<div class=\"elementor-element elementor-element-246b10b e-flex e-con-boxed e-con e-parent\" data-id=\"246b10b\" data-element_type=\"container\" data-e-type=\"container\" data-settings=\"{&quot;background_background&quot;:&quot;classic&quot;}\">\n\t\t\t\t\t<div class=\"e-con-inner\">\n\t\t\t\t<div class=\"elementor-element elementor-element-bb10f6f elementor-widget elementor-widget-elementskit-heading\" data-id=\"bb10f6f\" data-element_type=\"widget\" data-e-type=\"widget\" data-widget_type=\"elementskit-heading.default\">\n\t\t\t\t\t<div class=\"ekit-wid-con\" ><div class=\"ekit-heading elementskit-section-title-wraper center   ekit_heading_tablet-   ekit_heading_mobile-\"><h1 class=\"ekit-heading--title elementskit-section-title\"><span><span>Jogi nyilatkozat<\/span><\/span><\/h1><div class=\"ekit_heading_separetor_wraper ekit_heading_elementskit-border-divider elementskit-style-long\"><div class=\"elementskit-border-divider elementskit-style-long\"><\/div><\/div><\/div><\/div>\t\t\t\t<\/div>\n\t\t\t\t<div class=\"elementor-element elementor-element-bd9eb44 elementor-widget__width-initial elementor-widget elementor-widget-text-editor\" data-id=\"bd9eb44\" data-element_type=\"widget\" data-e-type=\"widget\" data-widget_type=\"text-editor.default\">\n\t\t\t\t\t\t\t\t\t<p data-start=\"338\" data-end=\"536\"><strong data-start=\"304\" data-end=\"321\">Utols\u00f3 friss\u00edt\u00e9s:<\/strong> 2025. okt\u00f3ber<\/p><p data-start=\"338\" data-end=\"536\">\u00dcdv\u00f6z\u00f6lj\u00fck a <strong data-start=\"349\" data-end=\"367\">IPTV t\u00e1rs<\/strong>.<br data-start=\"368\" data-end=\"371\" \/>Ez a nyilatkozat ismerteti a weboldalunkon megosztott inform\u00e1ci\u00f3kkal kapcsolatos felel\u0151ss\u00e9g\u00fcnk korl\u00e1tait, <a class=\"decorated-link cursor-pointer\" target=\"_new\" rel=\"noopener\" data-start=\"479\" data-end=\"533\">https:\/\/iptvcompanion.com<\/a>.<\/p><p data-start=\"538\" data-end=\"620\">A webhely haszn\u00e1lat\u00e1val \u00d6n elfogadja, hogy elolvasta \u00e9s meg\u00e9rtette ezt a Jogi nyilatkozatot.<\/p><h3 data-start=\"627\" data-end=\"656\">1. <strong data-start=\"633\" data-end=\"656\">\u00c1ltal\u00e1nos inform\u00e1ci\u00f3k<\/strong><\/h3><p data-start=\"658\" data-end=\"921\"><strong data-start=\"658\" data-end=\"676\">IPTV t\u00e1rs<\/strong> egy f\u00fcggetlen weboldal, amely cikkeket, v\u00e9lem\u00e9nyeket, \u00f6sszehasonl\u00edt\u00e1sokat \u00e9s be\u00e1ll\u00edt\u00e1si \u00fatmutat\u00f3kat tesz k\u00f6zz\u00e9 IPTV szolg\u00e1ltat\u00e1sokkal, alkalmaz\u00e1sokkal \u00e9s eszk\u00f6z\u00f6kkel kapcsolatban.<br data-start=\"811\" data-end=\"814\" \/>Mi csin\u00e1ljuk <strong data-start=\"820\" data-end=\"827\">nem<\/strong> IPTV-el\u0151fizet\u00e9seket \u00e1rulhat, streamelt tartalmakat t\u00e1rolhat, vagy szerz\u0151i joggal v\u00e9dett anyagokhoz biztos\u00edthat hozz\u00e1f\u00e9r\u00e9st.<\/p><p data-start=\"923\" data-end=\"1017\">A weboldalon tal\u00e1lhat\u00f3 \u00f6sszes tartalom biztos\u00edtott <strong data-start=\"963\" data-end=\"1014\">kiz\u00e1r\u00f3lag t\u00e1j\u00e9koztat\u00e1si \u00e9s oktat\u00e1si c\u00e9lokra<\/strong>.<\/p><h3 data-start=\"1024\" data-end=\"1063\">2. <strong data-start=\"1030\" data-end=\"1063\">Nincs kapcsolat vagy j\u00f3v\u00e1hagy\u00e1s<\/strong><\/h3><p data-start=\"1065\" data-end=\"1268\">A weboldalon eml\u00edtett term\u00e9knevek, alkalmaz\u00e1sok, eszk\u00f6z\u00f6k vagy szolg\u00e1ltat\u00e1sok a megfelel\u0151 tulajdonosokhoz tartoznak.<br data-start=\"1171\" data-end=\"1174\" \/>Minden v\u00e9djegy \u00e9s m\u00e1rkan\u00e9v haszn\u00e1latos <strong data-start=\"1214\" data-end=\"1265\">csak azonos\u00edt\u00e1si vagy le\u00edr\u00e1si c\u00e9lokra<\/strong>.<\/p><p data-start=\"1270\" data-end=\"1396\">Mi vagyunk <strong data-start=\"1277\" data-end=\"1330\">nem \u00e1ll kapcsolatban, nem szponzor\u00e1lja vagy nem t\u00e1mogatja<\/strong> b\u00e1rmely IPTV szolg\u00e1ltat\u00f3, szoftverfejleszt\u0151 vagy hardvergy\u00e1rt\u00f3.<\/p><h3 data-start=\"1403\" data-end=\"1436\">3. <strong data-start=\"1409\" data-end=\"1436\">Az inform\u00e1ci\u00f3k pontoss\u00e1ga<\/strong><\/h3><p data-start=\"1438\" data-end=\"1685\">Mindent megtesz\u00fcnk annak \u00e9rdek\u00e9ben, hogy az IPTV Companionon k\u00f6zz\u00e9tett inform\u00e1ci\u00f3k pontosak \u00e9s naprak\u00e9szek legyenek.<br data-start=\"1539\" data-end=\"1542\" \/>Azonban nem tudjuk garant\u00e1lni, hogy minden r\u00e9szlet mindig helyes, teljes vagy aktu\u00e1lis lesz. Az IPTV technol\u00f3gia \u00e9s szolg\u00e1ltat\u00e1sok gyakran v\u00e1ltoznak.<\/p><p data-start=\"1687\" data-end=\"1882\">A weboldalon tal\u00e1lhat\u00f3 inform\u00e1ci\u00f3k felhaszn\u00e1l\u00e1sa <strong data-start=\"1729\" data-end=\"1755\">saj\u00e1t bel\u00e1t\u00e1sod szerint<\/strong>.<br data-start=\"1756\" data-end=\"1759\" \/>Nem v\u00e1llalunk felel\u0151ss\u00e9get semmilyen hib\u00e1\u00e9rt, hi\u00e1nyoss\u00e1g\u00e9rt vagy eredm\u00e9ny\u00e9rt, amely az itt megadott inform\u00e1ci\u00f3k alkalmaz\u00e1s\u00e1b\u00f3l ered.<\/p><h3 data-start=\"1889\" data-end=\"1913\">4. <strong data-start=\"1895\" data-end=\"1913\">K\u00fcls\u0151 linkek<\/strong><\/h3><p data-start=\"1915\" data-end=\"2079\">Cikkeink tartalmazhatnak harmadik f\u00e9l webhelyeire mutat\u00f3 hivatkoz\u00e1sokat t\u00e1j\u00e9koztat\u00e1s vagy k\u00e9nyelem c\u00e9lj\u00e1b\u00f3l.<br data-start=\"1999\" data-end=\"2002\" \/>Nincs befoly\u00e1sunk ezen oldalak tartalm\u00e1ra, ir\u00e1nyelveire vagy gyakorlat\u00e1ra.<\/p><p data-start=\"2081\" data-end=\"2227\">Az IPTV Companion k\u00fcls\u0151 linkjeinek megl\u00e1togat\u00e1sa teljes m\u00e9rt\u00e9kben <strong data-start=\"2137\" data-end=\"2157\">saj\u00e1t felel\u0151ss\u00e9gre<\/strong>, \u00e9s nem v\u00e1llalunk felel\u0151ss\u00e9get az ebb\u0151l ered\u0151 esetleges vesztes\u00e9g\u00e9rt vagy k\u00e1r\u00e9rt.<\/p><h3 data-start=\"2234\" data-end=\"2272\">5. <strong data-start=\"2240\" data-end=\"2272\">Nincs jogi vagy technikai tan\u00e1csad\u00e1s<\/strong><\/h3><p data-start=\"2274\" data-end=\"2495\">Az IPTV Companionon megosztott inform\u00e1ci\u00f3knak a k\u00f6vetkez\u0151knek kell lenni\u00fck: <strong data-start=\"2322\" data-end=\"2329\">nem<\/strong> jogi, p\u00e9nz\u00fcgyi vagy szakmai tan\u00e1csad\u00e1snak tekinthet\u0151.<br data-start=\"2395\" data-end=\"2398\" \/>Egyszer\u0171en csak szem\u00e9lyes v\u00e9lem\u00e9nyeket, oktat\u00f3anyagokat \u00e9s tesztel\u00e9si tapasztalatokat osztunk meg oktat\u00e1si c\u00e9lokra.<\/p><p data-start=\"2497\" data-end=\"2568\">Ha szakmai \u00fatmutat\u00e1sra van sz\u00fcks\u00e9ge, k\u00e9rj\u00fck, forduljon k\u00e9pzett szakemberhez.<\/p><h3 data-start=\"2575\" data-end=\"2604\">6. <strong data-start=\"2581\" data-end=\"2604\">Felhaszn\u00e1l\u00f3i felel\u0151ss\u00e9g<\/strong><\/h3><p data-start=\"2606\" data-end=\"2837\">A weboldal haszn\u00e1lat\u00e1val \u00d6n elfogadja, hogy kiz\u00e1r\u00f3lag \u00d6n felel\u0151s az\u00e9rt, ahogyan az itt eml\u00edtett inform\u00e1ci\u00f3kat, eszk\u00f6z\u00f6ket vagy term\u00e9keket haszn\u00e1lja.<br data-start=\"2738\" data-end=\"2741\" \/>Nem \u00f6szt\u00f6n\u00f6zz\u00fck \u00e9s nem t\u00e1mogatjuk az IPTV szolg\u00e1ltat\u00e1sok jogosulatlan vagy illeg\u00e1lis streaming c\u00e9l\u00fa haszn\u00e1lat\u00e1t.<\/p><p data-start=\"2839\" data-end=\"2918\">Minden felhaszn\u00e1l\u00f3 felel\u0151s a helyi t\u00f6rv\u00e9nyek \u00e9s el\u0151\u00edr\u00e1sok betart\u00e1s\u00e1\u00e9rt.<\/p><h3 data-start=\"2925\" data-end=\"2958\">7. <strong data-start=\"2931\" data-end=\"2958\">Felel\u0151ss\u00e9g korl\u00e1toz\u00e1sa<\/strong><\/h3><p data-start=\"2960\" data-end=\"3107\">Az IPTV Companion, annak tulajdonosai, szerz\u0151i vagy k\u00f6zrem\u0171k\u00f6d\u0151i semmilyen k\u00f6r\u00fclm\u00e9nyek k\u00f6z\u00f6tt nem tehet\u0151k felel\u0151ss\u00e9 semmilyen k\u00f6zvetlen vagy k\u00f6zvetett k\u00e1r\u00e9rt, amely a k\u00f6vetkez\u0151kb\u0151l ered:<\/p><ul data-start=\"3108\" data-end=\"3284\"><li data-start=\"3108\" data-end=\"3152\"><p data-start=\"3110\" data-end=\"3152\">A weboldal haszn\u00e1lata vagy haszn\u00e1lat\u00e1nak lehetetlens\u00e9ge<\/p><\/li><li data-start=\"3153\" data-end=\"3202\"><p data-start=\"3155\" data-end=\"3202\">Tartalmi hib\u00e1k, pontatlans\u00e1gok vagy hi\u00e1nyoss\u00e1gok<\/p><\/li><li data-start=\"3203\" data-end=\"3234\"><p data-start=\"3205\" data-end=\"3234\">K\u00fcls\u0151 forr\u00e1sokra mutat\u00f3 hivatkoz\u00e1sok<\/p><\/li><li data-start=\"3235\" data-end=\"3284\"><p data-start=\"3237\" data-end=\"3284\">Az \u00e9rt\u00e9kel\u00e9seink vagy \u00fatmutat\u00f3ink alapj\u00e1n hozott d\u00f6nt\u00e9sek<\/p><\/li><\/ul><p data-start=\"3286\" data-end=\"3342\">A weboldal minden haszn\u00e1lata teljes m\u00e9rt\u00e9kben <strong data-start=\"3319\" data-end=\"3339\">saj\u00e1t felel\u0151ss\u00e9gre<\/strong>.<\/p><h3 data-start=\"3349\" data-end=\"3385\">8. <strong data-start=\"3355\" data-end=\"3385\">A nyilatkozat m\u00f3dos\u00edt\u00e1sai<\/strong><\/h3><p data-start=\"3387\" data-end=\"3513\">Ezt a Jogi nyilatkozatot b\u00e1rmikor, el\u0151zetes \u00e9rtes\u00edt\u00e9s n\u00e9lk\u00fcl friss\u00edthetj\u00fck.<br data-start=\"3450\" data-end=\"3453\" \/>A fenti \u201cUtols\u00f3 friss\u00edt\u00e9s\u201d d\u00e1tuma a leg\u00fajabb verzi\u00f3t t\u00fckr\u00f6zi.<\/p><p data-start=\"3515\" data-end=\"3587\">Javasoljuk l\u00e1togat\u00f3inknak, hogy rendszeresen ellen\u0151rizz\u00e9k ezt az oldalt az esetleges friss\u00edt\u00e9sek miatt.<\/p><h3>9. <strong data-start=\"3600\" data-end=\"3614\">Kapcsolat<\/strong><\/h3><p data-start=\"3616\" data-end=\"3685\">Ha b\u00e1rmilyen k\u00e9rd\u00e9se van ezzel a nyilatkozattal kapcsolatban, k\u00e9rj\u00fck, vegye fel vel\u00fcnk a kapcsolatot:<\/p><p data-start=\"3687\" data-end=\"3864\"><img decoding=\"async\" class=\"emoji\" role=\"img\" draggable=\"false\" src=\"https:\/\/s.w.org\/images\/core\/emoji\/16.0.1\/svg\/1f4e7.svg\" alt=\"\ud83d\udce7\" \/> <strong data-start=\"3690\" data-end=\"3700\">Email:<\/strong> <a class=\"decorated-link cursor-pointer\" rel=\"noopener\" data-start=\"3701\" data-end=\"3756\">info@iptvcompanion.com<\/a><br data-start=\"3756\" data-end=\"3759\" \/><img decoding=\"async\" class=\"emoji\" role=\"img\" draggable=\"false\" src=\"https:\/\/s.w.org\/images\/core\/emoji\/16.0.1\/svg\/1f310.svg\" alt=\"\ud83c\udf10\" \/> <strong data-start=\"3762\" data-end=\"3779\">Kapcsolatfelv\u00e9teli oldal:<\/strong> <a class=\"decorated-link cursor-pointer\" target=\"_new\" rel=\"noopener\" data-start=\"3780\" data-end=\"3862\">https:\/\/iptvcompanion.com\/pages\/contact<\/a><\/p>\t\t\t\t\t\t\t\t<\/div>\n\t\t\t\t\t<\/div>\n\t\t\t\t<\/div>\n\t\t\t\t<\/div>","protected":false},"excerpt":{"rendered":"<p>Disclaimer Last Updated: October 2025 Welcome to IPTV Companion.This Disclaimer explains the limits of our responsibility regarding the information shared on our website, https:\/\/iptvcompanion.com. By using this site, you agree that you have read and understood this Disclaimer. 1. General Information IPTV Companion is an independent website that publishes articles, reviews, comparisons, and setup guides&#8230;<\/p>","protected":false},"author":1,"featured_media":0,"parent":0,"menu_order":0,"comment_status":"closed","ping_status":"closed","template":"","meta":{"_kad_post_transparent":"","_kad_post_title":"hide","_kad_post_layout":"fullwidth","_kad_post_sidebar_id":"","_kad_post_content_style":"unboxed","_kad_post_vertical_padding":"hide","_kad_post_feature":"hide","_kad_post_feature_position":"","_kad_post_header":false,"_kad_post_footer":false,"_kad_post_classname":"","footnotes":""},"class_list":["post-18","page","type-page","status-publish","hentry"],"_links":{"self":[{"href":"https:\/\/iptvcompanion.com\/hu\/wp-json\/wp\/v2\/pages\/18","targetHints":{"allow":["GET"]}}],"collection":[{"href":"https:\/\/iptvcompanion.com\/hu\/wp-json\/wp\/v2\/pages"}],"about":[{"href":"https:\/\/iptvcompanion.com\/hu\/wp-json\/wp\/v2\/types\/page"}],"author":[{"embeddable":true,"href":"https:\/\/iptvcompanion.com\/hu\/wp-json\/wp\/v2\/users\/1"}],"replies":[{"embeddable":true,"href":"https:\/\/iptvcompanion.com\/hu\/wp-json\/wp\/v2\/comments?post=18"}],"version-history":[{"count":4,"href":"https:\/\/iptvcompanion.com\/hu\/wp-json\/wp\/v2\/pages\/18\/revisions"}],"predecessor-version":[{"id":207,"href":"https:\/\/iptvcompanion.com\/hu\/wp-json\/wp\/v2\/pages\/18\/revisions\/207"}],"wp:attachment":[{"href":"https:\/\/iptvcompanion.com\/hu\/wp-json\/wp\/v2\/media?parent=18"}],"curies":[{"name":"wp","href":"https:\/\/api.w.org\/{rel}","templated":true}]}}