{"id":20,"date":"2025-10-06T10:35:56","date_gmt":"2025-10-06T10:35:56","guid":{"rendered":"https:\/\/iptvcompanion.com\/?page_id=20"},"modified":"2025-10-23T09:55:16","modified_gmt":"2025-10-23T08:55:16","slug":"termini-di-utilizzo","status":"publish","type":"page","link":"https:\/\/iptvcompanion.com\/it\/termini-di-utilizzo\/","title":{"rendered":"Termini di utilizzo"},"content":{"rendered":"<div data-elementor-type=\"wp-page\" data-elementor-id=\"20\" class=\"elementor elementor-20\" data-elementor-post-type=\"page\">\n\t\t\t\t<div class=\"elementor-element elementor-element-b684077 e-flex e-con-boxed e-con e-parent\" data-id=\"b684077\" data-element_type=\"container\" data-e-type=\"container\" data-settings=\"{&quot;background_background&quot;:&quot;classic&quot;}\">\n\t\t\t\t\t<div class=\"e-con-inner\">\n\t\t\t\t<div class=\"elementor-element elementor-element-9b46449 elementor-widget elementor-widget-elementskit-heading\" data-id=\"9b46449\" data-element_type=\"widget\" data-e-type=\"widget\" data-widget_type=\"elementskit-heading.default\">\n\t\t\t\t\t<div class=\"ekit-wid-con\" ><div class=\"ekit-heading elementskit-section-title-wraper center   ekit_heading_tablet-   ekit_heading_mobile-\"><h1 class=\"ekit-heading--title elementskit-section-title\">Termini di <span><span>Utilizzo<\/span><\/span><\/h1><div class=\"ekit_heading_separetor_wraper ekit_heading_elementskit-border-divider elementskit-style-long\"><div class=\"elementskit-border-divider elementskit-style-long\"><\/div><\/div><\/div><\/div>\t\t\t\t<\/div>\n\t\t\t\t<div class=\"elementor-element elementor-element-8ae3934 elementor-widget__width-initial elementor-widget elementor-widget-text-editor\" data-id=\"8ae3934\" data-element_type=\"widget\" data-e-type=\"widget\" data-widget_type=\"text-editor.default\">\n\t\t\t\t\t\t\t\t\t<p data-start=\"385\" data-end=\"604\">Benvenuti a <strong data-start=\"396\" data-end=\"414\">Compagno IPTV<\/strong>.<br data-start=\"415\" data-end=\"418\">Accedendo o utilizzando il nostro sito web \u2014 <a class=\"decorated-link cursor-pointer\" target=\"_new\" rel=\"noopener\" data-start=\"454\" data-end=\"508\">https:\/\/iptvcompanion.com<\/a> \u2014 accetti di rispettare i presenti Termini di utilizzo.<br data-start=\"550\" data-end=\"553\">Si prega di leggerle attentamente prima di utilizzare il sito.<\/p>\n<p data-start=\"606\" data-end=\"688\">Se non accetti questi termini, non dovresti utilizzare o accedere a questo sito web.<\/p>\n<h3 data-start=\"695\" data-end=\"724\">1. <strong data-start=\"701\" data-end=\"724\">Informazioni generali<\/strong><\/h3>\n<p data-start=\"726\" data-end=\"986\">IPTV Companion \u00e8 un sito web informativo indipendente.<br data-start=\"781\" data-end=\"784\">Forniamo contenuti didattici, recensioni e tutorial su strumenti, app e dispositivi correlati all&#039;IPTV.<br data-start=\"883\" data-end=\"886\">Noi lo facciamo <strong data-start=\"892\" data-end=\"899\">non<\/strong> vendere abbonamenti IPTV, distribuire materiale protetto da copyright o ospitare contenuti in streaming.<\/p>\n<p data-start=\"988\" data-end=\"1096\">Il nostro obiettivo \u00e8 aiutare i visitatori a prendere decisioni consapevoli e a migliorare la loro esperienza IPTV in modo sicuro e legale.<\/p>\n<h3 data-start=\"1103\" data-end=\"1127\">2. <strong data-start=\"1109\" data-end=\"1127\">Utilizzo dei contenuti<\/strong><\/h3>\n<p data-start=\"1129\" data-end=\"1258\">Tutti i testi, le immagini, la grafica e gli altri materiali presenti su questo sito web appartengono a <strong data-start=\"1203\" data-end=\"1221\">Compagno IPTV<\/strong> salvo diversa indicazione.<br data-start=\"1245\" data-end=\"1248\">Potresti:<\/p>\n<ul data-start=\"1259\" data-end=\"1425\">\n<li data-start=\"1259\" data-end=\"1324\">\n<p data-start=\"1261\" data-end=\"1324\">Leggi e condividi i nostri articoli per uso personale e non commerciale.<\/p>\n<\/li>\n<li data-start=\"1325\" data-end=\"1425\">\n<p data-start=\"1327\" data-end=\"1425\">Cita piccole porzioni dei nostri contenuti, purch\u00e9 includa un link visibile al nostro sito web.<\/p>\n<\/li>\n<\/ul>\n<p data-start=\"1427\" data-end=\"1445\">Potresti <strong data-start=\"1435\" data-end=\"1442\">non<\/strong>:<\/p>\n<ul data-start=\"1446\" data-end=\"1640\">\n<li data-start=\"1446\" data-end=\"1513\">\n<p data-start=\"1448\" data-end=\"1513\">Copiare, riprodurre o ripubblicare articoli completi senza autorizzazione.<\/p>\n<\/li>\n<li data-start=\"1514\" data-end=\"1582\">\n<p data-start=\"1516\" data-end=\"1582\">Utilizzare i nostri contenuti per scopi commerciali, fuorvianti o illegali.<\/p>\n<\/li>\n<li data-start=\"1583\" data-end=\"1640\">\n<p data-start=\"1585\" data-end=\"1640\">Rivendica come tua qualsiasi parte del contenuto di questo sito web.<\/p>\n<\/li>\n<\/ul>\n<p data-start=\"1642\" data-end=\"1710\">Per richieste di autorizzazione, contattateci a <strong data-start=\"1681\" data-end=\"1707\"><a class=\"decorated-link cursor-pointer\" rel=\"noopener\" data-start=\"1683\" data-end=\"1705\">info@iptvcompanion.com<\/a><\/strong>.<\/p>\n<h3 data-start=\"1717\" data-end=\"1747\">3. <strong data-start=\"1723\" data-end=\"1747\">Accuratezza delle informazioni<\/strong><\/h3>\n<p data-start=\"1749\" data-end=\"1973\">Facciamo del nostro meglio per garantire che tutte le informazioni pubblicate su IPTV Companion siano accurate e aggiornate.<br data-start=\"1845\" data-end=\"1848\">Tuttavia, la tecnologia e le piattaforme IPTV cambiano frequentemente, quindi non possiamo garantire che ogni dettaglio sia sempre aggiornato.<\/p>\n<p data-start=\"1975\" data-end=\"2149\">Utilizza le informazioni presenti su questo sito a tua discrezione. Non siamo responsabili per errori, informazioni obsolete o qualsiasi conseguenza derivante dall&#039;utilizzo dei contenuti.<\/p>\n<h3 data-start=\"2156\" data-end=\"2180\">4. <strong data-start=\"2162\" data-end=\"2180\">Link esterni<\/strong><\/h3>\n<p data-start=\"2182\" data-end=\"2324\">I nostri articoli potrebbero contenere link a siti web o strumenti di terze parti.<br data-start=\"2246\" data-end=\"2249\">Questi link sono forniti solo a scopo informativo e di comodit\u00e0.<\/p>\n<p data-start=\"2326\" data-end=\"2470\">Noi lo facciamo <strong data-start=\"2332\" data-end=\"2339\">non<\/strong> Non controlliamo n\u00e9 approviamo siti web esterni, i loro contenuti o le loro politiche sulla privacy. Visitarli \u00e8 interamente a vostro rischio e pericolo.<\/p>\n<h3 data-start=\"2477\" data-end=\"2499\">5. <strong data-start=\"2483\" data-end=\"2499\">Condotta dell&#039;utente<\/strong><\/h3>\n<p data-start=\"2501\" data-end=\"2547\">Utilizzando IPTV Companion, accetti di non:<\/p>\n<ul data-start=\"2548\" data-end=\"2777\">\n<li data-start=\"2548\" data-end=\"2634\">\n<p data-start=\"2550\" data-end=\"2634\">Pubblicare o inviare spam, messaggi offensivi o contenuti illegali tramite i nostri moduli di contatto.<\/p>\n<\/li>\n<li data-start=\"2635\" data-end=\"2703\">\n<p data-start=\"2637\" data-end=\"2703\">Tentare di danneggiare, hackerare o interrompere la funzionalit\u00e0 del nostro sito web.<\/p>\n<\/li>\n<li data-start=\"2704\" data-end=\"2777\">\n<p data-start=\"2706\" data-end=\"2777\">Utilizzare i nostri contenuti in qualsiasi modo che violi le leggi locali o internazionali.<\/p>\n<\/li>\n<\/ul>\n<p data-start=\"2779\" data-end=\"2865\">Ci riserviamo il diritto di bloccare o rimuovere l&#039;accesso a qualsiasi utente che violi questi termini.<\/p>\n<h3 data-start=\"2872\" data-end=\"2903\">6. <strong data-start=\"2878\" data-end=\"2903\">Propriet\u00e0 intellettuale<\/strong><\/h3>\n<p data-start=\"2905\" data-end=\"3093\">Tutti i loghi, le immagini e i contenuti scritti su IPTV Companion sono protetti dalle leggi sul copyright e sulla propriet\u00e0 intellettuale.<br data-start=\"3020\" data-end=\"3023\">Non \u00e8 consentito riprodurli o distribuirli senza autorizzazione scritta.<\/p>\n<p data-start=\"3095\" data-end=\"3230\">Tutti i marchi commerciali menzionati in questo sito web appartengono ai rispettivi proprietari e vengono utilizzati solo a scopo descrittivo o didattico.<\/p>\n<h3 data-start=\"3237\" data-end=\"3257\">7. <strong data-start=\"3243\" data-end=\"3257\">Disclaimer<\/strong><\/h3>\n<p data-start=\"3259\" data-end=\"3411\">IPTV Companion fornisce solo informazioni e opinioni generali.<br data-start=\"3321\" data-end=\"3324\">Noi siamo <strong data-start=\"3331\" data-end=\"3354\">non affiliato con<\/strong> o approvato da qualsiasi fornitore di IPTV o societ\u00e0 di streaming.<\/p>\n<p data-start=\"3413\" data-end=\"3435\">Non garantiamo:<\/p>\n<ul data-start=\"3436\" data-end=\"3576\">\n<li data-start=\"3436\" data-end=\"3508\">\n<p data-start=\"3438\" data-end=\"3508\">La qualit\u00e0, l&#039;affidabilit\u00e0 o la legalit\u00e0 di qualsiasi servizio IPTV menzionato.<\/p>\n<\/li>\n<li data-start=\"3509\" data-end=\"3576\">\n<p data-start=\"3511\" data-end=\"3576\">Che qualsiasi app, dispositivo o piattaforma funzioni senza problemi.<\/p>\n<\/li>\n<\/ul>\n<p data-start=\"3578\" data-end=\"3734\">Tutti i consigli e le recensioni si basano su ricerche indipendenti e test personali.<br data-start=\"3665\" data-end=\"3668\">Utilizzi qualsiasi prodotto o servizio di terze parti <strong data-start=\"3711\" data-end=\"3731\">a tuo rischio e pericolo<\/strong>.<\/p>\n<h3 data-start=\"3741\" data-end=\"3774\">8. <strong data-start=\"3747\" data-end=\"3774\">Limitazione di responsabilit\u00e0<\/strong><\/h3>\n<p data-start=\"3776\" data-end=\"3973\">In nessun caso IPTV Companion o il suo team potranno essere ritenuti responsabili per eventuali perdite, danni o problemi diretti o indiretti derivanti dall&#039;utilizzo di questo sito web, inclusi, a titolo esemplificativo ma non esaustivo:<\/p>\n<ul data-start=\"3974\" data-end=\"4086\">\n<li data-start=\"3974\" data-end=\"4006\">\n<p data-start=\"3976\" data-end=\"4006\">Errori tecnici o tempi di inattivit\u00e0<\/p>\n<\/li>\n<li data-start=\"4007\" data-end=\"4028\">\n<p data-start=\"4009\" data-end=\"4028\">Uso improprio dei contenuti<\/p>\n<\/li>\n<li data-start=\"4029\" data-end=\"4086\">\n<p data-start=\"4031\" data-end=\"4086\">Decisioni prese sulla base delle informazioni qui fornite<\/p>\n<\/li>\n<\/ul>\n<p data-start=\"4088\" data-end=\"4172\">L&#039;utilizzo di questo sito web implica la piena comprensione e accettazione di tali rischi.<\/p>\n<h3 data-start=\"4179\" data-end=\"4211\">9. <strong data-start=\"4185\" data-end=\"4211\">Modifiche ai presenti Termini<\/strong><\/h3>\n<p data-start=\"4213\" data-end=\"4364\">Possiamo aggiornare o modificare le presenti Condizioni d&#039;uso in qualsiasi momento e senza preavviso.<br data-start=\"4289\" data-end=\"4292\">La data in cima a questa pagina indicher\u00e0 sempre la revisione pi\u00f9 recente.<\/p>\n<p data-start=\"4366\" data-end=\"4443\">L&#039;uso continuato del sito dopo gli aggiornamenti implica l&#039;accettazione dei termini modificati.<\/p>\n<h3 data-start=\"4450\" data-end=\"4471\">10. <strong data-start=\"4457\" data-end=\"4471\">Contattaci<\/strong><\/h3>\n<p data-start=\"4473\" data-end=\"4554\">In caso di domande o dubbi in merito ai presenti Termini, contattateci:<\/p>\n<p data-start=\"4556\" data-end=\"4733\"><img decoding=\"async\" class=\"emoji\" role=\"img\" draggable=\"false\" src=\"https:\/\/s.w.org\/images\/core\/emoji\/16.0.1\/svg\/1f4e7.svg\" alt=\"\ud83d\udce7\"> <strong data-start=\"4559\" data-end=\"4569\">E-mail:<\/strong> <a class=\"decorated-link cursor-pointer\" rel=\"noopener\" data-start=\"4570\" data-end=\"4625\">info@iptvcompanion.com<\/a><br data-start=\"4625\" data-end=\"4628\"><img decoding=\"async\" class=\"emoji\" role=\"img\" draggable=\"false\" src=\"https:\/\/s.w.org\/images\/core\/emoji\/16.0.1\/svg\/1f310.svg\" alt=\"\ud83c\udf10\"> <strong data-start=\"4631\" data-end=\"4648\">Pagina dei contatti:<\/strong> <a class=\"decorated-link cursor-pointer\" target=\"_new\" rel=\"noopener\" data-start=\"4649\" data-end=\"4731\">https:\/\/iptvcompanion.com\/pages\/contact<\/a><\/p>\n<h4 data-start=\"4740\" data-end=\"4756\"><strong data-start=\"4744\" data-end=\"4756\">Insomma<\/strong><\/h4>\n<p data-start=\"4758\" data-end=\"4957\">Utilizzo <strong data-start=\"4762\" data-end=\"4780\">Compagno IPTV<\/strong> per apprendere, esplorare e godere della conoscenza in streaming in modo responsabile.<br data-start=\"4842\" data-end=\"4845\">Tutti i nostri contenuti sono forniti in buona fede, a scopo informativo e didattico, non per uso illegale o protetto da copyright.<\/p>\t\t\t\t\t\t\t\t<\/div>\n\t\t\t\t\t<\/div>\n\t\t\t\t<\/div>\n\t\t\t\t<\/div>","protected":false},"excerpt":{"rendered":"<p>Terms of Use Welcome to IPTV Companion.By accessing or using our website \u2014 https:\/\/iptvcompanion.com \u2014 you agree to follow these Terms of Use.Please read them carefully before using the site. If you do not agree with these terms, you should not use or access this website. 1. General Information IPTV Companion is an independent informational&#8230;<\/p>","protected":false},"author":1,"featured_media":0,"parent":0,"menu_order":0,"comment_status":"closed","ping_status":"closed","template":"","meta":{"_kad_post_transparent":"","_kad_post_title":"hide","_kad_post_layout":"fullwidth","_kad_post_sidebar_id":"","_kad_post_content_style":"unboxed","_kad_post_vertical_padding":"hide","_kad_post_feature":"hide","_kad_post_feature_position":"","_kad_post_header":false,"_kad_post_footer":false,"_kad_post_classname":"","footnotes":""},"class_list":["post-20","page","type-page","status-publish","hentry"],"_links":{"self":[{"href":"https:\/\/iptvcompanion.com\/it\/wp-json\/wp\/v2\/pages\/20","targetHints":{"allow":["GET"]}}],"collection":[{"href":"https:\/\/iptvcompanion.com\/it\/wp-json\/wp\/v2\/pages"}],"about":[{"href":"https:\/\/iptvcompanion.com\/it\/wp-json\/wp\/v2\/types\/page"}],"author":[{"embeddable":true,"href":"https:\/\/iptvcompanion.com\/it\/wp-json\/wp\/v2\/users\/1"}],"replies":[{"embeddable":true,"href":"https:\/\/iptvcompanion.com\/it\/wp-json\/wp\/v2\/comments?post=20"}],"version-history":[{"count":4,"href":"https:\/\/iptvcompanion.com\/it\/wp-json\/wp\/v2\/pages\/20\/revisions"}],"predecessor-version":[{"id":203,"href":"https:\/\/iptvcompanion.com\/it\/wp-json\/wp\/v2\/pages\/20\/revisions\/203"}],"wp:attachment":[{"href":"https:\/\/iptvcompanion.com\/it\/wp-json\/wp\/v2\/media?parent=20"}],"curies":[{"name":"wp","href":"https:\/\/api.w.org\/{rel}","templated":true}]}}