{"id":11,"date":"2025-10-06T10:35:06","date_gmt":"2025-10-06T10:35:06","guid":{"rendered":"https:\/\/iptvcompanion.com\/?page_id=11"},"modified":"2025-10-23T09:54:45","modified_gmt":"2025-10-23T08:54:45","slug":"apie","status":"publish","type":"page","link":"https:\/\/iptvcompanion.com\/lt\/apie\/","title":{"rendered":"Apie"},"content":{"rendered":"<div data-elementor-type=\"wp-page\" data-elementor-id=\"11\" class=\"elementor elementor-11\" data-elementor-post-type=\"page\">\n\t\t\t\t<div class=\"elementor-element elementor-element-1b0de9ee e-flex e-con-boxed e-con e-parent\" data-id=\"1b0de9ee\" data-element_type=\"container\" data-e-type=\"container\" data-settings=\"{&quot;background_background&quot;:&quot;classic&quot;}\">\n\t\t\t\t\t<div class=\"e-con-inner\">\n\t\t\t\t<div class=\"elementor-element elementor-element-1d9c774a elementor-widget elementor-widget-elementskit-heading\" data-id=\"1d9c774a\" data-element_type=\"widget\" data-e-type=\"widget\" data-widget_type=\"elementskit-heading.default\">\n\t\t\t\t\t<div class=\"ekit-wid-con\" ><div class=\"ekit-heading elementskit-section-title-wraper center   ekit_heading_tablet-   ekit_heading_mobile-\"><h1 class=\"ekit-heading--title elementskit-section-title\">Apie <span><span>IPTV palydovas<\/span><\/span><\/h1><div class=\"ekit_heading_separetor_wraper ekit_heading_elementskit-border-divider elementskit-style-long\"><div class=\"elementskit-border-divider elementskit-style-long\"><\/div><\/div><\/div><\/div>\t\t\t\t<\/div>\n\t\t\t\t<div class=\"elementor-element elementor-element-4a3ce32 elementor-widget__width-initial elementor-widget elementor-widget-text-editor\" data-id=\"4a3ce32\" data-element_type=\"widget\" data-e-type=\"widget\" data-widget_type=\"text-editor.default\">\n\t\t\t\t\t\t\t\t\t<h3 data-start=\"332\" data-end=\"362\">Padedame jums transliuoti i\u0161maniau<\/h3><p data-start=\"364\" data-end=\"506\">Sveiki atvyk\u0119 \u012f <strong data-start=\"375\" data-end=\"393\">IPTV palydovas<\/strong>, viet\u0105, kuri\u0105 suk\u016br\u0117 kasdieni\u0173 transliacij\u0173 entuziastai, nor\u0117j\u0119, kad IPTV b\u016bt\u0173 paprasta, ai\u0161ki ir be nusivylimo.<\/p><p data-start=\"508\" data-end=\"781\">\u017dinome, kaip painu gali b\u016bti i\u0161sirinkti tinkam\u0105 paslaug\u0105 ar program\u0117l\u0119. Internete gausu begalinio triuk\u0161mo, pa\u017ead\u0173, reklam\u0173 ir prie\u0161taring\u0173 atsiliepim\u0173, kurie ver\u010dia susim\u0105styti, kas i\u0161 tikr\u0173j\u0173 yra tiesa. Tod\u0117l nusprend\u0117me sukurti ka\u017ek\u0105 kitokio \u2013 erdv\u0119, kuri b\u016bt\u0173 s\u0105\u017eininga, lengvai suprantama ir i\u0161 tikr\u0173j\u0173 naudinga.<\/p><h3 data-start=\"788\" data-end=\"802\">K\u0105 mes darome<\/h3><p data-start=\"804\" data-end=\"902\">\u201eIPTV Companion\u201c testuojame ir tyrin\u0117jame \u012frankius, kurie leid\u017eia transliuoti.<br data-start=\"882\" data-end=\"885\" \/>Ra\u0161ome apie:<\/p><ul data-start=\"903\" data-end=\"1083\"><li data-start=\"903\" data-end=\"957\"><p data-start=\"905\" data-end=\"957\">Platformos ir program\u0117l\u0117s, kurias \u017emon\u0117s i\u0161 tikr\u0173j\u0173 naudoja.<\/p><\/li><li data-start=\"958\" data-end=\"1007\"><p data-start=\"960\" data-end=\"1007\">\u012erenginiai, u\u017etikrinantys skland\u0173 IPTV veikim\u0105 namuose.<\/p><\/li><li data-start=\"1008\" data-end=\"1083\"><p data-start=\"1010\" data-end=\"1083\">\u017dingsnis po \u017eingsnio instrukcijos, pad\u0117sian\u010dios jums visk\u0105 nustatyti be galvos skausmo.<\/p><\/li><\/ul><p data-start=\"1085\" data-end=\"1273\">Mes neparduodame prenumerat\u0173, nereklamuojame konkre\u010di\u0173 paslaug\u0173 teik\u0117j\u0173 ir nesi\u016blome partneri\u0173 sutar\u010di\u0173, kurios u\u017emaskuotos kaip ap\u017evalgos. M\u016bs\u0173 vienintelis tikslas \u2013 pasidalyti tuo, kas veikia, o kas ne, remiantis realia patirtimi.<\/p><h3 data-start=\"1280\" data-end=\"1298\">Kod\u0117l mes prad\u0117jome<\/h3><p data-start=\"1300\" data-end=\"1548\">Viskas prasid\u0117jo nuo paprastos problemos: niekas nepateik\u0117 tiesi\u0173 atsakym\u0173.<br data-start=\"1367\" data-end=\"1370\" \/>Kai kurios paslaugos atrod\u0117 puikiai, bet neveik\u0117. Kitos veik\u0117 gerai, bet jas buvo sunku nustatyti.<br data-start=\"1460\" data-end=\"1463\" \/>Taigi nusprend\u0117me patys i\u0161bandyti dalykus ir pasidalinti tuo, ko i\u0161mokome, paprasta kalba.<\/p><p data-start=\"1550\" data-end=\"1683\">\u0160i id\u0117ja tapo \u201eIPTV Companion\u201c \u2013 projektu, paremtu smalsumu, s\u0105\u017einingumu ir pagalba kitiems transliuoti be bandym\u0173 ir klaid\u0173.<\/p><h3 data-start=\"1690\" data-end=\"1713\">Ko galite tik\u0117tis<\/h3><p data-start=\"1715\" data-end=\"1754\">Apsilank\u0119 m\u016bs\u0173 svetain\u0117je, rasite:<\/p><ul data-start=\"1755\" data-end=\"1927\"><li data-start=\"1755\" data-end=\"1798\"><p data-start=\"1757\" data-end=\"1798\">S\u0105\u017einingos ap\u017evalgos, para\u0161ytos tikr\u0173 testuotoj\u0173.<\/p><\/li><li data-start=\"1799\" data-end=\"1865\"><p data-start=\"1801\" data-end=\"1865\">Praktiniai s\u0105rankos vadovai, kuriuose nereikalaujama, kad b\u016btum\u0117te technikos ekspertas.<\/p><\/li><li data-start=\"1866\" data-end=\"1927\"><p data-start=\"1868\" data-end=\"1927\">Patarimai, kaip skland\u017eiau ir lengviau \u017ei\u016br\u0117ti.<\/p><\/li><\/ul><p data-start=\"1929\" data-end=\"2056\">Joki\u0173 tu\u0161\u010dia\u017eod\u017eiavim\u0173, joki\u0173 masal\u0173 paspaudimams, jokio painio \u017eargono, tik ai\u0161ki informacija i\u0161 \u017emoni\u0173, kurie i\u0161 tikr\u0173j\u0173 naudoja tai, apie k\u0105 ra\u0161o.<\/p><h3 data-start=\"2063\" data-end=\"2079\">Susisiekite<\/h3><p data-start=\"2081\" data-end=\"2212\">Mums patinka gird\u0117ti skaitytoj\u0173 atsiliepimus.<br data-start=\"2110\" data-end=\"2113\" \/>Jei turite klausim\u0173, pasi\u016blym\u0173 ar norite pasidalyti savo patirtimi, susisiekite bet kuriuo metu.<\/p><p data-start=\"2214\" data-end=\"2358\"><img decoding=\"async\" class=\"emoji\" role=\"img\" draggable=\"false\" src=\"https:\/\/s.w.org\/images\/core\/emoji\/16.0.1\/svg\/1f4e9.svg\" alt=\"\ud83d\udce9\" \/> <strong data-start=\"2217\" data-end=\"2227\">El. pa\u0161tas:<\/strong> <a class=\"decorated-link cursor-pointer\" rel=\"noopener\" data-start=\"2228\" data-end=\"2250\">info@iptvcompanion.com<\/a><br data-start=\"2250\" data-end=\"2253\" \/><img decoding=\"async\" class=\"emoji\" role=\"img\" draggable=\"false\" src=\"https:\/\/s.w.org\/images\/core\/emoji\/16.0.1\/svg\/1f4cd.svg\" alt=\"\ud83d\udccd\" \/> <strong data-start=\"2256\" data-end=\"2273\">Kontakt\u0173 puslapis:<\/strong> <a class=\"decorated-link cursor-pointer\" target=\"_new\" rel=\"noopener\" data-start=\"2274\" data-end=\"2356\">https:\/\/iptvcompanion.com\/pages\/contact<\/a><\/p><h3 data-start=\"2365\" data-end=\"2377\">Trumpai tariant<\/h3><p data-start=\"2379\" data-end=\"2625\"><strong data-start=\"2379\" data-end=\"2397\">IPTV palydovas<\/strong> n\u0117ra \u012fmon\u0117; tai \u017emoni\u0173 bendruomen\u0117, kuriai patinka transliacijos ir kuri nori palengvinti savo gyvenim\u0105 visiems kitiems.<br data-start=\"2508\" data-end=\"2511\" \/>Jei ka\u017ekas taupo j\u016bs\u0173 laik\u0105, padeda grei\u010diau prad\u0117ti ar i\u0161moko ko nors naujo, tam mes ir esame.<\/p>\t\t\t\t\t\t\t\t<\/div>\n\t\t\t\t\t<\/div>\n\t\t\t\t<\/div>\n\t\t\t\t<\/div>","protected":false},"excerpt":{"rendered":"<p>About IPTV Companion Helping You Stream Smarter Welcome to IPTV Companion, a place built by everyday streaming enthusiasts who wanted to make IPTV simple, clear, and frustration-free. We know how confusing it can be to pick the right service or app. There\u2019s endless noise online, promises, ads, and mixed reviews that leave you wondering what\u2019s&#8230;<\/p>","protected":false},"author":1,"featured_media":0,"parent":0,"menu_order":0,"comment_status":"closed","ping_status":"closed","template":"","meta":{"_kad_post_transparent":"","_kad_post_title":"hide","_kad_post_layout":"fullwidth","_kad_post_sidebar_id":"","_kad_post_content_style":"unboxed","_kad_post_vertical_padding":"hide","_kad_post_feature":"hide","_kad_post_feature_position":"","_kad_post_header":false,"_kad_post_footer":false,"_kad_post_classname":"","footnotes":""},"class_list":["post-11","page","type-page","status-publish","hentry"],"_links":{"self":[{"href":"https:\/\/iptvcompanion.com\/lt\/wp-json\/wp\/v2\/pages\/11","targetHints":{"allow":["GET"]}}],"collection":[{"href":"https:\/\/iptvcompanion.com\/lt\/wp-json\/wp\/v2\/pages"}],"about":[{"href":"https:\/\/iptvcompanion.com\/lt\/wp-json\/wp\/v2\/types\/page"}],"author":[{"embeddable":true,"href":"https:\/\/iptvcompanion.com\/lt\/wp-json\/wp\/v2\/users\/1"}],"replies":[{"embeddable":true,"href":"https:\/\/iptvcompanion.com\/lt\/wp-json\/wp\/v2\/comments?post=11"}],"version-history":[{"count":13,"href":"https:\/\/iptvcompanion.com\/lt\/wp-json\/wp\/v2\/pages\/11\/revisions"}],"predecessor-version":[{"id":185,"href":"https:\/\/iptvcompanion.com\/lt\/wp-json\/wp\/v2\/pages\/11\/revisions\/185"}],"wp:attachment":[{"href":"https:\/\/iptvcompanion.com\/lt\/wp-json\/wp\/v2\/media?parent=11"}],"curies":[{"name":"wp","href":"https:\/\/api.w.org\/{rel}","templated":true}]}}