{"id":18,"date":"2025-10-06T10:35:40","date_gmt":"2025-10-06T10:35:40","guid":{"rendered":"https:\/\/iptvcompanion.com\/?page_id=18"},"modified":"2025-10-23T09:53:25","modified_gmt":"2025-10-23T08:53:25","slug":"atsakomybes-apribojimas","status":"publish","type":"page","link":"https:\/\/iptvcompanion.com\/lt\/atsakomybes-apribojimas\/","title":{"rendered":"Atsakomyb\u0117s apribojimas"},"content":{"rendered":"<div data-elementor-type=\"wp-page\" data-elementor-id=\"18\" class=\"elementor elementor-18\" data-elementor-post-type=\"page\">\n\t\t\t\t<div class=\"elementor-element elementor-element-246b10b e-flex e-con-boxed e-con e-parent\" data-id=\"246b10b\" data-element_type=\"container\" data-e-type=\"container\" data-settings=\"{&quot;background_background&quot;:&quot;classic&quot;}\">\n\t\t\t\t\t<div class=\"e-con-inner\">\n\t\t\t\t<div class=\"elementor-element elementor-element-bb10f6f elementor-widget elementor-widget-elementskit-heading\" data-id=\"bb10f6f\" data-element_type=\"widget\" data-e-type=\"widget\" data-widget_type=\"elementskit-heading.default\">\n\t\t\t\t\t<div class=\"ekit-wid-con\" ><div class=\"ekit-heading elementskit-section-title-wraper center   ekit_heading_tablet-   ekit_heading_mobile-\"><h1 class=\"ekit-heading--title elementskit-section-title\"><span><span>Atsakomyb\u0117s apribojimas<\/span><\/span><\/h1><div class=\"ekit_heading_separetor_wraper ekit_heading_elementskit-border-divider elementskit-style-long\"><div class=\"elementskit-border-divider elementskit-style-long\"><\/div><\/div><\/div><\/div>\t\t\t\t<\/div>\n\t\t\t\t<div class=\"elementor-element elementor-element-bd9eb44 elementor-widget__width-initial elementor-widget elementor-widget-text-editor\" data-id=\"bd9eb44\" data-element_type=\"widget\" data-e-type=\"widget\" data-widget_type=\"text-editor.default\">\n\t\t\t\t\t\t\t\t\t<p data-start=\"338\" data-end=\"536\"><strong data-start=\"304\" data-end=\"321\">Paskutin\u012f kart\u0105 atnaujinta:<\/strong> 2025 m. spalis<\/p><p data-start=\"338\" data-end=\"536\">Sveiki atvyk\u0119 \u012f <strong data-start=\"349\" data-end=\"367\">IPTV palydovas<\/strong>.<br data-start=\"368\" data-end=\"371\" \/>\u0160iame Atsakomyb\u0117s apribojime paai\u0161kinamos m\u016bs\u0173 atsakomyb\u0117s ribos, susijusios su m\u016bs\u0173 svetain\u0117je bendrinama informacija., <a class=\"decorated-link cursor-pointer\" target=\"_new\" rel=\"noopener\" data-start=\"479\" data-end=\"533\">https:\/\/iptvcompanion.com<\/a>.<\/p><p data-start=\"538\" data-end=\"620\">Naudodamiesi \u0161ia svetaine, j\u016bs sutinkate, kad perskait\u0117te ir supratote \u0161\u012f Atsakomyb\u0117s apribojim\u0105.<\/p><h3 data-start=\"627\" data-end=\"656\">1. <strong data-start=\"633\" data-end=\"656\">Bendra informacija<\/strong><\/h3><p data-start=\"658\" data-end=\"921\"><strong data-start=\"658\" data-end=\"676\">IPTV palydovas<\/strong> yra nepriklausoma svetain\u0117, kurioje skelbiami straipsniai, ap\u017evalgos, palyginimai ir s\u0105rankos vadovai, susij\u0119 su IPTV paslaugomis, program\u0117l\u0117mis ir \u012frenginiais.<br data-start=\"811\" data-end=\"814\" \/>Mes darome <strong data-start=\"820\" data-end=\"827\">ne<\/strong> parduoti IPTV prenumeratas, talpinti srautinio perdavimo turin\u012f arba teikti prieig\u0105 prie autori\u0173 teisi\u0173 saugomos med\u017eiagos.<\/p><p data-start=\"923\" data-end=\"1017\">Visas \u0161ios svetain\u0117s turinys pateikiamas <strong data-start=\"963\" data-end=\"1014\">tik informaciniais ir \u0161vietimo tikslais<\/strong>.<\/p><h3 data-start=\"1024\" data-end=\"1063\">2. <strong data-start=\"1030\" data-end=\"1063\">Joki\u0173 ry\u0161i\u0173 ar pritarim\u0173<\/strong><\/h3><p data-start=\"1065\" data-end=\"1268\">Visi \u0161ioje svetain\u0117je pamin\u0117ti produkt\u0173 pavadinimai, program\u0117l\u0117s, \u012frenginiai ar paslaugos priklauso j\u0173 atitinkamiems savininkams.<br data-start=\"1171\" data-end=\"1174\" \/>Visi preki\u0173 \u017eenklai ir preki\u0173 \u017eenklai yra naudojami <strong data-start=\"1214\" data-end=\"1265\">tik identifikavimo ar apra\u0161ymo tikslais<\/strong>.<\/p><p data-start=\"1270\" data-end=\"1396\">Mes esame <strong data-start=\"1277\" data-end=\"1330\">nesusij\u0119s su, n\u0117ra remiamas ar patvirtintas<\/strong> bet kuris IPTV paslaugos teik\u0117jas, programin\u0117s \u012frangos k\u016br\u0117jas ar aparatin\u0117s \u012frangos gamintojas.<\/p><h3 data-start=\"1403\" data-end=\"1436\">3. <strong data-start=\"1409\" data-end=\"1436\">Informacijos tikslumas<\/strong><\/h3><p data-start=\"1438\" data-end=\"1685\">Dedame visas pastangas, kad \u201eIPTV Companion\u201c skelbiama informacija b\u016bt\u0173 tiksli ir atnaujinta.<br data-start=\"1539\" data-end=\"1542\" \/>Ta\u010diau negalime garantuoti, kad kiekviena detal\u0117 visada bus teisinga, i\u0161sami ar aktuali. IPTV technologijos ir paslaugos da\u017enai kei\u010diasi.<\/p><p data-start=\"1687\" data-end=\"1882\">\u0160ioje svetain\u0117je esan\u010dios informacijos naudojimas yra <strong data-start=\"1729\" data-end=\"1755\">savo nuo\u017ei\u016bra<\/strong>.<br data-start=\"1756\" data-end=\"1759\" \/>Mes neatsakome u\u017e jokias klaidas, praleidimus ar rezultatus, atsiradusius d\u0117l to, kaip j\u016bs pritaik\u0117te \u010dia pateikt\u0105 informacij\u0105.<\/p><h3 data-start=\"1889\" data-end=\"1913\">4. <strong data-start=\"1895\" data-end=\"1913\">I\u0161orin\u0117s nuorodos<\/strong><\/h3><p data-start=\"1915\" data-end=\"2079\">M\u016bs\u0173 straipsniuose gali b\u016bti nuorod\u0173 \u012f tre\u010di\u0173j\u0173 \u0161ali\u0173 svetaines patogumo ar informacijos tikslais.<br data-start=\"1999\" data-end=\"2002\" \/>Mes nekontroliuojame t\u0173 svetaini\u0173 turinio, politikos ar praktikos.<\/p><p data-start=\"2081\" data-end=\"2227\">Apsilankymas i\u0161orin\u0117se IPTV Companion nuorodose yra visi\u0161kai <strong data-start=\"2137\" data-end=\"2157\">savo pa\u010di\u0173 rizika<\/strong>, ir mes neatsakome u\u017e jokius nuostolius ar \u017eal\u0105, kurie gali atsirasti.<\/p><h3 data-start=\"2234\" data-end=\"2272\">5. <strong data-start=\"2240\" data-end=\"2272\">Joki\u0173 teisini\u0173 ar technini\u0173 konsultacij\u0173<\/strong><\/h3><p data-start=\"2274\" data-end=\"2495\">\u201eIPTV Companion\u201c platformoje bendrinama informacija tur\u0117t\u0173 <strong data-start=\"2322\" data-end=\"2329\">ne<\/strong> b\u016bti laikoma teisine, finansine ar profesionalia technine konsultacija.<br data-start=\"2395\" data-end=\"2398\" \/>Mes tiesiog dalijam\u0117s asmenin\u0117mis nuomon\u0117mis, pamokomis ir testavimo patirtimi edukaciniais tikslais.<\/p><p data-start=\"2497\" data-end=\"2568\">Jei jums reikia profesionalios pagalbos, kreipkit\u0117s \u012f kvalifikuot\u0105 specialist\u0105.<\/p><h3 data-start=\"2575\" data-end=\"2604\">6. <strong data-start=\"2581\" data-end=\"2604\">Vartotojo atsakomyb\u0117<\/strong><\/h3><p data-start=\"2606\" data-end=\"2837\">Naudodamiesi \u0161ia svetaine, j\u016bs sutinkate, kad esate visi\u0161kai atsakingi u\u017e tai, kaip naudojate bet koki\u0105 \u010dia pamin\u0117t\u0105 informacij\u0105, \u012frankius ar produktus.<br data-start=\"2738\" data-end=\"2741\" \/>Mes neskatiname ir nepalaikome IPTV paslaug\u0173 naudojimo neteis\u0117tam ar neteis\u0117tam transliavimui.<\/p><p data-start=\"2839\" data-end=\"2918\">Kiekvienas naudotojas yra atsakingas u\u017e savo vietos \u012fstatym\u0173 ir kit\u0173 teis\u0117s akt\u0173 laikym\u0105si.<\/p><h3 data-start=\"2925\" data-end=\"2958\">7. <strong data-start=\"2931\" data-end=\"2958\">Atsakomyb\u0117s apribojimas<\/strong><\/h3><p data-start=\"2960\" data-end=\"3107\">Jokiomis aplinkyb\u0117mis \u201eIPTV Companion\u201c, jos savininkai, autoriai ar bendraautoriai nebus laikomi atsakingais u\u017e joki\u0105 tiesiogin\u0119 ar netiesiogin\u0119 \u017eal\u0105, atsiradusi\u0105 d\u0117l:<\/p><ul data-start=\"3108\" data-end=\"3284\"><li data-start=\"3108\" data-end=\"3152\"><p data-start=\"3110\" data-end=\"3152\">\u0160ios svetain\u0117s naudojimas arba negal\u0117jimas ja naudotis<\/p><\/li><li data-start=\"3153\" data-end=\"3202\"><p data-start=\"3155\" data-end=\"3202\">Turinio klaidos, netikslumai ar praleidimai<\/p><\/li><li data-start=\"3203\" data-end=\"3234\"><p data-start=\"3205\" data-end=\"3234\">Nuorodos \u012f i\u0161orinius i\u0161teklius<\/p><\/li><li data-start=\"3235\" data-end=\"3284\"><p data-start=\"3237\" data-end=\"3284\">Sprendimai, priimti remiantis m\u016bs\u0173 atsiliepimais arba vadovais<\/p><\/li><\/ul><p data-start=\"3286\" data-end=\"3342\">Visas \u0161ios svetain\u0117s naudojimas yra visi\u0161kai <strong data-start=\"3319\" data-end=\"3339\">savo pa\u010di\u0173 rizika<\/strong>.<\/p><h3 data-start=\"3349\" data-end=\"3385\">8. <strong data-start=\"3355\" data-end=\"3385\">\u0160io atsakomyb\u0117s apribojimo pakeitimai<\/strong><\/h3><p data-start=\"3387\" data-end=\"3513\">\u0160\u012f Atsakomyb\u0117s apribojim\u0105 galime bet kada atnaujinti be i\u0161ankstinio \u012fsp\u0117jimo.<br data-start=\"3450\" data-end=\"3453\" \/>Auk\u0161\u010diau nurodyta \u201cPaskutinio atnaujinimo\u201d data rodo naujausi\u0105 versij\u0105.<\/p><p data-start=\"3515\" data-end=\"3587\">Raginame lankytojus periodi\u0161kai tikrinti \u0161\u012f puslap\u012f, ar n\u0117ra atnaujinim\u0173.<\/p><h3>9. <strong data-start=\"3600\" data-end=\"3614\">Susisiekite su mumis<\/strong><\/h3><p data-start=\"3616\" data-end=\"3685\">Jei turite klausim\u0173 d\u0117l \u0161io Atsakomyb\u0117s apribojimo, susisiekite su mumis:<\/p><p data-start=\"3687\" data-end=\"3864\"><img decoding=\"async\" class=\"emoji\" role=\"img\" draggable=\"false\" src=\"https:\/\/s.w.org\/images\/core\/emoji\/16.0.1\/svg\/1f4e7.svg\" alt=\"\ud83d\udce7\" \/> <strong data-start=\"3690\" data-end=\"3700\">El. pa\u0161tas:<\/strong> <a class=\"decorated-link cursor-pointer\" rel=\"noopener\" data-start=\"3701\" data-end=\"3756\">info@iptvcompanion.com<\/a><br data-start=\"3756\" data-end=\"3759\" \/><img decoding=\"async\" class=\"emoji\" role=\"img\" draggable=\"false\" src=\"https:\/\/s.w.org\/images\/core\/emoji\/16.0.1\/svg\/1f310.svg\" alt=\"\ud83c\udf10\" \/> <strong data-start=\"3762\" data-end=\"3779\">Kontakt\u0173 puslapis:<\/strong> <a class=\"decorated-link cursor-pointer\" target=\"_new\" rel=\"noopener\" data-start=\"3780\" data-end=\"3862\">https:\/\/iptvcompanion.com\/pages\/contact<\/a><\/p>\t\t\t\t\t\t\t\t<\/div>\n\t\t\t\t\t<\/div>\n\t\t\t\t<\/div>\n\t\t\t\t<\/div>","protected":false},"excerpt":{"rendered":"<p>Disclaimer Last Updated: October 2025 Welcome to IPTV Companion.This Disclaimer explains the limits of our responsibility regarding the information shared on our website, https:\/\/iptvcompanion.com. By using this site, you agree that you have read and understood this Disclaimer. 1. General Information IPTV Companion is an independent website that publishes articles, reviews, comparisons, and setup guides&#8230;<\/p>","protected":false},"author":1,"featured_media":0,"parent":0,"menu_order":0,"comment_status":"closed","ping_status":"closed","template":"","meta":{"_kad_post_transparent":"","_kad_post_title":"hide","_kad_post_layout":"fullwidth","_kad_post_sidebar_id":"","_kad_post_content_style":"unboxed","_kad_post_vertical_padding":"hide","_kad_post_feature":"hide","_kad_post_feature_position":"","_kad_post_header":false,"_kad_post_footer":false,"_kad_post_classname":"","footnotes":""},"class_list":["post-18","page","type-page","status-publish","hentry"],"_links":{"self":[{"href":"https:\/\/iptvcompanion.com\/lt\/wp-json\/wp\/v2\/pages\/18","targetHints":{"allow":["GET"]}}],"collection":[{"href":"https:\/\/iptvcompanion.com\/lt\/wp-json\/wp\/v2\/pages"}],"about":[{"href":"https:\/\/iptvcompanion.com\/lt\/wp-json\/wp\/v2\/types\/page"}],"author":[{"embeddable":true,"href":"https:\/\/iptvcompanion.com\/lt\/wp-json\/wp\/v2\/users\/1"}],"replies":[{"embeddable":true,"href":"https:\/\/iptvcompanion.com\/lt\/wp-json\/wp\/v2\/comments?post=18"}],"version-history":[{"count":4,"href":"https:\/\/iptvcompanion.com\/lt\/wp-json\/wp\/v2\/pages\/18\/revisions"}],"predecessor-version":[{"id":207,"href":"https:\/\/iptvcompanion.com\/lt\/wp-json\/wp\/v2\/pages\/18\/revisions\/207"}],"wp:attachment":[{"href":"https:\/\/iptvcompanion.com\/lt\/wp-json\/wp\/v2\/media?parent=18"}],"curies":[{"name":"wp","href":"https:\/\/api.w.org\/{rel}","templated":true}]}}