{"id":11,"date":"2025-10-06T10:35:06","date_gmt":"2025-10-06T10:35:06","guid":{"rendered":"https:\/\/iptvcompanion.com\/?page_id=11"},"modified":"2025-10-23T09:54:45","modified_gmt":"2025-10-23T08:54:45","slug":"par","status":"publish","type":"page","link":"https:\/\/iptvcompanion.com\/lv\/par\/","title":{"rendered":"Par mums"},"content":{"rendered":"<div data-elementor-type=\"wp-page\" data-elementor-id=\"11\" class=\"elementor elementor-11\" data-elementor-post-type=\"page\">\n\t\t\t\t<div class=\"elementor-element elementor-element-1b0de9ee e-flex e-con-boxed e-con e-parent\" data-id=\"1b0de9ee\" data-element_type=\"container\" data-e-type=\"container\" data-settings=\"{&quot;background_background&quot;:&quot;classic&quot;}\">\n\t\t\t\t\t<div class=\"e-con-inner\">\n\t\t\t\t<div class=\"elementor-element elementor-element-1d9c774a elementor-widget elementor-widget-elementskit-heading\" data-id=\"1d9c774a\" data-element_type=\"widget\" data-e-type=\"widget\" data-widget_type=\"elementskit-heading.default\">\n\t\t\t\t\t<div class=\"ekit-wid-con\" ><div class=\"ekit-heading elementskit-section-title-wraper center   ekit_heading_tablet-   ekit_heading_mobile-\"><h1 class=\"ekit-heading--title elementskit-section-title\">Par mums <span><span>IPTV pavadonis<\/span><\/span><\/h1><div class=\"ekit_heading_separetor_wraper ekit_heading_elementskit-border-divider elementskit-style-long\"><div class=\"elementskit-border-divider elementskit-style-long\"><\/div><\/div><\/div><\/div>\t\t\t\t<\/div>\n\t\t\t\t<div class=\"elementor-element elementor-element-4a3ce32 elementor-widget__width-initial elementor-widget elementor-widget-text-editor\" data-id=\"4a3ce32\" data-element_type=\"widget\" data-e-type=\"widget\" data-widget_type=\"text-editor.default\">\n\t\t\t\t\t\t\t\t\t<h3 data-start=\"332\" data-end=\"362\">Pal\u012bdzam jums straum\u0113t gudr\u0101k<\/h3><p data-start=\"364\" data-end=\"506\">Laipni l\u016bdzam <strong data-start=\"375\" data-end=\"393\">IPTV pavadonis<\/strong>, vietu, ko izveidoju\u0161i ikdienas straum\u0113\u0161anas entuziasti, kuri v\u0113l\u0113j\u0101s padar\u012bt IPTV vienk\u0101r\u0161u, skaidru un bez vil\u0161an\u0101s.<\/p><p data-start=\"508\" data-end=\"781\">M\u0113s zin\u0101m, cik sare\u017e\u0123\u012bti var b\u016bt izv\u0113l\u0113ties pareizo pakalpojumu vai lietotni. Tie\u0161saist\u0113 ir nebeidzams troksnis, sol\u012bjumi, rekl\u0101mas un da\u017e\u0101das atsauksmes, kas liek aizdom\u0101ties par to, kas ir \u012bsts. T\u0101p\u0113c m\u0113s nol\u0113m\u0101m izveidot kaut ko at\u0161\u0137ir\u012bgu \u2013 telpu, kas ir god\u012bga, viegli saprotama un patiesi noder\u012bga.<\/p><h3 data-start=\"788\" data-end=\"802\">Ko m\u0113s dar\u0101m<\/h3><p data-start=\"804\" data-end=\"902\">IPTV Companion m\u0113s test\u0113jam un izp\u0113t\u0101m r\u012bkus, kas padara straum\u0113\u0161anu iesp\u0113jamu.<br data-start=\"882\" data-end=\"885\" \/>M\u0113s rakst\u0101m par:<\/p><ul data-start=\"903\" data-end=\"1083\"><li data-start=\"903\" data-end=\"957\"><p data-start=\"905\" data-end=\"957\">Platformas un lietotnes, ko cilv\u0113ki faktiski izmanto.<\/p><\/li><li data-start=\"958\" data-end=\"1007\"><p data-start=\"960\" data-end=\"1007\">Ier\u012bces, kas nodro\u0161ina nevainojamu IPTV darb\u012bbu m\u0101j\u0101s.<\/p><\/li><li data-start=\"1008\" data-end=\"1083\"><p data-start=\"1010\" data-end=\"1083\">Soli pa solim sniegtas instrukcijas pal\u012bdz\u0113s visu iestat\u012bt bez galvass\u0101p\u0113m.<\/p><\/li><\/ul><p data-start=\"1085\" data-end=\"1273\">M\u0113s nep\u0101rdodam abonementus, nenereklam\u0113jam konkr\u0113tus pakalpojumu sniedz\u0113jus un neuzspie\u017eam partneru dar\u012bjumus, kas mask\u0113ti k\u0101 atsauksmes. M\u016bsu vien\u012bgais m\u0113r\u0137is ir dal\u012bties ar to, kas darbojas un kas ne, balstoties uz re\u0101lu pieredzi.<\/p><h3 data-start=\"1280\" data-end=\"1298\">K\u0101p\u0113c m\u0113s s\u0101k\u0101m<\/h3><p data-start=\"1300\" data-end=\"1548\">Tas s\u0101k\u0101s ar vienk\u0101r\u0161u probl\u0113mu: neviens nesniedza tie\u0161as atbildes.<br data-start=\"1367\" data-end=\"1370\" \/>Da\u017ei pakalpojumi izskat\u012bj\u0101s lieliski, bet nedarboj\u0101s labi. Citi darboj\u0101s labi, bet tos bija gr\u016bti iestat\u012bt.<br data-start=\"1460\" data-end=\"1463\" \/>T\u0101p\u0113c m\u0113s nol\u0113m\u0101m pa\u0161i p\u0101rbaud\u012bt lietas un dal\u012bties ar to, ko uzzin\u0101j\u0101m, vienk\u0101r\u0161\u0101 valod\u0101.<\/p><p data-start=\"1550\" data-end=\"1683\">\u0160\u012b ideja k\u013cuva par IPTV Companion \u2014 projektu, kas balst\u012bts uz zin\u0101tk\u0101ri, god\u012bgumu un pal\u012bdz\u012bbu citiem straum\u0113t bez izm\u0113\u0123in\u0101jumu un k\u013c\u016bdu metodes.<\/p><h3 data-start=\"1690\" data-end=\"1713\">Ko j\u016bs varat sagaid\u012bt<\/h3><p data-start=\"1715\" data-end=\"1754\">Apmekl\u0113jot m\u016bsu vietni, j\u016bs atrad\u012bsiet:<\/p><ul data-start=\"1755\" data-end=\"1927\"><li data-start=\"1755\" data-end=\"1798\"><p data-start=\"1757\" data-end=\"1798\">God\u012bgas atsauksmes, ko rakst\u012bju\u0161i \u012bsti test\u0113t\u0101ji.<\/p><\/li><li data-start=\"1799\" data-end=\"1865\"><p data-start=\"1801\" data-end=\"1865\">Praktiskas iestat\u012b\u0161anas rokasgr\u0101matas, kur\u0101s netiek pie\u0146emts, ka esat tehnolo\u0123iju eksperts.<\/p><\/li><li data-start=\"1866\" data-end=\"1927\"><p data-start=\"1868\" data-end=\"1927\">Padomi, k\u0101 padar\u012bt skat\u012b\u0161an\u0101s pieredzi vienm\u0113r\u012bg\u0101ku un vienk\u0101r\u0161\u0101ku.<\/p><\/li><\/ul><p data-start=\"1929\" data-end=\"2056\">Nek\u0101das liekas inform\u0101cijas, nek\u0101das klik\u0161\u0137u \u0113smas vai mulsino\u0161a \u017eargona, tikai skaidra inform\u0101cija no cilv\u0113kiem, kuri faktiski izmanto lietas, par kur\u0101m vi\u0146i raksta.<\/p><h3 data-start=\"2063\" data-end=\"2079\">Sazinieties ar mums<\/h3><p data-start=\"2081\" data-end=\"2212\">Mums pat\u012bk dzird\u0113t no las\u012bt\u0101jiem.<br data-start=\"2110\" data-end=\"2113\" \/>Ja jums ir jaut\u0101jums, ieteikums vai v\u0113laties dal\u012bties pieredz\u0113, sazinieties jebkur\u0101 laik\u0101.<\/p><p data-start=\"2214\" data-end=\"2358\"><img decoding=\"async\" class=\"emoji\" role=\"img\" draggable=\"false\" src=\"https:\/\/s.w.org\/images\/core\/emoji\/16.0.1\/svg\/1f4e9.svg\" alt=\"\ud83d\udce9\" \/> <strong data-start=\"2217\" data-end=\"2227\">E-pasts:<\/strong> <a class=\"decorated-link cursor-pointer\" rel=\"noopener\" data-start=\"2228\" data-end=\"2250\">info@iptvcompanion.com<\/a><br data-start=\"2250\" data-end=\"2253\" \/><img decoding=\"async\" class=\"emoji\" role=\"img\" draggable=\"false\" src=\"https:\/\/s.w.org\/images\/core\/emoji\/16.0.1\/svg\/1f4cd.svg\" alt=\"\ud83d\udccd\" \/> <strong data-start=\"2256\" data-end=\"2273\">Kontaktlapa:<\/strong> <a class=\"decorated-link cursor-pointer\" target=\"_new\" rel=\"noopener\" data-start=\"2274\" data-end=\"2356\">https:\/\/iptvcompanion.com\/pages\/contact<\/a><\/p><h3 data-start=\"2365\" data-end=\"2377\">\u012asum\u0101<\/h3><p data-start=\"2379\" data-end=\"2625\"><strong data-start=\"2379\" data-end=\"2397\">IPTV pavadonis<\/strong> nav uz\u0146\u0113mums; t\u0101 ir cilv\u0113ku kopiena, kam pat\u012bk straum\u0113\u0161ana un kuri v\u0113las to atvieglot visiem p\u0101r\u0113jiem.<br data-start=\"2508\" data-end=\"2511\" \/>Ja kaut kas ietaupa j\u016bsu laiku, pal\u012bdz \u0101tr\u0101k iestat\u012bt darbu vai iem\u0101ca kaut ko jaunu, tad tie\u0161i t\u0101p\u0113c m\u0113s esam \u0161eit.<\/p>\t\t\t\t\t\t\t\t<\/div>\n\t\t\t\t\t<\/div>\n\t\t\t\t<\/div>\n\t\t\t\t<\/div>","protected":false},"excerpt":{"rendered":"<p>About IPTV Companion Helping You Stream Smarter Welcome to IPTV Companion, a place built by everyday streaming enthusiasts who wanted to make IPTV simple, clear, and frustration-free. We know how confusing it can be to pick the right service or app. There\u2019s endless noise online, promises, ads, and mixed reviews that leave you wondering what\u2019s&#8230;<\/p>","protected":false},"author":1,"featured_media":0,"parent":0,"menu_order":0,"comment_status":"closed","ping_status":"closed","template":"","meta":{"_kad_post_transparent":"","_kad_post_title":"hide","_kad_post_layout":"fullwidth","_kad_post_sidebar_id":"","_kad_post_content_style":"unboxed","_kad_post_vertical_padding":"hide","_kad_post_feature":"hide","_kad_post_feature_position":"","_kad_post_header":false,"_kad_post_footer":false,"_kad_post_classname":"","footnotes":""},"class_list":["post-11","page","type-page","status-publish","hentry"],"_links":{"self":[{"href":"https:\/\/iptvcompanion.com\/lv\/wp-json\/wp\/v2\/pages\/11","targetHints":{"allow":["GET"]}}],"collection":[{"href":"https:\/\/iptvcompanion.com\/lv\/wp-json\/wp\/v2\/pages"}],"about":[{"href":"https:\/\/iptvcompanion.com\/lv\/wp-json\/wp\/v2\/types\/page"}],"author":[{"embeddable":true,"href":"https:\/\/iptvcompanion.com\/lv\/wp-json\/wp\/v2\/users\/1"}],"replies":[{"embeddable":true,"href":"https:\/\/iptvcompanion.com\/lv\/wp-json\/wp\/v2\/comments?post=11"}],"version-history":[{"count":13,"href":"https:\/\/iptvcompanion.com\/lv\/wp-json\/wp\/v2\/pages\/11\/revisions"}],"predecessor-version":[{"id":185,"href":"https:\/\/iptvcompanion.com\/lv\/wp-json\/wp\/v2\/pages\/11\/revisions\/185"}],"wp:attachment":[{"href":"https:\/\/iptvcompanion.com\/lv\/wp-json\/wp\/v2\/media?parent=11"}],"curies":[{"name":"wp","href":"https:\/\/api.w.org\/{rel}","templated":true}]}}