{"id":11,"date":"2025-10-06T10:35:06","date_gmt":"2025-10-06T10:35:06","guid":{"rendered":"https:\/\/iptvcompanion.com\/?page_id=11"},"modified":"2025-10-23T09:54:45","modified_gmt":"2025-10-23T08:54:45","slug":"om","status":"publish","type":"page","link":"https:\/\/iptvcompanion.com\/nb\/om\/","title":{"rendered":"Om"},"content":{"rendered":"<div data-elementor-type=\"wp-page\" data-elementor-id=\"11\" class=\"elementor elementor-11\" data-elementor-post-type=\"page\">\n\t\t\t\t<div class=\"elementor-element elementor-element-1b0de9ee e-flex e-con-boxed e-con e-parent\" data-id=\"1b0de9ee\" data-element_type=\"container\" data-e-type=\"container\" data-settings=\"{&quot;background_background&quot;:&quot;classic&quot;}\">\n\t\t\t\t\t<div class=\"e-con-inner\">\n\t\t\t\t<div class=\"elementor-element elementor-element-1d9c774a elementor-widget elementor-widget-elementskit-heading\" data-id=\"1d9c774a\" data-element_type=\"widget\" data-e-type=\"widget\" data-widget_type=\"elementskit-heading.default\">\n\t\t\t\t\t<div class=\"ekit-wid-con\" ><div class=\"ekit-heading elementskit-section-title-wraper center   ekit_heading_tablet-   ekit_heading_mobile-\"><h1 class=\"ekit-heading--title elementskit-section-title\">Om <span><span>IPTV-f\u00f8lgesvenn<\/span><\/span><\/h1><div class=\"ekit_heading_separetor_wraper ekit_heading_elementskit-border-divider elementskit-style-long\"><div class=\"elementskit-border-divider elementskit-style-long\"><\/div><\/div><\/div><\/div>\t\t\t\t<\/div>\n\t\t\t\t<div class=\"elementor-element elementor-element-4a3ce32 elementor-widget__width-initial elementor-widget elementor-widget-text-editor\" data-id=\"4a3ce32\" data-element_type=\"widget\" data-e-type=\"widget\" data-widget_type=\"text-editor.default\">\n\t\t\t\t\t\t\t\t\t<h3 data-start=\"332\" data-end=\"362\">Hjelper deg med \u00e5 str\u00f8mme smartere<\/h3><p data-start=\"364\" data-end=\"506\">Velkommen til <strong data-start=\"375\" data-end=\"393\">IPTV-f\u00f8lgesvenn<\/strong>, et sted bygget av hverdagslige str\u00f8mmeentusiaster som \u00f8nsket \u00e5 gj\u00f8re IPTV enkelt, tydelig og frustrasjonsfritt.<\/p><p data-start=\"508\" data-end=\"781\">Vi vet hvor forvirrende det kan v\u00e6re \u00e5 velge riktig tjeneste eller app. Det er endel\u00f8s st\u00f8y p\u00e5 nettet, l\u00f8fter, annonser og blandede anmeldelser som f\u00e5r deg til \u00e5 lure p\u00e5 hva som er ekte. S\u00e5 vi bestemte oss for \u00e5 bygge noe annerledes, et rom som er \u00e6rlig, lett \u00e5 f\u00f8lge og faktisk nyttig.<\/p><h3 data-start=\"788\" data-end=\"802\">Hva vi gj\u00f8r<\/h3><p data-start=\"804\" data-end=\"902\">Hos IPTV Companion tester og utforsker vi verkt\u00f8yene som gj\u00f8r str\u00f8mming mulig.<br data-start=\"882\" data-end=\"885\" \/>Vi skriver om:<\/p><ul data-start=\"903\" data-end=\"1083\"><li data-start=\"903\" data-end=\"957\"><p data-start=\"905\" data-end=\"957\">Plattformer og apper som folk faktisk bruker.<\/p><\/li><li data-start=\"958\" data-end=\"1007\"><p data-start=\"960\" data-end=\"1007\">Enheter som f\u00e5r IPTV til \u00e5 fungere problemfritt hjemme.<\/p><\/li><li data-start=\"1008\" data-end=\"1083\"><p data-start=\"1010\" data-end=\"1083\">Steg-for-steg-guider som hjelper deg med \u00e5 sette opp alt uten hodebry.<\/p><\/li><\/ul><p data-start=\"1085\" data-end=\"1273\">Vi selger ikke abonnementer, markedsf\u00f8rer ikke spesifikke leverand\u00f8rer eller driver med samarbeidsavtaler forkledd som anmeldelser. V\u00e5rt eneste m\u00e5l er \u00e5 dele hva som fungerer og hva som ikke fungerer, basert p\u00e5 reell erfaring.<\/p><h3 data-start=\"1280\" data-end=\"1298\">Hvorfor vi startet<\/h3><p data-start=\"1300\" data-end=\"1548\">Det startet med et enkelt problem: ingen ga klare svar.<br data-start=\"1367\" data-end=\"1370\" \/>Noen tjenester s\u00e5 bra ut, men fungerte ikke. Andre fungerte bra, men var vanskelige \u00e5 sette opp.<br data-start=\"1460\" data-end=\"1463\" \/>S\u00e5 bestemte vi oss for \u00e5 teste ting selv og dele det vi l\u00e6rte i et enkelt spr\u00e5k.<\/p><p data-start=\"1550\" data-end=\"1683\">Den ideen ble til IPTV Companion, et prosjekt bygget rundt nysgjerrighet, \u00e6rlighet og det \u00e5 hjelpe andre med \u00e5 str\u00f8mme uten pr\u00f8ving og feiling.<\/p><h3 data-start=\"1690\" data-end=\"1713\">Hva du kan forvente<\/h3><p data-start=\"1715\" data-end=\"1754\">N\u00e5r du bes\u00f8ker nettstedet v\u00e5rt, finner du:<\/p><ul data-start=\"1755\" data-end=\"1927\"><li data-start=\"1755\" data-end=\"1798\"><p data-start=\"1757\" data-end=\"1798\">\u00c6rlige anmeldelser skrevet av ekte testere.<\/p><\/li><li data-start=\"1799\" data-end=\"1865\"><p data-start=\"1801\" data-end=\"1865\">Praktiske oppsettguider som ikke forutsetter at du er en teknisk ekspert.<\/p><\/li><li data-start=\"1866\" data-end=\"1927\"><p data-start=\"1868\" data-end=\"1927\">Tips for \u00e5 gj\u00f8re seeropplevelsen smidigere og enklere.<\/p><\/li><\/ul><p data-start=\"1929\" data-end=\"2056\">Ikke noe tull, ikke noe clickbait, ingen forvirrende sjargong, bare tydelig informasjon fra folk som faktisk bruker tingene de skriver om.<\/p><h3 data-start=\"2063\" data-end=\"2079\">Ta kontakt<\/h3><p data-start=\"2081\" data-end=\"2212\">Vi elsker \u00e5 h\u00f8re fra leserne.<br data-start=\"2110\" data-end=\"2113\" \/>Hvis du har et sp\u00f8rsm\u00e5l, et forslag eller \u00f8nsker \u00e5 dele erfaringene dine, er det bare \u00e5 ta kontakt n\u00e5r som helst.<\/p><p data-start=\"2214\" data-end=\"2358\"><img decoding=\"async\" class=\"emoji\" role=\"img\" draggable=\"false\" src=\"https:\/\/s.w.org\/images\/core\/emoji\/16.0.1\/svg\/1f4e9.svg\" alt=\"\ud83d\udce9\" \/> <strong data-start=\"2217\" data-end=\"2227\">E-post:<\/strong> <a class=\"decorated-link cursor-pointer\" rel=\"noopener\" data-start=\"2228\" data-end=\"2250\">info@iptvcompanion.com<\/a><br data-start=\"2250\" data-end=\"2253\" \/><img decoding=\"async\" class=\"emoji\" role=\"img\" draggable=\"false\" src=\"https:\/\/s.w.org\/images\/core\/emoji\/16.0.1\/svg\/1f4cd.svg\" alt=\"\ud83d\udccd\" \/> <strong data-start=\"2256\" data-end=\"2273\">Kontaktside:<\/strong> <a class=\"decorated-link cursor-pointer\" target=\"_new\" rel=\"noopener\" data-start=\"2274\" data-end=\"2356\">https:\/\/iptvcompanion.com\/pages\/contact<\/a><\/p><h3 data-start=\"2365\" data-end=\"2377\">Kort sagt<\/h3><p data-start=\"2379\" data-end=\"2625\"><strong data-start=\"2379\" data-end=\"2397\">IPTV-f\u00f8lgesvenn<\/strong> er ikke et selskap; det er et fellesskap av mennesker som liker str\u00f8mming og \u00f8nsker \u00e5 gj\u00f8re det enklere for alle andre.<br data-start=\"2508\" data-end=\"2511\" \/>Hvis noe sparer deg tid, hjelper deg med \u00e5 komme i gang raskere eller l\u00e6rer deg noe nytt, er det derfor vi er her.<\/p>\t\t\t\t\t\t\t\t<\/div>\n\t\t\t\t\t<\/div>\n\t\t\t\t<\/div>\n\t\t\t\t<\/div>","protected":false},"excerpt":{"rendered":"<p>About IPTV Companion Helping You Stream Smarter Welcome to IPTV Companion, a place built by everyday streaming enthusiasts who wanted to make IPTV simple, clear, and frustration-free. We know how confusing it can be to pick the right service or app. There\u2019s endless noise online, promises, ads, and mixed reviews that leave you wondering what\u2019s&#8230;<\/p>","protected":false},"author":1,"featured_media":0,"parent":0,"menu_order":0,"comment_status":"closed","ping_status":"closed","template":"","meta":{"_kad_post_transparent":"","_kad_post_title":"hide","_kad_post_layout":"fullwidth","_kad_post_sidebar_id":"","_kad_post_content_style":"unboxed","_kad_post_vertical_padding":"hide","_kad_post_feature":"hide","_kad_post_feature_position":"","_kad_post_header":false,"_kad_post_footer":false,"_kad_post_classname":"","footnotes":""},"class_list":["post-11","page","type-page","status-publish","hentry"],"_links":{"self":[{"href":"https:\/\/iptvcompanion.com\/nb\/wp-json\/wp\/v2\/pages\/11","targetHints":{"allow":["GET"]}}],"collection":[{"href":"https:\/\/iptvcompanion.com\/nb\/wp-json\/wp\/v2\/pages"}],"about":[{"href":"https:\/\/iptvcompanion.com\/nb\/wp-json\/wp\/v2\/types\/page"}],"author":[{"embeddable":true,"href":"https:\/\/iptvcompanion.com\/nb\/wp-json\/wp\/v2\/users\/1"}],"replies":[{"embeddable":true,"href":"https:\/\/iptvcompanion.com\/nb\/wp-json\/wp\/v2\/comments?post=11"}],"version-history":[{"count":13,"href":"https:\/\/iptvcompanion.com\/nb\/wp-json\/wp\/v2\/pages\/11\/revisions"}],"predecessor-version":[{"id":185,"href":"https:\/\/iptvcompanion.com\/nb\/wp-json\/wp\/v2\/pages\/11\/revisions\/185"}],"wp:attachment":[{"href":"https:\/\/iptvcompanion.com\/nb\/wp-json\/wp\/v2\/media?parent=11"}],"curies":[{"name":"wp","href":"https:\/\/api.w.org\/{rel}","templated":true}]}}