{"id":11,"date":"2025-10-06T10:35:06","date_gmt":"2025-10-06T10:35:06","guid":{"rendered":"https:\/\/iptvcompanion.com\/?page_id=11"},"modified":"2025-10-23T09:54:45","modified_gmt":"2025-10-23T08:54:45","slug":"sobre","status":"publish","type":"page","link":"https:\/\/iptvcompanion.com\/pt\/sobre\/","title":{"rendered":"Sobre"},"content":{"rendered":"<div data-elementor-type=\"wp-page\" data-elementor-id=\"11\" class=\"elementor elementor-11\" data-elementor-post-type=\"page\">\n\t\t\t\t<div class=\"elementor-element elementor-element-1b0de9ee e-flex e-con-boxed e-con e-parent\" data-id=\"1b0de9ee\" data-element_type=\"container\" data-e-type=\"container\" data-settings=\"{&quot;background_background&quot;:&quot;classic&quot;}\">\n\t\t\t\t\t<div class=\"e-con-inner\">\n\t\t\t\t<div class=\"elementor-element elementor-element-1d9c774a elementor-widget elementor-widget-elementskit-heading\" data-id=\"1d9c774a\" data-element_type=\"widget\" data-e-type=\"widget\" data-widget_type=\"elementskit-heading.default\">\n\t\t\t\t\t<div class=\"ekit-wid-con\" ><div class=\"ekit-heading elementskit-section-title-wraper center   ekit_heading_tablet-   ekit_heading_mobile-\"><h1 class=\"ekit-heading--title elementskit-section-title\">Sobre <span><span>IPTV Companion<\/span><\/span><\/h1><div class=\"ekit_heading_separetor_wraper ekit_heading_elementskit-border-divider elementskit-style-long\"><div class=\"elementskit-border-divider elementskit-style-long\"><\/div><\/div><\/div><\/div>\t\t\t\t<\/div>\n\t\t\t\t<div class=\"elementor-element elementor-element-4a3ce32 elementor-widget__width-initial elementor-widget elementor-widget-text-editor\" data-id=\"4a3ce32\" data-element_type=\"widget\" data-e-type=\"widget\" data-widget_type=\"text-editor.default\">\n\t\t\t\t\t\t\t\t\t<h3 data-start=\"332\" data-end=\"362\">Ajudando voc\u00ea a fazer streaming de forma mais inteligente.<\/h3><p data-start=\"364\" data-end=\"506\">Bem-vindo(a) ao <strong data-start=\"375\" data-end=\"393\">IPTV Companion<\/strong>, um espa\u00e7o criado por entusiastas do streaming que usavam no dia a dia e queriam tornar o IPTV simples, claro e sem complica\u00e7\u00f5es.<\/p><p data-start=\"508\" data-end=\"781\">Sabemos o qu\u00e3o confuso pode ser escolher o servi\u00e7o ou aplicativo certo. H\u00e1 uma infinidade de informa\u00e7\u00f5es online, promessas, an\u00fancios e avalia\u00e7\u00f5es contradit\u00f3rias que deixam voc\u00ea na d\u00favida sobre o que \u00e9 real. Por isso, decidimos criar algo diferente: um espa\u00e7o honesto, f\u00e1cil de usar e realmente \u00fatil.<\/p><h3 data-start=\"788\" data-end=\"802\">O que fazemos<\/h3><p data-start=\"804\" data-end=\"902\">Na IPTV Companion, testamos e exploramos as ferramentas que tornam o streaming poss\u00edvel.<br data-start=\"882\" data-end=\"885\" \/>Escrevemos sobre:<\/p><ul data-start=\"903\" data-end=\"1083\"><li data-start=\"903\" data-end=\"957\"><p data-start=\"905\" data-end=\"957\">Plataformas e aplicativos que as pessoas realmente usam.<\/p><\/li><li data-start=\"958\" data-end=\"1007\"><p data-start=\"960\" data-end=\"1007\">Dispositivos que permitem o funcionamento perfeito da IPTV em casa.<\/p><\/li><li data-start=\"1008\" data-end=\"1083\"><p data-start=\"1010\" data-end=\"1083\">Guias passo a passo para ajudar voc\u00ea a configurar tudo sem dor de cabe\u00e7a.<\/p><\/li><\/ul><p data-start=\"1085\" data-end=\"1273\">N\u00e3o vendemos assinaturas, n\u00e3o promovemos fornecedores espec\u00edficos nem divulgamos ofertas de afiliados disfar\u00e7adas de avalia\u00e7\u00f5es. Nosso \u00fanico objetivo \u00e9 compartilhar o que funciona e o que n\u00e3o funciona, com base em experi\u00eancias reais.<\/p><h3 data-start=\"1280\" data-end=\"1298\">Por que come\u00e7amos<\/h3><p data-start=\"1300\" data-end=\"1548\">Tudo come\u00e7ou com um problema simples: ningu\u00e9m dava respostas diretas.<br data-start=\"1367\" data-end=\"1370\" \/>Alguns servi\u00e7os pareciam \u00f3timos, mas n\u00e3o funcionaram bem. Outros funcionaram bem, mas foram dif\u00edceis de configurar.<br data-start=\"1460\" data-end=\"1463\" \/>Ent\u00e3o decidimos testar as coisas n\u00f3s mesmos e compartilhar o que aprendemos em linguagem simples.<\/p><p data-start=\"1550\" data-end=\"1683\">Essa ideia se tornou o IPTV Companion, um projeto constru\u00eddo com base na curiosidade, honestidade e no objetivo de ajudar outras pessoas a fazer streaming sem precisar passar por tentativas e erros.<\/p><h3 data-start=\"1690\" data-end=\"1713\">O que voc\u00ea pode esperar<\/h3><p data-start=\"1715\" data-end=\"1754\">Ao visitar nosso site, voc\u00ea encontrar\u00e1:<\/p><ul data-start=\"1755\" data-end=\"1927\"><li data-start=\"1755\" data-end=\"1798\"><p data-start=\"1757\" data-end=\"1798\">Avalia\u00e7\u00f5es honestas escritas por usu\u00e1rios reais.<\/p><\/li><li data-start=\"1799\" data-end=\"1865\"><p data-start=\"1801\" data-end=\"1865\">Guias pr\u00e1ticos de configura\u00e7\u00e3o que n\u00e3o pressup\u00f5em que voc\u00ea seja um especialista em tecnologia.<\/p><\/li><li data-start=\"1866\" data-end=\"1927\"><p data-start=\"1868\" data-end=\"1927\">Dicas para tornar sua experi\u00eancia de visualiza\u00e7\u00e3o mais tranquila e f\u00e1cil.<\/p><\/li><\/ul><p data-start=\"1929\" data-end=\"2056\">Sem enrola\u00e7\u00e3o, sem clickbait, sem jarg\u00f5es confusos, apenas informa\u00e7\u00f5es claras de pessoas que realmente usam o que escrevem.<\/p><h3 data-start=\"2063\" data-end=\"2079\">Entre em contato<\/h3><p data-start=\"2081\" data-end=\"2212\">Adoramos receber mensagens dos nossos leitores.<br data-start=\"2110\" data-end=\"2113\" \/>Se voc\u00ea tiver alguma d\u00favida, sugest\u00e3o ou quiser compartilhar sua experi\u00eancia, entre em contato a qualquer momento.<\/p><p data-start=\"2214\" data-end=\"2358\"><img decoding=\"async\" class=\"emoji\" role=\"img\" draggable=\"false\" src=\"https:\/\/s.w.org\/images\/core\/emoji\/16.0.1\/svg\/1f4e9.svg\" alt=\"\ud83d\udce9\" \/> <strong data-start=\"2217\" data-end=\"2227\">E-mail:<\/strong> <a class=\"decorated-link cursor-pointer\" rel=\"noopener\" data-start=\"2228\" data-end=\"2250\">info@iptvcompanion.com<\/a><br data-start=\"2250\" data-end=\"2253\" \/><img decoding=\"async\" class=\"emoji\" role=\"img\" draggable=\"false\" src=\"https:\/\/s.w.org\/images\/core\/emoji\/16.0.1\/svg\/1f4cd.svg\" alt=\"\ud83d\udccd\" \/> <strong data-start=\"2256\" data-end=\"2273\">P\u00e1gina de contato:<\/strong> <a class=\"decorated-link cursor-pointer\" target=\"_new\" rel=\"noopener\" data-start=\"2274\" data-end=\"2356\">https:\/\/iptvcompanion.com\/pages\/contact<\/a><\/p><h3 data-start=\"2365\" data-end=\"2377\">Resumidamente<\/h3><p data-start=\"2379\" data-end=\"2625\"><strong data-start=\"2379\" data-end=\"2397\">IPTV Companion<\/strong> N\u00e3o \u00e9 uma empresa; \u00e9 uma comunidade de pessoas que gostam de streaming e querem tornar isso mais f\u00e1cil para todos.<br data-start=\"2508\" data-end=\"2511\" \/>Se algo lhe poupa tempo, ajuda a configurar tudo mais rapidamente ou lhe ensina algo novo, \u00e9 para isso que estamos aqui.<\/p>\t\t\t\t\t\t\t\t<\/div>\n\t\t\t\t\t<\/div>\n\t\t\t\t<\/div>\n\t\t\t\t<\/div>","protected":false},"excerpt":{"rendered":"<p>About IPTV Companion Helping You Stream Smarter Welcome to IPTV Companion, a place built by everyday streaming enthusiasts who wanted to make IPTV simple, clear, and frustration-free. We know how confusing it can be to pick the right service or app. There\u2019s endless noise online, promises, ads, and mixed reviews that leave you wondering what\u2019s&#8230;<\/p>","protected":false},"author":1,"featured_media":0,"parent":0,"menu_order":0,"comment_status":"closed","ping_status":"closed","template":"","meta":{"_kad_post_transparent":"","_kad_post_title":"hide","_kad_post_layout":"fullwidth","_kad_post_sidebar_id":"","_kad_post_content_style":"unboxed","_kad_post_vertical_padding":"hide","_kad_post_feature":"hide","_kad_post_feature_position":"","_kad_post_header":false,"_kad_post_footer":false,"_kad_post_classname":"","footnotes":""},"class_list":["post-11","page","type-page","status-publish","hentry"],"_links":{"self":[{"href":"https:\/\/iptvcompanion.com\/pt\/wp-json\/wp\/v2\/pages\/11","targetHints":{"allow":["GET"]}}],"collection":[{"href":"https:\/\/iptvcompanion.com\/pt\/wp-json\/wp\/v2\/pages"}],"about":[{"href":"https:\/\/iptvcompanion.com\/pt\/wp-json\/wp\/v2\/types\/page"}],"author":[{"embeddable":true,"href":"https:\/\/iptvcompanion.com\/pt\/wp-json\/wp\/v2\/users\/1"}],"replies":[{"embeddable":true,"href":"https:\/\/iptvcompanion.com\/pt\/wp-json\/wp\/v2\/comments?post=11"}],"version-history":[{"count":13,"href":"https:\/\/iptvcompanion.com\/pt\/wp-json\/wp\/v2\/pages\/11\/revisions"}],"predecessor-version":[{"id":185,"href":"https:\/\/iptvcompanion.com\/pt\/wp-json\/wp\/v2\/pages\/11\/revisions\/185"}],"wp:attachment":[{"href":"https:\/\/iptvcompanion.com\/pt\/wp-json\/wp\/v2\/media?parent=11"}],"curies":[{"name":"wp","href":"https:\/\/api.w.org\/{rel}","templated":true}]}}