{"id":18,"date":"2025-10-06T10:35:40","date_gmt":"2025-10-06T10:35:40","guid":{"rendered":"https:\/\/iptvcompanion.com\/?page_id=18"},"modified":"2025-10-23T09:53:25","modified_gmt":"2025-10-23T08:53:25","slug":"isencao-de-responsabilidade","status":"publish","type":"page","link":"https:\/\/iptvcompanion.com\/pt\/isencao-de-responsabilidade\/","title":{"rendered":"Isen\u00e7\u00e3o de responsabilidade"},"content":{"rendered":"<div data-elementor-type=\"wp-page\" data-elementor-id=\"18\" class=\"elementor elementor-18\" data-elementor-post-type=\"page\">\n\t\t\t\t<div class=\"elementor-element elementor-element-246b10b e-flex e-con-boxed e-con e-parent\" data-id=\"246b10b\" data-element_type=\"container\" data-e-type=\"container\" data-settings=\"{&quot;background_background&quot;:&quot;classic&quot;}\">\n\t\t\t\t\t<div class=\"e-con-inner\">\n\t\t\t\t<div class=\"elementor-element elementor-element-bb10f6f elementor-widget elementor-widget-elementskit-heading\" data-id=\"bb10f6f\" data-element_type=\"widget\" data-e-type=\"widget\" data-widget_type=\"elementskit-heading.default\">\n\t\t\t\t\t<div class=\"ekit-wid-con\" ><div class=\"ekit-heading elementskit-section-title-wraper center   ekit_heading_tablet-   ekit_heading_mobile-\"><h1 class=\"ekit-heading--title elementskit-section-title\"><span><span>Isen\u00e7\u00e3o de responsabilidade<\/span><\/span><\/h1><div class=\"ekit_heading_separetor_wraper ekit_heading_elementskit-border-divider elementskit-style-long\"><div class=\"elementskit-border-divider elementskit-style-long\"><\/div><\/div><\/div><\/div>\t\t\t\t<\/div>\n\t\t\t\t<div class=\"elementor-element elementor-element-bd9eb44 elementor-widget__width-initial elementor-widget elementor-widget-text-editor\" data-id=\"bd9eb44\" data-element_type=\"widget\" data-e-type=\"widget\" data-widget_type=\"text-editor.default\">\n\t\t\t\t\t\t\t\t\t<p data-start=\"338\" data-end=\"536\"><strong data-start=\"304\" data-end=\"321\">\u00daltima atualiza\u00e7\u00e3o:<\/strong> Outubro de 2025<\/p><p data-start=\"338\" data-end=\"536\">Bem-vindo(a) ao <strong data-start=\"349\" data-end=\"367\">IPTV Companion<\/strong>.<br data-start=\"368\" data-end=\"371\" \/>Este aviso legal explica os limites da nossa responsabilidade relativamente \u00e0s informa\u00e7\u00f5es partilhadas no nosso website., <a class=\"decorated-link cursor-pointer\" target=\"_new\" rel=\"noopener\" data-start=\"479\" data-end=\"533\">https:\/\/iptvcompanion.com<\/a>.<\/p><p data-start=\"538\" data-end=\"620\">Ao utilizar este site, voc\u00ea concorda que leu e compreendeu este Aviso Legal.<\/p><h3 data-start=\"627\" data-end=\"656\">1. <strong data-start=\"633\" data-end=\"656\">Informa\u00e7\u00f5es gerais<\/strong><\/h3><p data-start=\"658\" data-end=\"921\"><strong data-start=\"658\" data-end=\"676\">IPTV Companion<\/strong> \u00c9 um site independente que publica artigos, an\u00e1lises, compara\u00e7\u00f5es e guias de configura\u00e7\u00e3o relacionados a servi\u00e7os, aplicativos e dispositivos de IPTV.<br data-start=\"811\" data-end=\"814\" \/>Sim, fazemos <strong data-start=\"820\" data-end=\"827\">n\u00e3o<\/strong> Vender assinaturas de IPTV, hospedar conte\u00fado de streaming ou fornecer acesso a material protegido por direitos autorais.<\/p><p data-start=\"923\" data-end=\"1017\">Todo o conte\u00fado deste site \u00e9 fornecido <strong data-start=\"963\" data-end=\"1014\">Apenas para fins informativos e educacionais<\/strong>.<\/p><h3 data-start=\"1024\" data-end=\"1063\">2. <strong data-start=\"1030\" data-end=\"1063\">Sem v\u00ednculo ou endosso.<\/strong><\/h3><p data-start=\"1065\" data-end=\"1268\">Quaisquer nomes de produtos, aplicativos, dispositivos ou servi\u00e7os mencionados neste site pertencem aos seus respectivos propriet\u00e1rios.<br data-start=\"1171\" data-end=\"1174\" \/>Todas as marcas registradas e nomes de marcas s\u00e3o utilizados. <strong data-start=\"1214\" data-end=\"1265\">apenas para fins de identifica\u00e7\u00e3o ou descri\u00e7\u00e3o<\/strong>.<\/p><p data-start=\"1270\" data-end=\"1396\">N\u00f3s somos <strong data-start=\"1277\" data-end=\"1330\">N\u00e3o afiliado, patrocinado ou endossado por<\/strong> Qualquer servi\u00e7o de IPTV, desenvolvedor de software ou fabricante de hardware.<\/p><h3 data-start=\"1403\" data-end=\"1436\">3. <strong data-start=\"1409\" data-end=\"1436\">Precis\u00e3o das informa\u00e7\u00f5es<\/strong><\/h3><p data-start=\"1438\" data-end=\"1685\">Fazemos o poss\u00edvel para garantir que as informa\u00e7\u00f5es publicadas no IPTV Companion sejam precisas e estejam atualizadas.<br data-start=\"1539\" data-end=\"1542\" \/>No entanto, n\u00e3o podemos garantir que todos os detalhes estejam sempre corretos, completos ou atualizados. A tecnologia e os servi\u00e7os de IPTV mudam com frequ\u00eancia.<\/p><p data-start=\"1687\" data-end=\"1882\">O uso das informa\u00e7\u00f5es contidas neste site \u00e9 <strong data-start=\"1729\" data-end=\"1755\">a seu pr\u00f3prio crit\u00e9rio<\/strong>.<br data-start=\"1756\" data-end=\"1759\" \/>N\u00e3o nos responsabilizamos por quaisquer erros, omiss\u00f5es ou consequ\u00eancias resultantes da forma como voc\u00ea aplica as informa\u00e7\u00f5es aqui fornecidas.<\/p><h3 data-start=\"1889\" data-end=\"1913\">4. <strong data-start=\"1895\" data-end=\"1913\">Links externos<\/strong><\/h3><p data-start=\"1915\" data-end=\"2079\">Nossos artigos podem conter links para sites de terceiros para fins de refer\u00eancia ou conveni\u00eancia.<br data-start=\"1999\" data-end=\"2002\" \/>N\u00e3o temos controle sobre o conte\u00fado, as pol\u00edticas ou as pr\u00e1ticas desses sites.<\/p><p data-start=\"2081\" data-end=\"2227\">A visita a links externos a partir do IPTV Companion \u00e9 totalmente livre de riscos. <strong data-start=\"2137\" data-end=\"2157\">por sua conta e risco<\/strong>, E n\u00e3o nos responsabilizamos por quaisquer perdas ou danos que possam ocorrer.<\/p><h3 data-start=\"2234\" data-end=\"2272\">5. <strong data-start=\"2240\" data-end=\"2272\">Sem aconselhamento jur\u00eddico ou t\u00e9cnico.<\/strong><\/h3><p data-start=\"2274\" data-end=\"2495\">As informa\u00e7\u00f5es compartilhadas no IPTV Companion devem <strong data-start=\"2322\" data-end=\"2329\">n\u00e3o<\/strong> N\u00e3o deve ser considerado aconselhamento jur\u00eddico, financeiro ou t\u00e9cnico profissional.<br data-start=\"2395\" data-end=\"2398\" \/>Compartilhamos apenas opini\u00f5es pessoais, tutoriais e experi\u00eancias de testes para fins educacionais.<\/p><p data-start=\"2497\" data-end=\"2568\">Se precisar de orienta\u00e7\u00e3o profissional, consulte um especialista qualificado.<\/p><h3 data-start=\"2575\" data-end=\"2604\">6. <strong data-start=\"2581\" data-end=\"2604\">Responsabilidade do usu\u00e1rio<\/strong><\/h3><p data-start=\"2606\" data-end=\"2837\">Ao utilizar este site, voc\u00ea concorda que \u00e9 o \u00fanico respons\u00e1vel pela forma como utiliza qualquer informa\u00e7\u00e3o, ferramenta ou produto aqui mencionado.<br data-start=\"2738\" data-end=\"2741\" \/>N\u00e3o incentivamos nem apoiamos o uso de servi\u00e7os de IPTV para streaming n\u00e3o autorizado ou ilegal.<\/p><p data-start=\"2839\" data-end=\"2918\">Cada usu\u00e1rio \u00e9 respons\u00e1vel por cumprir as leis e regulamentos locais.<\/p><h3 data-start=\"2925\" data-end=\"2958\">7. <strong data-start=\"2931\" data-end=\"2958\">Limita\u00e7\u00e3o de responsabilidade<\/strong><\/h3><p data-start=\"2960\" data-end=\"3107\">Em nenhuma circunst\u00e2ncia o IPTV Companion, seus propriet\u00e1rios, autores ou colaboradores ser\u00e3o responsabilizados por quaisquer danos diretos ou indiretos decorrentes de:<\/p><ul data-start=\"3108\" data-end=\"3284\"><li data-start=\"3108\" data-end=\"3152\"><p data-start=\"3110\" data-end=\"3152\">O uso ou a impossibilidade de usar este site<\/p><\/li><li data-start=\"3153\" data-end=\"3202\"><p data-start=\"3155\" data-end=\"3202\">Erros, imprecis\u00f5es ou omiss\u00f5es no conte\u00fado.<\/p><\/li><li data-start=\"3203\" data-end=\"3234\"><p data-start=\"3205\" data-end=\"3234\">Links para recursos externos<\/p><\/li><li data-start=\"3235\" data-end=\"3284\"><p data-start=\"3237\" data-end=\"3284\">Decis\u00f5es tomadas com base em nossas avalia\u00e7\u00f5es ou guias.<\/p><\/li><\/ul><p data-start=\"3286\" data-end=\"3342\">Todo o uso deste site \u00e9 inteiramente por sua conta e risco. <strong data-start=\"3319\" data-end=\"3339\">por sua conta e risco<\/strong>.<\/p><h3 data-start=\"3349\" data-end=\"3385\">8. <strong data-start=\"3355\" data-end=\"3385\">Altera\u00e7\u00f5es a esta declara\u00e7\u00e3o de exonera\u00e7\u00e3o de responsabilidade<\/strong><\/h3><p data-start=\"3387\" data-end=\"3513\">Podemos atualizar este Aviso Legal a qualquer momento, sem aviso pr\u00e9vio.<br data-start=\"3450\" data-end=\"3453\" \/>A data de \u201c\u00daltima atualiza\u00e7\u00e3o\u201d acima reflete a vers\u00e3o mais recente.<\/p><p data-start=\"3515\" data-end=\"3587\">Recomendamos que os visitantes consultem esta p\u00e1gina periodicamente para verificar se h\u00e1 atualiza\u00e7\u00f5es.<\/p><h3>9. <strong data-start=\"3600\" data-end=\"3614\">Contate-nos<\/strong><\/h3><p data-start=\"3616\" data-end=\"3685\">Caso tenha alguma d\u00favida sobre este Aviso Legal, entre em contato conosco:<\/p><p data-start=\"3687\" data-end=\"3864\"><img decoding=\"async\" class=\"emoji\" role=\"img\" draggable=\"false\" src=\"https:\/\/s.w.org\/images\/core\/emoji\/16.0.1\/svg\/1f4e7.svg\" alt=\"\ud83d\udce7\" \/> <strong data-start=\"3690\" data-end=\"3700\">E-mail:<\/strong> <a class=\"decorated-link cursor-pointer\" rel=\"noopener\" data-start=\"3701\" data-end=\"3756\">info@iptvcompanion.com<\/a><br data-start=\"3756\" data-end=\"3759\" \/><img decoding=\"async\" class=\"emoji\" role=\"img\" draggable=\"false\" src=\"https:\/\/s.w.org\/images\/core\/emoji\/16.0.1\/svg\/1f310.svg\" alt=\"\ud83c\udf10\" \/> <strong data-start=\"3762\" data-end=\"3779\">P\u00e1gina de contato:<\/strong> <a class=\"decorated-link cursor-pointer\" target=\"_new\" rel=\"noopener\" data-start=\"3780\" data-end=\"3862\">https:\/\/iptvcompanion.com\/pages\/contact<\/a><\/p>\t\t\t\t\t\t\t\t<\/div>\n\t\t\t\t\t<\/div>\n\t\t\t\t<\/div>\n\t\t\t\t<\/div>","protected":false},"excerpt":{"rendered":"<p>Disclaimer Last Updated: October 2025 Welcome to IPTV Companion.This Disclaimer explains the limits of our responsibility regarding the information shared on our website, https:\/\/iptvcompanion.com. By using this site, you agree that you have read and understood this Disclaimer. 1. General Information IPTV Companion is an independent website that publishes articles, reviews, comparisons, and setup guides&#8230;<\/p>","protected":false},"author":1,"featured_media":0,"parent":0,"menu_order":0,"comment_status":"closed","ping_status":"closed","template":"","meta":{"_kad_post_transparent":"","_kad_post_title":"hide","_kad_post_layout":"fullwidth","_kad_post_sidebar_id":"","_kad_post_content_style":"unboxed","_kad_post_vertical_padding":"hide","_kad_post_feature":"hide","_kad_post_feature_position":"","_kad_post_header":false,"_kad_post_footer":false,"_kad_post_classname":"","footnotes":""},"class_list":["post-18","page","type-page","status-publish","hentry"],"_links":{"self":[{"href":"https:\/\/iptvcompanion.com\/pt\/wp-json\/wp\/v2\/pages\/18","targetHints":{"allow":["GET"]}}],"collection":[{"href":"https:\/\/iptvcompanion.com\/pt\/wp-json\/wp\/v2\/pages"}],"about":[{"href":"https:\/\/iptvcompanion.com\/pt\/wp-json\/wp\/v2\/types\/page"}],"author":[{"embeddable":true,"href":"https:\/\/iptvcompanion.com\/pt\/wp-json\/wp\/v2\/users\/1"}],"replies":[{"embeddable":true,"href":"https:\/\/iptvcompanion.com\/pt\/wp-json\/wp\/v2\/comments?post=18"}],"version-history":[{"count":4,"href":"https:\/\/iptvcompanion.com\/pt\/wp-json\/wp\/v2\/pages\/18\/revisions"}],"predecessor-version":[{"id":207,"href":"https:\/\/iptvcompanion.com\/pt\/wp-json\/wp\/v2\/pages\/18\/revisions\/207"}],"wp:attachment":[{"href":"https:\/\/iptvcompanion.com\/pt\/wp-json\/wp\/v2\/media?parent=18"}],"curies":[{"name":"wp","href":"https:\/\/api.w.org\/{rel}","templated":true}]}}