{"id":20,"date":"2025-10-06T10:35:56","date_gmt":"2025-10-06T10:35:56","guid":{"rendered":"https:\/\/iptvcompanion.com\/?page_id=20"},"modified":"2025-10-23T09:55:16","modified_gmt":"2025-10-23T08:55:16","slug":"termos-de-uso","status":"publish","type":"page","link":"https:\/\/iptvcompanion.com\/pt\/termos-de-uso\/","title":{"rendered":"Termos de uso"},"content":{"rendered":"<div data-elementor-type=\"wp-page\" data-elementor-id=\"20\" class=\"elementor elementor-20\" data-elementor-post-type=\"page\">\n\t\t\t\t<div class=\"elementor-element elementor-element-b684077 e-flex e-con-boxed e-con e-parent\" data-id=\"b684077\" data-element_type=\"container\" data-e-type=\"container\" data-settings=\"{&quot;background_background&quot;:&quot;classic&quot;}\">\n\t\t\t\t\t<div class=\"e-con-inner\">\n\t\t\t\t<div class=\"elementor-element elementor-element-9b46449 elementor-widget elementor-widget-elementskit-heading\" data-id=\"9b46449\" data-element_type=\"widget\" data-e-type=\"widget\" data-widget_type=\"elementskit-heading.default\">\n\t\t\t\t\t<div class=\"ekit-wid-con\" ><div class=\"ekit-heading elementskit-section-title-wraper center   ekit_heading_tablet-   ekit_heading_mobile-\"><h1 class=\"ekit-heading--title elementskit-section-title\">Termos de <span><span>Usar<\/span><\/span><\/h1><div class=\"ekit_heading_separetor_wraper ekit_heading_elementskit-border-divider elementskit-style-long\"><div class=\"elementskit-border-divider elementskit-style-long\"><\/div><\/div><\/div><\/div>\t\t\t\t<\/div>\n\t\t\t\t<div class=\"elementor-element elementor-element-8ae3934 elementor-widget__width-initial elementor-widget elementor-widget-text-editor\" data-id=\"8ae3934\" data-element_type=\"widget\" data-e-type=\"widget\" data-widget_type=\"text-editor.default\">\n\t\t\t\t\t\t\t\t\t<p data-start=\"385\" data-end=\"604\">Bem-vindo(a) ao <strong data-start=\"396\" data-end=\"414\">IPTV Companion<\/strong>.<br data-start=\"415\" data-end=\"418\">Ao acessar ou usar nosso site \u2014 <a class=\"decorated-link cursor-pointer\" target=\"_new\" rel=\"noopener\" data-start=\"454\" data-end=\"508\">https:\/\/iptvcompanion.com<\/a> \u2014 voc\u00ea concorda em seguir estes Termos de Uso.<br data-start=\"550\" data-end=\"553\">Por favor, leia atentamente antes de usar o site.<\/p>\n<p data-start=\"606\" data-end=\"688\">Caso n\u00e3o concorde com estes termos, n\u00e3o dever\u00e1 utilizar ou aceder a este website.<\/p>\n<h3 data-start=\"695\" data-end=\"724\">1. <strong data-start=\"701\" data-end=\"724\">Informa\u00e7\u00f5es gerais<\/strong><\/h3>\n<p data-start=\"726\" data-end=\"986\">IPTV Companion \u00e9 um site informativo independente.<br data-start=\"781\" data-end=\"784\">Oferecemos conte\u00fado educativo, an\u00e1lises e tutoriais sobre ferramentas, aplicativos e dispositivos relacionados \u00e0 IPTV.<br data-start=\"883\" data-end=\"886\">Sim, fazemos <strong data-start=\"892\" data-end=\"899\">n\u00e3o<\/strong> Vender assinaturas de IPTV, distribuir material protegido por direitos autorais ou hospedar conte\u00fado de streaming.<\/p>\n<p data-start=\"988\" data-end=\"1096\">Nosso objetivo \u00e9 ajudar os visitantes a tomar decis\u00f5es informadas e aprimorar sua experi\u00eancia com IPTV de forma segura e legal.<\/p>\n<h3 data-start=\"1103\" data-end=\"1127\">2. <strong data-start=\"1109\" data-end=\"1127\">Utiliza\u00e7\u00e3o do Conte\u00fado<\/strong><\/h3>\n<p data-start=\"1129\" data-end=\"1258\">Todo o texto, imagens, gr\u00e1ficos e outros materiais neste site pertencem a <strong data-start=\"1203\" data-end=\"1221\">IPTV Companion<\/strong> Salvo indica\u00e7\u00e3o em contr\u00e1rio.<br data-start=\"1245\" data-end=\"1248\">Voc\u00ea pode:<\/p>\n<ul data-start=\"1259\" data-end=\"1425\">\n<li data-start=\"1259\" data-end=\"1324\">\n<p data-start=\"1261\" data-end=\"1324\">Leia e compartilhe nossos artigos para uso pessoal e n\u00e3o comercial.<\/p>\n<\/li>\n<li data-start=\"1325\" data-end=\"1425\">\n<p data-start=\"1327\" data-end=\"1425\">Voc\u00ea pode citar pequenas partes do nosso conte\u00fado, desde que inclua um link vis\u00edvel para o nosso site.<\/p>\n<\/li>\n<\/ul>\n<p data-start=\"1427\" data-end=\"1445\">Voc\u00ea pode <strong data-start=\"1435\" data-end=\"1442\">n\u00e3o<\/strong>:<\/p>\n<ul data-start=\"1446\" data-end=\"1640\">\n<li data-start=\"1446\" data-end=\"1513\">\n<p data-start=\"1448\" data-end=\"1513\">\u00c9 proibido copiar, reproduzir ou republicar artigos na \u00edntegra sem autoriza\u00e7\u00e3o.<\/p>\n<\/li>\n<li data-start=\"1514\" data-end=\"1582\">\n<p data-start=\"1516\" data-end=\"1582\">Utilizar nosso conte\u00fado para fins comerciais, enganosos ou ilegais.<\/p>\n<\/li>\n<li data-start=\"1583\" data-end=\"1640\">\n<p data-start=\"1585\" data-end=\"1640\">Voc\u00ea n\u00e3o pode reivindicar como sua qualquer parte do conte\u00fado deste site.<\/p>\n<\/li>\n<\/ul>\n<p data-start=\"1642\" data-end=\"1710\">Para pedidos de autoriza\u00e7\u00e3o, entre em contato conosco atrav\u00e9s do endere\u00e7o: <strong data-start=\"1681\" data-end=\"1707\"><a class=\"decorated-link cursor-pointer\" rel=\"noopener\" data-start=\"1683\" data-end=\"1705\">info@iptvcompanion.com<\/a><\/strong>.<\/p>\n<h3 data-start=\"1717\" data-end=\"1747\">3. <strong data-start=\"1723\" data-end=\"1747\">Precis\u00e3o da informa\u00e7\u00e3o<\/strong><\/h3>\n<p data-start=\"1749\" data-end=\"1973\">Fazemos o poss\u00edvel para garantir que todas as informa\u00e7\u00f5es publicadas no IPTV Companion sejam precisas e estejam atualizadas.<br data-start=\"1845\" data-end=\"1848\">No entanto, a tecnologia e as plataformas de IPTV mudam frequentemente, por isso n\u00e3o podemos garantir que todos os detalhes estar\u00e3o sempre atualizados.<\/p>\n<p data-start=\"1975\" data-end=\"2149\">Utilize as informa\u00e7\u00f5es deste site a seu pr\u00f3prio crit\u00e9rio. N\u00e3o nos responsabilizamos por erros, informa\u00e7\u00f5es desatualizadas ou quaisquer consequ\u00eancias resultantes do uso indevido do conte\u00fado.<\/p>\n<h3 data-start=\"2156\" data-end=\"2180\">4. <strong data-start=\"2162\" data-end=\"2180\">Links externos<\/strong><\/h3>\n<p data-start=\"2182\" data-end=\"2324\">Nossos artigos podem conter links para sites ou ferramentas de terceiros.<br data-start=\"2246\" data-end=\"2249\">Esses links s\u00e3o fornecidos apenas para sua conveni\u00eancia e para fins informativos.<\/p>\n<p data-start=\"2326\" data-end=\"2470\">Sim, fazemos <strong data-start=\"2332\" data-end=\"2339\">n\u00e3o<\/strong> N\u00e3o controlamos nem endossamos quaisquer sites externos, seu conte\u00fado ou suas pr\u00e1ticas de privacidade. A visita a esses sites \u00e9 inteiramente por sua conta e risco.<\/p>\n<h3 data-start=\"2477\" data-end=\"2499\">5. <strong data-start=\"2483\" data-end=\"2499\">Conduta do usu\u00e1rio<\/strong><\/h3>\n<p data-start=\"2501\" data-end=\"2547\">Ao utilizar o IPTV Companion, voc\u00ea concorda em n\u00e3o:<\/p>\n<ul data-start=\"2548\" data-end=\"2777\">\n<li data-start=\"2548\" data-end=\"2634\">\n<p data-start=\"2550\" data-end=\"2634\">\u00c9 proibido publicar ou enviar spam, mensagens abusivas ou conte\u00fado ilegal atrav\u00e9s de nossos formul\u00e1rios de contato.<\/p>\n<\/li>\n<li data-start=\"2635\" data-end=\"2703\">\n<p data-start=\"2637\" data-end=\"2703\">Tentativa de danificar, invadir ou interromper o funcionamento do nosso site.<\/p>\n<\/li>\n<li data-start=\"2704\" data-end=\"2777\">\n<p data-start=\"2706\" data-end=\"2777\">Utilizar nosso conte\u00fado de qualquer forma que viole as leis locais ou internacionais.<\/p>\n<\/li>\n<\/ul>\n<p data-start=\"2779\" data-end=\"2865\">Reservamo-nos o direito de bloquear ou remover o acesso de qualquer usu\u00e1rio que viole estes termos.<\/p>\n<h3 data-start=\"2872\" data-end=\"2903\">6. <strong data-start=\"2878\" data-end=\"2903\">Propriedade intelectual<\/strong><\/h3>\n<p data-start=\"2905\" data-end=\"3093\">Todos os logotipos, imagens e conte\u00fado escrito no IPTV Companion s\u00e3o protegidos por direitos autorais e leis de propriedade intelectual.<br data-start=\"3020\" data-end=\"3023\">\u00c9 proibida a reprodu\u00e7\u00e3o ou distribui\u00e7\u00e3o deste material sem autoriza\u00e7\u00e3o por escrito.<\/p>\n<p data-start=\"3095\" data-end=\"3230\">Todas as marcas comerciais mencionadas neste site pertencem aos seus respectivos propriet\u00e1rios e s\u00e3o utilizadas apenas para fins descritivos ou educacionais.<\/p>\n<h3 data-start=\"3237\" data-end=\"3257\">7. <strong data-start=\"3243\" data-end=\"3257\">Isen\u00e7\u00e3o de responsabilidade<\/strong><\/h3>\n<p data-start=\"3259\" data-end=\"3411\">O IPTV Companion fornece apenas informa\u00e7\u00f5es e opini\u00f5es gerais.<br data-start=\"3321\" data-end=\"3324\">N\u00f3s somos <strong data-start=\"3331\" data-end=\"3354\">n\u00e3o afiliado a<\/strong> ou endossado por qualquer provedor de IPTV ou empresa de streaming.<\/p>\n<p data-start=\"3413\" data-end=\"3435\">N\u00e3o garantimos:<\/p>\n<ul data-start=\"3436\" data-end=\"3576\">\n<li data-start=\"3436\" data-end=\"3508\">\n<p data-start=\"3438\" data-end=\"3508\">A qualidade, confiabilidade ou legalidade de qualquer servi\u00e7o de IPTV mencionado.<\/p>\n<\/li>\n<li data-start=\"3509\" data-end=\"3576\">\n<p data-start=\"3511\" data-end=\"3576\">Que qualquer aplicativo, dispositivo ou plataforma funcionar\u00e1 sem problemas.<\/p>\n<\/li>\n<\/ul>\n<p data-start=\"3578\" data-end=\"3734\">Todas as recomenda\u00e7\u00f5es e avalia\u00e7\u00f5es s\u00e3o baseadas em pesquisas independentes e testes pessoais.<br data-start=\"3665\" data-end=\"3668\">Voc\u00ea utiliza algum produto ou servi\u00e7o de terceiros. <strong data-start=\"3711\" data-end=\"3731\">por sua conta e risco<\/strong>.<\/p>\n<h3 data-start=\"3741\" data-end=\"3774\">8. <strong data-start=\"3747\" data-end=\"3774\">Limita\u00e7\u00e3o de responsabilidade<\/strong><\/h3>\n<p data-start=\"3776\" data-end=\"3973\">Em nenhuma circunst\u00e2ncia a IPTV Companion ou sua equipe ser\u00e3o responsabilizadas por quaisquer perdas, danos ou problemas diretos ou indiretos resultantes do uso deste site, incluindo, entre outros:<\/p>\n<ul data-start=\"3974\" data-end=\"4086\">\n<li data-start=\"3974\" data-end=\"4006\">\n<p data-start=\"3976\" data-end=\"4006\">Erros t\u00e9cnicos ou tempo de inatividade<\/p>\n<\/li>\n<li data-start=\"4007\" data-end=\"4028\">\n<p data-start=\"4009\" data-end=\"4028\">Uso indevido de conte\u00fado<\/p>\n<\/li>\n<li data-start=\"4029\" data-end=\"4086\">\n<p data-start=\"4031\" data-end=\"4086\">Decis\u00f5es tomadas com base nas informa\u00e7\u00f5es fornecidas aqui.<\/p>\n<\/li>\n<\/ul>\n<p data-start=\"4088\" data-end=\"4172\">O uso deste site implica a sua plena compreens\u00e3o e aceita\u00e7\u00e3o destes riscos.<\/p>\n<h3 data-start=\"4179\" data-end=\"4211\">9. <strong data-start=\"4185\" data-end=\"4211\">Altera\u00e7\u00f5es a estes termos<\/strong><\/h3>\n<p data-start=\"4213\" data-end=\"4364\">Podemos atualizar ou modificar estes Termos de Uso a qualquer momento, sem aviso pr\u00e9vio.<br data-start=\"4289\" data-end=\"4292\">A data no topo desta p\u00e1gina sempre mostrar\u00e1 a revis\u00e3o mais recente.<\/p>\n<p data-start=\"4366\" data-end=\"4443\">O uso cont\u00ednuo do site ap\u00f3s as atualiza\u00e7\u00f5es significa que voc\u00ea aceita os termos revisados.<\/p>\n<h3 data-start=\"4450\" data-end=\"4471\">10. <strong data-start=\"4457\" data-end=\"4471\">Contate-nos<\/strong><\/h3>\n<p data-start=\"4473\" data-end=\"4554\">Caso tenha alguma d\u00favida ou preocupa\u00e7\u00e3o em rela\u00e7\u00e3o a estes Termos, entre em contato conosco:<\/p>\n<p data-start=\"4556\" data-end=\"4733\"><img decoding=\"async\" class=\"emoji\" role=\"img\" draggable=\"false\" src=\"https:\/\/s.w.org\/images\/core\/emoji\/16.0.1\/svg\/1f4e7.svg\" alt=\"\ud83d\udce7\"> <strong data-start=\"4559\" data-end=\"4569\">E-mail:<\/strong> <a class=\"decorated-link cursor-pointer\" rel=\"noopener\" data-start=\"4570\" data-end=\"4625\">info@iptvcompanion.com<\/a><br data-start=\"4625\" data-end=\"4628\"><img decoding=\"async\" class=\"emoji\" role=\"img\" draggable=\"false\" src=\"https:\/\/s.w.org\/images\/core\/emoji\/16.0.1\/svg\/1f310.svg\" alt=\"\ud83c\udf10\"> <strong data-start=\"4631\" data-end=\"4648\">P\u00e1gina de contato:<\/strong> <a class=\"decorated-link cursor-pointer\" target=\"_new\" rel=\"noopener\" data-start=\"4649\" data-end=\"4731\">https:\/\/iptvcompanion.com\/pages\/contact<\/a><\/p>\n<h4 data-start=\"4740\" data-end=\"4756\"><strong data-start=\"4744\" data-end=\"4756\">Resumidamente<\/strong><\/h4>\n<p data-start=\"4758\" data-end=\"4957\">Usar <strong data-start=\"4762\" data-end=\"4780\">IPTV Companion<\/strong> Aprender, explorar e desfrutar do conhecimento em streaming de forma respons\u00e1vel.<br data-start=\"4842\" data-end=\"4845\">Todo o nosso conte\u00fado \u00e9 fornecido de boa f\u00e9, para fins informativos e educacionais, e n\u00e3o para uso ilegal ou protegido por direitos autorais.<\/p>\t\t\t\t\t\t\t\t<\/div>\n\t\t\t\t\t<\/div>\n\t\t\t\t<\/div>\n\t\t\t\t<\/div>","protected":false},"excerpt":{"rendered":"<p>Terms of Use Welcome to IPTV Companion.By accessing or using our website \u2014 https:\/\/iptvcompanion.com \u2014 you agree to follow these Terms of Use.Please read them carefully before using the site. If you do not agree with these terms, you should not use or access this website. 1. General Information IPTV Companion is an independent informational&#8230;<\/p>","protected":false},"author":1,"featured_media":0,"parent":0,"menu_order":0,"comment_status":"closed","ping_status":"closed","template":"","meta":{"_kad_post_transparent":"","_kad_post_title":"hide","_kad_post_layout":"fullwidth","_kad_post_sidebar_id":"","_kad_post_content_style":"unboxed","_kad_post_vertical_padding":"hide","_kad_post_feature":"hide","_kad_post_feature_position":"","_kad_post_header":false,"_kad_post_footer":false,"_kad_post_classname":"","footnotes":""},"class_list":["post-20","page","type-page","status-publish","hentry"],"_links":{"self":[{"href":"https:\/\/iptvcompanion.com\/pt\/wp-json\/wp\/v2\/pages\/20","targetHints":{"allow":["GET"]}}],"collection":[{"href":"https:\/\/iptvcompanion.com\/pt\/wp-json\/wp\/v2\/pages"}],"about":[{"href":"https:\/\/iptvcompanion.com\/pt\/wp-json\/wp\/v2\/types\/page"}],"author":[{"embeddable":true,"href":"https:\/\/iptvcompanion.com\/pt\/wp-json\/wp\/v2\/users\/1"}],"replies":[{"embeddable":true,"href":"https:\/\/iptvcompanion.com\/pt\/wp-json\/wp\/v2\/comments?post=20"}],"version-history":[{"count":4,"href":"https:\/\/iptvcompanion.com\/pt\/wp-json\/wp\/v2\/pages\/20\/revisions"}],"predecessor-version":[{"id":203,"href":"https:\/\/iptvcompanion.com\/pt\/wp-json\/wp\/v2\/pages\/20\/revisions\/203"}],"wp:attachment":[{"href":"https:\/\/iptvcompanion.com\/pt\/wp-json\/wp\/v2\/media?parent=20"}],"curies":[{"name":"wp","href":"https:\/\/api.w.org\/{rel}","templated":true}]}}