{"id":11,"date":"2025-10-06T10:35:06","date_gmt":"2025-10-06T10:35:06","guid":{"rendered":"https:\/\/iptvcompanion.com\/?page_id=11"},"modified":"2025-10-23T09:54:45","modified_gmt":"2025-10-23T08:54:45","slug":"rreth","status":"publish","type":"page","link":"https:\/\/iptvcompanion.com\/sq\/rreth\/","title":{"rendered":"Rreth"},"content":{"rendered":"<div data-elementor-type=\"wp-page\" data-elementor-id=\"11\" class=\"elementor elementor-11\" data-elementor-post-type=\"page\">\n\t\t\t\t<div class=\"elementor-element elementor-element-1b0de9ee e-flex e-con-boxed e-con e-parent\" data-id=\"1b0de9ee\" data-element_type=\"container\" data-e-type=\"container\" data-settings=\"{&quot;background_background&quot;:&quot;classic&quot;}\">\n\t\t\t\t\t<div class=\"e-con-inner\">\n\t\t\t\t<div class=\"elementor-element elementor-element-1d9c774a elementor-widget elementor-widget-elementskit-heading\" data-id=\"1d9c774a\" data-element_type=\"widget\" data-e-type=\"widget\" data-widget_type=\"elementskit-heading.default\">\n\t\t\t\t\t<div class=\"ekit-wid-con\" ><div class=\"ekit-heading elementskit-section-title-wraper center   ekit_heading_tablet-   ekit_heading_mobile-\"><h1 class=\"ekit-heading--title elementskit-section-title\">Rreth <span><span>IPTV Companion<\/span><\/span><\/h1><div class=\"ekit_heading_separetor_wraper ekit_heading_elementskit-border-divider elementskit-style-long\"><div class=\"elementskit-border-divider elementskit-style-long\"><\/div><\/div><\/div><\/div>\t\t\t\t<\/div>\n\t\t\t\t<div class=\"elementor-element elementor-element-4a3ce32 elementor-widget__width-initial elementor-widget elementor-widget-text-editor\" data-id=\"4a3ce32\" data-element_type=\"widget\" data-e-type=\"widget\" data-widget_type=\"text-editor.default\">\n\t\t\t\t\t\t\t\t\t<h3 data-start=\"332\" data-end=\"362\">Ju Ndihmojm\u00eb t\u00eb Transmetoni n\u00eb M\u00ebnyr\u00eb M\u00eb t\u00eb Men\u00e7ur<\/h3><p data-start=\"364\" data-end=\"506\">Mir\u00eb se vini n\u00eb <strong data-start=\"375\" data-end=\"393\">IPTV Companion<\/strong>, nj\u00eb vend i nd\u00ebrtuar nga entuziast\u00eb t\u00eb transmetimit t\u00eb p\u00ebrditsh\u00ebm q\u00eb donin ta b\u00ebnin IPTV-n\u00eb t\u00eb thjesht\u00eb, t\u00eb qart\u00eb dhe pa zhg\u00ebnjime.<\/p><p data-start=\"508\" data-end=\"781\">Ne e dim\u00eb sa konfuze mund t\u00eb jet\u00eb t\u00eb zgjedh\u00ebsh sh\u00ebrbimin ose aplikacionin e duhur. Ka zhurm\u00eb t\u00eb pafundme n\u00eb internet, premtime, reklama dhe vler\u00ebsime t\u00eb p\u00ebrziera q\u00eb t\u00eb l\u00ebn\u00eb t\u00eb mendosh se \u00e7far\u00eb \u00ebsht\u00eb e v\u00ebrtet\u00eb. Pra, vendos\u00ebm t\u00eb nd\u00ebrtojm\u00eb di\u00e7ka ndryshe, nj\u00eb hap\u00ebsir\u00eb q\u00eb \u00ebsht\u00eb e ndershme, e leht\u00eb p\u00ebr t&#039;u ndjekur dhe realisht e dobishme.<\/p><h3 data-start=\"788\" data-end=\"802\">\u00c7far\u00eb b\u00ebjm\u00eb ne<\/h3><p data-start=\"804\" data-end=\"902\">N\u00eb IPTV Companion, ne testojm\u00eb dhe eksplorojm\u00eb mjetet q\u00eb e b\u00ebjn\u00eb t\u00eb mundur transmetimin.<br data-start=\"882\" data-end=\"885\" \/>Ne shkruajm\u00eb p\u00ebr:<\/p><ul data-start=\"903\" data-end=\"1083\"><li data-start=\"903\" data-end=\"957\"><p data-start=\"905\" data-end=\"957\">Platformat dhe aplikacionet q\u00eb njer\u00ebzit po i p\u00ebrdorin n\u00eb t\u00eb v\u00ebrtet\u00eb.<\/p><\/li><li data-start=\"958\" data-end=\"1007\"><p data-start=\"960\" data-end=\"1007\">Pajisje q\u00eb e b\u00ebjn\u00eb IPTV-n\u00eb t\u00eb funksionoj\u00eb pa probleme n\u00eb sht\u00ebpi.<\/p><\/li><li data-start=\"1008\" data-end=\"1083\"><p data-start=\"1010\" data-end=\"1083\">Udh\u00ebzues hap pas hapi p\u00ebr t&#039;ju ndihmuar t\u00eb konfiguroni gjith\u00e7ka pa dhimbje koke.<\/p><\/li><\/ul><p data-start=\"1085\" data-end=\"1273\">Ne nuk shesim abonime, nuk promovojm\u00eb ofrues t\u00eb caktuar dhe as nuk shtyjm\u00eb p\u00ebrpara marr\u00ebveshje partner\u00ebsh t\u00eb maskuara si vler\u00ebsime. Q\u00ebllimi yn\u00eb i vet\u00ebm \u00ebsht\u00eb t\u00eb ndajm\u00eb se \u00e7far\u00eb funksionon dhe \u00e7far\u00eb jo, bazuar n\u00eb p\u00ebrvoj\u00ebn reale.<\/p><h3 data-start=\"1280\" data-end=\"1298\">Pse filluam<\/h3><p data-start=\"1300\" data-end=\"1548\">Filloi me nj\u00eb problem t\u00eb thjesht\u00eb: askush nuk po jepte p\u00ebrgjigje t\u00eb drejtp\u00ebrdrejta.<br data-start=\"1367\" data-end=\"1370\" \/>Disa sh\u00ebrbime dukeshin shk\u00eblqyesh\u00ebm, por nuk funksiononin. T\u00eb tjerat funksiononin mir\u00eb, por ishin t\u00eb v\u00ebshtira p\u00ebr t&#039;u konfiguruar.<br data-start=\"1460\" data-end=\"1463\" \/>K\u00ebshtu q\u00eb vendos\u00ebm t\u2019i testonim vet\u00eb gj\u00ebrat dhe t\u00eb ndanim at\u00eb q\u00eb m\u00ebsuam me gjuh\u00eb t\u00eb thjesht\u00eb.<\/p><p data-start=\"1550\" data-end=\"1683\">Kjo ide u b\u00eb IPTV Companion, nj\u00eb projekt i nd\u00ebrtuar rreth kuriozitetit, ndershm\u00ebris\u00eb dhe ndihm\u00ebs ndaj t\u00eb tjer\u00ebve p\u00ebr transmetim pa prova dhe gabime.<\/p><h3 data-start=\"1690\" data-end=\"1713\">\u00c7far\u00eb mund t\u00eb prisni<\/h3><p data-start=\"1715\" data-end=\"1754\">Kur vizitoni faqen ton\u00eb, do t\u00eb gjeni:<\/p><ul data-start=\"1755\" data-end=\"1927\"><li data-start=\"1755\" data-end=\"1798\"><p data-start=\"1757\" data-end=\"1798\">Vler\u00ebsime t\u00eb sinqerta t\u00eb shkruara nga testues t\u00eb v\u00ebrtet\u00eb.<\/p><\/li><li data-start=\"1799\" data-end=\"1865\"><p data-start=\"1801\" data-end=\"1865\">Udh\u00ebzues praktik\u00eb p\u00ebr konfigurimin q\u00eb nuk supozojn\u00eb se jeni ekspert i teknologjis\u00eb.<\/p><\/li><li data-start=\"1866\" data-end=\"1927\"><p data-start=\"1868\" data-end=\"1927\">K\u00ebshilla p\u00ebr ta b\u00ebr\u00eb p\u00ebrvoj\u00ebn tuaj t\u00eb shikimit m\u00eb t\u00eb qet\u00eb dhe m\u00eb t\u00eb leht\u00eb.<\/p><\/li><\/ul><p data-start=\"1929\" data-end=\"2056\">Pa gj\u00ebra t\u00eb tep\u00ebrta, pa \u201cpropagand\u00eb p\u00ebr klikime\u201d, pa zhargon konfuz, vet\u00ebm informacion i qart\u00eb nga njer\u00ebz q\u00eb i p\u00ebrdorin realisht gj\u00ebrat p\u00ebr t\u00eb cilat shkruajn\u00eb.<\/p><h3 data-start=\"2063\" data-end=\"2079\">Na kontaktoni<\/h3><p data-start=\"2081\" data-end=\"2212\">Na p\u00eblqen t\u00eb d\u00ebgjojm\u00eb nga lexuesit.<br data-start=\"2110\" data-end=\"2113\" \/>N\u00ebse keni nj\u00eb pyetje, nj\u00eb sugjerim ose d\u00ebshironi t\u00eb ndani p\u00ebrvoj\u00ebn tuaj, na kontaktoni n\u00eb \u00e7do koh\u00eb.<\/p><p data-start=\"2214\" data-end=\"2358\"><img decoding=\"async\" class=\"emoji\" role=\"img\" draggable=\"false\" src=\"https:\/\/s.w.org\/images\/core\/emoji\/16.0.1\/svg\/1f4e9.svg\" alt=\"\ud83d\udce9\" \/> <strong data-start=\"2217\" data-end=\"2227\">Email:<\/strong> <a class=\"decorated-link cursor-pointer\" rel=\"noopener\" data-start=\"2228\" data-end=\"2250\">info@iptvcompanion.com<\/a><br data-start=\"2250\" data-end=\"2253\" \/><img decoding=\"async\" class=\"emoji\" role=\"img\" draggable=\"false\" src=\"https:\/\/s.w.org\/images\/core\/emoji\/16.0.1\/svg\/1f4cd.svg\" alt=\"\ud83d\udccd\" \/> <strong data-start=\"2256\" data-end=\"2273\">Faqja e Kontaktit:<\/strong> <a class=\"decorated-link cursor-pointer\" target=\"_new\" rel=\"noopener\" data-start=\"2274\" data-end=\"2356\">https:\/\/iptvcompanion.com\/pages\/contact<\/a><\/p><h3 data-start=\"2365\" data-end=\"2377\">Shkurt<\/h3><p data-start=\"2379\" data-end=\"2625\"><strong data-start=\"2379\" data-end=\"2397\">IPTV Companion<\/strong> nuk \u00ebsht\u00eb nj\u00eb kompani; \u00ebsht\u00eb nj\u00eb komunitet njer\u00ebzish q\u00eb shijojn\u00eb transmetimin dhe duan ta b\u00ebjn\u00eb m\u00eb t\u00eb leht\u00eb p\u00ebr t\u00eb gjith\u00eb t\u00eb tjer\u00ebt.<br data-start=\"2508\" data-end=\"2511\" \/>N\u00ebse di\u00e7ka ju kursen koh\u00eb, ju ndihmon t\u00eb p\u00ebrgatiteni m\u00eb shpejt ose ju m\u00ebson di\u00e7ka t\u00eb re, p\u00ebr k\u00ebt\u00eb jemi k\u00ebtu.<\/p>\t\t\t\t\t\t\t\t<\/div>\n\t\t\t\t\t<\/div>\n\t\t\t\t<\/div>\n\t\t\t\t<\/div>","protected":false},"excerpt":{"rendered":"<p>About IPTV Companion Helping You Stream Smarter Welcome to IPTV Companion, a place built by everyday streaming enthusiasts who wanted to make IPTV simple, clear, and frustration-free. We know how confusing it can be to pick the right service or app. There\u2019s endless noise online, promises, ads, and mixed reviews that leave you wondering what\u2019s&#8230;<\/p>","protected":false},"author":1,"featured_media":0,"parent":0,"menu_order":0,"comment_status":"closed","ping_status":"closed","template":"","meta":{"_kad_post_transparent":"","_kad_post_title":"hide","_kad_post_layout":"fullwidth","_kad_post_sidebar_id":"","_kad_post_content_style":"unboxed","_kad_post_vertical_padding":"hide","_kad_post_feature":"hide","_kad_post_feature_position":"","_kad_post_header":false,"_kad_post_footer":false,"_kad_post_classname":"","footnotes":""},"class_list":["post-11","page","type-page","status-publish","hentry"],"_links":{"self":[{"href":"https:\/\/iptvcompanion.com\/sq\/wp-json\/wp\/v2\/pages\/11","targetHints":{"allow":["GET"]}}],"collection":[{"href":"https:\/\/iptvcompanion.com\/sq\/wp-json\/wp\/v2\/pages"}],"about":[{"href":"https:\/\/iptvcompanion.com\/sq\/wp-json\/wp\/v2\/types\/page"}],"author":[{"embeddable":true,"href":"https:\/\/iptvcompanion.com\/sq\/wp-json\/wp\/v2\/users\/1"}],"replies":[{"embeddable":true,"href":"https:\/\/iptvcompanion.com\/sq\/wp-json\/wp\/v2\/comments?post=11"}],"version-history":[{"count":13,"href":"https:\/\/iptvcompanion.com\/sq\/wp-json\/wp\/v2\/pages\/11\/revisions"}],"predecessor-version":[{"id":185,"href":"https:\/\/iptvcompanion.com\/sq\/wp-json\/wp\/v2\/pages\/11\/revisions\/185"}],"wp:attachment":[{"href":"https:\/\/iptvcompanion.com\/sq\/wp-json\/wp\/v2\/media?parent=11"}],"curies":[{"name":"wp","href":"https:\/\/api.w.org\/{rel}","templated":true}]}}