{"id":20,"date":"2025-10-06T10:35:56","date_gmt":"2025-10-06T10:35:56","guid":{"rendered":"https:\/\/iptvcompanion.com\/?page_id=20"},"modified":"2025-10-23T09:55:16","modified_gmt":"2025-10-23T08:55:16","slug":"kushtet-e-perdorimit","status":"publish","type":"page","link":"https:\/\/iptvcompanion.com\/sq\/kushtet-e-perdorimit\/","title":{"rendered":"Kushtet e p\u00ebrdorimit"},"content":{"rendered":"<div data-elementor-type=\"wp-page\" data-elementor-id=\"20\" class=\"elementor elementor-20\" data-elementor-post-type=\"page\">\n\t\t\t\t<div class=\"elementor-element elementor-element-b684077 e-flex e-con-boxed e-con e-parent\" data-id=\"b684077\" data-element_type=\"container\" data-e-type=\"container\" data-settings=\"{&quot;background_background&quot;:&quot;classic&quot;}\">\n\t\t\t\t\t<div class=\"e-con-inner\">\n\t\t\t\t<div class=\"elementor-element elementor-element-9b46449 elementor-widget elementor-widget-elementskit-heading\" data-id=\"9b46449\" data-element_type=\"widget\" data-e-type=\"widget\" data-widget_type=\"elementskit-heading.default\">\n\t\t\t\t\t<div class=\"ekit-wid-con\" ><div class=\"ekit-heading elementskit-section-title-wraper center   ekit_heading_tablet-   ekit_heading_mobile-\"><h1 class=\"ekit-heading--title elementskit-section-title\">Kushtet e <span><span>P\u00ebrdor<\/span><\/span><\/h1><div class=\"ekit_heading_separetor_wraper ekit_heading_elementskit-border-divider elementskit-style-long\"><div class=\"elementskit-border-divider elementskit-style-long\"><\/div><\/div><\/div><\/div>\t\t\t\t<\/div>\n\t\t\t\t<div class=\"elementor-element elementor-element-8ae3934 elementor-widget__width-initial elementor-widget elementor-widget-text-editor\" data-id=\"8ae3934\" data-element_type=\"widget\" data-e-type=\"widget\" data-widget_type=\"text-editor.default\">\n\t\t\t\t\t\t\t\t\t<p data-start=\"385\" data-end=\"604\">Mir\u00eb se vini n\u00eb <strong data-start=\"396\" data-end=\"414\">IPTV Companion<\/strong>.<br data-start=\"415\" data-end=\"418\">Duke hyr\u00eb ose duke p\u00ebrdorur faqen ton\u00eb t\u00eb internetit \u2014 <a class=\"decorated-link cursor-pointer\" target=\"_new\" rel=\"noopener\" data-start=\"454\" data-end=\"508\">https:\/\/iptvcompanion.com<\/a> \u2014 ju pranoni t\u00eb ndiqni k\u00ebto Kushte P\u00ebrdorimi.<br data-start=\"550\" data-end=\"553\">Ju lutemi t&#039;i lexoni me kujdes ato p\u00ebrpara se t\u00eb p\u00ebrdorni faqen.<\/p>\n<p data-start=\"606\" data-end=\"688\">N\u00ebse nuk jeni dakord me k\u00ebto kushte, nuk duhet ta p\u00ebrdorni ose t\u00eb hyni n\u00eb k\u00ebt\u00eb faqe interneti.<\/p>\n<h3 data-start=\"695\" data-end=\"724\">1. <strong data-start=\"701\" data-end=\"724\">Informacion i P\u00ebrgjithsh\u00ebm<\/strong><\/h3>\n<p data-start=\"726\" data-end=\"986\">IPTV Companion \u00ebsht\u00eb nj\u00eb faqe interneti informuese e pavarur.<br data-start=\"781\" data-end=\"784\">Ne ofrojm\u00eb p\u00ebrmbajtje edukative, rishikime dhe tutoriale rreth mjeteve, aplikacioneve dhe pajisjeve q\u00eb lidhen me IPTV-n\u00eb.<br data-start=\"883\" data-end=\"886\">Ne b\u00ebjm\u00eb <strong data-start=\"892\" data-end=\"899\">jo<\/strong> t\u00eb shes\u00ebsh abonime IPTV, t\u00eb shp\u00ebrndash materiale t\u00eb mbrojtura me t\u00eb drejta autori ose t\u00eb pres\u00ebsh p\u00ebrmbajtje transmetimi.<\/p>\n<p data-start=\"988\" data-end=\"1096\">Q\u00ebllimi yn\u00eb \u00ebsht\u00eb t&#039;i ndihmojm\u00eb vizitor\u00ebt t\u00eb marrin vendime t\u00eb informuara dhe t\u00eb p\u00ebrmir\u00ebsojn\u00eb p\u00ebrvoj\u00ebn e tyre IPTV n\u00eb m\u00ebnyr\u00eb t\u00eb sigurt dhe ligjore.<\/p>\n<h3 data-start=\"1103\" data-end=\"1127\">2. <strong data-start=\"1109\" data-end=\"1127\">P\u00ebrdorimi i P\u00ebrmbajtjes<\/strong><\/h3>\n<p data-start=\"1129\" data-end=\"1258\">I gjith\u00eb teksti, imazhet, grafik\u00ebt dhe materialet e tjera n\u00eb k\u00ebt\u00eb faqe interneti i p\u00ebrkasin <strong data-start=\"1203\" data-end=\"1221\">IPTV Companion<\/strong> p\u00ebrve\u00e7 n\u00ebse p\u00ebrcaktohet ndryshe.<br data-start=\"1245\" data-end=\"1248\">Ju mund t\u00eb:<\/p>\n<ul data-start=\"1259\" data-end=\"1425\">\n<li data-start=\"1259\" data-end=\"1324\">\n<p data-start=\"1261\" data-end=\"1324\">Lexoni dhe ndani artikujt tan\u00eb p\u00ebr p\u00ebrdorim personal, jo-komercial.<\/p>\n<\/li>\n<li data-start=\"1325\" data-end=\"1425\">\n<p data-start=\"1327\" data-end=\"1425\">Citoni pjes\u00eb t\u00eb vogla t\u00eb p\u00ebrmbajtjes son\u00eb p\u00ebr sa koh\u00eb q\u00eb p\u00ebrfshini nj\u00eb lidhje t\u00eb dukshme t\u00eb kreditit p\u00ebr faqen ton\u00eb t\u00eb internetit.<\/p>\n<\/li>\n<\/ul>\n<p data-start=\"1427\" data-end=\"1445\">Ju mund t\u00eb <strong data-start=\"1435\" data-end=\"1442\">jo<\/strong>:<\/p>\n<ul data-start=\"1446\" data-end=\"1640\">\n<li data-start=\"1446\" data-end=\"1513\">\n<p data-start=\"1448\" data-end=\"1513\">Kopjoni, riprodhoni ose ribotoni artikuj t\u00eb plot\u00eb pa leje.<\/p>\n<\/li>\n<li data-start=\"1514\" data-end=\"1582\">\n<p data-start=\"1516\" data-end=\"1582\">P\u00ebrdorni p\u00ebrmbajtjen ton\u00eb p\u00ebr q\u00ebllime komerciale, mashtruese ose t\u00eb paligjshme.<\/p>\n<\/li>\n<li data-start=\"1583\" data-end=\"1640\">\n<p data-start=\"1585\" data-end=\"1640\">Pretendo \u00e7do pjes\u00eb t\u00eb p\u00ebrmbajtjes s\u00eb k\u00ebsaj faqeje interneti si t\u00ebnden.<\/p>\n<\/li>\n<\/ul>\n<p data-start=\"1642\" data-end=\"1710\">P\u00ebr k\u00ebrkesa p\u00ebr leje, na kontaktoni n\u00eb <strong data-start=\"1681\" data-end=\"1707\"><a class=\"decorated-link cursor-pointer\" rel=\"noopener\" data-start=\"1683\" data-end=\"1705\">info@iptvcompanion.com<\/a><\/strong>.<\/p>\n<h3 data-start=\"1717\" data-end=\"1747\">3. <strong data-start=\"1723\" data-end=\"1747\">Sakt\u00ebsia e informacionit<\/strong><\/h3>\n<p data-start=\"1749\" data-end=\"1973\">Ne b\u00ebjm\u00eb \u00e7mos q\u00eb t\u00eb sigurohemi q\u00eb t\u00eb gjitha informacionet e publikuara n\u00eb IPTV Companion t\u00eb jen\u00eb t\u00eb sakta dhe t\u00eb azhurnuara.<br data-start=\"1845\" data-end=\"1848\">Megjithat\u00eb, teknologjia dhe platformat IPTV ndryshojn\u00eb shpesh, k\u00ebshtu q\u00eb nuk mund t\u00eb garantojm\u00eb q\u00eb \u00e7do detaj do t\u00eb jet\u00eb gjithmon\u00eb i azhurnuar.<\/p>\n<p data-start=\"1975\" data-end=\"2149\">P\u00ebrdorni informacionin n\u00eb k\u00ebt\u00eb faqe sipas gjykimit tuaj. Ne nuk jemi p\u00ebrgjegj\u00ebs p\u00ebr gabimet, informacionin e vjet\u00ebruar ose ndonj\u00eb pasoj\u00eb q\u00eb rrjedh nga m\u00ebnyra se si e p\u00ebrdorni p\u00ebrmbajtjen.<\/p>\n<h3 data-start=\"2156\" data-end=\"2180\">4. <strong data-start=\"2162\" data-end=\"2180\">Lidhje t\u00eb Jashtme<\/strong><\/h3>\n<p data-start=\"2182\" data-end=\"2324\">Artikujt tan\u00eb mund t\u00eb p\u00ebrmbajn\u00eb lidhje me faqet e internetit ose mjetet e pal\u00ebve t\u00eb treta.<br data-start=\"2246\" data-end=\"2249\">K\u00ebto lidhje ofrohen vet\u00ebm p\u00ebr leht\u00ebsi dhe q\u00ebllime informative.<\/p>\n<p data-start=\"2326\" data-end=\"2470\">Ne b\u00ebjm\u00eb <strong data-start=\"2332\" data-end=\"2339\">jo<\/strong> kontrolloni ose mb\u00ebshtesni \u00e7do faqe interneti t\u00eb jashtme, p\u00ebrmbajtjen e tyre ose praktikat e tyre t\u00eb privat\u00ebsis\u00eb. Vizita e tyre \u00ebsht\u00eb t\u00ebr\u00ebsisht n\u00eb rrezikun tuaj.<\/p>\n<h3 data-start=\"2477\" data-end=\"2499\">5. <strong data-start=\"2483\" data-end=\"2499\">Sjellja e p\u00ebrdoruesit<\/strong><\/h3>\n<p data-start=\"2501\" data-end=\"2547\">Kur p\u00ebrdorni IPTV Companion, ju pranoni t\u00eb mos:<\/p>\n<ul data-start=\"2548\" data-end=\"2777\">\n<li data-start=\"2548\" data-end=\"2634\">\n<p data-start=\"2550\" data-end=\"2634\">Postoni ose d\u00ebrgoni spam, mesazhe abuzive ose p\u00ebrmbajtje t\u00eb paligjshme p\u00ebrmes formular\u00ebve tan\u00eb t\u00eb kontaktit.<\/p>\n<\/li>\n<li data-start=\"2635\" data-end=\"2703\">\n<p data-start=\"2637\" data-end=\"2703\">P\u00ebrpjekje p\u00ebr t\u00eb d\u00ebmtuar, hakuar ose nd\u00ebrprer\u00eb funksionalitetin e faqes son\u00eb t\u00eb internetit.<\/p>\n<\/li>\n<li data-start=\"2704\" data-end=\"2777\">\n<p data-start=\"2706\" data-end=\"2777\">P\u00ebrdorni p\u00ebrmbajtjen ton\u00eb n\u00eb \u00e7far\u00ebdo m\u00ebnyre q\u00eb shkel ligjet lokale ose nd\u00ebrkomb\u00ebtare.<\/p>\n<\/li>\n<\/ul>\n<p data-start=\"2779\" data-end=\"2865\">Ne rezervojm\u00eb t\u00eb drejt\u00ebn p\u00ebr t\u00eb bllokuar ose hequr aksesin p\u00ebr \u00e7do p\u00ebrdorues q\u00eb shkel k\u00ebto kushte.<\/p>\n<h3 data-start=\"2872\" data-end=\"2903\">6. <strong data-start=\"2878\" data-end=\"2903\">Pron\u00ebsia Intelektuale<\/strong><\/h3>\n<p data-start=\"2905\" data-end=\"3093\">T\u00eb gjitha logot, imazhet dhe p\u00ebrmbajtja e shkruar n\u00eb IPTV Companion mbrohen nga ligjet e t\u00eb drejtave t\u00eb autorit dhe pron\u00ebsis\u00eb intelektuale.<br data-start=\"3020\" data-end=\"3023\">Ju nuk mund t&#039;i riprodhoni ose shp\u00ebrndani ato pa leje me shkrim.<\/p>\n<p data-start=\"3095\" data-end=\"3230\">\u00c7do mark\u00eb tregtare e p\u00ebrmendur n\u00eb k\u00ebt\u00eb faqe interneti i p\u00ebrket pronar\u00ebve t\u00eb tyre p\u00ebrkat\u00ebs dhe p\u00ebrdoret vet\u00ebm p\u00ebr q\u00ebllime p\u00ebrshkruese ose edukative.<\/p>\n<h3 data-start=\"3237\" data-end=\"3257\">7. <strong data-start=\"3243\" data-end=\"3257\">Mohim p\u00ebrgjegj\u00ebsie<\/strong><\/h3>\n<p data-start=\"3259\" data-end=\"3411\">IPTV Companion ofron vet\u00ebm informacione dhe opinione t\u00eb p\u00ebrgjithshme.<br data-start=\"3321\" data-end=\"3324\">Ne jemi <strong data-start=\"3331\" data-end=\"3354\">jo i lidhur me<\/strong> ose t\u00eb miratuara nga \u00e7do ofrues IPTV ose kompani transmetimi.<\/p>\n<p data-start=\"3413\" data-end=\"3435\">Ne nuk garantojm\u00eb:<\/p>\n<ul data-start=\"3436\" data-end=\"3576\">\n<li data-start=\"3436\" data-end=\"3508\">\n<p data-start=\"3438\" data-end=\"3508\">Cil\u00ebsia, besueshm\u00ebria ose ligjshm\u00ebria e \u00e7do sh\u00ebrbimi IPTV t\u00eb p\u00ebrmendur.<\/p>\n<\/li>\n<li data-start=\"3509\" data-end=\"3576\">\n<p data-start=\"3511\" data-end=\"3576\">Q\u00eb \u00e7do aplikacion, pajisje ose platform\u00eb t\u00eb funksionoj\u00eb pa probleme.<\/p>\n<\/li>\n<\/ul>\n<p data-start=\"3578\" data-end=\"3734\">T\u00eb gjitha rekomandimet dhe vler\u00ebsimet bazohen n\u00eb k\u00ebrkime t\u00eb pavarura dhe testime personale.<br data-start=\"3665\" data-end=\"3668\">Ju p\u00ebrdorni ndonj\u00eb produkt ose sh\u00ebrbim t\u00eb pal\u00ebs s\u00eb tret\u00eb <strong data-start=\"3711\" data-end=\"3731\">me rrezikun t\u00ebnd<\/strong>.<\/p>\n<h3 data-start=\"3741\" data-end=\"3774\">8. <strong data-start=\"3747\" data-end=\"3774\">Kufizimi i P\u00ebrgjegj\u00ebsis\u00eb<\/strong><\/h3>\n<p data-start=\"3776\" data-end=\"3973\">N\u00eb asnj\u00eb rrethan\u00eb IPTV Companion ose ekipi i tij nuk do t\u00eb mbahen p\u00ebrgjegj\u00ebs p\u00ebr ndonj\u00eb humbje, d\u00ebmtim ose problem t\u00eb drejtp\u00ebrdrejt\u00eb ose t\u00eb t\u00ebrthort\u00eb q\u00eb rrjedh nga p\u00ebrdorimi juaj i k\u00ebsaj faqeje interneti, duke p\u00ebrfshir\u00eb, por pa u kufizuar n\u00eb:<\/p>\n<ul data-start=\"3974\" data-end=\"4086\">\n<li data-start=\"3974\" data-end=\"4006\">\n<p data-start=\"3976\" data-end=\"4006\">Gabime teknike ose nd\u00ebrprerje t\u00eb aktivitetit<\/p>\n<\/li>\n<li data-start=\"4007\" data-end=\"4028\">\n<p data-start=\"4009\" data-end=\"4028\">Keqp\u00ebrdorimi i p\u00ebrmbajtjes<\/p>\n<\/li>\n<li data-start=\"4029\" data-end=\"4086\">\n<p data-start=\"4031\" data-end=\"4086\">Vendimet e marra bazuar n\u00eb informacionin e dh\u00ebn\u00eb k\u00ebtu<\/p>\n<\/li>\n<\/ul>\n<p data-start=\"4088\" data-end=\"4172\">P\u00ebrdorimi i k\u00ebsaj faqeje interneti n\u00ebnkupton kuptimin dhe pranimin tuaj t\u00eb plot\u00eb t\u00eb k\u00ebtyre rreziqeve.<\/p>\n<h3 data-start=\"4179\" data-end=\"4211\">9. <strong data-start=\"4185\" data-end=\"4211\">Ndryshime n\u00eb k\u00ebto Kushte<\/strong><\/h3>\n<p data-start=\"4213\" data-end=\"4364\">Ne mund t&#039;i p\u00ebrdit\u00ebsojm\u00eb ose modifikojm\u00eb k\u00ebto Kushte P\u00ebrdorimi n\u00eb \u00e7do koh\u00eb pa njoftim paraprak.<br data-start=\"4289\" data-end=\"4292\">Data n\u00eb krye t\u00eb k\u00ebsaj faqeje do t\u00eb tregoj\u00eb gjithmon\u00eb versionin m\u00eb t\u00eb fundit.<\/p>\n<p data-start=\"4366\" data-end=\"4443\">P\u00ebrdorimi i vazhduesh\u00ebm i faqes pas p\u00ebrdit\u00ebsimeve do t\u00eb thot\u00eb q\u00eb ju pranoni kushtet e rishikuara.<\/p>\n<h3 data-start=\"4450\" data-end=\"4471\">10. <strong data-start=\"4457\" data-end=\"4471\">Na Kontaktoni<\/strong><\/h3>\n<p data-start=\"4473\" data-end=\"4554\">N\u00ebse keni ndonj\u00eb pyetje ose shqet\u00ebsim n\u00eb lidhje me k\u00ebto Kushte, ju lutemi na kontaktoni:<\/p>\n<p data-start=\"4556\" data-end=\"4733\"><img decoding=\"async\" class=\"emoji\" role=\"img\" draggable=\"false\" src=\"https:\/\/s.w.org\/images\/core\/emoji\/16.0.1\/svg\/1f4e7.svg\" alt=\"\ud83d\udce7\"> <strong data-start=\"4559\" data-end=\"4569\">Email:<\/strong> <a class=\"decorated-link cursor-pointer\" rel=\"noopener\" data-start=\"4570\" data-end=\"4625\">info@iptvcompanion.com<\/a><br data-start=\"4625\" data-end=\"4628\"><img decoding=\"async\" class=\"emoji\" role=\"img\" draggable=\"false\" src=\"https:\/\/s.w.org\/images\/core\/emoji\/16.0.1\/svg\/1f310.svg\" alt=\"\ud83c\udf10\"> <strong data-start=\"4631\" data-end=\"4648\">Faqja e Kontaktit:<\/strong> <a class=\"decorated-link cursor-pointer\" target=\"_new\" rel=\"noopener\" data-start=\"4649\" data-end=\"4731\">https:\/\/iptvcompanion.com\/pages\/contact<\/a><\/p>\n<h4 data-start=\"4740\" data-end=\"4756\"><strong data-start=\"4744\" data-end=\"4756\">Shkurt<\/strong><\/h4>\n<p data-start=\"4758\" data-end=\"4957\">P\u00ebrdor <strong data-start=\"4762\" data-end=\"4780\">IPTV Companion<\/strong> p\u00ebr t\u00eb m\u00ebsuar, eksploruar dhe shijuar transmetimin e njohurive n\u00eb m\u00ebnyr\u00eb t\u00eb p\u00ebrgjegjshme.<br data-start=\"4842\" data-end=\"4845\">I gjith\u00eb p\u00ebrmbajtja jon\u00eb ofrohet me mir\u00ebbesim, p\u00ebr informacion dhe edukim, jo p\u00ebr p\u00ebrdorim t\u00eb paligjsh\u00ebm ose t\u00eb mbrojtur me t\u00eb drejta autoriale.<\/p>\t\t\t\t\t\t\t\t<\/div>\n\t\t\t\t\t<\/div>\n\t\t\t\t<\/div>\n\t\t\t\t<\/div>","protected":false},"excerpt":{"rendered":"<p>Terms of Use Welcome to IPTV Companion.By accessing or using our website \u2014 https:\/\/iptvcompanion.com \u2014 you agree to follow these Terms of Use.Please read them carefully before using the site. If you do not agree with these terms, you should not use or access this website. 1. General Information IPTV Companion is an independent informational&#8230;<\/p>","protected":false},"author":1,"featured_media":0,"parent":0,"menu_order":0,"comment_status":"closed","ping_status":"closed","template":"","meta":{"_kad_post_transparent":"","_kad_post_title":"hide","_kad_post_layout":"fullwidth","_kad_post_sidebar_id":"","_kad_post_content_style":"unboxed","_kad_post_vertical_padding":"hide","_kad_post_feature":"hide","_kad_post_feature_position":"","_kad_post_header":false,"_kad_post_footer":false,"_kad_post_classname":"","footnotes":""},"class_list":["post-20","page","type-page","status-publish","hentry"],"_links":{"self":[{"href":"https:\/\/iptvcompanion.com\/sq\/wp-json\/wp\/v2\/pages\/20","targetHints":{"allow":["GET"]}}],"collection":[{"href":"https:\/\/iptvcompanion.com\/sq\/wp-json\/wp\/v2\/pages"}],"about":[{"href":"https:\/\/iptvcompanion.com\/sq\/wp-json\/wp\/v2\/types\/page"}],"author":[{"embeddable":true,"href":"https:\/\/iptvcompanion.com\/sq\/wp-json\/wp\/v2\/users\/1"}],"replies":[{"embeddable":true,"href":"https:\/\/iptvcompanion.com\/sq\/wp-json\/wp\/v2\/comments?post=20"}],"version-history":[{"count":4,"href":"https:\/\/iptvcompanion.com\/sq\/wp-json\/wp\/v2\/pages\/20\/revisions"}],"predecessor-version":[{"id":203,"href":"https:\/\/iptvcompanion.com\/sq\/wp-json\/wp\/v2\/pages\/20\/revisions\/203"}],"wp:attachment":[{"href":"https:\/\/iptvcompanion.com\/sq\/wp-json\/wp\/v2\/media?parent=20"}],"curies":[{"name":"wp","href":"https:\/\/api.w.org\/{rel}","templated":true}]}}