{"id":11,"date":"2025-10-06T10:35:06","date_gmt":"2025-10-06T10:35:06","guid":{"rendered":"https:\/\/iptvcompanion.com\/?page_id=11"},"modified":"2025-10-23T09:54:45","modified_gmt":"2025-10-23T08:54:45","slug":"om","status":"publish","type":"page","link":"https:\/\/iptvcompanion.com\/sv\/om\/","title":{"rendered":"Om"},"content":{"rendered":"<div data-elementor-type=\"wp-page\" data-elementor-id=\"11\" class=\"elementor elementor-11\" data-elementor-post-type=\"page\">\n\t\t\t\t<div class=\"elementor-element elementor-element-1b0de9ee e-flex e-con-boxed e-con e-parent\" data-id=\"1b0de9ee\" data-element_type=\"container\" data-e-type=\"container\" data-settings=\"{&quot;background_background&quot;:&quot;classic&quot;}\">\n\t\t\t\t\t<div class=\"e-con-inner\">\n\t\t\t\t<div class=\"elementor-element elementor-element-1d9c774a elementor-widget elementor-widget-elementskit-heading\" data-id=\"1d9c774a\" data-element_type=\"widget\" data-e-type=\"widget\" data-widget_type=\"elementskit-heading.default\">\n\t\t\t\t\t<div class=\"ekit-wid-con\" ><div class=\"ekit-heading elementskit-section-title-wraper center   ekit_heading_tablet-   ekit_heading_mobile-\"><h1 class=\"ekit-heading--title elementskit-section-title\">Om <span><span>IPTV-f\u00f6ljeslagare<\/span><\/span><\/h1><div class=\"ekit_heading_separetor_wraper ekit_heading_elementskit-border-divider elementskit-style-long\"><div class=\"elementskit-border-divider elementskit-style-long\"><\/div><\/div><\/div><\/div>\t\t\t\t<\/div>\n\t\t\t\t<div class=\"elementor-element elementor-element-4a3ce32 elementor-widget__width-initial elementor-widget elementor-widget-text-editor\" data-id=\"4a3ce32\" data-element_type=\"widget\" data-e-type=\"widget\" data-widget_type=\"text-editor.default\">\n\t\t\t\t\t\t\t\t\t<h3 data-start=\"332\" data-end=\"362\">Hj\u00e4lper dig att streama smartare<\/h3><p data-start=\"364\" data-end=\"506\">V\u00e4lkommen till <strong data-start=\"375\" data-end=\"393\">IPTV-f\u00f6ljeslagare<\/strong>, en plats byggd av streamingentusiaster som ville g\u00f6ra IPTV enkelt, tydligt och frustrationsfritt.<\/p><p data-start=\"508\" data-end=\"781\">Vi vet hur f\u00f6rvirrande det kan vara att v\u00e4lja r\u00e4tt tj\u00e4nst eller app. Det finns o\u00e4ndligt med ov\u00e4sen online, l\u00f6ften, annonser och blandade recensioner som f\u00e5r dig att undra vad som \u00e4r verkligt. S\u00e5 vi best\u00e4mde oss f\u00f6r att bygga n\u00e5got annorlunda, ett utrymme som \u00e4r \u00e4rligt, l\u00e4tt att f\u00f6lja och faktiskt anv\u00e4ndbart.<\/p><h3 data-start=\"788\" data-end=\"802\">Vad vi g\u00f6r<\/h3><p data-start=\"804\" data-end=\"902\">P\u00e5 IPTV Companion testar och utforskar vi verktygen som m\u00f6jligg\u00f6r streaming.<br data-start=\"882\" data-end=\"885\" \/>Vi skriver om:<\/p><ul data-start=\"903\" data-end=\"1083\"><li data-start=\"903\" data-end=\"957\"><p data-start=\"905\" data-end=\"957\">Plattformar och appar som folk faktiskt anv\u00e4nder.<\/p><\/li><li data-start=\"958\" data-end=\"1007\"><p data-start=\"960\" data-end=\"1007\">Enheter som g\u00f6r att IPTV fungerar smidigt hemma.<\/p><\/li><li data-start=\"1008\" data-end=\"1083\"><p data-start=\"1010\" data-end=\"1083\">Steg-f\u00f6r-steg-guider som hj\u00e4lper dig att st\u00e4lla in allt utan huvudv\u00e4rk.<\/p><\/li><\/ul><p data-start=\"1085\" data-end=\"1273\">Vi s\u00e4ljer inte prenumerationer, marknadsf\u00f6r inte specifika leverant\u00f6rer eller driver affiliate-erbjudanden f\u00f6rkl\u00e4dda som recensioner. V\u00e5rt enda m\u00e5l \u00e4r att dela med oss av vad som fungerar och vad som inte fungerar, baserat p\u00e5 verklig erfarenhet.<\/p><h3 data-start=\"1280\" data-end=\"1298\">Varf\u00f6r vi b\u00f6rjade<\/h3><p data-start=\"1300\" data-end=\"1548\">Det b\u00f6rjade med ett enkelt problem: ingen gav raka svar.<br data-start=\"1367\" data-end=\"1370\" \/>Vissa tj\u00e4nster s\u00e5g bra ut men fungerade inte. Andra fungerade bra men var sv\u00e5ra att konfigurera.<br data-start=\"1460\" data-end=\"1463\" \/>S\u00e5 vi best\u00e4mde oss f\u00f6r att testa saker sj\u00e4lva och dela med oss av det vi l\u00e4rt oss p\u00e5 ett enkelt spr\u00e5k.<\/p><p data-start=\"1550\" data-end=\"1683\">Den id\u00e9n blev IPTV Companion, ett projekt byggt kring nyfikenhet, \u00e4rlighet och att hj\u00e4lpa andra att streama utan trial and error.<\/p><h3 data-start=\"1690\" data-end=\"1713\">Vad du kan f\u00f6rv\u00e4nta dig<\/h3><p data-start=\"1715\" data-end=\"1754\">N\u00e4r du bes\u00f6ker v\u00e5r webbplats hittar du:<\/p><ul data-start=\"1755\" data-end=\"1927\"><li data-start=\"1755\" data-end=\"1798\"><p data-start=\"1757\" data-end=\"1798\">\u00c4rliga recensioner skrivna av riktiga testare.<\/p><\/li><li data-start=\"1799\" data-end=\"1865\"><p data-start=\"1801\" data-end=\"1865\">Praktiska installationsguider som inte f\u00f6ruts\u00e4tter att du \u00e4r en teknikexpert.<\/p><\/li><li data-start=\"1866\" data-end=\"1927\"><p data-start=\"1868\" data-end=\"1927\">Tips f\u00f6r att g\u00f6ra din tittarupplevelse smidigare och enklare.<\/p><\/li><\/ul><p data-start=\"1929\" data-end=\"2056\">Inget fluff, inget clickbait, ingen f\u00f6rvirrande jargong, bara tydlig information fr\u00e5n m\u00e4nniskor som faktiskt anv\u00e4nder det de skriver om.<\/p><h3 data-start=\"2063\" data-end=\"2079\">Kontakta oss<\/h3><p data-start=\"2081\" data-end=\"2212\">Vi \u00e4lskar att h\u00f6ra fr\u00e5n l\u00e4sare.<br data-start=\"2110\" data-end=\"2113\" \/>Om du har en fr\u00e5ga, ett f\u00f6rslag eller vill dela med dig av dina erfarenheter, kontakta oss n\u00e4r som helst.<\/p><p data-start=\"2214\" data-end=\"2358\"><img decoding=\"async\" class=\"emoji\" role=\"img\" draggable=\"false\" src=\"https:\/\/s.w.org\/images\/core\/emoji\/16.0.1\/svg\/1f4e9.svg\" alt=\"\ud83d\udce9\" \/> <strong data-start=\"2217\" data-end=\"2227\">E-post:<\/strong> <a class=\"decorated-link cursor-pointer\" rel=\"noopener\" data-start=\"2228\" data-end=\"2250\">info@iptvcompanion.com<\/a><br data-start=\"2250\" data-end=\"2253\" \/><img decoding=\"async\" class=\"emoji\" role=\"img\" draggable=\"false\" src=\"https:\/\/s.w.org\/images\/core\/emoji\/16.0.1\/svg\/1f4cd.svg\" alt=\"\ud83d\udccd\" \/> <strong data-start=\"2256\" data-end=\"2273\">Kontaktsida:<\/strong> <a class=\"decorated-link cursor-pointer\" target=\"_new\" rel=\"noopener\" data-start=\"2274\" data-end=\"2356\">https:\/\/iptvcompanion.com\/pages\/contact<\/a><\/p><h3 data-start=\"2365\" data-end=\"2377\">Kort sagt<\/h3><p data-start=\"2379\" data-end=\"2625\"><strong data-start=\"2379\" data-end=\"2397\">IPTV-f\u00f6ljeslagare<\/strong> \u00e4r inte ett f\u00f6retag; det \u00e4r en gemenskap av m\u00e4nniskor som tycker om streaming och vill g\u00f6ra det enklare f\u00f6r alla andra.<br data-start=\"2508\" data-end=\"2511\" \/>Om n\u00e5got sparar tid, hj\u00e4lper dig att komma ig\u00e5ng snabbare eller l\u00e4r dig n\u00e5got nytt, s\u00e5 \u00e4r det d\u00e4rf\u00f6r vi \u00e4r h\u00e4r.<\/p>\t\t\t\t\t\t\t\t<\/div>\n\t\t\t\t\t<\/div>\n\t\t\t\t<\/div>\n\t\t\t\t<\/div>","protected":false},"excerpt":{"rendered":"<p>About IPTV Companion Helping You Stream Smarter Welcome to IPTV Companion, a place built by everyday streaming enthusiasts who wanted to make IPTV simple, clear, and frustration-free. We know how confusing it can be to pick the right service or app. There\u2019s endless noise online, promises, ads, and mixed reviews that leave you wondering what\u2019s&#8230;<\/p>","protected":false},"author":1,"featured_media":0,"parent":0,"menu_order":0,"comment_status":"closed","ping_status":"closed","template":"","meta":{"_kad_post_transparent":"","_kad_post_title":"hide","_kad_post_layout":"fullwidth","_kad_post_sidebar_id":"","_kad_post_content_style":"unboxed","_kad_post_vertical_padding":"hide","_kad_post_feature":"hide","_kad_post_feature_position":"","_kad_post_header":false,"_kad_post_footer":false,"_kad_post_classname":"","footnotes":""},"class_list":["post-11","page","type-page","status-publish","hentry"],"_links":{"self":[{"href":"https:\/\/iptvcompanion.com\/sv\/wp-json\/wp\/v2\/pages\/11","targetHints":{"allow":["GET"]}}],"collection":[{"href":"https:\/\/iptvcompanion.com\/sv\/wp-json\/wp\/v2\/pages"}],"about":[{"href":"https:\/\/iptvcompanion.com\/sv\/wp-json\/wp\/v2\/types\/page"}],"author":[{"embeddable":true,"href":"https:\/\/iptvcompanion.com\/sv\/wp-json\/wp\/v2\/users\/1"}],"replies":[{"embeddable":true,"href":"https:\/\/iptvcompanion.com\/sv\/wp-json\/wp\/v2\/comments?post=11"}],"version-history":[{"count":13,"href":"https:\/\/iptvcompanion.com\/sv\/wp-json\/wp\/v2\/pages\/11\/revisions"}],"predecessor-version":[{"id":185,"href":"https:\/\/iptvcompanion.com\/sv\/wp-json\/wp\/v2\/pages\/11\/revisions\/185"}],"wp:attachment":[{"href":"https:\/\/iptvcompanion.com\/sv\/wp-json\/wp\/v2\/media?parent=11"}],"curies":[{"name":"wp","href":"https:\/\/api.w.org\/{rel}","templated":true}]}}